{"id":2931,"date":"2021-06-23T20:13:05","date_gmt":"2021-06-23T20:13:05","guid":{"rendered":"https:\/\/catolicadeanapolis.edu.br\/biblioteca\/?page_id=2931"},"modified":"2021-06-28T19:09:39","modified_gmt":"2021-06-28T19:09:39","slug":"gestao-auditoria-e-pericia-ambiental-2018","status":"publish","type":"page","link":"https:\/\/catolicadeanapolis.edu.br\/biblioteca\/?page_id=2931","title":{"rendered":"GEST\u00c3O AUDITORIA E PER\u00cdCIA AMBIENTAL 2018"},"content":{"rendered":"<p>1-<a href=\"https:\/\/catolicadeanapolis.edu.br\/biblioteca\/wp-content\/uploads\/2020\/03\/ANDERSON-CLEITON-DIAS-GREIFELL-SANTOS-DE-OLIVEIRA-E-LUCAS-EDUARDO-MOREIRA-ABADIA.pdf\">\u00a0EFETIVIDADE DO PLANO DIRETOR DE AN\u00c1POLIS\/GO: UM ESTUDO DE CASO DAS \u00c1REAS DE PRESERVA\u00c7\u00c3O PERMANENTE (APP).<\/a> &#8211;\u00a0ANDERSON CLEITON DIAS, GREIFELL SANTOS DE OLIVEIRA, LUCAS EDUARDO MOREIRA ABADIA. &#8211; ORIENTA\u00c7\u00c3O: PROF\u00ba ME. MARCOS VIN\u00cdCIUS ALEXANDRE DA SILVA.<\/p>\n<p>2-\u00a0<a href=\"https:\/\/catolicadeanapolis.edu.br\/biblioteca\/wp-content\/uploads\/2021\/06\/ANTONIO-ALANNILSON-NERES-DE-OLIVEIRA-LARISSA-NOGUEIRA-MARQUES-DA-COSTA-SILVA-N\u00c1THALY-MAYARA-DIAS-MENDES-MAFRA.pdf\">IDENTIFICA\u00c7\u00c3O DOS IMPACTOS AMBIENTAIS EM DECORR\u00caNCIA DA EXTRA\u00c7\u00c3O DE ARGILA NA \u00c1REA DE PROTE\u00c7\u00c3O AMBIENTAL (APA) DO RIBEIR\u00c3O JO\u00c3O LEITE, AN\u00c1POLIS- GO.<\/a> &#8211;\u00a0ANTONIO ALANNILSON NERES DE OLIVEIRA, LARISSA NOGUEIRA MARQUES DA COSTA SILVA, N\u00c1THALY MAYARA DIAS MENDES MAFRA. &#8211; ORIENTA\u00c7\u00c3O: PROF\u00ba DR\u00ba. GABRIEL TENAGLIA CARNEIRO.<\/p>\n<p>3-\u00a0<a href=\"https:\/\/catolicadeanapolis.edu.br\/biblioteca\/wp-content\/uploads\/2021\/06\/ASAFE-SANTA-B\u00c1RBARA-GOMES-EDIHONES-LIMA-REIS-KATIANI-ALVES-BEZERRA.pdf\">DIAGN\u00d3STICO AMBIENTAL DOS IMPACTOS DA ANTROPIZA\u00c7\u00c3O NA BACIA HIDROGR\u00c1FICA URBANIZADA DE GURUPI-TO.<\/a> &#8211;\u00a0ASAFE SANTA B\u00c1RBARA GOMES, EDIHONES LIMA REIS, KATIANI ALVES BEZERRA. ORIENTA\u00c7\u00c3O:\u00a0ORIENTA\u00c7\u00c3O: PROF\u00ba DR\u00ba. GABRIEL TENAGLIA CARNEIRO.<\/p>\n<p>&nbsp;<\/p>\n<p>&nbsp;<\/p>\n<p>&nbsp;<\/p>\n<p>&nbsp;<\/p>\n","protected":false},"excerpt":{"rendered":"<p>1-\u00a0EFETIVIDADE DO PLANO DIRETOR DE AN\u00c1POLIS\/GO: UM ESTUDO DE CASO DAS \u00c1REAS DE PRESERVA\u00c7\u00c3O PERMANENTE (APP). &#8211;\u00a0ANDERSON CLEITON DIAS, GREIFELL SANTOS DE OLIVEIRA, LUCAS EDUARDO MOREIRA ABADIA. &#8211; ORIENTA\u00c7\u00c3O: PROF\u00ba ME. MARCOS VIN\u00cdCIUS ALEXANDRE DA SILVA. 2-\u00a0IDENTIFICA\u00c7\u00c3O DOS IMPACTOS AMBIENTAIS EM DECORR\u00caNCIA DA EXTRA\u00c7\u00c3O DE ARGILA NA \u00c1REA DE PROTE\u00c7\u00c3O AMBIENTAL (APA) DO RIBEIR\u00c3O JO\u00c3O [&hellip;]<\/p>\n","protected":false},"author":4,"featured_media":0,"parent":2914,"menu_order":5,"comment_status":"closed","ping_status":"closed","template":"","meta":[],"_links":{"self":[{"href":"https:\/\/catolicadeanapolis.edu.br\/biblioteca\/index.php?rest_route=\/wp\/v2\/pages\/2931"}],"collection":[{"href":"https:\/\/catolicadeanapolis.edu.br\/biblioteca\/index.php?rest_route=\/wp\/v2\/pages"}],"about":[{"href":"https:\/\/catolicadeanapolis.edu.br\/biblioteca\/index.php?rest_route=\/wp\/v2\/types\/page"}],"author":[{"embeddable":true,"href":"https:\/\/catolicadeanapolis.edu.br\/biblioteca\/index.php?rest_route=\/wp\/v2\/users\/4"}],"replies":[{"embeddable":true,"href":"https:\/\/catolicadeanapolis.edu.br\/biblioteca\/index.php?rest_route=%2Fwp%2Fv2%2Fcomments&post=2931"}],"version-history":[{"count":3,"href":"https:\/\/catolicadeanapolis.edu.br\/biblioteca\/index.php?rest_route=\/wp\/v2\/pages\/2931\/revisions"}],"predecessor-version":[{"id":3193,"href":"https:\/\/catolicadeanapolis.edu.br\/biblioteca\/index.php?rest_route=\/wp\/v2\/pages\/2931\/revisions\/3193"}],"up":[{"embeddable":true,"href":"https:\/\/catolicadeanapolis.edu.br\/biblioteca\/index.php?rest_route=\/wp\/v2\/pages\/2914"}],"wp:attachment":[{"href":"https:\/\/catolicadeanapolis.edu.br\/biblioteca\/index.php?rest_route=%2Fwp%2Fv2%2Fmedia&parent=2931"}],"curies":[{"name":"wp","href":"https:\/\/api.w.org\/{rel}","templated":true}]}}