{"id":2936,"date":"2021-06-24T17:29:50","date_gmt":"2021-06-24T17:29:50","guid":{"rendered":"https:\/\/catolicadeanapolis.edu.br\/biblioteca\/?page_id=2936"},"modified":"2021-06-24T17:29:50","modified_gmt":"2021-06-24T17:29:50","slug":"gestao-e-planejamento-ambiental-2012","status":"publish","type":"page","link":"https:\/\/catolicadeanapolis.edu.br\/biblioteca\/?page_id=2936","title":{"rendered":"GEST\u00c3O E PLANEJAMENTO AMBIENTAL 2012"},"content":{"rendered":"<p>1-\u00a0<a href=\"https:\/\/catolicadeanapolis.edu.br\/biblioteca\/wp-content\/uploads\/2021\/06\/TANIA-REGINA-DINIZ-COELHO-E-RODRIGO-DIVINO-SILVEIRA.pdf\">INTERVEN\u00c7\u00c3O DE RECUPERA\u00c7\u00c3O EM UMA NASCENTE NO LOTEAMENTO VILLA BELLA AN\u00c1POLIS\/GO.<\/a> &#8211; TANIA REGINA DINIZ COELHO, RODRIGO DIVINO SILVEIRA. &#8211; ORIENTA\u00c7\u00c3O: PROF\u00aa ADRIANE GUIMAR\u00c3ES GAMBOA.<\/p>\n<p>2-\u00a0<a href=\"https:\/\/catolicadeanapolis.edu.br\/biblioteca\/wp-content\/uploads\/2021\/06\/REGINA-CRISTIANE-REIS-DA-SILVA-E-TIAGO-A.-RODRIGUES-DE-JESUS.pdf\">UM ESTUDO DE CASO SOBRE A ARBORIZA\u00c7\u00c3O NO CENTRAL PARQUE SENADOR ONOFRE QUINAN, EM AN\u00c1POLIS- GO.<\/a> &#8211; REGINA CRISTIANE REIS DA SILVA, TIAGO A. RODRIGUES DE JESUS. &#8211;\u00a0ORIENTA\u00c7\u00c3O: PROF\u00aa ADRIANE GUIMAR\u00c3ES GAMBOA.<\/p>\n<p>3-\u00a0<a href=\"https:\/\/catolicadeanapolis.edu.br\/biblioteca\/wp-content\/uploads\/2021\/06\/JOVELINA-FLOR-DE-MIRANDA-MARIA-DE-FATIMA-FIGUEIREDO-SILVA-E-PATR\u00cdCIA-RASTEIRO-ORDIALE-OLIVEIRA.pdf\">AQUECIMENTO GLOBAL: CAUSAS, CONSEQU\u00caNCIAS E FORMAS MITIGADORAS DE SEUS EFEITOS.<\/a> &#8211; JOVELINA FLOR DE MIRANDA, MARIA DE FATIMA FIGUEIREDO SILVA, PATR\u00cdCIA RASTEIRO ORDIALE OLIVEIRA. &#8211;\u00a0ORIENTA\u00c7\u00c3O: PROF\u00aa ADRIANE GUIMAR\u00c3ES GAMBOA.<\/p>\n<p>4-<a href=\"https:\/\/catolicadeanapolis.edu.br\/biblioteca\/wp-content\/uploads\/2021\/06\/JADER-JEFFERSON-MARQUES.pdf\">\u00a0RECUPERA\u00c7\u00c3O DE NASCENTE NO MUNICIPIO DE S\u00c3O FRANCISCO DE GOI\u00c1S.<\/a> &#8211; JADER JEFFERSON MARQUES. &#8211;\u00a0ORIENTA\u00c7\u00c3O: PROF\u00aa ADRIANE GUIMAR\u00c3ES GAMBOA.<\/p>\n<p>5-\u00a0<a href=\"https:\/\/catolicadeanapolis.edu.br\/biblioteca\/wp-content\/uploads\/2021\/06\/Nat\u00e1lia-Cristina-Amorim-Melo.pdf\">AS QUEIMADAS URBANAS E SUAS CONSEQU\u00caNCIAS PARA A QUALIDADE DE VIDA DA POPULA\u00c7\u00c3O URUA\u00c7U\/GO.<\/a> &#8211; NAT\u00c1LIA CRISTINA AMORIM MELO. &#8211;\u00a0ORIENTA\u00c7\u00c3O: PROF\u00aa ADRIANE GUIMAR\u00c3ES GAMBOA.<\/p>\n<p>6-\u00a0<a href=\"https:\/\/catolicadeanapolis.edu.br\/biblioteca\/wp-content\/uploads\/2021\/06\/\u00c9RIKA-ALVES-PEREIRA-E-KARLA-DAYANE-DE-LIMA-PEREIRA.pdf\">PERCEP\u00c7\u00c3O DE ALUNOS DO CURSO SUPERIOR DE TECNOLOGIA EM GEST\u00c3O AMBIENTAL SOBRE A GEST\u00c3O E PLANEJAMENTO AMBIENTAL.<\/a> &#8211; \u00c9RIKA ALVES PEREIRA, KARLA DAYANE DE LIMA PEREIRA. &#8211;\u00a0ORIENTA\u00c7\u00c3O: PROF\u00aa ADRIANE GUIMAR\u00c3ES GAMBOA.<\/p>\n<p>&nbsp;<\/p>\n<p>&nbsp;<\/p>\n","protected":false},"excerpt":{"rendered":"<p>1-\u00a0INTERVEN\u00c7\u00c3O DE RECUPERA\u00c7\u00c3O EM UMA NASCENTE NO LOTEAMENTO VILLA BELLA AN\u00c1POLIS\/GO. &#8211; TANIA REGINA DINIZ COELHO, RODRIGO DIVINO SILVEIRA. &#8211; ORIENTA\u00c7\u00c3O: PROF\u00aa ADRIANE GUIMAR\u00c3ES GAMBOA. 2-\u00a0UM ESTUDO DE CASO SOBRE A ARBORIZA\u00c7\u00c3O NO CENTRAL PARQUE SENADOR ONOFRE QUINAN, EM AN\u00c1POLIS- GO. &#8211; REGINA CRISTIANE REIS DA SILVA, TIAGO A. RODRIGUES DE JESUS. &#8211;\u00a0ORIENTA\u00c7\u00c3O: PROF\u00aa ADRIANE [&hellip;]<\/p>\n","protected":false},"author":4,"featured_media":0,"parent":2933,"menu_order":0,"comment_status":"closed","ping_status":"closed","template":"","meta":[],"_links":{"self":[{"href":"https:\/\/catolicadeanapolis.edu.br\/biblioteca\/index.php?rest_route=\/wp\/v2\/pages\/2936"}],"collection":[{"href":"https:\/\/catolicadeanapolis.edu.br\/biblioteca\/index.php?rest_route=\/wp\/v2\/pages"}],"about":[{"href":"https:\/\/catolicadeanapolis.edu.br\/biblioteca\/index.php?rest_route=\/wp\/v2\/types\/page"}],"author":[{"embeddable":true,"href":"https:\/\/catolicadeanapolis.edu.br\/biblioteca\/index.php?rest_route=\/wp\/v2\/users\/4"}],"replies":[{"embeddable":true,"href":"https:\/\/catolicadeanapolis.edu.br\/biblioteca\/index.php?rest_route=%2Fwp%2Fv2%2Fcomments&post=2936"}],"version-history":[{"count":1,"href":"https:\/\/catolicadeanapolis.edu.br\/biblioteca\/index.php?rest_route=\/wp\/v2\/pages\/2936\/revisions"}],"predecessor-version":[{"id":2943,"href":"https:\/\/catolicadeanapolis.edu.br\/biblioteca\/index.php?rest_route=\/wp\/v2\/pages\/2936\/revisions\/2943"}],"up":[{"embeddable":true,"href":"https:\/\/catolicadeanapolis.edu.br\/biblioteca\/index.php?rest_route=\/wp\/v2\/pages\/2933"}],"wp:attachment":[{"href":"https:\/\/catolicadeanapolis.edu.br\/biblioteca\/index.php?rest_route=%2Fwp%2Fv2%2Fmedia&parent=2936"}],"curies":[{"name":"wp","href":"https:\/\/api.w.org\/{rel}","templated":true}]}}