{"id":2962,"date":"2021-06-24T18:00:39","date_gmt":"2021-06-24T18:00:39","guid":{"rendered":"https:\/\/catolicadeanapolis.edu.br\/biblioteca\/?page_id=2962"},"modified":"2021-06-28T18:04:21","modified_gmt":"2021-06-28T18:04:21","slug":"filosofia-clinica-2018","status":"publish","type":"page","link":"https:\/\/catolicadeanapolis.edu.br\/biblioteca\/?page_id=2962","title":{"rendered":"FILOSOFIA CL\u00cdNICA 2018"},"content":{"rendered":"<p>1-\u00a0<a href=\"https:\/\/catolicadeanapolis.edu.br\/biblioteca\/wp-content\/uploads\/2021\/06\/TATIANA-DE-SOUZA-SANTOS.pdf\">ASPECTOS DAS CATEGORIAS DE ARIST\u00d3TELES APLICADAS \u00c0 FILOSOFIA CL\u00cdNICA.<\/a> &#8211; TATIANA DE SOUZA SANTOS, DIOGO JANSEN RIBEIRO. &#8211; ORIENTA\u00c7\u00c3O: PROF\u00aa ESP. ARACELLY RODRIGUES LOURES RANGEL.<\/p>\n<p>2- <a href=\"https:\/\/catolicadeanapolis.edu.br\/biblioteca\/wp-content\/uploads\/2021\/06\/JOS\u00c9-AMORIM-DE-OLIVEIRA-J\u00daNIOR.pdf\">O PRAZER E A DOR COMO ELEMENTOS EXISTENCIAIS: UM DI\u00c1LOGO ENTRE A FILOSOFIA NIETZSCHIANA, A PSICAN\u00c1LISE FREUDIANA E A FILOSOFIA CL\u00cdNICA.<\/a> &#8211;\u00a0JOS\u00c9 AMORIM DE OLIVEIRA J\u00daNIOR. &#8211; ORIENTA\u00c7\u00c3O: PROF\u00aa ESP. CARLA HAGMANN.<\/p>\n<p>3- <a href=\"https:\/\/catolicadeanapolis.edu.br\/biblioteca\/wp-content\/uploads\/2021\/06\/JO\u00c3O-BOSCO-GOUTHIER-SABBAG-KEROLIEM-MARCELINO-SOUSA.pdf\">\u201cCOMO O MUNDO LHE PARECE?\u201d UMA CONTEXTUALIZA\u00c7\u00c3O FILOS\u00d3FICA DO UNIVERSO EM ANNE FRANK.<\/a> &#8211;\u00a0JO\u00c3O BOSCO GOUTHIER SABBAG, KEROLIEM MARCELINO SOUSA. &#8211;\u00a0ORIENTA\u00c7\u00c3O: PROF\u00aa ESP. CARLA HAGMANN.<\/p>\n<p>4-\u00a0<a href=\"https:\/\/catolicadeanapolis.edu.br\/biblioteca\/wp-content\/uploads\/2021\/06\/F\u00c1BIO-CARLOS-DE-ARA\u00daJO.pdf\">AN\u00c1LISE DA EPISTEMOLOGIA NA HISTORICIDADE DE UM MINISTRO ORDENADO PELO PRISMA DA FILOSOFIA CL\u00cdNICA.<\/a> &#8211;\u00a0F\u00c1BIO CARLOS DE ARA\u00daJO. &#8211;\u00a0ORIENTA\u00c7\u00c3O: PROF\u00aa ESP. CARLA HAGMANN.<\/p>\n<p>&nbsp;<\/p>\n<p>&nbsp;<\/p>\n<p>&nbsp;<\/p>\n<p>&nbsp;<\/p>\n<p>&nbsp;<\/p>\n","protected":false},"excerpt":{"rendered":"<p>1-\u00a0ASPECTOS DAS CATEGORIAS DE ARIST\u00d3TELES APLICADAS \u00c0 FILOSOFIA CL\u00cdNICA. &#8211; TATIANA DE SOUZA SANTOS, DIOGO JANSEN RIBEIRO. &#8211; ORIENTA\u00c7\u00c3O: PROF\u00aa ESP. ARACELLY RODRIGUES LOURES RANGEL. 2- O PRAZER E A DOR COMO ELEMENTOS EXISTENCIAIS: UM DI\u00c1LOGO ENTRE A FILOSOFIA NIETZSCHIANA, A PSICAN\u00c1LISE FREUDIANA E A FILOSOFIA CL\u00cdNICA. &#8211;\u00a0JOS\u00c9 AMORIM DE OLIVEIRA J\u00daNIOR. &#8211; ORIENTA\u00c7\u00c3O: PROF\u00aa [&hellip;]<\/p>\n","protected":false},"author":4,"featured_media":0,"parent":399,"menu_order":3,"comment_status":"closed","ping_status":"closed","template":"","meta":[],"_links":{"self":[{"href":"https:\/\/catolicadeanapolis.edu.br\/biblioteca\/index.php?rest_route=\/wp\/v2\/pages\/2962"}],"collection":[{"href":"https:\/\/catolicadeanapolis.edu.br\/biblioteca\/index.php?rest_route=\/wp\/v2\/pages"}],"about":[{"href":"https:\/\/catolicadeanapolis.edu.br\/biblioteca\/index.php?rest_route=\/wp\/v2\/types\/page"}],"author":[{"embeddable":true,"href":"https:\/\/catolicadeanapolis.edu.br\/biblioteca\/index.php?rest_route=\/wp\/v2\/users\/4"}],"replies":[{"embeddable":true,"href":"https:\/\/catolicadeanapolis.edu.br\/biblioteca\/index.php?rest_route=%2Fwp%2Fv2%2Fcomments&post=2962"}],"version-history":[{"count":3,"href":"https:\/\/catolicadeanapolis.edu.br\/biblioteca\/index.php?rest_route=\/wp\/v2\/pages\/2962\/revisions"}],"predecessor-version":[{"id":3184,"href":"https:\/\/catolicadeanapolis.edu.br\/biblioteca\/index.php?rest_route=\/wp\/v2\/pages\/2962\/revisions\/3184"}],"up":[{"embeddable":true,"href":"https:\/\/catolicadeanapolis.edu.br\/biblioteca\/index.php?rest_route=\/wp\/v2\/pages\/399"}],"wp:attachment":[{"href":"https:\/\/catolicadeanapolis.edu.br\/biblioteca\/index.php?rest_route=%2Fwp%2Fv2%2Fmedia&parent=2962"}],"curies":[{"name":"wp","href":"https:\/\/api.w.org\/{rel}","templated":true}]}}