{"id":2965,"date":"2021-06-24T18:12:31","date_gmt":"2021-06-24T18:12:31","guid":{"rendered":"https:\/\/catolicadeanapolis.edu.br\/biblioteca\/?page_id=2965"},"modified":"2021-06-24T18:12:31","modified_gmt":"2021-06-24T18:12:31","slug":"filosofia-clinica-2020","status":"publish","type":"page","link":"https:\/\/catolicadeanapolis.edu.br\/biblioteca\/?page_id=2965","title":{"rendered":"FILOSOFIA CL\u00cdNICA 2020"},"content":{"rendered":"<p>1-\u00a0<a href=\"https:\/\/catolicadeanapolis.edu.br\/biblioteca\/wp-content\/uploads\/2021\/06\/FRANCISCO-EDIVAN-MOTA-DE-CARVALHO-JOS\u00c9-OSMAR-GON\u00c7ALVES-SILVA-MARCELO-DA-SILVA-LIMA..pdf\">A FELICIDADE COMO BUSCA EXISTENCIAL EM SANTO AGOSTINHO.<\/a> &#8211; FRANCISCO EDIVAN MOTA DE CARVALHO, JOS\u00c9 OSMAR GON\u00c7ALVES SILVA, MARCELO DA SILVA LIMA. &#8211; ORIENTA\u00c7\u00c3O: PROF\u00ba CARLA HAGEMANN.<\/p>\n<p>2-<a href=\"https:\/\/catolicadeanapolis.edu.br\/biblioteca\/wp-content\/uploads\/2021\/06\/FABIOLA-BEZERRA-GARDIM-PATRICIA-SORAIA-DE-ANDRADE-ROSELANE-ROSA-CARDOSO-GOMES..docx\"> UMA AN\u00c1LISE DO LIVRO &#8221; O REGRESSO&#8221; A PARTIR DA FILOSOFIA CL\u00cdNICA.<\/a> &#8211; FABIOLA BEZERRA GARDIM, PATRICIA SORAIA DE ANDRADE, ROSELANE ROSA CARDOSO GOMES. &#8211; ORIENTA\u00c7\u00c3O: PROF\u00ba ME. DIOGO JANSEN RIBEIRO.<\/p>\n<p>&nbsp;<\/p>\n<p>&nbsp;<\/p>\n<p>&nbsp;<\/p>\n","protected":false},"excerpt":{"rendered":"<p>1-\u00a0A FELICIDADE COMO BUSCA EXISTENCIAL EM SANTO AGOSTINHO. &#8211; FRANCISCO EDIVAN MOTA DE CARVALHO, JOS\u00c9 OSMAR GON\u00c7ALVES SILVA, MARCELO DA SILVA LIMA. &#8211; ORIENTA\u00c7\u00c3O: PROF\u00ba CARLA HAGEMANN. 2- UMA AN\u00c1LISE DO LIVRO &#8221; O REGRESSO&#8221; A PARTIR DA FILOSOFIA CL\u00cdNICA. &#8211; FABIOLA BEZERRA GARDIM, PATRICIA SORAIA DE ANDRADE, ROSELANE ROSA CARDOSO GOMES. &#8211; ORIENTA\u00c7\u00c3O: PROF\u00ba [&hellip;]<\/p>\n","protected":false},"author":4,"featured_media":0,"parent":399,"menu_order":4,"comment_status":"closed","ping_status":"closed","template":"","meta":[],"_links":{"self":[{"href":"https:\/\/catolicadeanapolis.edu.br\/biblioteca\/index.php?rest_route=\/wp\/v2\/pages\/2965"}],"collection":[{"href":"https:\/\/catolicadeanapolis.edu.br\/biblioteca\/index.php?rest_route=\/wp\/v2\/pages"}],"about":[{"href":"https:\/\/catolicadeanapolis.edu.br\/biblioteca\/index.php?rest_route=\/wp\/v2\/types\/page"}],"author":[{"embeddable":true,"href":"https:\/\/catolicadeanapolis.edu.br\/biblioteca\/index.php?rest_route=\/wp\/v2\/users\/4"}],"replies":[{"embeddable":true,"href":"https:\/\/catolicadeanapolis.edu.br\/biblioteca\/index.php?rest_route=%2Fwp%2Fv2%2Fcomments&post=2965"}],"version-history":[{"count":1,"href":"https:\/\/catolicadeanapolis.edu.br\/biblioteca\/index.php?rest_route=\/wp\/v2\/pages\/2965\/revisions"}],"predecessor-version":[{"id":2966,"href":"https:\/\/catolicadeanapolis.edu.br\/biblioteca\/index.php?rest_route=\/wp\/v2\/pages\/2965\/revisions\/2966"}],"up":[{"embeddable":true,"href":"https:\/\/catolicadeanapolis.edu.br\/biblioteca\/index.php?rest_route=\/wp\/v2\/pages\/399"}],"wp:attachment":[{"href":"https:\/\/catolicadeanapolis.edu.br\/biblioteca\/index.php?rest_route=%2Fwp%2Fv2%2Fmedia&parent=2965"}],"curies":[{"name":"wp","href":"https:\/\/api.w.org\/{rel}","templated":true}]}}