{"id":2970,"date":"2021-06-24T18:20:22","date_gmt":"2021-06-24T18:20:22","guid":{"rendered":"https:\/\/catolicadeanapolis.edu.br\/biblioteca\/?page_id=2970"},"modified":"2021-06-24T18:20:22","modified_gmt":"2021-06-24T18:20:22","slug":"gestao-ambiental-2019","status":"publish","type":"page","link":"https:\/\/catolicadeanapolis.edu.br\/biblioteca\/?page_id=2970","title":{"rendered":"GEST\u00c3O AMBIENTAL 2019"},"content":{"rendered":"<p>1-\u00a0<a href=\"https:\/\/catolicadeanapolis.edu.br\/biblioteca\/wp-content\/uploads\/2021\/06\/LUIZ-FELIPE-DA-SILVA.pdf\">CIDADE SUSTENT\u00c1VEL: UMA AN\u00c1LISE DO PLANO DIRETOR DE AN\u00c1POLIS\/GO.<\/a> &#8211; LUIZ FELIPE DA SILVA. &#8211; ORIENTA\u00c7\u00c3O: PROF\u00ba MS. ADRIANA SOUSA NASCIMENTO \u00c1VILA.<\/p>\n<p>&nbsp;<\/p>\n<p>&nbsp;<\/p>\n","protected":false},"excerpt":{"rendered":"<p>1-\u00a0CIDADE SUSTENT\u00c1VEL: UMA AN\u00c1LISE DO PLANO DIRETOR DE AN\u00c1POLIS\/GO. &#8211; LUIZ FELIPE DA SILVA. &#8211; ORIENTA\u00c7\u00c3O: PROF\u00ba MS. ADRIANA SOUSA NASCIMENTO \u00c1VILA. &nbsp; &nbsp;<\/p>\n","protected":false},"author":4,"featured_media":0,"parent":60,"menu_order":4,"comment_status":"closed","ping_status":"closed","template":"","meta":[],"_links":{"self":[{"href":"https:\/\/catolicadeanapolis.edu.br\/biblioteca\/index.php?rest_route=\/wp\/v2\/pages\/2970"}],"collection":[{"href":"https:\/\/catolicadeanapolis.edu.br\/biblioteca\/index.php?rest_route=\/wp\/v2\/pages"}],"about":[{"href":"https:\/\/catolicadeanapolis.edu.br\/biblioteca\/index.php?rest_route=\/wp\/v2\/types\/page"}],"author":[{"embeddable":true,"href":"https:\/\/catolicadeanapolis.edu.br\/biblioteca\/index.php?rest_route=\/wp\/v2\/users\/4"}],"replies":[{"embeddable":true,"href":"https:\/\/catolicadeanapolis.edu.br\/biblioteca\/index.php?rest_route=%2Fwp%2Fv2%2Fcomments&post=2970"}],"version-history":[{"count":1,"href":"https:\/\/catolicadeanapolis.edu.br\/biblioteca\/index.php?rest_route=\/wp\/v2\/pages\/2970\/revisions"}],"predecessor-version":[{"id":2971,"href":"https:\/\/catolicadeanapolis.edu.br\/biblioteca\/index.php?rest_route=\/wp\/v2\/pages\/2970\/revisions\/2971"}],"up":[{"embeddable":true,"href":"https:\/\/catolicadeanapolis.edu.br\/biblioteca\/index.php?rest_route=\/wp\/v2\/pages\/60"}],"wp:attachment":[{"href":"https:\/\/catolicadeanapolis.edu.br\/biblioteca\/index.php?rest_route=%2Fwp%2Fv2%2Fmedia&parent=2970"}],"curies":[{"name":"wp","href":"https:\/\/api.w.org\/{rel}","templated":true}]}}