{"id":3174,"date":"2021-06-28T17:53:16","date_gmt":"2021-06-28T17:53:16","guid":{"rendered":"https:\/\/catolicadeanapolis.edu.br\/biblioteca\/?page_id=3174"},"modified":"2022-06-09T11:56:08","modified_gmt":"2022-06-09T11:56:08","slug":"docencia-universitaria-2021","status":"publish","type":"page","link":"https:\/\/catolicadeanapolis.edu.br\/biblioteca\/?page_id=3174","title":{"rendered":"DOC\u00caNCIA UNIVERSIT\u00c1RIA 2021"},"content":{"rendered":"<p>1- <a href=\"https:\/\/catolicadeanapolis.edu.br\/biblioteca\/wp-content\/uploads\/2021\/06\/LEANDRO-SILVA-VILA\u00c7A.pdf\">ANDRAGOGIA E A UTILIZA\u00c7\u00c3O DA METODOLOGIA DE APRENDIZAGEM ATIVA NO CURSO DE ADMINISTRA\u00c7\u00c3O: UMA INTERA\u00c7\u00c3O ENTRE PROFESSOR ALUNO.<\/a> &#8211;\u00a0LEANDRO SILVA VILA\u00c7A. &#8211; ORIENTA\u00c7\u00c3O: PROF\u00aa MA. ALLYNE CHAVEIRO FARINHA.<\/p>\n<p>2-\u00a0<a href=\"https:\/\/catolicadeanapolis.edu.br\/biblioteca\/wp-content\/uploads\/2021\/06\/GIZELLE-CHRISTINE-LEMES-DA-ROCHA.pdf\">METODOLOGIAS ATIVAS NA EDUCA\u00c7\u00c3O SUPERIOR DE AN\u00c1POLIS: PERCEP\u00c7\u00d5ES E DESAFIOS.<\/a> &#8211;\u00a0GIZELLE CHRISTINE LEMES DA ROCHA. &#8211; ORIENTA\u00c7\u00c3O: PROF\u00aa ESP. ARACELLY RODRIGUES LOURES RANGEL.<\/p>\n<p>3-<a href=\"https:\/\/catolicadeanapolis.edu.br\/biblioteca\/?attachment_id=3380\">\u00a0PANDEMIA E O ENSINO SUPERIOR \u00c0 DIST\u00c2NCIA \u2013 UM OLHAR SOBRE O PONTO DE VISTA DOS DOCENTES.<\/a> &#8211;\u00a0HELEN CRISTINA ROSA DOS SANTOS. &#8211;\u00a0ORIENTA\u00c7\u00c3O: PROF\u00aa MA. MARISA ROVEDA.<\/p>\n<p>&nbsp;<\/p>\n<p>&nbsp;<\/p>\n<p>&nbsp;<\/p>\n","protected":false},"excerpt":{"rendered":"<p>1- ANDRAGOGIA E A UTILIZA\u00c7\u00c3O DA METODOLOGIA DE APRENDIZAGEM ATIVA NO CURSO DE ADMINISTRA\u00c7\u00c3O: UMA INTERA\u00c7\u00c3O ENTRE PROFESSOR ALUNO. &#8211;\u00a0LEANDRO SILVA VILA\u00c7A. &#8211; ORIENTA\u00c7\u00c3O: PROF\u00aa MA. ALLYNE CHAVEIRO FARINHA. 2-\u00a0METODOLOGIAS ATIVAS NA EDUCA\u00c7\u00c3O SUPERIOR DE AN\u00c1POLIS: PERCEP\u00c7\u00d5ES E DESAFIOS. &#8211;\u00a0GIZELLE CHRISTINE LEMES DA ROCHA. &#8211; ORIENTA\u00c7\u00c3O: PROF\u00aa ESP. ARACELLY RODRIGUES LOURES RANGEL. 3-\u00a0PANDEMIA E O [&hellip;]<\/p>\n","protected":false},"author":4,"featured_media":0,"parent":328,"menu_order":11,"comment_status":"closed","ping_status":"closed","template":"","meta":[],"_links":{"self":[{"href":"https:\/\/catolicadeanapolis.edu.br\/biblioteca\/index.php?rest_route=\/wp\/v2\/pages\/3174"}],"collection":[{"href":"https:\/\/catolicadeanapolis.edu.br\/biblioteca\/index.php?rest_route=\/wp\/v2\/pages"}],"about":[{"href":"https:\/\/catolicadeanapolis.edu.br\/biblioteca\/index.php?rest_route=\/wp\/v2\/types\/page"}],"author":[{"embeddable":true,"href":"https:\/\/catolicadeanapolis.edu.br\/biblioteca\/index.php?rest_route=\/wp\/v2\/users\/4"}],"replies":[{"embeddable":true,"href":"https:\/\/catolicadeanapolis.edu.br\/biblioteca\/index.php?rest_route=%2Fwp%2Fv2%2Fcomments&post=3174"}],"version-history":[{"count":3,"href":"https:\/\/catolicadeanapolis.edu.br\/biblioteca\/index.php?rest_route=\/wp\/v2\/pages\/3174\/revisions"}],"predecessor-version":[{"id":3425,"href":"https:\/\/catolicadeanapolis.edu.br\/biblioteca\/index.php?rest_route=\/wp\/v2\/pages\/3174\/revisions\/3425"}],"up":[{"embeddable":true,"href":"https:\/\/catolicadeanapolis.edu.br\/biblioteca\/index.php?rest_route=\/wp\/v2\/pages\/328"}],"wp:attachment":[{"href":"https:\/\/catolicadeanapolis.edu.br\/biblioteca\/index.php?rest_route=%2Fwp%2Fv2%2Fmedia&parent=3174"}],"curies":[{"name":"wp","href":"https:\/\/api.w.org\/{rel}","templated":true}]}}