{"id":3180,"date":"2021-06-28T17:59:01","date_gmt":"2021-06-28T17:59:01","guid":{"rendered":"https:\/\/catolicadeanapolis.edu.br\/biblioteca\/?page_id=3180"},"modified":"2021-06-28T17:59:01","modified_gmt":"2021-06-28T17:59:01","slug":"teologia-biblica-2018","status":"publish","type":"page","link":"https:\/\/catolicadeanapolis.edu.br\/biblioteca\/?page_id=3180","title":{"rendered":"TEOLOGIA B\u00cdBLICA 2018"},"content":{"rendered":"<p>1-\u00a0<a href=\"https:\/\/catolicadeanapolis.edu.br\/biblioteca\/wp-content\/uploads\/2021\/06\/HILDA-SABBAG-CUNHA-M\u00c1RIO-S\u00c9RGIO-SABBAG-CUNHA-TERESA-CRISTINA-SABBAG-CUNHA.pdf\">A SAGRADA ESCRITURA, TRADI\u00c7\u00c3O E MAGIST\u00c9RIO DA IGREJA NA TRANSMISS\u00c3O DA F\u00c9 NA CATEQUESE DE CRISMA.<\/a> &#8211;\u00a0HILDA SABBAG CUNHA, M\u00c1RIO S\u00c9RGIO SABBAG CUNHA, TERESA CRISTINA SABBAG CUNHA. &#8211; ORIENTA\u00c7\u00c3O: PROF\u00ba DR. FR. FL\u00c1VIO NOLETO.<\/p>\n<p>2-\u00a0<a href=\"https:\/\/catolicadeanapolis.edu.br\/biblioteca\/wp-content\/uploads\/2021\/06\/L\u00daCIA-MARIA-VICENTE-ALMEIDA-LUCINEIDE-BANDEIRA-DE-QUEIROZ-CRUZ-PE.-REGINALDO-PEREIRA-DA-COSTA-REINILDO-GUSM\u00c3O-LOPES.pdf\">A ABORDAGEM DOS TR\u00caS PILARES DA IGREJA: SAGRADO MAGIST\u00c9RIO, SAGRADA TRADI\u00c7\u00c3O E SAGRADA ESCRITURA.<\/a> &#8211;\u00a0L\u00daCIA MARIA VICENTE ALMEIDA, LUCINEIDE BANDEIRA DE QUEIROZ CRUZ, PE. REGINALDO PEREIRA DA COSTA, REINILDO GUSM\u00c3O LOPES. &#8211;\u00a0ORIENTA\u00c7\u00c3O: PROF\u00ba DR. FR. FL\u00c1VIO NOLETO.<\/p>\n<p>3-\u00a0<a href=\"https:\/\/catolicadeanapolis.edu.br\/biblioteca\/wp-content\/uploads\/2021\/06\/DANIEL-RODRIGUES-COIMBRA-WESLEY-DE-SOUZA-LOBO.pdf\">O OLHAR ANTROPOL\u00d3GICO DE S\u00c3O GREG\u00d3RIO DE NISSA SOBRE A SAGRADA ESCRITURA.<\/a> &#8211;\u00a0DANIEL RODRIGUES COIMBRA, WESLEY DE SOUZA LOBO. &#8211;\u00a0ORIENTA\u00c7\u00c3O: PROF\u00ba DR. FR. FL\u00c1VIO NOLETO.<\/p>\n<p>&nbsp;<\/p>\n<p>&nbsp;<\/p>\n","protected":false},"excerpt":{"rendered":"<p>1-\u00a0A SAGRADA ESCRITURA, TRADI\u00c7\u00c3O E MAGIST\u00c9RIO DA IGREJA NA TRANSMISS\u00c3O DA F\u00c9 NA CATEQUESE DE CRISMA. &#8211;\u00a0HILDA SABBAG CUNHA, M\u00c1RIO S\u00c9RGIO SABBAG CUNHA, TERESA CRISTINA SABBAG CUNHA. &#8211; ORIENTA\u00c7\u00c3O: PROF\u00ba DR. FR. FL\u00c1VIO NOLETO. 2-\u00a0A ABORDAGEM DOS TR\u00caS PILARES DA IGREJA: SAGRADO MAGIST\u00c9RIO, SAGRADA TRADI\u00c7\u00c3O E SAGRADA ESCRITURA. &#8211;\u00a0L\u00daCIA MARIA VICENTE ALMEIDA, LUCINEIDE BANDEIRA DE [&hellip;]<\/p>\n","protected":false},"author":4,"featured_media":0,"parent":3177,"menu_order":0,"comment_status":"closed","ping_status":"closed","template":"","meta":[],"_links":{"self":[{"href":"https:\/\/catolicadeanapolis.edu.br\/biblioteca\/index.php?rest_route=\/wp\/v2\/pages\/3180"}],"collection":[{"href":"https:\/\/catolicadeanapolis.edu.br\/biblioteca\/index.php?rest_route=\/wp\/v2\/pages"}],"about":[{"href":"https:\/\/catolicadeanapolis.edu.br\/biblioteca\/index.php?rest_route=\/wp\/v2\/types\/page"}],"author":[{"embeddable":true,"href":"https:\/\/catolicadeanapolis.edu.br\/biblioteca\/index.php?rest_route=\/wp\/v2\/users\/4"}],"replies":[{"embeddable":true,"href":"https:\/\/catolicadeanapolis.edu.br\/biblioteca\/index.php?rest_route=%2Fwp%2Fv2%2Fcomments&post=3180"}],"version-history":[{"count":1,"href":"https:\/\/catolicadeanapolis.edu.br\/biblioteca\/index.php?rest_route=\/wp\/v2\/pages\/3180\/revisions"}],"predecessor-version":[{"id":3181,"href":"https:\/\/catolicadeanapolis.edu.br\/biblioteca\/index.php?rest_route=\/wp\/v2\/pages\/3180\/revisions\/3181"}],"up":[{"embeddable":true,"href":"https:\/\/catolicadeanapolis.edu.br\/biblioteca\/index.php?rest_route=\/wp\/v2\/pages\/3177"}],"wp:attachment":[{"href":"https:\/\/catolicadeanapolis.edu.br\/biblioteca\/index.php?rest_route=%2Fwp%2Fv2%2Fmedia&parent=3180"}],"curies":[{"name":"wp","href":"https:\/\/api.w.org\/{rel}","templated":true}]}}