{"id":3185,"date":"2021-06-28T18:07:41","date_gmt":"2021-06-28T18:07:41","guid":{"rendered":"https:\/\/catolicadeanapolis.edu.br\/biblioteca\/?page_id=3185"},"modified":"2022-06-03T13:59:47","modified_gmt":"2022-06-03T13:59:47","slug":"filosofia-clinica-2021","status":"publish","type":"page","link":"https:\/\/catolicadeanapolis.edu.br\/biblioteca\/?page_id=3185","title":{"rendered":"FILOSOFIA CL\u00cdNICA 2021"},"content":{"rendered":"<p>1-\u00a0<a href=\"https:\/\/catolicadeanapolis.edu.br\/biblioteca\/wp-content\/uploads\/2021\/06\/LUCILENE-ALEXANDRE-OLIVEIRA-LISBOA.pdf\">O QUE \u00c9 FILOSOFIA CL\u00cdNICA E QUAL A IMPORT\u00c2NCIA DOS EXAMES CATEGORIAIS?.<\/a> &#8211;\u00a0LUCILENE ALEXANDRE OLIVEIRA LISBOA. &#8211; ORIENTA\u00c7\u00c3O: PROF\u00aa M\u00aa MARISA ROVEDA.<\/p>\n<p>2-<a href=\"https:\/\/catolicadeanapolis.edu.br\/biblioteca\/?attachment_id=3300\">\u00a0\u00c9TICA X SOCIEDADE: A IMPORT\u00c2NCIA DA \u00c9TICA NA FORMA\u00c7\u00c3O DO SER HUMANO CONTEMPOR\u00c2NEO.<\/a> &#8211;\u00a0ANA APARECIDA DE MORAIS. &#8211; ORIENTA\u00c7\u00c3O: PROF. HALAN BASTOS LIMA.<\/p>\n<p>&nbsp;<\/p>\n<p>&nbsp;<\/p>\n<p>&nbsp;<\/p>\n","protected":false},"excerpt":{"rendered":"<p>1-\u00a0O QUE \u00c9 FILOSOFIA CL\u00cdNICA E QUAL A IMPORT\u00c2NCIA DOS EXAMES CATEGORIAIS?. &#8211;\u00a0LUCILENE ALEXANDRE OLIVEIRA LISBOA. &#8211; ORIENTA\u00c7\u00c3O: PROF\u00aa M\u00aa MARISA ROVEDA. 2-\u00a0\u00c9TICA X SOCIEDADE: A IMPORT\u00c2NCIA DA \u00c9TICA NA FORMA\u00c7\u00c3O DO SER HUMANO CONTEMPOR\u00c2NEO. &#8211;\u00a0ANA APARECIDA DE MORAIS. &#8211; ORIENTA\u00c7\u00c3O: PROF. HALAN BASTOS LIMA. &nbsp; &nbsp; &nbsp;<\/p>\n","protected":false},"author":4,"featured_media":0,"parent":399,"menu_order":6,"comment_status":"closed","ping_status":"closed","template":"","meta":[],"_links":{"self":[{"href":"https:\/\/catolicadeanapolis.edu.br\/biblioteca\/index.php?rest_route=\/wp\/v2\/pages\/3185"}],"collection":[{"href":"https:\/\/catolicadeanapolis.edu.br\/biblioteca\/index.php?rest_route=\/wp\/v2\/pages"}],"about":[{"href":"https:\/\/catolicadeanapolis.edu.br\/biblioteca\/index.php?rest_route=\/wp\/v2\/types\/page"}],"author":[{"embeddable":true,"href":"https:\/\/catolicadeanapolis.edu.br\/biblioteca\/index.php?rest_route=\/wp\/v2\/users\/4"}],"replies":[{"embeddable":true,"href":"https:\/\/catolicadeanapolis.edu.br\/biblioteca\/index.php?rest_route=%2Fwp%2Fv2%2Fcomments&post=3185"}],"version-history":[{"count":3,"href":"https:\/\/catolicadeanapolis.edu.br\/biblioteca\/index.php?rest_route=\/wp\/v2\/pages\/3185\/revisions"}],"predecessor-version":[{"id":3313,"href":"https:\/\/catolicadeanapolis.edu.br\/biblioteca\/index.php?rest_route=\/wp\/v2\/pages\/3185\/revisions\/3313"}],"up":[{"embeddable":true,"href":"https:\/\/catolicadeanapolis.edu.br\/biblioteca\/index.php?rest_route=\/wp\/v2\/pages\/399"}],"wp:attachment":[{"href":"https:\/\/catolicadeanapolis.edu.br\/biblioteca\/index.php?rest_route=%2Fwp%2Fv2%2Fmedia&parent=3185"}],"curies":[{"name":"wp","href":"https:\/\/api.w.org\/{rel}","templated":true}]}}