{"id":3204,"date":"2021-06-29T18:10:33","date_gmt":"2021-06-29T18:10:33","guid":{"rendered":"https:\/\/catolicadeanapolis.edu.br\/biblioteca\/?page_id=3204"},"modified":"2022-06-03T14:08:48","modified_gmt":"2022-06-03T14:08:48","slug":"psicopedagogia-institucional-e-clinica-2021","status":"publish","type":"page","link":"https:\/\/catolicadeanapolis.edu.br\/biblioteca\/?page_id=3204","title":{"rendered":"PSICOPEDAGOGIA INSTITUCIONAL E CL\u00cdNICA 2021"},"content":{"rendered":"<p>1- <a href=\"https:\/\/catolicadeanapolis.edu.br\/biblioteca\/wp-content\/uploads\/2021\/06\/HALINE-SOUZA-ROSANGELA-NASCIMENTO-VER\u00d4NICA-LARRAYLLA-INFORME.pdf\">INFORME PSICOPEDAG\u00d3GICO- AVALIA\u00c7\u00c3O INSTITUCIONAL.<\/a> &#8211; HALINE SOUZA DE BARROS, ROSANGELA NASCIMENTO DOS S. OLIVEIRA, VER\u00d4NICA LARRAYLLA F. TAVEIRA. &#8211; ORIENTA\u00c7\u00c3O: CRISTIANE S. CALDAS.<\/p>\n<p>2-\u00a0<a href=\"https:\/\/catolicadeanapolis.edu.br\/biblioteca\/?attachment_id=3304\">A INTERVEN\u00c7\u00c3O PSICOPEDAG\u00d3GICA INSTITUCIONAL NA FORMA\u00c7\u00c3O REFLEXIVA DE EDUCADORES.<\/a> &#8211;\u00a0GISLENE RODRIGUES PEREIRA; LET\u00cdCIA BUENO ARA\u00daJO; PATR\u00cdCIA PEREIRA DE FARIA. &#8211;\u00a0ORIENTA\u00c7\u00c3O: PROF\u00aa. ME. MARCIA SUMIRE KUROGI DINIZ<\/p>\n<p>&nbsp;<\/p>\n","protected":false},"excerpt":{"rendered":"<p>1- INFORME PSICOPEDAG\u00d3GICO- AVALIA\u00c7\u00c3O INSTITUCIONAL. &#8211; HALINE SOUZA DE BARROS, ROSANGELA NASCIMENTO DOS S. OLIVEIRA, VER\u00d4NICA LARRAYLLA F. TAVEIRA. &#8211; ORIENTA\u00c7\u00c3O: CRISTIANE S. CALDAS. 2-\u00a0A INTERVEN\u00c7\u00c3O PSICOPEDAG\u00d3GICA INSTITUCIONAL NA FORMA\u00c7\u00c3O REFLEXIVA DE EDUCADORES. &#8211;\u00a0GISLENE RODRIGUES PEREIRA; LET\u00cdCIA BUENO ARA\u00daJO; PATR\u00cdCIA PEREIRA DE FARIA. &#8211;\u00a0ORIENTA\u00c7\u00c3O: PROF\u00aa. ME. MARCIA SUMIRE KUROGI DINIZ &nbsp;<\/p>\n","protected":false},"author":4,"featured_media":0,"parent":360,"menu_order":12,"comment_status":"closed","ping_status":"closed","template":"","meta":[],"_links":{"self":[{"href":"https:\/\/catolicadeanapolis.edu.br\/biblioteca\/index.php?rest_route=\/wp\/v2\/pages\/3204"}],"collection":[{"href":"https:\/\/catolicadeanapolis.edu.br\/biblioteca\/index.php?rest_route=\/wp\/v2\/pages"}],"about":[{"href":"https:\/\/catolicadeanapolis.edu.br\/biblioteca\/index.php?rest_route=\/wp\/v2\/types\/page"}],"author":[{"embeddable":true,"href":"https:\/\/catolicadeanapolis.edu.br\/biblioteca\/index.php?rest_route=\/wp\/v2\/users\/4"}],"replies":[{"embeddable":true,"href":"https:\/\/catolicadeanapolis.edu.br\/biblioteca\/index.php?rest_route=%2Fwp%2Fv2%2Fcomments&post=3204"}],"version-history":[{"count":3,"href":"https:\/\/catolicadeanapolis.edu.br\/biblioteca\/index.php?rest_route=\/wp\/v2\/pages\/3204\/revisions"}],"predecessor-version":[{"id":3318,"href":"https:\/\/catolicadeanapolis.edu.br\/biblioteca\/index.php?rest_route=\/wp\/v2\/pages\/3204\/revisions\/3318"}],"up":[{"embeddable":true,"href":"https:\/\/catolicadeanapolis.edu.br\/biblioteca\/index.php?rest_route=\/wp\/v2\/pages\/360"}],"wp:attachment":[{"href":"https:\/\/catolicadeanapolis.edu.br\/biblioteca\/index.php?rest_route=%2Fwp%2Fv2%2Fmedia&parent=3204"}],"curies":[{"name":"wp","href":"https:\/\/api.w.org\/{rel}","templated":true}]}}