{"id":3207,"date":"2021-06-29T18:15:56","date_gmt":"2021-06-29T18:15:56","guid":{"rendered":"https:\/\/catolicadeanapolis.edu.br\/biblioteca\/?page_id=3207"},"modified":"2021-06-29T18:16:12","modified_gmt":"2021-06-29T18:16:12","slug":"recursos-humanos-2020","status":"publish","type":"page","link":"https:\/\/catolicadeanapolis.edu.br\/biblioteca\/?page_id=3207","title":{"rendered":"RECURSOS HUMANOS 2020"},"content":{"rendered":"<p>1-\u00a0<a href=\"https:\/\/catolicadeanapolis.edu.br\/biblioteca\/wp-content\/uploads\/2021\/06\/MARCIA-DE-OLIVEIRA-MARIANO.pdf\">CLIMA ORGANIZACIONAL E A QUALIDADE LABORAL: UMA AN\u00c1LISE DA CL\u00cdNICA DE ESPECIALIDADES M\u00c9DICAS.<\/a> &#8211;\u00a0MARCIA CAVALHEIRO TAVARES, MARCIA DE OLIVEIRA MARIANO. &#8211; ORIENTA\u00c7\u00c3O: PROF\u00ba ME. WILTON ALVES FERREIRA J\u00daNIOR.<\/p>\n<p>2-\u00a0<a href=\"https:\/\/catolicadeanapolis.edu.br\/biblioteca\/wp-content\/uploads\/2021\/06\/LET\u00cdCIA-ANDR\u00c9IA-DA-SILVA-VIEIRA-MARIANEPEREIRA-FILGUEIRAS.pdf\">LEVANTAMENTO DO N\u00cdVEL DE ESTRESSE DOS ALUNOS INICIANTES DO CURSO DE DIREITO DA FACULDADE CAT\u00d3LICA DE AN\u00c1POLIS.<\/a> &#8211;\u00a0LET\u00cdCIA ANDR\u00c9IA DA SILVA VIEIRA MARIANE, PEREIRA FILGUEIRAS. &#8211;\u00a0ORIENTA\u00c7\u00c3O: PROF\u00ba ME. WILTON ALVES FERREIRA J\u00daNIOR.<\/p>\n<p>3-\u00a0<a href=\"https:\/\/catolicadeanapolis.edu.br\/biblioteca\/wp-content\/uploads\/2021\/06\/ADRIANE-COSTA-SILVA.pdf\">AVALIA\u00c7\u00c3O DO CLIMA ORGANIZACIONAL EM UMA EMPRESA DE BEBIDAS EM AN\u00c1POLIS-GO.<\/a> &#8211;\u00a0ADRIANE COSTA SILVA. &#8211;\u00a0ORIENTA\u00c7\u00c3O: PROF\u00ba ME. WILTON ALVES FERREIRA J\u00daNIOR.<\/p>\n<p>&nbsp;<\/p>\n<p>&nbsp;<\/p>\n","protected":false},"excerpt":{"rendered":"<p>1-\u00a0CLIMA ORGANIZACIONAL E A QUALIDADE LABORAL: UMA AN\u00c1LISE DA CL\u00cdNICA DE ESPECIALIDADES M\u00c9DICAS. &#8211;\u00a0MARCIA CAVALHEIRO TAVARES, MARCIA DE OLIVEIRA MARIANO. &#8211; ORIENTA\u00c7\u00c3O: PROF\u00ba ME. WILTON ALVES FERREIRA J\u00daNIOR. 2-\u00a0LEVANTAMENTO DO N\u00cdVEL DE ESTRESSE DOS ALUNOS INICIANTES DO CURSO DE DIREITO DA FACULDADE CAT\u00d3LICA DE AN\u00c1POLIS. &#8211;\u00a0LET\u00cdCIA ANDR\u00c9IA DA SILVA VIEIRA MARIANE, PEREIRA FILGUEIRAS. &#8211;\u00a0ORIENTA\u00c7\u00c3O: PROF\u00ba [&hellip;]<\/p>\n","protected":false},"author":4,"featured_media":0,"parent":62,"menu_order":8,"comment_status":"closed","ping_status":"closed","template":"","meta":[],"_links":{"self":[{"href":"https:\/\/catolicadeanapolis.edu.br\/biblioteca\/index.php?rest_route=\/wp\/v2\/pages\/3207"}],"collection":[{"href":"https:\/\/catolicadeanapolis.edu.br\/biblioteca\/index.php?rest_route=\/wp\/v2\/pages"}],"about":[{"href":"https:\/\/catolicadeanapolis.edu.br\/biblioteca\/index.php?rest_route=\/wp\/v2\/types\/page"}],"author":[{"embeddable":true,"href":"https:\/\/catolicadeanapolis.edu.br\/biblioteca\/index.php?rest_route=\/wp\/v2\/users\/4"}],"replies":[{"embeddable":true,"href":"https:\/\/catolicadeanapolis.edu.br\/biblioteca\/index.php?rest_route=%2Fwp%2Fv2%2Fcomments&post=3207"}],"version-history":[{"count":1,"href":"https:\/\/catolicadeanapolis.edu.br\/biblioteca\/index.php?rest_route=\/wp\/v2\/pages\/3207\/revisions"}],"predecessor-version":[{"id":3208,"href":"https:\/\/catolicadeanapolis.edu.br\/biblioteca\/index.php?rest_route=\/wp\/v2\/pages\/3207\/revisions\/3208"}],"up":[{"embeddable":true,"href":"https:\/\/catolicadeanapolis.edu.br\/biblioteca\/index.php?rest_route=\/wp\/v2\/pages\/62"}],"wp:attachment":[{"href":"https:\/\/catolicadeanapolis.edu.br\/biblioteca\/index.php?rest_route=%2Fwp%2Fv2%2Fmedia&parent=3207"}],"curies":[{"name":"wp","href":"https:\/\/api.w.org\/{rel}","templated":true}]}}