{"id":3212,"date":"2021-06-29T18:26:55","date_gmt":"2021-06-29T18:26:55","guid":{"rendered":"https:\/\/catolicadeanapolis.edu.br\/biblioteca\/?page_id=3212"},"modified":"2022-06-09T12:40:36","modified_gmt":"2022-06-09T12:40:36","slug":"teologia-2020","status":"publish","type":"page","link":"https:\/\/catolicadeanapolis.edu.br\/biblioteca\/?page_id=3212","title":{"rendered":"TEOLOGIA 2020"},"content":{"rendered":"<p>1-\u00a0<a href=\"https:\/\/catolicadeanapolis.edu.br\/biblioteca\/wp-content\/uploads\/2021\/06\/MARCOS-VIN\u00cdCIUS-MAGALH\u00c3ES-TEIXEIRA.pdf\">O MIST\u00c9RIO DA K\u00c9NOSIS DO L\u00d3GOS DE DEUS.<\/a> &#8211;\u00a0MARCOS VIN\u00cdCIUS MAGALH\u00c3ES TEIXEIRA. &#8211; ORIENTA\u00c7\u00c3O: PROF\u00ba ME. PE. CARLITO BERNARDES DE OLIVEIRA JUNIOR.<\/p>\n<p>2-\u00a0<a href=\"https:\/\/catolicadeanapolis.edu.br\/biblioteca\/wp-content\/uploads\/2021\/06\/J\u00daLIO-CEZAR-DE-JESUS-MONTEIRO.pdf\">ENCARNA\u00c7\u00c3O: PROCESSO DE HUMANIZA\u00c7\u00c3O E DIVINIZA\u00c7\u00c3O.<\/a> &#8211;\u00a0J\u00daLIO CEZAR DE JESUS MONTEIRO. &#8211; ORIENTA\u00c7\u00c3O: PROF\u00ba ME. PE. CARLOS BERNARDES.<\/p>\n<p>3-\u00a0<a href=\"https:\/\/catolicadeanapolis.edu.br\/biblioteca\/wp-content\/uploads\/2021\/06\/JOSENILSON-ANTONIO-DA-SILVA.pdf\">CELIBATO SACERDOTAL COMO CONSELHO EVANG\u00c9LICO E SEU DESENVOLVIMENTO ECLESIOL\u00d3GICO.<\/a> &#8211;\u00a0JOSENILSON ANTONIO DA SILVA. &#8211; ORIENTA\u00c7\u00c3O: PROF\u00ba PE. CARLITO BERNARDES.<\/p>\n<p>4-<a href=\"https:\/\/catolicadeanapolis.edu.br\/biblioteca\/wp-content\/uploads\/2021\/06\/JOS\u00c9-D\u00c1CIO-SANTOS-OLIVEIRA.pdf\">\u00a0SOFRIMENTO DE CRISTO: MODELO E SENTIDO PARA TODO SOFRIMENTO HUMANO.<\/a> &#8211;\u00a0JOS\u00c9 D\u00c1CIO SANTOS OLIVEIRA. &#8211;\u00a0ORIENTA\u00c7\u00c3O: PROF\u00ba PE. CARLITO BERNARDES.<\/p>\n<p>5-\u00a0<a href=\"https:\/\/catolicadeanapolis.edu.br\/biblioteca\/wp-content\/uploads\/2021\/06\/CLEIDIOMAR-GOMES-DO-LAGO.pdf\">O ARGUMENTO DE F\u00c9 DA RELIGIOSIDADE POPULAR CAT\u00d3LICA.<\/a> &#8211;\u00a0CLEIDIOMAR GOMES DO LAGO. &#8211;\u00a0ORIENTA\u00c7\u00c3O: PROF\u00ba PE. CARLITO BERNARDES.<\/p>\n<p>6-\u00a0<a href=\"https:\/\/catolicadeanapolis.edu.br\/biblioteca\/?attachment_id=3411\">OS ANJOS E A EVANGELIZA\u00c7\u00c3O NA IGREJA.<\/a> &#8211;\u00a0RONIRAM PEREIRA DA SILVA. &#8211;\u00a0\u00a0ORIENTA\u00c7\u00c3O: PROF\u00ba PE. CARLITO BERNARDES.<\/p>\n<p>&nbsp;<\/p>\n","protected":false},"excerpt":{"rendered":"<p>1-\u00a0O MIST\u00c9RIO DA K\u00c9NOSIS DO L\u00d3GOS DE DEUS. &#8211;\u00a0MARCOS VIN\u00cdCIUS MAGALH\u00c3ES TEIXEIRA. &#8211; ORIENTA\u00c7\u00c3O: PROF\u00ba ME. PE. CARLITO BERNARDES DE OLIVEIRA JUNIOR. 2-\u00a0ENCARNA\u00c7\u00c3O: PROCESSO DE HUMANIZA\u00c7\u00c3O E DIVINIZA\u00c7\u00c3O. &#8211;\u00a0J\u00daLIO CEZAR DE JESUS MONTEIRO. &#8211; ORIENTA\u00c7\u00c3O: PROF\u00ba ME. PE. CARLOS BERNARDES. 3-\u00a0CELIBATO SACERDOTAL COMO CONSELHO EVANG\u00c9LICO E SEU DESENVOLVIMENTO ECLESIOL\u00d3GICO. &#8211;\u00a0JOSENILSON ANTONIO DA SILVA. &#8211; ORIENTA\u00c7\u00c3O: [&hellip;]<\/p>\n","protected":false},"author":4,"featured_media":0,"parent":54,"menu_order":7,"comment_status":"closed","ping_status":"closed","template":"","meta":[],"_links":{"self":[{"href":"https:\/\/catolicadeanapolis.edu.br\/biblioteca\/index.php?rest_route=\/wp\/v2\/pages\/3212"}],"collection":[{"href":"https:\/\/catolicadeanapolis.edu.br\/biblioteca\/index.php?rest_route=\/wp\/v2\/pages"}],"about":[{"href":"https:\/\/catolicadeanapolis.edu.br\/biblioteca\/index.php?rest_route=\/wp\/v2\/types\/page"}],"author":[{"embeddable":true,"href":"https:\/\/catolicadeanapolis.edu.br\/biblioteca\/index.php?rest_route=\/wp\/v2\/users\/4"}],"replies":[{"embeddable":true,"href":"https:\/\/catolicadeanapolis.edu.br\/biblioteca\/index.php?rest_route=%2Fwp%2Fv2%2Fcomments&post=3212"}],"version-history":[{"count":3,"href":"https:\/\/catolicadeanapolis.edu.br\/biblioteca\/index.php?rest_route=\/wp\/v2\/pages\/3212\/revisions"}],"predecessor-version":[{"id":3435,"href":"https:\/\/catolicadeanapolis.edu.br\/biblioteca\/index.php?rest_route=\/wp\/v2\/pages\/3212\/revisions\/3435"}],"up":[{"embeddable":true,"href":"https:\/\/catolicadeanapolis.edu.br\/biblioteca\/index.php?rest_route=\/wp\/v2\/pages\/54"}],"wp:attachment":[{"href":"https:\/\/catolicadeanapolis.edu.br\/biblioteca\/index.php?rest_route=%2Fwp%2Fv2%2Fmedia&parent=3212"}],"curies":[{"name":"wp","href":"https:\/\/api.w.org\/{rel}","templated":true}]}}