{"id":3218,"date":"2021-06-29T19:07:29","date_gmt":"2021-06-29T19:07:29","guid":{"rendered":"https:\/\/catolicadeanapolis.edu.br\/biblioteca\/?page_id=3218"},"modified":"2024-08-13T23:05:30","modified_gmt":"2024-08-13T23:05:30","slug":"filosofia-2021","status":"publish","type":"page","link":"https:\/\/catolicadeanapolis.edu.br\/biblioteca\/?page_id=3218","title":{"rendered":"FILOSOFIA 2021"},"content":{"rendered":"<p>1- <a href=\"https:\/\/catolicadeanapolis.edu.br\/biblioteca\/?attachment_id=3270\">O VALOR PERENE DO PENSAMENTO KIERKEGAARDIANO.<\/a> &#8211;\u00a0CAIO OMAR FIGUEIR\u00d3 ALMEIDA. &#8211; ORIENTA\u00c7\u00c3O: PROF. MS. TOBIAS DIAS GOUL\u00c3O.<\/p>\n<p>2- <a href=\"https:\/\/catolicadeanapolis.edu.br\/biblioteca\/?attachment_id=3280\">HARMONIA MORAL: UM PROBLEMA \u00c9TICO-MUSICAL.<\/a> &#8211;\u00a0WILGNER BATISTA PICOLO. &#8211;\u00a0ORIENTA\u00c7\u00c3O:\u00a0PROF. MS. TOBIAS DIAS GOUL\u00c3O.<\/p>\n<p>3- <a href=\"https:\/\/catolicadeanapolis.edu.br\/biblioteca\/?attachment_id=3438\">A VOLTA AO MITO: A BUSCA POR DEUS NOS DEUSES MODERNOS.<\/a> &#8211;\u00a0GABRIEL HUDSON SOUZA DE OLIVEIRA. &#8211;\u00a0ORIENTA\u00c7\u00c3O:\u00a0PROF. MS. TOBIAS DIAS GOUL\u00c3O.<\/p>\n","protected":false},"excerpt":{"rendered":"<p>1- O VALOR PERENE DO PENSAMENTO KIERKEGAARDIANO. &#8211;\u00a0CAIO OMAR FIGUEIR\u00d3 ALMEIDA. &#8211; ORIENTA\u00c7\u00c3O: PROF. MS. TOBIAS DIAS GOUL\u00c3O. 2- HARMONIA MORAL: UM PROBLEMA \u00c9TICO-MUSICAL. &#8211;\u00a0WILGNER BATISTA PICOLO. &#8211;\u00a0ORIENTA\u00c7\u00c3O:\u00a0PROF. MS. TOBIAS DIAS GOUL\u00c3O. 3- A VOLTA AO MITO: A BUSCA POR DEUS NOS DEUSES MODERNOS. &#8211;\u00a0GABRIEL HUDSON SOUZA DE OLIVEIRA. &#8211;\u00a0ORIENTA\u00c7\u00c3O:\u00a0PROF. MS. TOBIAS DIAS GOUL\u00c3O.<\/p>\n","protected":false},"author":4,"featured_media":0,"parent":56,"menu_order":8,"comment_status":"closed","ping_status":"closed","template":"","meta":[],"_links":{"self":[{"href":"https:\/\/catolicadeanapolis.edu.br\/biblioteca\/index.php?rest_route=\/wp\/v2\/pages\/3218"}],"collection":[{"href":"https:\/\/catolicadeanapolis.edu.br\/biblioteca\/index.php?rest_route=\/wp\/v2\/pages"}],"about":[{"href":"https:\/\/catolicadeanapolis.edu.br\/biblioteca\/index.php?rest_route=\/wp\/v2\/types\/page"}],"author":[{"embeddable":true,"href":"https:\/\/catolicadeanapolis.edu.br\/biblioteca\/index.php?rest_route=\/wp\/v2\/users\/4"}],"replies":[{"embeddable":true,"href":"https:\/\/catolicadeanapolis.edu.br\/biblioteca\/index.php?rest_route=%2Fwp%2Fv2%2Fcomments&post=3218"}],"version-history":[{"count":8,"href":"https:\/\/catolicadeanapolis.edu.br\/biblioteca\/index.php?rest_route=\/wp\/v2\/pages\/3218\/revisions"}],"predecessor-version":[{"id":3640,"href":"https:\/\/catolicadeanapolis.edu.br\/biblioteca\/index.php?rest_route=\/wp\/v2\/pages\/3218\/revisions\/3640"}],"up":[{"embeddable":true,"href":"https:\/\/catolicadeanapolis.edu.br\/biblioteca\/index.php?rest_route=\/wp\/v2\/pages\/56"}],"wp:attachment":[{"href":"https:\/\/catolicadeanapolis.edu.br\/biblioteca\/index.php?rest_route=%2Fwp%2Fv2%2Fmedia&parent=3218"}],"curies":[{"name":"wp","href":"https:\/\/api.w.org\/{rel}","templated":true}]}}