{"id":3224,"date":"2021-06-29T19:34:19","date_gmt":"2021-06-29T19:34:19","guid":{"rendered":"https:\/\/catolicadeanapolis.edu.br\/biblioteca\/?page_id=3224"},"modified":"2022-06-09T12:38:23","modified_gmt":"2022-06-09T12:38:23","slug":"pedagogia-2020","status":"publish","type":"page","link":"https:\/\/catolicadeanapolis.edu.br\/biblioteca\/?page_id=3224","title":{"rendered":"PEDAGOGIA 2020"},"content":{"rendered":"<p>1-\u00a0<a href=\"https:\/\/catolicadeanapolis.edu.br\/biblioteca\/wp-content\/uploads\/2021\/06\/LORENA-SILVA-COSTA-MARCIA-LOPES-DA-SILVA.pdf\">A SEPARA\u00c7\u00c3O DE PAIS E OS DESAFIOS ENFRENTADOS PELOS PEDAGOGOS NO DESENVOLVIMENTO DA CRIAN\u00c7A EM SALA DE AULA.<\/a> &#8211;\u00a0LORENA SILVA COSTA, MARCIA LOPES DA SILVA. &#8211; ORIENTA\u00c7\u00c3O: PROF\u00ba ME. WILIAN C\u00c2NDIDO CORR\u00caA.<\/p>\n<p>2-\u00a0<a href=\"https:\/\/catolicadeanapolis.edu.br\/biblioteca\/wp-content\/uploads\/2021\/06\/GUILHERME-PRESTES-MEOTTI-BEATRIZ-DAS-NEVES-OLIVEIR.pdf\">A CONTRIBUI\u00c7\u00c3O DO KARAT\u00ca PARA FORMA\u00c7\u00c3O DE CONDUTA DISCIPLINADA.<\/a> &#8211;\u00a0GUILHERME PRESTES MEOTTI, BEATRIZ DAS NEVES OLIVEIRA. &#8211; ORIENTA\u00c7\u00c3O:PRF\u00aa ESP. ARACELLY RODRIGUES LOURES RANGEL.<\/p>\n<p>3-\u00a0<a href=\"https:\/\/catolicadeanapolis.edu.br\/biblioteca\/wp-content\/uploads\/2021\/06\/Gleicyane-Rodrigues-de-Sousa-Carneiro.pdf\">PR\u00c1TICAS DE LEITURA: ENTRE O PROPOSTO E O REALIZADO.<\/a> &#8211; GLEICYANE RODRIGUES DE SOUSA CARNEIRO, GLEICYANE RODRIGUES. &#8211; ORIENTA\u00c7\u00c3O: PROF\u00ba ME. WILIAN C\u00c2NDIDO CORR\u00caA.<\/p>\n<p>4-\u00a0<a href=\"https:\/\/catolicadeanapolis.edu.br\/biblioteca\/?attachment_id=3407\">UM OLHAR SOBRE A FORMA\u00c7\u00c3O ESPECIALIZADA DO PROFESSOR NA EDUCA\u00c7\u00c3O INCLUSIVA NO CONTEXTO DO TRANSTORNO DO ESPECTRO AUTISTA.<\/a> &#8211;\u00a0Luevely Rog\u00e9rio do Prado Castro &#8211;\u00a0Orienta\u00e7\u00e3o: Prof\u00ba Me. Wilian C\u00e2ndido<\/p>\n<p>5-\u00a0<a href=\"https:\/\/catolicadeanapolis.edu.br\/biblioteca\/?attachment_id=3408\">A INSTAURA\u00c7\u00c3O DE R\u00d3TULOS PARA JUSTIFICAR OS ACONTECIMENTOS QUE AFETAM AS APRENDIZAGENS DAS CRIAN\u00c7AS.<\/a> &#8211;\u00a0Aparecida Faustino Guedert. &#8211;\u00a0Orienta\u00e7\u00e3o: Prof\u00ba Me. Wilian Candido Corr\u00eaa.<\/p>\n<p>6-\u00a0<a href=\"https:\/\/catolicadeanapolis.edu.br\/biblioteca\/?attachment_id=3409\">OS DESAFIOS DA PROPOSTA CUIDAR E EDUCAR NA EDUCA\u00c7\u00c3O INFANTIL.<\/a> &#8211;\u00a0Maria Cristina Melo Costa;\u00a0Marinete Passos de Oliveira \u2013\u00a0Orienta\u00e7\u00e3o: MSc. Renato Ant\u00f4nio Ribeiro<\/p>\n<p>&nbsp;<\/p>\n","protected":false},"excerpt":{"rendered":"<p>1-\u00a0A SEPARA\u00c7\u00c3O DE PAIS E OS DESAFIOS ENFRENTADOS PELOS PEDAGOGOS NO DESENVOLVIMENTO DA CRIAN\u00c7A EM SALA DE AULA. &#8211;\u00a0LORENA SILVA COSTA, MARCIA LOPES DA SILVA. &#8211; ORIENTA\u00c7\u00c3O: PROF\u00ba ME. WILIAN C\u00c2NDIDO CORR\u00caA. 2-\u00a0A CONTRIBUI\u00c7\u00c3O DO KARAT\u00ca PARA FORMA\u00c7\u00c3O DE CONDUTA DISCIPLINADA. &#8211;\u00a0GUILHERME PRESTES MEOTTI, BEATRIZ DAS NEVES OLIVEIRA. &#8211; ORIENTA\u00c7\u00c3O:PRF\u00aa ESP. ARACELLY RODRIGUES LOURES RANGEL. [&hellip;]<\/p>\n","protected":false},"author":4,"featured_media":0,"parent":1984,"menu_order":2,"comment_status":"closed","ping_status":"closed","template":"","meta":[],"_links":{"self":[{"href":"https:\/\/catolicadeanapolis.edu.br\/biblioteca\/index.php?rest_route=\/wp\/v2\/pages\/3224"}],"collection":[{"href":"https:\/\/catolicadeanapolis.edu.br\/biblioteca\/index.php?rest_route=\/wp\/v2\/pages"}],"about":[{"href":"https:\/\/catolicadeanapolis.edu.br\/biblioteca\/index.php?rest_route=\/wp\/v2\/types\/page"}],"author":[{"embeddable":true,"href":"https:\/\/catolicadeanapolis.edu.br\/biblioteca\/index.php?rest_route=\/wp\/v2\/users\/4"}],"replies":[{"embeddable":true,"href":"https:\/\/catolicadeanapolis.edu.br\/biblioteca\/index.php?rest_route=%2Fwp%2Fv2%2Fcomments&post=3224"}],"version-history":[{"count":3,"href":"https:\/\/catolicadeanapolis.edu.br\/biblioteca\/index.php?rest_route=\/wp\/v2\/pages\/3224\/revisions"}],"predecessor-version":[{"id":3433,"href":"https:\/\/catolicadeanapolis.edu.br\/biblioteca\/index.php?rest_route=\/wp\/v2\/pages\/3224\/revisions\/3433"}],"up":[{"embeddable":true,"href":"https:\/\/catolicadeanapolis.edu.br\/biblioteca\/index.php?rest_route=\/wp\/v2\/pages\/1984"}],"wp:attachment":[{"href":"https:\/\/catolicadeanapolis.edu.br\/biblioteca\/index.php?rest_route=%2Fwp%2Fv2%2Fmedia&parent=3224"}],"curies":[{"name":"wp","href":"https:\/\/api.w.org\/{rel}","templated":true}]}}