{"id":3230,"date":"2021-07-30T18:11:09","date_gmt":"2021-07-30T18:11:09","guid":{"rendered":"https:\/\/catolicadeanapolis.edu.br\/biblioteca\/?page_id=3230"},"modified":"2022-06-06T12:46:28","modified_gmt":"2022-06-06T12:46:28","slug":"pedagogia-2021","status":"publish","type":"page","link":"https:\/\/catolicadeanapolis.edu.br\/biblioteca\/?page_id=3230","title":{"rendered":"PEDAGOGIA 2021"},"content":{"rendered":"<ol>\n<li><a href=\"https:\/\/catolicadeanapolis.edu.br\/biblioteca\/?attachment_id=3340\">Desafios para o Atendimento Educacional Especializado numa Escola de Ensino Fundamental conveniada com a Rede Municipal de An\u00e1polis \u2013 GO, durante a pandemia da covid-19.<\/a> &#8211;\u00a0AMANDA VEN\u00c2NCIO FERREIRA; MARIANE RAVILA SANTOS GUSM\u00c3O. &#8211; ORIENTA\u00c7\u00c3O: PROF. ME. LEANDRO FREDERICO DA SILVA.<\/li>\n<li><a href=\"https:\/\/catolicadeanapolis.edu.br\/biblioteca\/?attachment_id=3341\">ENSINO REMOTO EMERGENCIAL: DESAFIOS E ESTRAT\u00c9GIAS FRENTE AO\u00a0CONTEXTO DA PANDEMIA NOS ANOS INICIAIS DO ENSINO FUNDAMENTAL.<\/a> &#8211;\u00a0ANA LARA CARDOSO COELHO; CAMILA SOARES DA CRUZ BARBOSA. &#8211;\u00a0ORIENTA\u00c7\u00c3O: PROF. ME. LEANDRO FREDERICO DA SILVA.<\/li>\n<li><a href=\"https:\/\/catolicadeanapolis.edu.br\/biblioteca\/?attachment_id=3342\">OS DESAFIOS ENFRENTADOS PELOS ESTUDANTES DURANTE O ENSINO REMOTO NO PERIODO DA PANDEMIA DO COVID-19, EM UMA ESCOLA DA REDE MUNICIPAL DE AN\u00c1POLIS.<\/a> &#8211;\u00a0ANDRIELLE ALVES LEMES CRUVINEL; LUIS FERNANDO VAZ MARQUES. &#8211;\u00a0ORIENTA\u00c7\u00c3O: PROF. ME. LEANDRO FREDERICO DA SILVA.<\/li>\n<li><a href=\"https:\/\/catolicadeanapolis.edu.br\/biblioteca\/?attachment_id=3343\">A AFETIVIDADE NA RELA\u00c7\u00c3O PROFESSOR-ALUNO E SUAS IMPLICA\u00c7\u00d5ES NA EDUCA\u00c7\u00c3O INFANTIL.<\/a> &#8211;\u00a0GABRIELLA SILVA MELO. &#8211;\u00a0ORIENTA\u00c7\u00c3O: PROF. ME. LEANDRO FREDERICO DA SILVA.<\/li>\n<li><a href=\"https:\/\/catolicadeanapolis.edu.br\/biblioteca\/?attachment_id=3344\">PERCEP\u00c7\u00d5ES DOS DOCENTES ACERCA DA PSICOMOTRICIDADE NA EDUCA\u00c7\u00c3O INFANTIL DURANTE AS AULAS REMOTAS EM UMA ESCOLA DA REDE MUNICIPAL DE AN\u00c1POLIS.<\/a> &#8211;\u00a0GEISE KELLY MIRANDA PORTELA NASCIMENTO; LARISSA DOS SANTOS MACEDO. &#8211;\u00a0ORIENTA\u00c7\u00c3O: PROF. ME. LEANDRO FREDERICO DA SILVA.<\/li>\n<li><a href=\"https:\/\/catolicadeanapolis.edu.br\/biblioteca\/?attachment_id=3345\">ESTUDO DE CASO SOBRE A APLICA\u00c7\u00c3O DA METODOLOGIA 5S EM UMA COOPERATIVA DE CR\u00c9DITO.<\/a> &#8211;\u00a0LET\u00cdCIA RODRIGUES PEREIRA; LUANNA SIQUEIRA BRAGA. &#8211;\u00a0ORIENTA\u00c7\u00c3O: PROF. RAONI LUIS OLMOS LOTTI.<\/li>\n<li><a href=\"https:\/\/catolicadeanapolis.edu.br\/biblioteca\/?attachment_id=3346\">A INFLU\u00caNCIA DA ESCRITA VIRTUAL NA ESCRITA FORMAL DOS ALUNOS DO 5\u00ba ANO DO ENSINO FUNDAMENTAL.<\/a> &#8211;\u00a0LUZIMEIRE BATISTA DOS SANTOS ROCHA. &#8211;\u00a0ORIENTA\u00c7\u00c3O: PROF. ME. LEANDRO FREDERICO DA SILVA.<\/li>\n<li>F<a href=\"https:\/\/catolicadeanapolis.edu.br\/biblioteca\/?attachment_id=3347\">ORMA\u00c7\u00c3O CONTINUADA DOS DOCENTES: UMA AN\u00c1LISE SOBRE A FORMA\u00c7\u00c3O OFERECIDA AOS PROFESSORES DA REDE MUNICIPAL DE PIREN\u00d3POLIS-GOI\u00c1S.<\/a> &#8211;\u00a0RAQUEL VIT\u00d3RIA FONTES DE MORAIS. &#8211;\u00a0ORIENTA\u00c7\u00c3O: PROF. ME. LEANDRO FREDERICO DA SILVA.<\/li>\n<\/ol>\n","protected":false},"excerpt":{"rendered":"<p>Desafios para o Atendimento Educacional Especializado numa Escola de Ensino Fundamental conveniada com a Rede Municipal de An\u00e1polis \u2013 GO, durante a pandemia da covid-19. &#8211;\u00a0AMANDA VEN\u00c2NCIO FERREIRA; MARIANE RAVILA SANTOS GUSM\u00c3O. &#8211; ORIENTA\u00c7\u00c3O: PROF. ME. LEANDRO FREDERICO DA SILVA. ENSINO REMOTO EMERGENCIAL: DESAFIOS E ESTRAT\u00c9GIAS FRENTE AO\u00a0CONTEXTO DA PANDEMIA NOS ANOS INICIAIS DO ENSINO [&hellip;]<\/p>\n","protected":false},"author":4,"featured_media":0,"parent":1984,"menu_order":3,"comment_status":"closed","ping_status":"closed","template":"","meta":[],"_links":{"self":[{"href":"https:\/\/catolicadeanapolis.edu.br\/biblioteca\/index.php?rest_route=\/wp\/v2\/pages\/3230"}],"collection":[{"href":"https:\/\/catolicadeanapolis.edu.br\/biblioteca\/index.php?rest_route=\/wp\/v2\/pages"}],"about":[{"href":"https:\/\/catolicadeanapolis.edu.br\/biblioteca\/index.php?rest_route=\/wp\/v2\/types\/page"}],"author":[{"embeddable":true,"href":"https:\/\/catolicadeanapolis.edu.br\/biblioteca\/index.php?rest_route=\/wp\/v2\/users\/4"}],"replies":[{"embeddable":true,"href":"https:\/\/catolicadeanapolis.edu.br\/biblioteca\/index.php?rest_route=%2Fwp%2Fv2%2Fcomments&post=3230"}],"version-history":[{"count":4,"href":"https:\/\/catolicadeanapolis.edu.br\/biblioteca\/index.php?rest_route=\/wp\/v2\/pages\/3230\/revisions"}],"predecessor-version":[{"id":3350,"href":"https:\/\/catolicadeanapolis.edu.br\/biblioteca\/index.php?rest_route=\/wp\/v2\/pages\/3230\/revisions\/3350"}],"up":[{"embeddable":true,"href":"https:\/\/catolicadeanapolis.edu.br\/biblioteca\/index.php?rest_route=\/wp\/v2\/pages\/1984"}],"wp:attachment":[{"href":"https:\/\/catolicadeanapolis.edu.br\/biblioteca\/index.php?rest_route=%2Fwp%2Fv2%2Fmedia&parent=3230"}],"curies":[{"name":"wp","href":"https:\/\/api.w.org\/{rel}","templated":true}]}}