{"id":3238,"date":"2022-02-02T19:54:41","date_gmt":"2022-02-02T19:54:41","guid":{"rendered":"https:\/\/catolicadeanapolis.edu.br\/biblioteca\/?page_id=3238"},"modified":"2026-04-20T14:43:35","modified_gmt":"2026-04-20T14:43:35","slug":"teologia-2021","status":"publish","type":"page","link":"https:\/\/catolicadeanapolis.edu.br\/biblioteca\/?page_id=3238","title":{"rendered":"TEOLOGIA 2021"},"content":{"rendered":"<p><a href=\"https:\/\/catolicadeanapolis.edu.br\/biblioteca\/?attachment_id=3258\">1- A VIRTUDE NUMA PERSPECTIVA ARISTOT\u00c9LICA, AGOSTINIANA E TOMISTA &#8211;\u00a0 Adielson Cavalcante &#8211; Orientador: Prof. Me. Pe. Carlito Bernardes de Oliveira Junior<\/a><\/p>\r\n<p><a href=\"https:\/\/catolicadeanapolis.edu.br\/biblioteca\/?attachment_id=3263\">2- UM OLHAR DA TEOLOGIA SOBRE UMA ECOLOGIA INTEGRAL &#8211; Alexsandre Silva de Menezes Junior &#8211; Orientador prof. Me. Pe. Carlito Bernardes de Oliveira junior<\/a><\/p>\r\n<p><a href=\"https:\/\/catolicadeanapolis.edu.br\/biblioteca\/?attachment_id=3353\">3-\u00a0CONTORNOS SIMB\u00d3LICOS E MESSI\u00c2NICOS DA RELIGIOSIDADE POPULAR &#8211;\u00a0Jose Vanildo Medeiros &#8211; Orientador\u00a0 Prof. Me. Pe. Carlito Bernardes de Oliveira Junior<\/a><\/p>\r\n<p><a href=\"https:\/\/catolicadeanapolis.edu.br\/biblioteca\/?attachment_id=3354\">4-\u00a0O SACERD\u00d3CIO EM S\u00c3O JO\u00c3O MARIA VIANNEY &#8211;\u00a0Jovania Aparecida da Veiga &#8211;\u00a0 Orientador\u00a0Prof. Me. Pe. Carlito Bernardes de Oliveira Junior<\/a><\/p>\r\n<p><a href=\"https:\/\/catolicadeanapolis.edu.br\/biblioteca\/?attachment_id=3355\">5- MARIOLOGIA: os quatro dogmas &#8211;\u00a0Lucindo Damalio &#8211;\u00a0Orientador\u00a0 Prof. Me. Pe. Carlito Bernardes de Oliveira Junior<\/a><\/p>\r\n<p><a href=\"https:\/\/catolicadeanapolis.edu.br\/biblioteca\/?attachment_id=3356\">6-\u00a0A ILUMINA\u00c7\u00c3O TRINIT\u00c1RIA EM SANTO AGOSTINHO: DOS COMENT\u00c1RIOS AO G\u00caNESIS AO EVANGELHO DE JO\u00c3O &#8211;\u00a0Matheus Vinicius de Oliveira Santos &#8211;\u00a0Orientador\u00a0 Prof. Me. Pe. Carlito Bernardes de Oliveira Junior<\/a><\/p>\r\n<p><a href=\"https:\/\/catolicadeanapolis.edu.br\/biblioteca\/?attachment_id=3357\">7-\u00a0AS RELA\u00c7\u00d5ES E CONFLITOS ENTRE RAZ\u00c3O E F\u00c9 NO CRISTIANISMO: Igreja Cat\u00f3lica &#8211;\u00a0Pedro Aprigio dos Santos &#8211;\u00a0Orientador\u00a0 Prof. Me. Pe. Carlito Bernardes de Oliveira Junior<\/a><\/p>\r\n<p><a href=\"https:\/\/catolicadeanapolis.edu.br\/biblioteca\/?attachment_id=3358\">8-\u00a0A PESSOA DOS ADMINISTRADOR DOS BENS ECLESI\u00c1STICOS DAS PESSOAS JUR\u00cdDICAS P\u00daBLICAS &#8211;\u00a0Rodrigo Cesar Ferreira<\/a><\/p>\r\n<p><a href=\"https:\/\/catolicadeanapolis.edu.br\/biblioteca\/?attachment_id=3413\">9-\u00a0O CHAMADO UNIVERSAL \u00c0 SANTIDADE. &#8211;\u00a0Lucas Peres Ferreira. &#8211;\u00a0Orientador\u00a0 Prof. Me. Pe. Carlito Bernardes de Oliveira Junior<\/a><\/p>\r\n<p><a href=\"https:\/\/catolicadeanapolis.edu.br\/biblioteca\/?attachment_id=3414\">10 &#8211;\u00a0HOMOSSEXUALIDADE \u00c0 LUZ DE ROMANOS 1. &#8211;\u00a0Caio Henrique Ferreira Nascimento. &#8211;\u00a0Orientador\u00a0 Prof. Me. Pe. Carlito Bernardes de Oliveira Junior.<\/a><\/p>\r\n<p><a href=\"https:\/\/catolicadeanapolis.edu.br\/biblioteca\/?attachment_id=3415\">11-\u00a0PATERNIDADE RESPONS\u00c1VEL E SEUS BENEF\u00cdCIOS PARA O MATRIM\u00d4NIO. &#8211;\u00a0Leomar Divino da Silva. &#8211;\u00a0Orientador(a): Profa Mestranda: Cinara Itagiba Nunes Lopes Leite. <\/a><\/p>\r\n<p><a href=\"https:\/\/catolicadeanapolis.edu.br\/biblioteca\/?attachment_id=3444\">12-\u00a0O PERSONALISMO CRIST\u00c3O. &#8211;\u00a0DIEGO VIEIRA. &#8211; Orienta\u00e7\u00e3o do prof. Ms.<\/a><br \/><a href=\"https:\/\/catolicadeanapolis.edu.br\/biblioteca\/?attachment_id=3444\">Carlito Bernardes de Oliveira Junior.<\/a><\/p>\r\n<p><a href=\"https:\/\/catolicadeanapolis.edu.br\/biblioteca\/?attachment_id=3445\">13-\u00a0UMA VIS\u00c3O POSITIVA EM RELA\u00c7\u00c3O \u00c0 IRM\u00c3 MORTE. &#8211;\u00a0RODRIGO QUEIROZ DE SOUSA. &#8211; Orienta\u00e7\u00e3o do Prof. Me. Pe. Carlito Bernardes de Oliveira Junior.<\/a><\/p>\r\n<p><a href=\"https:\/\/catolicadeanapolis.edu.br\/biblioteca\/?attachment_id=3446\">14-\u00a0ASPECTOS PARA ESCOLHA E EXECU\u00c7\u00c3O DOS CANTOS LIT\u00daRGICOS DA CELEBRA\u00c7\u00c3O EUCAR\u00cdSTICA. &#8211;\u00a0WILLIAM SALDANHA DA SILVA. &#8211; Orienta\u00e7\u00e3o do prof. Me. Pe. Carlito<\/a><br \/><a href=\"https:\/\/catolicadeanapolis.edu.br\/biblioteca\/?attachment_id=3446\">Bernardes de Oliveira Junior.<\/a><\/p>\r\n<p><a href=\"https:\/\/catolicadeanapolis.edu.br\/biblioteca\/wp-content\/uploads\/2026\/04\/TCC-RAIMUNDO-REGO-LIMA.pdf\">15-\u00a0A DIRE\u00c7\u00c3O ESPIRITUAL COMO CAMINHO DE PERFEI\u00c7\u00c3O CRIST\u00c3 EM DI\u00c1LOGO COM A FILOSOFIA DE ZIGMUND BAUMAN. &#8211;\u00a0THIAGO ALVARINO DOS SANTOS. &#8211;\u00a0orienta\u00e7\u00e3o do prof. Pe F\u00e1bio Carlos Ara\u00fajo<\/a><\/p>\r\n\r\n<p><a href=\"https:\/\/catolicadeanapolis.edu.br\/biblioteca\/wp-content\/uploads\/2026\/04\/TCC-RAIMUNDO-REGO-LIMA-1.pdf\">16- S\u00c3O FRANCISCO DE ASSIS \u2013 um homem santo. RAIMUNDO R\u00caGO LIMA. &#8211; orienta\u00e7\u00e3o do prof. Me. Pe. Carlito Bernardes.<\/a><\/p>\r\n\r\n\r\n\r\n<p>&nbsp;<\/p>\r\n","protected":false},"excerpt":{"rendered":"<p>1- A VIRTUDE NUMA PERSPECTIVA ARISTOT\u00c9LICA, AGOSTINIANA E TOMISTA &#8211;\u00a0 Adielson Cavalcante &#8211; Orientador: Prof. Me. Pe. Carlito Bernardes de Oliveira Junior 2- UM OLHAR DA TEOLOGIA SOBRE UMA ECOLOGIA INTEGRAL &#8211; Alexsandre Silva de Menezes Junior &#8211; Orientador prof. Me. Pe. Carlito Bernardes de Oliveira junior 3-\u00a0CONTORNOS SIMB\u00d3LICOS E MESSI\u00c2NICOS DA RELIGIOSIDADE POPULAR &#8211;\u00a0Jose [&hellip;]<\/p>\n","protected":false},"author":4,"featured_media":0,"parent":54,"menu_order":8,"comment_status":"closed","ping_status":"closed","template":"","meta":[],"_links":{"self":[{"href":"https:\/\/catolicadeanapolis.edu.br\/biblioteca\/index.php?rest_route=\/wp\/v2\/pages\/3238"}],"collection":[{"href":"https:\/\/catolicadeanapolis.edu.br\/biblioteca\/index.php?rest_route=\/wp\/v2\/pages"}],"about":[{"href":"https:\/\/catolicadeanapolis.edu.br\/biblioteca\/index.php?rest_route=\/wp\/v2\/types\/page"}],"author":[{"embeddable":true,"href":"https:\/\/catolicadeanapolis.edu.br\/biblioteca\/index.php?rest_route=\/wp\/v2\/users\/4"}],"replies":[{"embeddable":true,"href":"https:\/\/catolicadeanapolis.edu.br\/biblioteca\/index.php?rest_route=%2Fwp%2Fv2%2Fcomments&post=3238"}],"version-history":[{"count":14,"href":"https:\/\/catolicadeanapolis.edu.br\/biblioteca\/index.php?rest_route=\/wp\/v2\/pages\/3238\/revisions"}],"predecessor-version":[{"id":3691,"href":"https:\/\/catolicadeanapolis.edu.br\/biblioteca\/index.php?rest_route=\/wp\/v2\/pages\/3238\/revisions\/3691"}],"up":[{"embeddable":true,"href":"https:\/\/catolicadeanapolis.edu.br\/biblioteca\/index.php?rest_route=\/wp\/v2\/pages\/54"}],"wp:attachment":[{"href":"https:\/\/catolicadeanapolis.edu.br\/biblioteca\/index.php?rest_route=%2Fwp%2Fv2%2Fmedia&parent=3238"}],"curies":[{"name":"wp","href":"https:\/\/api.w.org\/{rel}","templated":true}]}}