{"id":3240,"date":"2022-02-03T18:41:16","date_gmt":"2022-02-03T18:41:16","guid":{"rendered":"https:\/\/catolicadeanapolis.edu.br\/biblioteca\/?page_id=3240"},"modified":"2026-04-20T14:50:21","modified_gmt":"2026-04-20T14:50:21","slug":"teologia-2022","status":"publish","type":"page","link":"https:\/\/catolicadeanapolis.edu.br\/biblioteca\/?page_id=3240","title":{"rendered":"Teologia 2022"},"content":{"rendered":"<ol>\r\n<li><a href=\"https:\/\/catolicadeanapolis.edu.br\/biblioteca\/?attachment_id=3361\">MARIA, \u00cdCONE DE F\u00c9 E DISCIPULADO.<\/a> &#8211;\u00a0JOS\u00c9 ANT\u00d4NIO COSTA SOUZA. &#8211; ORIENTA\u00c7\u00c3O: PROF. ME. PE. CARLITO BERNARDES DE OLIVEIRA JUNIOR.<\/li>\r\n<li><a href=\"https:\/\/catolicadeanapolis.edu.br\/biblioteca\/?attachment_id=3362\">A MISSIONARIEDADE DA IGREJA SEGUNDO A CARTA ENC\u00cdCLICA REDEMPTORIS MISSIO DE JO\u00c3O PAULO II.<\/a> &#8211;\u00a0PADRE JOS\u00c9 POSSIDONIO DO NASCIMENTO. &#8211;\u00a0ORIENTA\u00c7\u00c3O: PROF. ME. PE. CARLITO BERNARDES DE OLIVEIRA JUNIOR.<\/li>\r\n<li><a href=\"https:\/\/catolicadeanapolis.edu.br\/biblioteca\/?attachment_id=3363\">PATERNIDADE RESPONS\u00c1VEL E SEUS BENEF\u00cdCIOS PARA O MATRIM\u00d4NIO.<\/a> &#8211;\u00a0LEOMAR DIVINO DA SILVA. &#8211;\u00a0ORIENTA\u00c7\u00c3O: PROF\u00aa. ME. CINARA ITAGIBA NUNES LOPES LEITE.<\/li>\r\n<li><a href=\"https:\/\/catolicadeanapolis.edu.br\/biblioteca\/?attachment_id=3364\">O DESTINO DO HOMEM E O DESTINO SALV\u00cdFICO DE DEUS NA ANTROPOLOLOGIA DE SANTO IRINEU DE LI\u00c3O.<\/a> &#8211;\u00a0RENIFFER DA SILVA HERMINIO. &#8211;\u00a0ORIENTA\u00c7\u00c3O: PROF. ME. PE. CARLITO BERNARDES DE OLIVEIRA JUNIOR.<\/li>\r\n<li><a href=\"https:\/\/catolicadeanapolis.edu.br\/biblioteca\/?attachment_id=3365\">A IMACULADA CONCEI\u00c7\u00c3O: hist\u00f3ria, teologia e culto.<\/a> &#8211;\u00a0WELLINGTON DA SILVA. &#8211;\u00a0ORIENTA\u00c7\u00c3O: PROF. ME. PE. CARLITO BERNARDES DE OLIVEIRA JUNIOR.<\/li>\r\n<li><a href=\"https:\/\/catolicadeanapolis.edu.br\/biblioteca\/wp-content\/uploads\/2023\/06\/Monografia-Frei-Ribamar-Normatizada-1.pdf\">A ECLESIOLOGIA DE OR\u00cdGENES NO COMENT\u00c1RIO AO C\u00c2NTICO DOS C\u00c2NTICOS<\/a> &#8211; JOS\u00c9 DE RIBAMAR GOMES DE SOUSA &#8211; PROF. ME. PE. CARLITO BERNARDES DE OLIVEIRA JUNIOR.<\/li>\r\n<\/ol>\r\n\r\n<p>\u00a0 \u00a07. <a href=\"https:\/\/catolicadeanapolis.edu.br\/biblioteca\/wp-content\/uploads\/2026\/04\/TCC-TANISMARE.pdf\">CATEQUESE PERMANETE PARA ADULTO NO MUNDO SECULARIZADO<\/a> &#8211; TANISMARE DA\u00a0 \u00a0 \u00a0 \u00a0 \u00a0 \u00a0 \u00a0 \u00a0 \u00a0 \u00a0SILVA\u00a0 \u00a0&#8211; ORIENTA\u00c7\u00c3O: PROF. ME. PE. CARLITO BERNARDES DE OLIVEIRA JUNIOR.<\/p>\r\n\r\n\r\n\r\n<p>\u00a0 \u00a0 8. <a href=\"https:\/\/catolicadeanapolis.edu.br\/biblioteca\/wp-content\/uploads\/2026\/04\/Sintese-de-artigo-a-partir-do-TCC-Do-Mana-a-Eucaristia..pdf\">DO MAN\u00c1 \u00c0 EUCARISTIA. <\/a>&#8211; ALCINDOR JUNIO DA SILVEIRA &#8211; ORIENTA\u00c7\u00c3O. PROF. ME. PE.\u00a0 \u00a0 \u00a0 \u00a0 \u00a0 \u00a0 \u00a0 \u00a0 CARLITO BERNARDES DE OLIVEIRA JUNIOR.<\/p>\r\n<p>\u00a0 \u00a0 \u00a09. <a href=\"https:\/\/catolicadeanapolis.edu.br\/biblioteca\/wp-content\/uploads\/2026\/04\/A-ESPECIFICIDADE-FEMININA-E-O-MUNDO-EXTRA-DOMESTICO-ARTIGO.pdf\">A ESPECIFICIDADE FEMININA E O MUNDO EXTRA DOM\u00c9STICO.<\/a> &#8211; JANINI PEREIRA DE\u00a0 \u00a0 \u00a0 \u00a0 \u00a0 \u00a0 \u00a0 \u00a0 \u00a0 \u00a0 \u00a0 \u00a0 MORAIS &#8211; ORIENTA\u00c7\u00c3O: PROF. ME. PE. CARLITO BERNARDES DE OLIVEIRA JUNIOR.<\/p>\r\n\r\n\r\n\r\n\r\n\r\n<p>&nbsp;<\/p>\r\n","protected":false},"excerpt":{"rendered":"<p>MARIA, \u00cdCONE DE F\u00c9 E DISCIPULADO. &#8211;\u00a0JOS\u00c9 ANT\u00d4NIO COSTA SOUZA. &#8211; ORIENTA\u00c7\u00c3O: PROF. ME. PE. CARLITO BERNARDES DE OLIVEIRA JUNIOR. A MISSIONARIEDADE DA IGREJA SEGUNDO A CARTA ENC\u00cdCLICA REDEMPTORIS MISSIO DE JO\u00c3O PAULO II. &#8211;\u00a0PADRE JOS\u00c9 POSSIDONIO DO NASCIMENTO. &#8211;\u00a0ORIENTA\u00c7\u00c3O: PROF. ME. PE. CARLITO BERNARDES DE OLIVEIRA JUNIOR. PATERNIDADE RESPONS\u00c1VEL E SEUS BENEF\u00cdCIOS PARA O [&hellip;]<\/p>\n","protected":false},"author":4,"featured_media":0,"parent":54,"menu_order":9,"comment_status":"closed","ping_status":"closed","template":"","meta":[],"_links":{"self":[{"href":"https:\/\/catolicadeanapolis.edu.br\/biblioteca\/index.php?rest_route=\/wp\/v2\/pages\/3240"}],"collection":[{"href":"https:\/\/catolicadeanapolis.edu.br\/biblioteca\/index.php?rest_route=\/wp\/v2\/pages"}],"about":[{"href":"https:\/\/catolicadeanapolis.edu.br\/biblioteca\/index.php?rest_route=\/wp\/v2\/types\/page"}],"author":[{"embeddable":true,"href":"https:\/\/catolicadeanapolis.edu.br\/biblioteca\/index.php?rest_route=\/wp\/v2\/users\/4"}],"replies":[{"embeddable":true,"href":"https:\/\/catolicadeanapolis.edu.br\/biblioteca\/index.php?rest_route=%2Fwp%2Fv2%2Fcomments&post=3240"}],"version-history":[{"count":13,"href":"https:\/\/catolicadeanapolis.edu.br\/biblioteca\/index.php?rest_route=\/wp\/v2\/pages\/3240\/revisions"}],"predecessor-version":[{"id":3689,"href":"https:\/\/catolicadeanapolis.edu.br\/biblioteca\/index.php?rest_route=\/wp\/v2\/pages\/3240\/revisions\/3689"}],"up":[{"embeddable":true,"href":"https:\/\/catolicadeanapolis.edu.br\/biblioteca\/index.php?rest_route=\/wp\/v2\/pages\/54"}],"wp:attachment":[{"href":"https:\/\/catolicadeanapolis.edu.br\/biblioteca\/index.php?rest_route=%2Fwp%2Fv2%2Fmedia&parent=3240"}],"curies":[{"name":"wp","href":"https:\/\/api.w.org\/{rel}","templated":true}]}}