{"id":3247,"date":"2022-03-25T21:20:58","date_gmt":"2022-03-25T21:20:58","guid":{"rendered":"https:\/\/catolicadeanapolis.edu.br\/biblioteca\/?page_id=3247"},"modified":"2022-06-09T11:15:12","modified_gmt":"2022-06-09T11:15:12","slug":"administracao-2020","status":"publish","type":"page","link":"https:\/\/catolicadeanapolis.edu.br\/biblioteca\/?page_id=3247","title":{"rendered":"ADMINISTRA\u00c7\u00c3O 2020"},"content":{"rendered":"<p>01.\u00a0<a href=\"https:\/\/catolicadeanapolis.edu.br\/biblioteca\/?attachment_id=3266\">ESTRAT\u00c9GIAS PARA MEI: FLUXO DE CAIXA COMO INSTRUMENTO DE CONTROLE FINANCEIRO EM SETE EMPRESAS MEI NO MUNIC\u00cdPIO DE AN\u00c1POLIS \u2013 GO.<\/a> &#8211; GABRIEL ALMEIDA SILVA GUSTAVO SANTIAGO TAVARES THIAGO JOS\u00c9 FILGUEIRAS. &#8211; ORIENTA\u00c7\u00c3O:\u00a0PROF. MSC. RAONI LOTTI.<\/p>\n<p>02.\u00a0<a href=\"https:\/\/catolicadeanapolis.edu.br\/biblioteca\/?attachment_id=3370\">ESTRAT\u00c9GIAS PARA MEI: FLUXO DE CAIXA COMO INSTRUMENTO DE CONTROLE FINANCEIRO EM SETE EMPRESAS MEI NO MUNIC\u00cdPIO DE AN\u00c1POLIS \u2013 GO.<\/a> &#8211;\u00a0GABRIEL ALMEIDA SILVA; GUSTAVO SANTIAGO TAVARES; THIAGO JOS\u00c9 FILGUEIRAS. &#8211; ORIENTA\u00c7\u00c3O:\u00a0PROF. MSC. RAONI LOTTI.<\/p>\n","protected":false},"excerpt":{"rendered":"<p>01.\u00a0ESTRAT\u00c9GIAS PARA MEI: FLUXO DE CAIXA COMO INSTRUMENTO DE CONTROLE FINANCEIRO EM SETE EMPRESAS MEI NO MUNIC\u00cdPIO DE AN\u00c1POLIS \u2013 GO. &#8211; GABRIEL ALMEIDA SILVA GUSTAVO SANTIAGO TAVARES THIAGO JOS\u00c9 FILGUEIRAS. &#8211; ORIENTA\u00c7\u00c3O:\u00a0PROF. MSC. RAONI LOTTI. 02.\u00a0ESTRAT\u00c9GIAS PARA MEI: FLUXO DE CAIXA COMO INSTRUMENTO DE CONTROLE FINANCEIRO EM SETE EMPRESAS MEI NO MUNIC\u00cdPIO DE AN\u00c1POLIS [&hellip;]<\/p>\n","protected":false},"author":4,"featured_media":0,"parent":41,"menu_order":7,"comment_status":"closed","ping_status":"closed","template":"","meta":[],"_links":{"self":[{"href":"https:\/\/catolicadeanapolis.edu.br\/biblioteca\/index.php?rest_route=\/wp\/v2\/pages\/3247"}],"collection":[{"href":"https:\/\/catolicadeanapolis.edu.br\/biblioteca\/index.php?rest_route=\/wp\/v2\/pages"}],"about":[{"href":"https:\/\/catolicadeanapolis.edu.br\/biblioteca\/index.php?rest_route=\/wp\/v2\/types\/page"}],"author":[{"embeddable":true,"href":"https:\/\/catolicadeanapolis.edu.br\/biblioteca\/index.php?rest_route=\/wp\/v2\/users\/4"}],"replies":[{"embeddable":true,"href":"https:\/\/catolicadeanapolis.edu.br\/biblioteca\/index.php?rest_route=%2Fwp%2Fv2%2Fcomments&post=3247"}],"version-history":[{"count":5,"href":"https:\/\/catolicadeanapolis.edu.br\/biblioteca\/index.php?rest_route=\/wp\/v2\/pages\/3247\/revisions"}],"predecessor-version":[{"id":3416,"href":"https:\/\/catolicadeanapolis.edu.br\/biblioteca\/index.php?rest_route=\/wp\/v2\/pages\/3247\/revisions\/3416"}],"up":[{"embeddable":true,"href":"https:\/\/catolicadeanapolis.edu.br\/biblioteca\/index.php?rest_route=\/wp\/v2\/pages\/41"}],"wp:attachment":[{"href":"https:\/\/catolicadeanapolis.edu.br\/biblioteca\/index.php?rest_route=%2Fwp%2Fv2%2Fmedia&parent=3247"}],"curies":[{"name":"wp","href":"https:\/\/api.w.org\/{rel}","templated":true}]}}