{"id":3285,"date":"2022-06-02T12:45:56","date_gmt":"2022-06-02T12:45:56","guid":{"rendered":"https:\/\/catolicadeanapolis.edu.br\/biblioteca\/?page_id=3285"},"modified":"2022-06-02T12:48:38","modified_gmt":"2022-06-02T12:48:38","slug":"administracao-2021","status":"publish","type":"page","link":"https:\/\/catolicadeanapolis.edu.br\/biblioteca\/?page_id=3285","title":{"rendered":"ADMINISTRA\u00c7\u00c3O 2021"},"content":{"rendered":"<p>01-\u00a0<a href=\"https:\/\/catolicadeanapolis.edu.br\/biblioteca\/?attachment_id=3267\">A IMPORT\u00c2NCIA DO PLANEJAMENTO E CONTROLE DA MANUTEN\u00c7\u00c3O NA IND\u00daSTRIA.<\/a> &#8211;\u00a0ANTONIO AUGUSTO MENDES FERRARA; CARLOS ALEXANDRE BUENO LEMOS; HITALO C\u00c9SAR DOS SANTOS PAIVA. &#8211; ORIENTA\u00c7\u00c3O: PROF. RAONI LU\u00cdS OLMOS LOTTI.<\/p>\n","protected":false},"excerpt":{"rendered":"<p>01-\u00a0A IMPORT\u00c2NCIA DO PLANEJAMENTO E CONTROLE DA MANUTEN\u00c7\u00c3O NA IND\u00daSTRIA. &#8211;\u00a0ANTONIO AUGUSTO MENDES FERRARA; CARLOS ALEXANDRE BUENO LEMOS; HITALO C\u00c9SAR DOS SANTOS PAIVA. &#8211; ORIENTA\u00c7\u00c3O: PROF. RAONI LU\u00cdS OLMOS LOTTI.<\/p>\n","protected":false},"author":4,"featured_media":0,"parent":41,"menu_order":9,"comment_status":"closed","ping_status":"closed","template":"","meta":[],"_links":{"self":[{"href":"https:\/\/catolicadeanapolis.edu.br\/biblioteca\/index.php?rest_route=\/wp\/v2\/pages\/3285"}],"collection":[{"href":"https:\/\/catolicadeanapolis.edu.br\/biblioteca\/index.php?rest_route=\/wp\/v2\/pages"}],"about":[{"href":"https:\/\/catolicadeanapolis.edu.br\/biblioteca\/index.php?rest_route=\/wp\/v2\/types\/page"}],"author":[{"embeddable":true,"href":"https:\/\/catolicadeanapolis.edu.br\/biblioteca\/index.php?rest_route=\/wp\/v2\/users\/4"}],"replies":[{"embeddable":true,"href":"https:\/\/catolicadeanapolis.edu.br\/biblioteca\/index.php?rest_route=%2Fwp%2Fv2%2Fcomments&post=3285"}],"version-history":[{"count":4,"href":"https:\/\/catolicadeanapolis.edu.br\/biblioteca\/index.php?rest_route=\/wp\/v2\/pages\/3285\/revisions"}],"predecessor-version":[{"id":3289,"href":"https:\/\/catolicadeanapolis.edu.br\/biblioteca\/index.php?rest_route=\/wp\/v2\/pages\/3285\/revisions\/3289"}],"up":[{"embeddable":true,"href":"https:\/\/catolicadeanapolis.edu.br\/biblioteca\/index.php?rest_route=\/wp\/v2\/pages\/41"}],"wp:attachment":[{"href":"https:\/\/catolicadeanapolis.edu.br\/biblioteca\/index.php?rest_route=%2Fwp%2Fv2%2Fmedia&parent=3285"}],"curies":[{"name":"wp","href":"https:\/\/api.w.org\/{rel}","templated":true}]}}