{"id":3294,"date":"2022-06-02T13:08:23","date_gmt":"2022-06-02T13:08:23","guid":{"rendered":"https:\/\/catolicadeanapolis.edu.br\/biblioteca\/?page_id=3294"},"modified":"2024-08-14T00:23:34","modified_gmt":"2024-08-14T00:23:34","slug":"filosofia-2022","status":"publish","type":"page","link":"https:\/\/catolicadeanapolis.edu.br\/biblioteca\/?page_id=3294","title":{"rendered":"FILOSOFIA 2022"},"content":{"rendered":"<p>1-\u00a0<a href=\"https:\/\/catolicadeanapolis.edu.br\/biblioteca\/?attachment_id=3281\">AS FORMAS DE GOVERNO NO LIVRO \u201cA POL\u00cdTICA\u201d DE ARIST\u00d3TELES.<\/a> &#8211;\u00a0CLAUDIO ANTONIO DE PAULA. &#8211; PROF. MS. PE. GESSIONE ALVES DA CUNHA.<\/p>\n<p>2-\u00a0<a href=\"https:\/\/catolicadeanapolis.edu.br\/biblioteca\/?attachment_id=3536\">A RELA\u00c7\u00c3O EU-OUTRO EM SARTRE: EDUCA\u00c7\u00c3O E SOCIEDADE.<\/a> &#8211; DANIEL BERNARDO DA SILVA. &#8211;\u00a0PROF. MS. PE. GESSIONE ALVES DA CUNHA.<\/p>\n<p>3-\u00a0<a href=\"https:\/\/catolicadeanapolis.edu.br\/biblioteca\/?attachment_id=3537\">JEAN PAUL SARTRE: A LIBERDADE E A VITIMIZA\u00c7\u00c3O.<\/a> &#8211; ELIAS ROLD\u00c3O DOS SANTOS NETO. &#8211;\u00a0PROF. MS. PE. GESSIONE ALVES DA CUNHA.<\/p>\n<p>4-\u00a0<a href=\"https:\/\/catolicadeanapolis.edu.br\/biblioteca\/?attachment_id=3538\">A FAM\u00cdLIA: BASE PARA O DESENVOLVIMENTO DA PESSOA E DA SOCIEDADE.<\/a> &#8211; FABIANO RODRIGUES AMARAL. &#8211;\u00a0PROF. MS. PE. GESSIONE ALVES DA CUNHA.<\/p>\n<p>\u00a0<\/p>\n\n\n<p><\/p>\n","protected":false},"excerpt":{"rendered":"<p>1-\u00a0AS FORMAS DE GOVERNO NO LIVRO \u201cA POL\u00cdTICA\u201d DE ARIST\u00d3TELES. &#8211;\u00a0CLAUDIO ANTONIO DE PAULA. &#8211; PROF. MS. PE. GESSIONE ALVES DA CUNHA. 2-\u00a0A RELA\u00c7\u00c3O EU-OUTRO EM SARTRE: EDUCA\u00c7\u00c3O E SOCIEDADE. &#8211; DANIEL BERNARDO DA SILVA. &#8211;\u00a0PROF. MS. PE. GESSIONE ALVES DA CUNHA. 3-\u00a0JEAN PAUL SARTRE: A LIBERDADE E A VITIMIZA\u00c7\u00c3O. &#8211; ELIAS ROLD\u00c3O DOS SANTOS [&hellip;]<\/p>\n","protected":false},"author":4,"featured_media":0,"parent":56,"menu_order":10,"comment_status":"closed","ping_status":"closed","template":"","meta":[],"_links":{"self":[{"href":"https:\/\/catolicadeanapolis.edu.br\/biblioteca\/index.php?rest_route=\/wp\/v2\/pages\/3294"}],"collection":[{"href":"https:\/\/catolicadeanapolis.edu.br\/biblioteca\/index.php?rest_route=\/wp\/v2\/pages"}],"about":[{"href":"https:\/\/catolicadeanapolis.edu.br\/biblioteca\/index.php?rest_route=\/wp\/v2\/types\/page"}],"author":[{"embeddable":true,"href":"https:\/\/catolicadeanapolis.edu.br\/biblioteca\/index.php?rest_route=\/wp\/v2\/users\/4"}],"replies":[{"embeddable":true,"href":"https:\/\/catolicadeanapolis.edu.br\/biblioteca\/index.php?rest_route=%2Fwp%2Fv2%2Fcomments&post=3294"}],"version-history":[{"count":12,"href":"https:\/\/catolicadeanapolis.edu.br\/biblioteca\/index.php?rest_route=\/wp\/v2\/pages\/3294\/revisions"}],"predecessor-version":[{"id":3650,"href":"https:\/\/catolicadeanapolis.edu.br\/biblioteca\/index.php?rest_route=\/wp\/v2\/pages\/3294\/revisions\/3650"}],"up":[{"embeddable":true,"href":"https:\/\/catolicadeanapolis.edu.br\/biblioteca\/index.php?rest_route=\/wp\/v2\/pages\/56"}],"wp:attachment":[{"href":"https:\/\/catolicadeanapolis.edu.br\/biblioteca\/index.php?rest_route=%2Fwp%2Fv2%2Fmedia&parent=3294"}],"curies":[{"name":"wp","href":"https:\/\/api.w.org\/{rel}","templated":true}]}}