{"id":3305,"date":"2022-06-03T12:00:09","date_gmt":"2022-06-03T12:00:09","guid":{"rendered":"https:\/\/catolicadeanapolis.edu.br\/biblioteca\/?page_id=3305"},"modified":"2022-06-09T12:07:36","modified_gmt":"2022-06-09T12:07:36","slug":"gestao-ambiental-2018","status":"publish","type":"page","link":"https:\/\/catolicadeanapolis.edu.br\/biblioteca\/?page_id=3305","title":{"rendered":"GEST\u00c3O AMBIENTAL 2018"},"content":{"rendered":"<p>1-\u00a0<a href=\"https:\/\/catolicadeanapolis.edu.br\/biblioteca\/?attachment_id=3296\">IMPACTOS GERADOS PELO TURISMO DESORDENADO NA \u00c1REA DE PROTE\u00c7\u00c3O AMBIENTAL PARQUE SERRA DAS AREIAS EM APARECIDA DE GOI\u00c2NIA \u2013 GOI\u00c1S.<\/a> &#8211;\u00a0DYANA DE S\u00c1 SANTOS; JERLANE DA CONCEI\u00c7\u00c3O MAGALH\u00c3ES; RHAIANY FERNANDES SILVA. &#8211; ORIENTA\u00c7\u00c3O: PROF. DR. GABRIEL TENAGLIA CARNEIRO.<\/p>\n<p>2- <a href=\"https:\/\/catolicadeanapolis.edu.br\/biblioteca\/?attachment_id=3390\">ESTUDO DA ADMINISTRA\u00c7\u00c3O DE DESPEJO DE RES\u00cdDUOS DA CONSTRU\u00c7\u00c3O CIVIL NO ATERRO SANIT\u00c1RIO NO MUNIC\u00cdPIO DE AN\u00c1POLIS.<\/a> &#8211;\u00a0AVELINA FERREIRA DA SILVA; JANDERSON ADRIEL SILVEIRA MELO; VALDEILSON LIBERATO NUNES. &#8211;\u00a0ORIENTA\u00c7\u00c3O: PROF. DR. GABRIEL TENAGLIA CARNEIRO.<\/p>\n","protected":false},"excerpt":{"rendered":"<p>1-\u00a0IMPACTOS GERADOS PELO TURISMO DESORDENADO NA \u00c1REA DE PROTE\u00c7\u00c3O AMBIENTAL PARQUE SERRA DAS AREIAS EM APARECIDA DE GOI\u00c2NIA \u2013 GOI\u00c1S. &#8211;\u00a0DYANA DE S\u00c1 SANTOS; JERLANE DA CONCEI\u00c7\u00c3O MAGALH\u00c3ES; RHAIANY FERNANDES SILVA. &#8211; ORIENTA\u00c7\u00c3O: PROF. DR. GABRIEL TENAGLIA CARNEIRO. 2- ESTUDO DA ADMINISTRA\u00c7\u00c3O DE DESPEJO DE RES\u00cdDUOS DA CONSTRU\u00c7\u00c3O CIVIL NO ATERRO SANIT\u00c1RIO NO MUNIC\u00cdPIO DE [&hellip;]<\/p>\n","protected":false},"author":4,"featured_media":0,"parent":60,"menu_order":4,"comment_status":"closed","ping_status":"closed","template":"","meta":[],"_links":{"self":[{"href":"https:\/\/catolicadeanapolis.edu.br\/biblioteca\/index.php?rest_route=\/wp\/v2\/pages\/3305"}],"collection":[{"href":"https:\/\/catolicadeanapolis.edu.br\/biblioteca\/index.php?rest_route=\/wp\/v2\/pages"}],"about":[{"href":"https:\/\/catolicadeanapolis.edu.br\/biblioteca\/index.php?rest_route=\/wp\/v2\/types\/page"}],"author":[{"embeddable":true,"href":"https:\/\/catolicadeanapolis.edu.br\/biblioteca\/index.php?rest_route=\/wp\/v2\/users\/4"}],"replies":[{"embeddable":true,"href":"https:\/\/catolicadeanapolis.edu.br\/biblioteca\/index.php?rest_route=%2Fwp%2Fv2%2Fcomments&post=3305"}],"version-history":[{"count":3,"href":"https:\/\/catolicadeanapolis.edu.br\/biblioteca\/index.php?rest_route=\/wp\/v2\/pages\/3305\/revisions"}],"predecessor-version":[{"id":3427,"href":"https:\/\/catolicadeanapolis.edu.br\/biblioteca\/index.php?rest_route=\/wp\/v2\/pages\/3305\/revisions\/3427"}],"up":[{"embeddable":true,"href":"https:\/\/catolicadeanapolis.edu.br\/biblioteca\/index.php?rest_route=\/wp\/v2\/pages\/60"}],"wp:attachment":[{"href":"https:\/\/catolicadeanapolis.edu.br\/biblioteca\/index.php?rest_route=%2Fwp%2Fv2%2Fmedia&parent=3305"}],"curies":[{"name":"wp","href":"https:\/\/api.w.org\/{rel}","templated":true}]}}