{"id":3624,"date":"2023-06-09T11:13:02","date_gmt":"2023-06-09T11:13:02","guid":{"rendered":"https:\/\/catolicadeanapolis.edu.br\/biblioteca\/?page_id=3624"},"modified":"2026-04-22T22:00:14","modified_gmt":"2026-04-22T22:00:14","slug":"teologia-2023","status":"publish","type":"page","link":"https:\/\/catolicadeanapolis.edu.br\/biblioteca\/?page_id=3624","title":{"rendered":"TEOLOGIA 2023"},"content":{"rendered":"\r\n<ol>\r\n<li><a href=\"https:\/\/catolicadeanapolis.edu.br\/biblioteca\/wp-content\/uploads\/2023\/06\/O-ESPIRITO-SANTO-EM-SAO-BASILIO.pdf-atualizado.pdf\">O ESP\u00cdRITO SANTO EM S\u00c3O BAS\u00cdLIO<\/a> &#8211; EDNALVA MOREIRA DA SILVA &#8211; ORIENTA\u00c7\u00c3O: PROF. ME. PE. CARLITO BERNARDES DE OLIVEIRA JUNIOR.<\/li>\r\n\r\n\r\n\r\n<li><a href=\"https:\/\/catolicadeanapolis.edu.br\/biblioteca\/wp-content\/uploads\/2023\/06\/TCC-Artigo-JUDAISMO-E-CRISTIANISMO-continuidade-e-descontinuidade-uma-visao-renovada-Marcos-Henrique-Dias-Moreira-1.pdf\">JUDA\u00cdSMO E CRISTIANISMO: CONTINUIDADE E DESCONTINUIDADE, UMA VIS\u00c3O RENOVADA<\/a> &#8211; MARCOS HENRIQUE DIAS MOREIRA &#8211; ORIENTA\u00c7\u00c3O: Prof. Pe. Ms. Adilson Luiz Umbelino Couto<\/li>\r\n\r\n\r\n\r\n<li><a href=\"https:\/\/catolicadeanapolis.edu.br\/biblioteca\/wp-content\/uploads\/2023\/06\/TCC-FLANCLEBER-H.-O-Sacrificio-A-Salvacao-em-Cristo-e-O-Verdadeiro-Culto-na-Concepcao-Agostiniana.pdf\">O SACRIF\u00cdCIO, A SALVA\u00c7\u00c3O EM CRISTO E O VERDADEIRO CULTO NA CONCEP\u00c7\u00c3O AGOSTINIANA<\/a> &#8211; HUDSON FLANCLEBER PORTELA CARDOSO &#8211; ORIENTA\u00c7\u00c3O: PROF. ME. PE. CARLITO BERNARDES DE OLIVEIRA JUNIOR.\r\n<ul><\/ul>\r\n<\/li>\r\n<\/ol>\r\n","protected":false},"excerpt":{"rendered":"","protected":false},"author":4,"featured_media":0,"parent":54,"menu_order":0,"comment_status":"closed","ping_status":"closed","template":"","meta":[],"_links":{"self":[{"href":"https:\/\/catolicadeanapolis.edu.br\/biblioteca\/index.php?rest_route=\/wp\/v2\/pages\/3624"}],"collection":[{"href":"https:\/\/catolicadeanapolis.edu.br\/biblioteca\/index.php?rest_route=\/wp\/v2\/pages"}],"about":[{"href":"https:\/\/catolicadeanapolis.edu.br\/biblioteca\/index.php?rest_route=\/wp\/v2\/types\/page"}],"author":[{"embeddable":true,"href":"https:\/\/catolicadeanapolis.edu.br\/biblioteca\/index.php?rest_route=\/wp\/v2\/users\/4"}],"replies":[{"embeddable":true,"href":"https:\/\/catolicadeanapolis.edu.br\/biblioteca\/index.php?rest_route=%2Fwp%2Fv2%2Fcomments&post=3624"}],"version-history":[{"count":4,"href":"https:\/\/catolicadeanapolis.edu.br\/biblioteca\/index.php?rest_route=\/wp\/v2\/pages\/3624\/revisions"}],"predecessor-version":[{"id":3706,"href":"https:\/\/catolicadeanapolis.edu.br\/biblioteca\/index.php?rest_route=\/wp\/v2\/pages\/3624\/revisions\/3706"}],"up":[{"embeddable":true,"href":"https:\/\/catolicadeanapolis.edu.br\/biblioteca\/index.php?rest_route=\/wp\/v2\/pages\/54"}],"wp:attachment":[{"href":"https:\/\/catolicadeanapolis.edu.br\/biblioteca\/index.php?rest_route=%2Fwp%2Fv2%2Fmedia&parent=3624"}],"curies":[{"name":"wp","href":"https:\/\/api.w.org\/{rel}","templated":true}]}}