{"id":363,"date":"2018-03-14T22:54:26","date_gmt":"2018-03-14T22:54:26","guid":{"rendered":"https:\/\/catolicadeanapolis.edu.br\/biblioteca\/?page_id=363"},"modified":"2022-06-21T13:13:41","modified_gmt":"2022-06-21T13:13:41","slug":"2017-2","status":"publish","type":"page","link":"https:\/\/catolicadeanapolis.edu.br\/biblioteca\/?page_id=363","title":{"rendered":"PSICOPEDAGOGIA INSTITUCIONAL E CL\u00cdNICA 2017"},"content":{"rendered":"<p><a href=\"https:\/\/catolicadeanapolis.edu.br\/biblioteca\/wp-content\/uploads\/2018\/03\/A-INFLUENCIA-DA-ATUA\u00c7\u00c3O-DA-FIGURA-MATERNA-NO-COMPORTAMENTO-DO-FILHO.pdf\">A INFLUENCIA DA ATUA\u00c7\u00c3O DA FIGURA MATERNA NO COMPORTAMENTO DO FILHO<\/a><span style=\"font-size: 1rem;\">\u00a0&#8211; MARCELA COLELLA ZUNIGA &#8211; ORIENTADOR (A): PROF\u00aa. ESP. ANA MARIA VIEIRA DE SOUZA<\/span><\/p>\n<p><a href=\"https:\/\/catolicadeanapolis.edu.br\/biblioteca\/wp-content\/uploads\/2018\/03\/A-PSICOPEDAGOGIA-NO-ESPA\u00c7O-CL\u00cdNICO-E-SEUS-DESAFIOS.pdf\">A PSICOPEDAGOGIA NO ESPA\u00c7O CL\u00cdNICO E SEUS DESAFIOS<\/a>\u00a0&#8211; RAYANE IONARA DE MELO TRONCONI &#8211; ORIENTADOR (A): PROF\u00aa. ANA MARIA VIEIRA DE SOUZA- CLARINDA PERES G. COSTA; NILVA MARI<\/p>\n<p><a href=\"https:\/\/catolicadeanapolis.edu.br\/biblioteca\/wp-content\/uploads\/2018\/03\/DIAGN%C3%93STICO-INSTITUCIONAL-UMA-AN%C3%81LISE-DA-DIN%C3%82MICA-DA-ESCOLA-EM-RELA%C3%87%C3%83O-AO-PROCESSO-DE-ENSINO-APRENDIZAGEM1.pdf\">DIAGN\u00d3STICO INSTITUCIONAL: UMA AN\u00c1LISE DA DIN\u00c2MICA DA ESCOLA EM RELA\u00c7\u00c3O AO PROCESSO DE ENSINO APRENDIZAGEM<\/a> &#8211; NILVIA DE BRITO RAMOS; REGIANE GON\u00c7ALVES DE SOUSA TIAGO &#8211; ORIENTADOR (A): PROF\u00aa. MA. M\u00c1RCIA SUMIRE KUROGI DINIZ<\/p>\n<p><a style=\"font-size: 1rem;\" href=\"https:\/\/catolicadeanapolis.edu.br\/biblioteca\/wp-content\/uploads\/2018\/03\/DIAGN\u00d3STICO-PSICOPEDAG\u00d3GICO-CL\u00cdNICO-DIFICULDADES-DE-LEITURA-E-ESCRITA-NA-EDUCA\u00c7\u00c3O-DE-JOVENS-E-ADULTOS-EJA1.pdf\">DIAGN\u00d3STICO PSICOPEDAG\u00d3GICO CL\u00cdNICO, DIFICULDADES DE LEITURA E ESCRITA NA EDUCA\u00c7\u00c3O DE JOVENS E ADULTOS &#8211; EJA<\/a>\u00a0&#8211; ELAINE OLIVEIRA BORGES &#8211; ORIENTA\u00c7\u00c3O: PROF\u00aa. ESP. ANA MARIA VIEIRA DE SOUZA.<\/p>\n<p><a style=\"font-size: 1rem;\" href=\"https:\/\/catolicadeanapolis.edu.br\/biblioteca\/wp-content\/uploads\/2018\/10\/PATR\u00cdCIA-MOREIRA.pdf\">DIAGN\u00d3STICO PSICOPEDAG\u00d3GICO CL\u00cdNICO: O DESEJO DE UMA CRIAN\u00c7A SE LIBERTAR DAS SUAS ANG\u00daSTIAS E RESSIGNIFICAR O MODELO DE\u00a0APRENDER<\/a> &#8211;\u00a0PATR\u00cdCIA MOREIRA DA CUNHA.<\/p>\n<p><a href=\"https:\/\/catolicadeanapolis.edu.br\/biblioteca\/wp-content\/uploads\/2018\/03\/DIAGN\u00d3STICO-PSICOPEDAG\u00d3GICO-INSTITUCIONAL-A-PSICOPEDAGOGIA-E-A-IMPORTANCIA-DE-SUAS-INTERVEN\u00c7\u00d5ES1.pdf\">DIAGN\u00d3STICO PSICOPEDAG\u00d3GICO INSTITUCIONAL &#8211; A PSICOPEDAGOGIA E A IMPORTANCIA DE SUAS INTERVEN\u00c7\u00d5ES<\/a>\u00a0&#8211; MARIA LUIZA CORR\u00caA DE SOUZA &#8211; ORIENTADOR (A): PROF\u00aa.\u00a0MA. M\u00c1RCIA SUMIRE KUROGI DINIZ<\/p>\n<p><a style=\"font-size: 1rem;\" href=\"https:\/\/catolicadeanapolis.edu.br\/biblioteca\/wp-content\/uploads\/2019\/01\/tcc-Diagn%C3%B3stico-Psicopedag%C3%B3gico-Institucional-corrigido-etapa-final89.pdf\">DIAGN\u00d3STICO PSICOPEDAG\u00d3GICO INSTITUCIONAL UMA COMPREENS\u00c3O SOBRE OS FATORES QUE OCORREM NA INSTITUI\u00c7\u00c3O QUE PREJUDICAM O PROCESSO DE ENSINO APRENDIZAGEM<\/a> &#8211;\u00a0AMINY PAULA NASCIMENTO, BRUNA CRISTINA DE OLIVEIRA, JACQUELINE ELIENAI F. DA SILVA<\/p>\n<p><a href=\"https:\/\/catolicadeanapolis.edu.br\/biblioteca\/wp-content\/uploads\/2019\/01\/TCC-INSTITUCIONAL-PRONTO-Ingrid-Layane-e-La%C3%ADs.pdf\">DIAGN\u00d3STICO PSICOPEDAGOGICO INSTITUCIONAL: UMA AN\u00c1LISE DA DIN\u00c2MICA ESCOLAR\u00a0<\/a><a href=\"https:\/\/catolicadeanapolis.edu.br\/biblioteca\/wp-content\/uploads\/2019\/01\/TCC-INSTITUCIONAL-PRONTO-Ingrid-Layane-e-La%C3%ADs.pdf\">EM RELA\u00c7\u00c3O AO PROCESSO DE ESNSINO APRENDIZAGEM<\/a> &#8211;\u00a0INGRID LAYANE RIBEIRO DORNELES, LA\u00cdS DA ROCHA SANTOS<\/p>\n<p><a href=\"https:\/\/catolicadeanapolis.edu.br\/biblioteca\/wp-content\/uploads\/2019\/01\/TCC-Psico-Institucional.pdf\">DIAGN\u00d3STICO PSICOPEDAG\u00d3GICO INSTITUCIONAL: UMA AN\u00c1LISE DA DIN\u00c2MICA DA ESCOLA EM RELA\u00c7\u00c3O DO PROCESSO DE ENSINO-APRENDIZAGEM<\/a> &#8211;\u00a0ADRIANA DA FONSECA PASSOS, FL\u00c1VIA BATISTA SALGADO REZENDE, PATR\u00cdCIA MOREIRA DA CUNHA.<\/p>\n<p><a href=\"https:\/\/catolicadeanapolis.edu.br\/biblioteca\/wp-content\/uploads\/2018\/03\/DIAGN\u00d3STICO-PSICOPEDAG\u00d3GICO-NA-IDENTIFICA\u00c7\u00c3O-DE-COMPROMETIMENTO-DA-APRENDIZAGEM-ESCOLAR1.pdf\">DIAGN\u00d3STICO PSICOPEDAG\u00d3GICO NA IDENTIFICA\u00c7\u00c3O DE COMPROMETIMENTO DA APRENDIZAGEM ESCOLAR<\/a>\u00a0&#8211; REGIANE GON\u00c7ALVES DE SOUSA TIAGO &#8211; ORINETADOR (A):\u00a0PROF\u00aa. ESPA. ANA MARIA VIEIRA DE SOUZA.<\/p>\n<p><a style=\"font-size: 1rem;\" href=\"https:\/\/catolicadeanapolis.edu.br\/biblioteca\/wp-content\/uploads\/2018\/03\/DISLEXIA-E-APRENDIZAGEM-UMA-REFLEX\u00c3O-PSICOPEDAG\u00d3GICA-CL\u00cdNICA.pdf\">DISLEXIA E APRENDIZAGEM &#8211; UMA REFLEX\u00c3O PSICOPEDAG\u00d3GICA CL\u00cdNICA<\/a>\u00a0&#8211; MARIA ALICE ABADE DOS SANTOS SILVA &#8211; ORIENTA\u00c7\u00c3O (A):\u00a0PROF\u00aa. ESPA. ANA MARIA VIEIRA DE SOUZA.<\/p>\n<p><a style=\"font-size: 1rem;\" href=\"https:\/\/catolicadeanapolis.edu.br\/biblioteca\/wp-content\/uploads\/2018\/10\/PATR\u00cdCIA-MASCENA-SILVA-1.pdf\">INTERVEN\u00c7\u00c3O PLANEJADA NO DESENVOLVIMENTO DA CRIAN\u00c7A<\/a> &#8211; PATR\u00cdCIA MASCENA\u00a0SILVA.<\/p>\n<p><a href=\"https:\/\/catolicadeanapolis.edu.br\/biblioteca\/wp-content\/uploads\/2018\/10\/CRISTIANE-RIBEIRO-DA-SILVA.pdf\">INVESTIGANDO AS CAUSAS DAS DIFICULDADES NO APRENDER<\/a> &#8211;\u00a0CRISTIANE RIBEIRO DA SILVA.<\/p>\n<p><a href=\"https:\/\/catolicadeanapolis.edu.br\/biblioteca\/wp-content\/uploads\/2018\/03\/PROBLEMAS-COGNITIVOS-UM-OLHAR-SOB-A-PERSPECTIVA-DA-PSICOPEDAGOGIA.pdf\">PROBLEMAS COGNITIVOS &#8211; UM OLHAR SOB A PERSPECTIVA DA PSICOPEDAGOGIA<\/a>\u00a0&#8211; PATRICIA DA SILVA ALVES &#8211; ORIENTA\u00c7\u00c3O (A):\u00a0PROF\u00aa. ESPA. ANA MARIA VIEIRA DE SOUZA.<\/p>\n<p><a style=\"font-size: 1rem;\" href=\"https:\/\/catolicadeanapolis.edu.br\/biblioteca\/wp-content\/uploads\/2018\/03\/PSICOPEDAGOGIA-CL\u00cdNICA-APRENDIZAGEM-NO-CONTEXTO-DA-AFETIVIDADE.pdf\">PSICOPEDAGOGIA CL\u00cdNICA &#8211; APRENDIZAGEM NO CONTEXTO DA AFETIVIDADE<\/a>\u00a0&#8211; MARINALVA DA CRUZ DO NASCIMENTO &#8211; ORIENTA\u00c7\u00c3O (A):\u00a0PROF\u00aa. ESPA. ANA MARIA VIEIRA DE SOUZA.<\/p>\n<p><a style=\"font-size: 1rem;\" href=\"https:\/\/catolicadeanapolis.edu.br\/biblioteca\/wp-content\/uploads\/2018\/03\/PSICOPEDAGOGIA-CL\u00cdNICA-CONHECER-PARA-ENTENDER.pdf\">PSICOPEDAGOGIA CL\u00cdNICA &#8211; CONHECER PARA ENTENDER<\/a>\u00a0&#8211; KAMILLA RIBEIRO PEDROSO DIAS &#8211; ORIENTADOR (A):\u00a0PROF\u00aa. ESPA. ANA MARIA VIEIRA DE SOUZA.<\/p>\n<p><a href=\"https:\/\/catolicadeanapolis.edu.br\/biblioteca\/wp-content\/uploads\/2018\/03\/PSICOPEDAGOGIA-CL\u00cdNICA-UM-OLHAR-SOBRE-A-EDUCA\u00c7\u00c3O-INFANTIL.pdf\">PSICOPEDAGOGIA CL\u00cdNICA &#8211; UM OLHAR SOBRE A EDUCA\u00c7\u00c3O INFANTIL<\/a>\u00a0&#8211; SIRLEY MARIA DE ABREU &#8211; ORIENTADOR (A): PROF\u00aa ESPA. ANA MARIA VIEIRA SOUZA<\/p>\n<p><a style=\"font-size: 1rem;\" href=\"https:\/\/catolicadeanapolis.edu.br\/biblioteca\/wp-content\/uploads\/2019\/01\/tcc-final-GRAVAR-CD.pdf\">PSICOPEDAGOGIA INSTITUCIONAL: EM BUSCA DE SUGEST\u00d5ES E INTERVEN\u00c7\u00d5ES PARA DIFICULDADES DE APRENDIZAGEM<\/a> &#8211;\u00a0CRISTIANE RIBEIRO DA SILVA, ELAINE OLIVEIRA BORGES, LEILA CRISTIANY GARCIA<\/p>\n<p><a href=\"https:\/\/catolicadeanapolis.edu.br\/biblioteca\/wp-content\/uploads\/2018\/10\/BRUNA-CRISTINA-DE-OLIVEIRA.pdf\">UM CAMINHO QUE AUXILIA DE FORMA DETERMINANTE NAS DIFICULDADES ENCONTRADAS NO PROCESSO DE ENSINO APRENDIZAGEM<\/a> &#8211; BRUNA CRISTINA DE OLIVEIRA.<\/p>\n<p><a href=\"https:\/\/catolicadeanapolis.edu.br\/biblioteca\/wp-content\/uploads\/2019\/12\/TEREZINHA-MARIA-DE-SOUZA.pdf\">DIFICULDADE DE APRENDIZAGEM NA ABORDAGEM DA PSICOPEDAGOGIA<\/a><br \/>\nCL\u00cdNICA-\u00a0TEREZINHA MARIA DE SOUZA.<\/p>\n<p><a href=\"https:\/\/catolicadeanapolis.edu.br\/biblioteca\/wp-content\/uploads\/2019\/12\/PATR\u00cdCIA-MOREIRA-DA-CUNHA.pdf\">DIAGN\u00d3STICO PSICOPEDAG\u00d3GICO CL\u00cdNICO: O DESEJO DE UMA CRIAN\u00c7A SE LIBERTAR DAS SUAS ANG\u00daSTIAS E RESSIGNIFICAR O MODELO DE<\/a><br \/>\nAPRENDER-\u00a0PATR\u00cdCIA MOREIRA DA CUNHA.<\/p>\n<p><a href=\"https:\/\/catolicadeanapolis.edu.br\/biblioteca\/wp-content\/uploads\/2019\/12\/CRISTIANE-RIBEIRO-DA-SILVA.pdf\">A IMPORT\u00c2NCIA PSICOPEDAG\u00d3GICA: INVESTIGANDO AS CAUSAS DAS<\/a><br \/>\nDIFICULDADES NO APRENDER-\u00a0CRISTIANE RIBEIRO DA SILVA.<\/p>\n<p><a href=\"https:\/\/catolicadeanapolis.edu.br\/biblioteca\/wp-content\/uploads\/2019\/12\/BRUNA-CRSTINA-DE-OLIVEIRA.pdf\">A PSICOPEDAGOGIA CL\u00cdNICA: UM CAMINHO QUE AUXILIA DE FORMA<\/a><br \/>\nDETERMINANTE NAS DIFICULDADES ENCONTRADAS NO PROCESSO DE<br \/>\nENSINO APRENDIZAGEM-\u00a0BRUNA CRISTINA DE OLIVEIRA<\/p>\n<p><a href=\"https:\/\/catolicadeanapolis.edu.br\/biblioteca\/wp-content\/uploads\/2019\/12\/ALESSANDRA-PIRES-DE-ALENCAR.pdf\">DIAGN\u00d3STICO PSICOPEDAG\u00d3GICO INSTITUCIONAL<\/a>&#8211;\u00a0ALESSANDRA PIRES DE ALENCAR<\/p>\n<p>25-\u00a0<a href=\"https:\/\/catolicadeanapolis.edu.br\/biblioteca\/wp-content\/uploads\/2021\/06\/MARIA-LUIZA-CORR\u00caA-DE-SOUZA.pdf\">DIAGN\u00d3STICO PSICOPEDAG\u00d3GICO INSTITUCIONAL: A PSICOPEDAGOGIA E A IMPORTANCIA DE SUAS INTERVEN\u00c7\u00d5ES.<\/a> &#8211;\u00a0MARIA LUIZA CORR\u00caA DE SOUZA. &#8211; ORIENTA\u00c7\u00c3O: PROF\u00aa MA. M\u00c1RCIA SUMIRE KUROGI DINIZ.<\/p>\n<p>26-\u00a0<a href=\"https:\/\/catolicadeanapolis.edu.br\/biblioteca\/wp-content\/uploads\/2021\/06\/MARIA-LENI-DE-OLIVEIRA.pdf\">UM OLHAR PSICOPEDAG\u00d3GICO \u00c0 CERCA DAS DIFICULDADES DE APRENDIZAGEM.<\/a> &#8211;\u00a0MARIA LENI DE OLIVEIRA. &#8211; ORIENTA\u00c7\u00c3O: ESP. ANA MARIA VIEIRA DE SOUZA.<\/p>\n<p>27-\u00a0<a href=\"https:\/\/catolicadeanapolis.edu.br\/biblioteca\/wp-content\/uploads\/2021\/06\/KARLA-ALVES-MARTINS.pdf\">DIAGN\u00d3STICO E AN\u00c1LISE PSICOPEDAGOGICA INSTITUCIONAL.<\/a> &#8211;\u00a0KARLA ALVES MARTINS. &#8211;\u00a0ORIENTA\u00c7\u00c3O: PROF\u00aa MA. M\u00c1RCIA SUMIRE KUROGI DINIZ.<\/p>\n<p>28-\u00a0<a href=\"https:\/\/catolicadeanapolis.edu.br\/biblioteca\/wp-content\/uploads\/2021\/06\/JANAINA-FERNANDES-BORGES-MESQUITA-JESSICA-BORGES-DOS-SANTOS-KENNEA-CARVALHO-QUEIROZ-DE-OLIVEIRA.pdf\">DIFICULDADES DE APRENDIZAGEM DENTRO DA INSTITUI\u00c7\u00c3O DE ENSINO.<\/a> &#8211;\u00a0JANAINA FERNANDES BORGES MESQUITA, JESSICA BORGES DOS SANTOS, KENNEA CARVALHO QUEIROZ DE OLIVEIRA. &#8211;\u00a0ORIENTA\u00c7\u00c3O: PROF\u00aa MA. M\u00c1RCIA SUMIRE KUROGI DINIZ.<\/p>\n<p>29-\u00a0<a href=\"https:\/\/catolicadeanapolis.edu.br\/biblioteca\/wp-content\/uploads\/2021\/06\/ELAINE-OLIVEIRA-BORGES-1.pdf\">DIAGN\u00d3STICO PSICOPEG\u00d3GICO CL\u00cdNICO: DIFICULDADES DE LEITURA E ESCRITA NA EDUCA\u00c7\u00c3O DE JOVENS E ADULTOS- EJA.<\/a> &#8211;\u00a0ELAINE OLIVEIRA BORGES. &#8211;\u00a0ORIENTA\u00c7\u00c3O: ESP. ANA MARIA VIEIRA DE SOUZA.<\/p>\n<p>30-\u00a0<a href=\"https:\/\/catolicadeanapolis.edu.br\/biblioteca\/wp-content\/uploads\/2021\/06\/DAYANE-SOARES-DE-SOUZA.pdf\">ESTUDO DE CASO: PSICOPEDAGOGIA E AS DIFICULDADES DE APRENDIZAGEM.<\/a> &#8211;\u00a0DAYANE SOARES DE SOUZA. &#8211;\u00a0ORIENTA\u00c7\u00c3O: ESP. ANA MARIA VIEIRA DE SOUZA.<\/p>\n<p>31-\u00a0<a href=\"https:\/\/catolicadeanapolis.edu.br\/biblioteca\/wp-content\/uploads\/2021\/06\/CLARINDA-PERES-G.-COSTA-NILVIA-MARIA-DE-BRITO-RAMOS-REGIANE-GON\u00c7ALVES-DE-SOUSA-TIAGO.pdf\">DIAGN\u00d3STICO INSTITUCIONAL: UMA AN\u00c1LISE DA DIN\u00c2MICA DA ESCOLA EM RELA\u00c7\u00c3O AO PROCESSO DE ENSINO APRENDIZAGEM.<\/a> &#8211;\u00a0CLARINDA PERES G. COSTA, NILVIA MARIA DE BRITO RAMOS, REGIANE GON\u00c7ALVES DE SOUSA TIAGO. &#8211;\u00a0ORIENTA\u00c7\u00c3O: PROF\u00aa MA. M\u00c1RCIA SUMIRE KUROGI DINIZ.<\/p>\n<p>32-\u00a0<a href=\"https:\/\/catolicadeanapolis.edu.br\/biblioteca\/wp-content\/uploads\/2021\/06\/ALESSANDRA-PIRES-DE-ALENCAR.pdf\">A AFETIVIDADE NUM OLHAR PSICOPEDAG\u00d3GICO CL\u00cdNICO.<\/a> &#8211;\u00a0ALESSANDRA PIRES DE ALENCAR. &#8211;\u00a0ORIENTA\u00c7\u00c3O: ESP. ANA MARIA VIEIRA DE SOUZA.<\/p>\n<p>33-\u00a0<a href=\"https:\/\/catolicadeanapolis.edu.br\/biblioteca\/?attachment_id=3503\">DIAGN\u00d3STICO PSICOPEDAG\u00d3GICO INSTITUCIONAL.<\/a> &#8211;\u00a0ALESSANDRA PIRES DE ALENCAR. &#8211;\u00a0ORIENTA\u00c7\u00c3O: PROF\u00aa MA. M\u00c1RCIA SUMIRE KUROGI DINIZ.<\/p>\n<p>34-\u00a0<a href=\"https:\/\/catolicadeanapolis.edu.br\/biblioteca\/?attachment_id=3504\">A PSICOPEDAGOGIA CL\u00cdNICA: UM CAMINHO QUE AUXILIA DE FORMA DETERMINANTE NAS DIFICULDADES ENCONTRADAS NO PROCESSO DE ENSINO APRENDIZAGEM.<\/a> &#8211;\u00a0BRUNA CRISTINA DE OLIVEIRA. &#8211;\u00a0ORIENTA\u00c7\u00c3O: ESP. ANA MARIA VIEIRA DE SOUZA.<\/p>\n<p>35-\u00a0<a href=\"https:\/\/catolicadeanapolis.edu.br\/biblioteca\/?attachment_id=3505\">A IMPORT\u00c2NCIA PSICOPEDAG\u00d3GICA: INVESTIGANDO AS CAUSAS DAS<\/a><br \/>\n<a href=\"https:\/\/catolicadeanapolis.edu.br\/biblioteca\/?attachment_id=3505\">DIFICULDADES NO APRENDER.<\/a> &#8211;\u00a0CRISTIANE RIBEIRO DA SILVA. &#8211; Orienta\u00e7\u00e3o Profa.Esp. Rosa<br \/>\nMiria Correia Leite.<\/p>\n<p>36-\u00a0<a href=\"https:\/\/catolicadeanapolis.edu.br\/biblioteca\/?attachment_id=3506\">DIFICULDADE DE APRENDIZAGEM NA ABORDAGEM DA PSICOPEDAGOGIA CL\u00cdNICA.<\/a> &#8211;\u00a0TEREZINHA MARIA DE SOUZA.<\/p>\n<p>&nbsp;<\/p>\n<p>&nbsp;<\/p>\n","protected":false},"excerpt":{"rendered":"<p>A INFLUENCIA DA ATUA\u00c7\u00c3O DA FIGURA MATERNA NO COMPORTAMENTO DO FILHO\u00a0&#8211; MARCELA COLELLA ZUNIGA &#8211; ORIENTADOR (A): PROF\u00aa. ESP. ANA MARIA VIEIRA DE SOUZA A PSICOPEDAGOGIA NO ESPA\u00c7O CL\u00cdNICO E SEUS DESAFIOS\u00a0&#8211; RAYANE IONARA DE MELO TRONCONI &#8211; ORIENTADOR (A): PROF\u00aa. ANA MARIA VIEIRA DE SOUZA- CLARINDA PERES G. COSTA; NILVA MARI DIAGN\u00d3STICO INSTITUCIONAL: UMA [&hellip;]<\/p>\n","protected":false},"author":2,"featured_media":0,"parent":360,"menu_order":8,"comment_status":"open","ping_status":"open","template":"","meta":[],"_links":{"self":[{"href":"https:\/\/catolicadeanapolis.edu.br\/biblioteca\/index.php?rest_route=\/wp\/v2\/pages\/363"}],"collection":[{"href":"https:\/\/catolicadeanapolis.edu.br\/biblioteca\/index.php?rest_route=\/wp\/v2\/pages"}],"about":[{"href":"https:\/\/catolicadeanapolis.edu.br\/biblioteca\/index.php?rest_route=\/wp\/v2\/types\/page"}],"author":[{"embeddable":true,"href":"https:\/\/catolicadeanapolis.edu.br\/biblioteca\/index.php?rest_route=\/wp\/v2\/users\/2"}],"replies":[{"embeddable":true,"href":"https:\/\/catolicadeanapolis.edu.br\/biblioteca\/index.php?rest_route=%2Fwp%2Fv2%2Fcomments&post=363"}],"version-history":[{"count":15,"href":"https:\/\/catolicadeanapolis.edu.br\/biblioteca\/index.php?rest_route=\/wp\/v2\/pages\/363\/revisions"}],"predecessor-version":[{"id":3527,"href":"https:\/\/catolicadeanapolis.edu.br\/biblioteca\/index.php?rest_route=\/wp\/v2\/pages\/363\/revisions\/3527"}],"up":[{"embeddable":true,"href":"https:\/\/catolicadeanapolis.edu.br\/biblioteca\/index.php?rest_route=\/wp\/v2\/pages\/360"}],"wp:attachment":[{"href":"https:\/\/catolicadeanapolis.edu.br\/biblioteca\/index.php?rest_route=%2Fwp%2Fv2%2Fmedia&parent=363"}],"curies":[{"name":"wp","href":"https:\/\/api.w.org\/{rel}","templated":true}]}}