{"id":3686,"date":"2026-04-20T14:05:32","date_gmt":"2026-04-20T14:05:32","guid":{"rendered":"https:\/\/catolicadeanapolis.edu.br\/biblioteca\/?page_id=3686"},"modified":"2026-04-20T17:44:27","modified_gmt":"2026-04-20T17:44:27","slug":"teologia-2025","status":"publish","type":"page","link":"https:\/\/catolicadeanapolis.edu.br\/biblioteca\/?page_id=3686","title":{"rendered":"TEOLOGIA 2025"},"content":{"rendered":"\r\n<ol>\r\n<li><a href=\"https:\/\/catolicadeanapolis.edu.br\/biblioteca\/wp-content\/uploads\/2026\/04\/TCC-ANDREIA-CORRIGIDO.pdf\">MARIA NOS ESCRITOS DO PAPA JO\u00c3O PAULO II &#8211;<\/a> ANDREIA SOUZA ARA\u00daJO &#8211; ORIENTA\u00c7\u00c3O: PROF. ME. PE. CARLITO BERNARDES DE OLIVEIRA JUNIOR.<\/li>\r\n<li><a href=\"https:\/\/catolicadeanapolis.edu.br\/biblioteca\/wp-content\/uploads\/2026\/04\/Artigo-teologia-Leonardo-Xavier-de-Lima.pdf\">O PAPEL DOS PAIS NA EDUCA\u00c7\u00c3O DOS FILHOS NA F\u00c9<\/a> &#8211; LEONARDO XAVIER DE LIMA &#8211; ORIENTA\u00c7\u00c3O: PROF. ME. PE. CARLITO BERNARDES DE OLIVEIRA JUNIOR.<\/li>\r\n<li>\r\n<p><a href=\"https:\/\/catolicadeanapolis.edu.br\/biblioteca\/wp-content\/uploads\/2026\/04\/TCC-Lucio-Antonio-1.pdf\">A VIDA DE S\u00c3O LU\u00cdS IX COMO AUX\u00cdLIO PARA UMA ALMA SUJEITA AO APOSTOLADO<\/a> &#8211; L\u00daCIO\u00a0 ANTONIO BRAND\u00c3O OLIVEIRA &#8211; ORIENTA\u00c7\u00c3O: PROF. ME. PE. CARLITO BERNARDES DE OLIVEIRA JUNIOR.<\/p>\r\n<\/li>\r\n<li><a href=\"https:\/\/catolicadeanapolis.edu.br\/biblioteca\/wp-content\/uploads\/2026\/04\/Artigo-Correcao-Final-Davi-Teo.pdf\">A INTERA\u00c7\u00c3O DOS SENTIDOS HUMANOS E OS SETE SACRAMENTOS<\/a> &#8211; DAVI MENDON\u00c7A DE CARVALHO &#8211; ORIENTA\u00c7\u00c3O: PROF. ME. PE. CARLITO BERNARDES DE OLIVEIRA JUNIOR.<\/li>\r\n<li><a href=\"https:\/\/catolicadeanapolis.edu.br\/biblioteca\/wp-content\/uploads\/2026\/04\/TCC-ARTIGO-DIZIMO-ENTRE-AS-PASTORAIS.pdf\">O D\u00cdZIMO ENTRE AS PASTORAIS<\/a> &#8211; PEDRO JOS\u00c9 TELES &#8211; PROF. ME. PE. CARLITO BERNARDES DE OLIVEIRA JUNIOR.<\/li>\r\n<li>\r\n<p><a href=\"https:\/\/catolicadeanapolis.edu.br\/biblioteca\/wp-content\/uploads\/2026\/04\/Artigo_TCC_A_INTELIGENCIA_DA_FE_Maycon-H.-S.-de-Sa-2.pdf\">A INTELIG\u00caNCIA DA F\u00c9 NA BUSCA DA VERDADE &#8211; UNI\u00c3O ENTRE TEOLOGIA E M\u00cdSTICA<\/a>. \u00a0MAYCON HEBERTT SANTOS DE S\u00c1 &#8211; ORIENTA\u00c7\u00c3O: PROF. ME. PE. CARLITO BERNARDES DE OLIVEIRA JUNIOR.\u00a0<\/p>\r\n<\/li>\r\n<li>\r\n<p>\u00a0<a href=\"https:\/\/catolicadeanapolis.edu.br\/biblioteca\/wp-content\/uploads\/2026\/04\/TCC-GUTO-CORRIGIDO.pdf\">A EDUCA\u00c7\u00c3O CRIST\u00c3 DOS FILHOS NA IGREJA CAT\u00d3LICA<\/a> &#8211; PAULO AUGUSTO TOCCHIO ORIENTA\u00c7\u00c3O: PROF. ME. PE. CARLITO BERNARDES DE OLIVEIRA JUNIOR.\u00a0 \u00a0 \u00a0\u00a0<\/p>\r\n<\/li>\r\n<li>\r\n<p><a href=\"https:\/\/catolicadeanapolis.edu.br\/biblioteca\/wp-content\/uploads\/2026\/04\/Perkins-13-11.pdf\">A IMPORT\u00c2NCIA DA CELEBRA\u00c7\u00c3O DA PALAVRA NA CONSTRU\u00c7\u00c3O DA COMUNIDADE PAROQUIAL<\/a> &#8211; PERKINS GON\u00c7ALVES &#8211; ORIENTA\u00c7\u00c3O: PROF. ME. PE. CARLITO BERNARDES DE OLIVEIRA JUNIOR.<\/p>\r\n<\/li>\r\n<\/ol>\r\n","protected":false},"excerpt":{"rendered":"<p>MARIA NOS ESCRITOS DO PAPA JO\u00c3O PAULO II &#8211; ANDREIA SOUZA ARA\u00daJO &#8211; ORIENTA\u00c7\u00c3O: PROF. ME. PE. CARLITO BERNARDES DE OLIVEIRA JUNIOR. O PAPEL DOS PAIS NA EDUCA\u00c7\u00c3O DOS FILHOS NA F\u00c9 &#8211; LEONARDO XAVIER DE LIMA &#8211; ORIENTA\u00c7\u00c3O: PROF. ME. PE. CARLITO BERNARDES DE OLIVEIRA JUNIOR. A VIDA DE S\u00c3O LU\u00cdS IX COMO AUX\u00cdLIO [&hellip;]<\/p>\n","protected":false},"author":7,"featured_media":0,"parent":54,"menu_order":9,"comment_status":"closed","ping_status":"closed","template":"","meta":[],"_links":{"self":[{"href":"https:\/\/catolicadeanapolis.edu.br\/biblioteca\/index.php?rest_route=\/wp\/v2\/pages\/3686"}],"collection":[{"href":"https:\/\/catolicadeanapolis.edu.br\/biblioteca\/index.php?rest_route=\/wp\/v2\/pages"}],"about":[{"href":"https:\/\/catolicadeanapolis.edu.br\/biblioteca\/index.php?rest_route=\/wp\/v2\/types\/page"}],"author":[{"embeddable":true,"href":"https:\/\/catolicadeanapolis.edu.br\/biblioteca\/index.php?rest_route=\/wp\/v2\/users\/7"}],"replies":[{"embeddable":true,"href":"https:\/\/catolicadeanapolis.edu.br\/biblioteca\/index.php?rest_route=%2Fwp%2Fv2%2Fcomments&post=3686"}],"version-history":[{"count":6,"href":"https:\/\/catolicadeanapolis.edu.br\/biblioteca\/index.php?rest_route=\/wp\/v2\/pages\/3686\/revisions"}],"predecessor-version":[{"id":3705,"href":"https:\/\/catolicadeanapolis.edu.br\/biblioteca\/index.php?rest_route=\/wp\/v2\/pages\/3686\/revisions\/3705"}],"up":[{"embeddable":true,"href":"https:\/\/catolicadeanapolis.edu.br\/biblioteca\/index.php?rest_route=\/wp\/v2\/pages\/54"}],"wp:attachment":[{"href":"https:\/\/catolicadeanapolis.edu.br\/biblioteca\/index.php?rest_route=%2Fwp%2Fv2%2Fmedia&parent=3686"}],"curies":[{"name":"wp","href":"https:\/\/api.w.org\/{rel}","templated":true}]}}