{"id":3711,"date":"2026-04-23T20:04:58","date_gmt":"2026-04-23T20:04:58","guid":{"rendered":"https:\/\/catolicadeanapolis.edu.br\/biblioteca\/?page_id=3711"},"modified":"2026-04-23T20:36:32","modified_gmt":"2026-04-23T20:36:32","slug":"teologia-2024","status":"publish","type":"page","link":"https:\/\/catolicadeanapolis.edu.br\/biblioteca\/?page_id=3711","title":{"rendered":"TEOLOGIA 2024"},"content":{"rendered":"<ol>\n<li><a href=\"https:\/\/catolicadeanapolis.edu.br\/biblioteca\/wp-content\/uploads\/2026\/04\/tcc-padre-Joaquim-final.pdf\">A Liturgia do Concilio Vaticano II no documento da CNBB n\u00ba 43 e suas incid\u00eancias Pastorais.<\/a> JOAQUIM CARLOS COSTA DOS REIS. ORIENTA\u00c7\u00c3O: ME. PE. CARLITO BERNADES DE OLIVEIRA J\u00daNIOR.<\/li>\n<li><a href=\"https:\/\/catolicadeanapolis.edu.br\/biblioteca\/wp-content\/uploads\/2026\/04\/TCC-PADRE-MARCIO.pdf\">SACERD\u00d3CIO: VIDA, MINIST\u00c9RIO E ESPIRITUALIDADE<\/a>. M\u00c1RCIO VIEIRA DE JESUS. ORIENTA\u00c7\u00c3O: ME. PE. CARLITO BERNADES DE OLIVEIRA J\u00daNIOR.<\/li>\n<li><a href=\"https:\/\/catolicadeanapolis.edu.br\/biblioteca\/wp-content\/uploads\/2026\/04\/Artigo-PE-WALISSON-CATOLICA.pdf\">A PLENA CURA DO HOMEM A PARTIR DO OLHAR PARA DEUS<\/a>. WALISSON CORREA SILVA. ORIENTA\u00c7\u00c3O: ME. PE. CARLITO BERNADES DE OLIVEIRA J\u00daNIOR.<\/li>\n<\/ol>\n","protected":false},"excerpt":{"rendered":"<p>A Liturgia do Concilio Vaticano II no documento da CNBB n\u00ba 43 e suas incid\u00eancias Pastorais. JOAQUIM CARLOS COSTA DOS REIS. ORIENTA\u00c7\u00c3O: ME. PE. CARLITO BERNADES DE OLIVEIRA J\u00daNIOR. SACERD\u00d3CIO: VIDA, MINIST\u00c9RIO E ESPIRITUALIDADE. M\u00c1RCIO VIEIRA DE JESUS. ORIENTA\u00c7\u00c3O: ME. PE. CARLITO BERNADES DE OLIVEIRA J\u00daNIOR. A PLENA CURA DO HOMEM A PARTIR DO OLHAR [&hellip;]<\/p>\n","protected":false},"author":7,"featured_media":0,"parent":54,"menu_order":8,"comment_status":"closed","ping_status":"closed","template":"","meta":[],"_links":{"self":[{"href":"https:\/\/catolicadeanapolis.edu.br\/biblioteca\/index.php?rest_route=\/wp\/v2\/pages\/3711"}],"collection":[{"href":"https:\/\/catolicadeanapolis.edu.br\/biblioteca\/index.php?rest_route=\/wp\/v2\/pages"}],"about":[{"href":"https:\/\/catolicadeanapolis.edu.br\/biblioteca\/index.php?rest_route=\/wp\/v2\/types\/page"}],"author":[{"embeddable":true,"href":"https:\/\/catolicadeanapolis.edu.br\/biblioteca\/index.php?rest_route=\/wp\/v2\/users\/7"}],"replies":[{"embeddable":true,"href":"https:\/\/catolicadeanapolis.edu.br\/biblioteca\/index.php?rest_route=%2Fwp%2Fv2%2Fcomments&post=3711"}],"version-history":[{"count":5,"href":"https:\/\/catolicadeanapolis.edu.br\/biblioteca\/index.php?rest_route=\/wp\/v2\/pages\/3711\/revisions"}],"predecessor-version":[{"id":3719,"href":"https:\/\/catolicadeanapolis.edu.br\/biblioteca\/index.php?rest_route=\/wp\/v2\/pages\/3711\/revisions\/3719"}],"up":[{"embeddable":true,"href":"https:\/\/catolicadeanapolis.edu.br\/biblioteca\/index.php?rest_route=\/wp\/v2\/pages\/54"}],"wp:attachment":[{"href":"https:\/\/catolicadeanapolis.edu.br\/biblioteca\/index.php?rest_route=%2Fwp%2Fv2%2Fmedia&parent=3711"}],"curies":[{"name":"wp","href":"https:\/\/api.w.org\/{rel}","templated":true}]}}