{"id":381,"date":"2018-03-14T23:01:04","date_gmt":"2018-03-14T23:01:04","guid":{"rendered":"https:\/\/catolicadeanapolis.edu.br\/biblioteca\/?page_id=381"},"modified":"2022-06-21T13:09:54","modified_gmt":"2022-06-21T13:09:54","slug":"2016-2","status":"publish","type":"page","link":"https:\/\/catolicadeanapolis.edu.br\/biblioteca\/?page_id=381","title":{"rendered":"PSICOPEDAGOGIA INSTITUCIONAL E CL\u00cdNICA 2016"},"content":{"rendered":"<p>1- <a href=\"https:\/\/catolicadeanapolis.edu.br\/biblioteca\/wp-content\/uploads\/2018\/10\/A-ATUA\u00c7\u00c3O-DO-PSICOPEDAGOGO-NA-INSTITUI\u00c7\u00c3O-ESCOLAR-PARA-ENCAD.pdf\">A ATUA\u00c7\u00c3O DO PSICOPEDAGOGO NA INSTITUI\u00c7\u00c3O ESCOLAR<\/a> &#8211;\u00a0 GISELA PIMENTEL WALGENBACH LEITE, MARIA SOCORRO ALVES, MARINALVA DA CRUZ DO NASCIMENTO,\u00a0TEREZINHA MARIA DE SOUZA.<\/p>\n<p>2- <a href=\"https:\/\/catolicadeanapolis.edu.br\/biblioteca\/wp-content\/uploads\/2018\/10\/tcc-corrigido-Camila.pdf\">A INFLU\u00caNCIA DA TECNOLOGIA NA VIDA DA CRIAN\u00c7A<\/a> &#8211;\u00a0 NATASHA FERREIRA DOS REIS.<\/p>\n<p>3- <a href=\"https:\/\/catolicadeanapolis.edu.br\/biblioteca\/wp-content\/uploads\/2018\/03\/DIAGN\u00d3STICO-E-AN\u00c1LISE-PSICOPEDAGOGICA-INSTITUCIONAL2.pdf\">D<\/a><a style=\"font-size: 1rem;\" href=\"https:\/\/catolicadeanapolis.edu.br\/biblioteca\/wp-content\/uploads\/2018\/03\/DIAGN\u00d3STICO-E-AN\u00c1LISE-PSICOPEDAGOGICA-INSTITUCIONAL2.pdf\">IAGN\u00d3STICO E AN\u00c1LISE PSICOPEDAGOGICA INSTITUCIONAL<\/a><span style=\"font-size: 1rem;\">\u00a0&#8211; KARLA ALVES MARTINS<\/span><\/p>\n<p>4- <a style=\"font-size: 1rem;\" href=\"https:\/\/catolicadeanapolis.edu.br\/biblioteca\/wp-content\/uploads\/2018\/10\/DANIELLA-CRISTINA-DA-SILVA.pdf\">DIAGN\u00d3STICO E INTERVEN\u00c7AO PSICOPEDAG\u00d3GICA INSTITUCIO<\/a><a style=\"font-size: 1rem;\" href=\"https:\/\/catolicadeanapolis.edu.br\/biblioteca\/wp-content\/uploads\/2018\/10\/DANIELLA-CRISTINA-DA-SILVA.pdf\">NAL<\/a><span style=\"font-size: 1rem;\"> &#8211; DANIELLA CRISTINA DA SILVA, ELIANE LUIZA BARBOSA E ELIENE FERREIRA MENDON\u00c7A.<\/span><\/p>\n<p>5- <a href=\"https:\/\/catolicadeanapolis.edu.br\/biblioteca\/wp-content\/uploads\/2018\/03\/DIAGN\u00d3STICO-PSICOPEDAG\u00d3GICO-INSTITUCIONAL-ESCOLA-DE-ENSINO-FUNDAMENTAL-P\u00daBLICA.pdf\">DIAGN\u00d3STICO PSICOPEDAG\u00d3GICO INSTITUCIONAL &#8211; ESCOLA DE ENSINO FUNDAMENTAL P\u00daBLICA<\/a>\u00a0&#8211; CIBELLE APARECIDADE BRITO SILVA OLIVEIRA; MARCELA COELLA ZUNIGA; MARINA REIS FROIO; SIRLENE MARIA DE JESUS<\/p>\n<p>6- <a href=\"https:\/\/catolicadeanapolis.edu.br\/biblioteca\/wp-content\/uploads\/2018\/10\/FABIANA-ROSA-SILVA.pdf\">DIAGN\u00d3STICO PSICOPEDAG\u00d3GICO INSTITUCIONAL<\/a> &#8211; FABIANA ROSA SILVA, KEILA CRISTINA SILVA, MARIA ALICE ABADE DOS SANTOS SILVA E MARIA LENI DE OLIVEIRA.<\/p>\n<p>7- <a href=\"https:\/\/catolicadeanapolis.edu.br\/biblioteca\/wp-content\/uploads\/2018\/10\/ANDRESSA-SORAYA-DA-SILVA-ARAUJO.pdf\">ESTUDO DE CASO SOBRE AS DIFICULDADES DE APRENDIZAGEM E SUAS PARTICULARIDADES NA ADOLESC\u00caNCIA<\/a> &#8211; ANDRESSA SORAYA DA SILVA ARAUJO.<\/p>\n<p>8- <a href=\"https:\/\/catolicadeanapolis.edu.br\/biblioteca\/wp-content\/uploads\/2018\/10\/TCC-COM-REVISAO-textual-e-questionaros-prontos.pdf\">O PSICOPEDAGOGO DENTRO DA INSTITUI\u00c7\u00c3O ESCOLAR: UM ESTUDO SOBRE AS RELA\u00c7\u00d5ES INTERPESSOAIS E O PROCESSO ENSINOAPRENDIZAGEM<\/a> &#8211;\u00a0\u00a0 LUCIMEIRE MESQUITA DIAS, ORISMAR BATISTA BARBOSA, VER\u00d4NICA KELLEN DA COSTA RAMOS.<\/p>\n<p>9- <a href=\"https:\/\/catolicadeanapolis.edu.br\/biblioteca\/wp-content\/uploads\/2018\/10\/FAB\u00cdOLA-NASCIMENTO.pdf\">OS V\u00cdNCULOS FAM\u00cdLIARES E SEUS REFLEXOS NO DESEMPENHO ESCOLAR<\/a> &#8211; FAB\u00cdOLA NASCIMENTO.<\/p>\n<p>10- <a href=\"https:\/\/catolicadeanapolis.edu.br\/biblioteca\/wp-content\/uploads\/2018\/10\/FACULDADE-CAT\u00d3LICA-DE-AN\u00c1POLIS.pdf\">PSICOPEDAGOGIA CL\u00cdNICA: DIAGN\u00d3STICO E INTERVEN\u00c7\u00c3O A PARTIR DA QUEIXA ESCOLAR<\/a>\u00a0&#8211;\u00a0 NAISA RODRIGUES SANTOS<\/p>\n<p>11- <a href=\"https:\/\/catolicadeanapolis.edu.br\/biblioteca\/wp-content\/uploads\/2019\/01\/Relat%C3%B3rio-institucional-final.pdf\">DIAGN\u00d3STICO PSICOPEDAG\u00d3GICO INSTITUCIONAL: A INTERVEN\u00c7\u00c3O PSICOPEDAG\u00d3GICA NOS PROCESSOS DE ENSINO<\/a> &#8211;\u00a0FL\u00c1VIA MENDES DE LIMA, KAMILLA RIBEIRO PEDROSO DIAS, SIRLEY MARIA DE ABREU<\/p>\n<p>12- <a href=\"https:\/\/catolicadeanapolis.edu.br\/biblioteca\/wp-content\/uploads\/2019\/12\/DANIELLA-CRISTINA-DA-SILVA-ELIANE-LUIZA-BARBOZA-E-ELIENE-FERREIRA-MENDON\u00c7A..pdf\">DIAGN\u00d3STICO E INTERVEN\u00c7AO PSICOPEDAG\u00d3GICA INSTITUCIONAL<\/a>&#8211;\u00a0DANIELLA CRISTINA DA SILVA; ELIANE LUIZA BARBOSA; ELIENE FERREIRA MENDON\u00c7A.<\/p>\n<p>13- <a href=\"https:\/\/catolicadeanapolis.edu.br\/biblioteca\/wp-content\/uploads\/2020\/01\/DAYANE-SOARES-DE-SOUZA-RAYANE-IONARA-DE-MELO-TRONCONIi.pdf\">A PSICOPEDAGOGIA NO AMBIENTE ESCOLAR: DESAFIOS E POSSIBILIDADES-\u00a0<\/a>DAYANE SOARES DE SOUZA, RAYANE IONARA DE MELO TRONCONI.<\/p>\n<p>14-\u00a0<a href=\"https:\/\/catolicadeanapolis.edu.br\/biblioteca\/?attachment_id=3500\">DIAGN\u00d3STICO E INTERVEN\u00c7AO PSICOPEDAG\u00d3GICA INSTITUCIONAL.<\/a> &#8211;\u00a0DANIELLA CRISTINA DA SILVA; ELIANE LUIZA BARBOSA; ELIENE FERREIRA MENDON\u00c7A<\/p>\n<p>15-\u00a0<a href=\"https:\/\/catolicadeanapolis.edu.br\/biblioteca\/?attachment_id=3501\">A PSICOPEDAGOGIA NO AMBIENTE ESCOLAR: DESAFIOS E POSSIBILIDADES.<\/a> &#8211;\u00a0Dayane Soares de Souza; Rayane Ionara de Melo Tronconi<\/p>\n<p>16-\u00a0<a href=\"https:\/\/catolicadeanapolis.edu.br\/biblioteca\/?attachment_id=3502\">DIAGN\u00d3STICO PSICOPEDAG\u00d3GICO INSTITUCIONAL: A INTERVEN\u00c7\u00c3O PSICOPEDAG\u00d3GICA NOS PROCESSOS DE ENSINO.<\/a> &#8211;\u00a0FL\u00c1VIA MENDES DE LIMA; KAMILLA RIBEIRO PEDROSO DIAS; SIRLEY MARIA DE ABREU<\/p>\n<p>&nbsp;<\/p>\n","protected":false},"excerpt":{"rendered":"<p>1- A ATUA\u00c7\u00c3O DO PSICOPEDAGOGO NA INSTITUI\u00c7\u00c3O ESCOLAR &#8211;\u00a0 GISELA PIMENTEL WALGENBACH LEITE, MARIA SOCORRO ALVES, MARINALVA DA CRUZ DO NASCIMENTO,\u00a0TEREZINHA MARIA DE SOUZA. 2- A INFLU\u00caNCIA DA TECNOLOGIA NA VIDA DA CRIAN\u00c7A &#8211;\u00a0 NATASHA FERREIRA DOS REIS. 3- DIAGN\u00d3STICO E AN\u00c1LISE PSICOPEDAGOGICA INSTITUCIONAL\u00a0&#8211; KARLA ALVES MARTINS 4- DIAGN\u00d3STICO E INTERVEN\u00c7AO PSICOPEDAG\u00d3GICA INSTITUCIONAL &#8211; DANIELLA [&hellip;]<\/p>\n","protected":false},"author":2,"featured_media":0,"parent":360,"menu_order":7,"comment_status":"open","ping_status":"open","template":"","meta":[],"_links":{"self":[{"href":"https:\/\/catolicadeanapolis.edu.br\/biblioteca\/index.php?rest_route=\/wp\/v2\/pages\/381"}],"collection":[{"href":"https:\/\/catolicadeanapolis.edu.br\/biblioteca\/index.php?rest_route=\/wp\/v2\/pages"}],"about":[{"href":"https:\/\/catolicadeanapolis.edu.br\/biblioteca\/index.php?rest_route=\/wp\/v2\/types\/page"}],"author":[{"embeddable":true,"href":"https:\/\/catolicadeanapolis.edu.br\/biblioteca\/index.php?rest_route=\/wp\/v2\/users\/2"}],"replies":[{"embeddable":true,"href":"https:\/\/catolicadeanapolis.edu.br\/biblioteca\/index.php?rest_route=%2Fwp%2Fv2%2Fcomments&post=381"}],"version-history":[{"count":17,"href":"https:\/\/catolicadeanapolis.edu.br\/biblioteca\/index.php?rest_route=\/wp\/v2\/pages\/381\/revisions"}],"predecessor-version":[{"id":3526,"href":"https:\/\/catolicadeanapolis.edu.br\/biblioteca\/index.php?rest_route=\/wp\/v2\/pages\/381\/revisions\/3526"}],"up":[{"embeddable":true,"href":"https:\/\/catolicadeanapolis.edu.br\/biblioteca\/index.php?rest_route=\/wp\/v2\/pages\/360"}],"wp:attachment":[{"href":"https:\/\/catolicadeanapolis.edu.br\/biblioteca\/index.php?rest_route=%2Fwp%2Fv2%2Fmedia&parent=381"}],"curies":[{"name":"wp","href":"https:\/\/api.w.org\/{rel}","templated":true}]}}