{"id":395,"date":"2018-03-14T23:09:06","date_gmt":"2018-03-14T23:09:06","guid":{"rendered":"https:\/\/catolicadeanapolis.edu.br\/biblioteca\/?page_id=395"},"modified":"2020-02-27T12:44:08","modified_gmt":"2020-02-27T12:44:08","slug":"2015-2","status":"publish","type":"page","link":"https:\/\/catolicadeanapolis.edu.br\/biblioteca\/?page_id=395","title":{"rendered":"GEST\u00c3O EDUCACIONAL 2015"},"content":{"rendered":"<p>1- <a href=\"https:\/\/catolicadeanapolis.edu.br\/biblioteca\/wp-content\/uploads\/2019\/01\/Artigo-CONSELHO-ESCOLAR-Marilene-1.pdf\">CONSELHO ESCOLAR: ORG\u00c3O CONSTITUTIVO DA GEST\u00c3O\u00a0DEMOCR\u00c1TICA.<\/a> &#8211;\u00a0MARILENE LOPES DE SOUSA MARTINS. &#8211; ORIENTA\u00c7\u00c3O: PROF\u00aa. MS. K\u00c1TIA CILENE CAMARGO SILVA.<\/p>\n<p>2- <a href=\"https:\/\/catolicadeanapolis.edu.br\/biblioteca\/wp-content\/uploads\/2019\/01\/Tcc-final-p%C3%B3s-corrigido-1.pdf\">GEST\u00c3O DEMOCR\u00c1TICA PARTICIPATIVA EM UMA ESCOLA P\u00daBLICA\u00a0MUNICIPAL DE AN\u00c1POLIS.<\/a> &#8211;\u00a0CRISTIANE DE OLIVEIRA DORNEL, V\u00c2NIA ABADIA DE OLIVEIRA. &#8211; ORIENTA\u00c7\u00c3O:\u00a0PROF\u00aa MS. IVANA ALVES MONNERAT DE AZEVEDO.<\/p>\n<p>3-\u00a0<a href=\"https:\/\/catolicadeanapolis.edu.br\/biblioteca\/wp-content\/uploads\/2020\/02\/JUCILENE-FERREIRA-DE-SOUSA-DIAS-PROJETO-TCC-REVISADO.-2..pdf\">PLANEJAMENTO E PR\u00c1TICA NA GEST\u00c3O ESCOLAR.<\/a> &#8211;\u00a0JUCILENE FERREIRA DE SOUSA DIAS. &#8211;\u00a0ORIENTA\u00c7\u00c3O:\u00a0PROF\u00aa MS. IVANA ALVES MONNERAT DE AZEVEDO.<\/p>\n<p>4-\u00a0<a href=\"https:\/\/catolicadeanapolis.edu.br\/biblioteca\/wp-content\/uploads\/2020\/02\/JESSIKA-FALLEIROS-FREITAS-E-VANESSA-CARNIELO-RAMOS.pdf\">INDISCIPLINA EM SALA DE AULA E SUA INTERFER\u00caNCIA NO PROCESSO DE ENSINO E APRENDIZAGEM.<\/a> &#8211; JESSIKA FALLEIROS FREITAS, VANESSA CARNIELO RAMOS. &#8211;\u00a0ORIENTA\u00c7\u00c3O:\u00a0PROF\u00aa MS. IVANA ALVES MONNERAT DE AZEVEDO.<\/p>\n<p>5-\u00a0<a href=\"https:\/\/catolicadeanapolis.edu.br\/biblioteca\/wp-content\/uploads\/2020\/02\/NARA-N\u00daBIA-ALVES-DA-COSTA-FONSECA-E-THAMARA-SOUZA-BATISTA.pdf\">GEST\u00c3O ESCOLAR EM ESCOLAS DE TEMPO INTEGRAL: COMO ENVOLVER A FAM\u00cdLIA NO CONTEXTO ESCOLAR?<\/a> &#8211;\u00a0NARA N\u00daBIA ALVES DA COSTA FONSECA, THAMARA SOUZA BATISTA. &#8211;\u00a0ORIENTA\u00c7\u00c3O:\u00a0PROF\u00aa MS. IVANA ALVES MONNERAT DE AZEVEDO.<\/p>\n<p>6-\u00a0<a href=\"https:\/\/catolicadeanapolis.edu.br\/biblioteca\/wp-content\/uploads\/2020\/02\/J\u00c9SSICA-CASTRO-E-MARINA-NUNES-POL\u00cdTICAS-EDUCACIONAIS-NO-PROCESSO-DE-ORGANIZA\u00c7\u00c3O-DA-GEST\u00c3O-NA-EDUCA\u00c7\u00c3O-INFANTIL.pdf\">POL\u00cdTICAS EDUCACIONAIS NO PROCESSO DE ORGANIZA\u00c7\u00c3O DA GEST\u00c3O NA EDUCA\u00c7\u00c3O INFANTIL.<\/a> &#8211;\u00a0J\u00c9SSICA CASTRO, MARINA NUNES. &#8211;\u00a0ORIENTA\u00c7\u00c3O:\u00a0PROF\u00aa MS. IVANA ALVES MONNERAT DE AZEVEDO.<\/p>\n<p>7-\u00a0<a href=\"https:\/\/catolicadeanapolis.edu.br\/biblioteca\/wp-content\/uploads\/2020\/02\/CL\u00c1UDIA-BATISTA-DA-SILVA-MENDES-E-JULIANA-DOS-SANTOS-SANTANA-TCC-REVISADO-DIA-21-09-2.pdf\">GEST\u00c3O ESCOLAR PARA UMA ESCOLA INCLUSIVA: AN\u00c1LISE DA VIV\u00caNCIA PR\u00c1TICA EM ESCOLAS DAS REDES DE ENSINO P\u00daBLICA MUNICIPAL E PARTICULAR DA CIDADE DE AN\u00c1POLIS \u2013 GO.<\/a> &#8211;\u00a0CLAUDIA BATISTA DA SILVA MENDES, JULIANA DOS SANTOS SANTANA. &#8211;\u00a0ORIENTA\u00c7\u00c3O:\u00a0PROF\u00aa MS. IVANA ALVES MONNERAT DE AZEVEDO.<\/p>\n","protected":false},"excerpt":{"rendered":"<p>1- CONSELHO ESCOLAR: ORG\u00c3O CONSTITUTIVO DA GEST\u00c3O\u00a0DEMOCR\u00c1TICA. &#8211;\u00a0MARILENE LOPES DE SOUSA MARTINS. &#8211; ORIENTA\u00c7\u00c3O: PROF\u00aa. MS. K\u00c1TIA CILENE CAMARGO SILVA. 2- GEST\u00c3O DEMOCR\u00c1TICA PARTICIPATIVA EM UMA ESCOLA P\u00daBLICA\u00a0MUNICIPAL DE AN\u00c1POLIS. &#8211;\u00a0CRISTIANE DE OLIVEIRA DORNEL, V\u00c2NIA ABADIA DE OLIVEIRA. &#8211; ORIENTA\u00c7\u00c3O:\u00a0PROF\u00aa MS. IVANA ALVES MONNERAT DE AZEVEDO. 3-\u00a0PLANEJAMENTO E PR\u00c1TICA NA GEST\u00c3O ESCOLAR. &#8211;\u00a0JUCILENE FERREIRA DE [&hellip;]<\/p>\n","protected":false},"author":2,"featured_media":0,"parent":392,"menu_order":5,"comment_status":"open","ping_status":"open","template":"","meta":[],"_links":{"self":[{"href":"https:\/\/catolicadeanapolis.edu.br\/biblioteca\/index.php?rest_route=\/wp\/v2\/pages\/395"}],"collection":[{"href":"https:\/\/catolicadeanapolis.edu.br\/biblioteca\/index.php?rest_route=\/wp\/v2\/pages"}],"about":[{"href":"https:\/\/catolicadeanapolis.edu.br\/biblioteca\/index.php?rest_route=\/wp\/v2\/types\/page"}],"author":[{"embeddable":true,"href":"https:\/\/catolicadeanapolis.edu.br\/biblioteca\/index.php?rest_route=\/wp\/v2\/users\/2"}],"replies":[{"embeddable":true,"href":"https:\/\/catolicadeanapolis.edu.br\/biblioteca\/index.php?rest_route=%2Fwp%2Fv2%2Fcomments&post=395"}],"version-history":[{"count":6,"href":"https:\/\/catolicadeanapolis.edu.br\/biblioteca\/index.php?rest_route=\/wp\/v2\/pages\/395\/revisions"}],"predecessor-version":[{"id":2761,"href":"https:\/\/catolicadeanapolis.edu.br\/biblioteca\/index.php?rest_route=\/wp\/v2\/pages\/395\/revisions\/2761"}],"up":[{"embeddable":true,"href":"https:\/\/catolicadeanapolis.edu.br\/biblioteca\/index.php?rest_route=\/wp\/v2\/pages\/392"}],"wp:attachment":[{"href":"https:\/\/catolicadeanapolis.edu.br\/biblioteca\/index.php?rest_route=%2Fwp%2Fv2%2Fmedia&parent=395"}],"curies":[{"name":"wp","href":"https:\/\/api.w.org\/{rel}","templated":true}]}}