{"id":401,"date":"2018-03-14T23:15:31","date_gmt":"2018-03-14T23:15:31","guid":{"rendered":"https:\/\/catolicadeanapolis.edu.br\/biblioteca\/?page_id=401"},"modified":"2021-06-24T17:53:07","modified_gmt":"2021-06-24T17:53:07","slug":"2017-2","status":"publish","type":"page","link":"https:\/\/catolicadeanapolis.edu.br\/biblioteca\/?page_id=401","title":{"rendered":"FILOSOFIA CL\u00cdNICA  2017"},"content":{"rendered":"<p>1- <a href=\"https:\/\/catolicadeanapolis.edu.br\/biblioteca\/wp-content\/uploads\/2018\/03\/CLUBE-DA-LUTA-DE-HULCK-PALAHNIUK-AN\u00c1LISE-DO-T\u00d3PICO-O-QUE-ACHA-DE-SI-MESMO-DA-ESTRURA-DE-PENSAMENTO-DO-PROTAGONISTA-DO-LIVRO.pdf\">CLUBE DA LUTA DE HULCK PALAHNIUK &#8211; AN\u00c1LISE DO T\u00d3PICO &#8211; O QUE ACHA DE SI MESMO- DA ESTRURA DE PENSAMENTO DO PROTAGONISTA DO LIVRO.<\/a>\u00a0&#8211; LEONARDO RIOS P\u00c1DUA. &#8211; ORIENTA\u00c7\u00c3O: PROF\u00ba ESP. L\u00daCIO PACKER E PROF\u00aa ESP. ARACELLY RODRIGUES LOURES RANGEL.<\/p>\n<p>2-\u00a0<a href=\"https:\/\/catolicadeanapolis.edu.br\/biblioteca\/wp-content\/uploads\/2021\/06\/NAYARA-LUNA-DE-OLIVEIRA-SILVA-artigo-2016-filosofia-clinica-pronto-2017.pdf\">EUG\u00caNIO E O SEMIN\u00c1RIO: AN\u00c1LISE DE SUA POSTURA DE OBEDI\u00caNCIA FRENTE \u00c0 SEUS PAIS.<\/a> &#8211;\u00a0NAYARA LUNA DE OLIVEIRA SILVA. &#8211; ORIENTA\u00c7\u00c3O: PROF\u00ba ME. DIOGO JANSEN RIBEIRO.<\/p>\n<p>&nbsp;<\/p>\n<p>&nbsp;<\/p>\n<p>&nbsp;<\/p>\n","protected":false},"excerpt":{"rendered":"<p>1- CLUBE DA LUTA DE HULCK PALAHNIUK &#8211; AN\u00c1LISE DO T\u00d3PICO &#8211; O QUE ACHA DE SI MESMO- DA ESTRURA DE PENSAMENTO DO PROTAGONISTA DO LIVRO.\u00a0&#8211; LEONARDO RIOS P\u00c1DUA. &#8211; ORIENTA\u00c7\u00c3O: PROF\u00ba ESP. L\u00daCIO PACKER E PROF\u00aa ESP. ARACELLY RODRIGUES LOURES RANGEL. 2-\u00a0EUG\u00caNIO E O SEMIN\u00c1RIO: AN\u00c1LISE DE SUA POSTURA DE OBEDI\u00caNCIA FRENTE \u00c0 SEUS [&hellip;]<\/p>\n","protected":false},"author":2,"featured_media":0,"parent":399,"menu_order":2,"comment_status":"open","ping_status":"open","template":"","meta":[],"_links":{"self":[{"href":"https:\/\/catolicadeanapolis.edu.br\/biblioteca\/index.php?rest_route=\/wp\/v2\/pages\/401"}],"collection":[{"href":"https:\/\/catolicadeanapolis.edu.br\/biblioteca\/index.php?rest_route=\/wp\/v2\/pages"}],"about":[{"href":"https:\/\/catolicadeanapolis.edu.br\/biblioteca\/index.php?rest_route=\/wp\/v2\/types\/page"}],"author":[{"embeddable":true,"href":"https:\/\/catolicadeanapolis.edu.br\/biblioteca\/index.php?rest_route=\/wp\/v2\/users\/2"}],"replies":[{"embeddable":true,"href":"https:\/\/catolicadeanapolis.edu.br\/biblioteca\/index.php?rest_route=%2Fwp%2Fv2%2Fcomments&post=401"}],"version-history":[{"count":4,"href":"https:\/\/catolicadeanapolis.edu.br\/biblioteca\/index.php?rest_route=\/wp\/v2\/pages\/401\/revisions"}],"predecessor-version":[{"id":2961,"href":"https:\/\/catolicadeanapolis.edu.br\/biblioteca\/index.php?rest_route=\/wp\/v2\/pages\/401\/revisions\/2961"}],"up":[{"embeddable":true,"href":"https:\/\/catolicadeanapolis.edu.br\/biblioteca\/index.php?rest_route=\/wp\/v2\/pages\/399"}],"wp:attachment":[{"href":"https:\/\/catolicadeanapolis.edu.br\/biblioteca\/index.php?rest_route=%2Fwp%2Fv2%2Fmedia&parent=401"}],"curies":[{"name":"wp","href":"https:\/\/api.w.org\/{rel}","templated":true}]}}