{"id":427,"date":"2018-03-22T22:41:29","date_gmt":"2018-03-22T22:41:29","guid":{"rendered":"https:\/\/catolicadeanapolis.edu.br\/biblioteca\/?page_id=427"},"modified":"2020-02-15T18:06:22","modified_gmt":"2020-02-15T18:06:22","slug":"2015-2","status":"publish","type":"page","link":"https:\/\/catolicadeanapolis.edu.br\/biblioteca\/?page_id=427","title":{"rendered":"GEST\u00c3O DE PESSOAS P. O. E COACHING 2015"},"content":{"rendered":"<p><a href=\"https:\/\/catolicadeanapolis.edu.br\/biblioteca\/wp-content\/uploads\/2018\/11\/TCC-FINALIZADO-Copia.pdf\">A IMPORT\u00c2NCIA DA AVALIA\u00c7\u00c3O DE DESEMPENHO PARA AS ORGANIZA\u00c7\u00d5ES<\/a> &#8211; L\u00edlian Pamplona De Sousa, Maria Jos\u00e9 Batista &#8211;\u00a0Orienta\u00e7\u00e3o: Prof. Ms. Halan Bastos Lima.<\/p>\n<p><a href=\"https:\/\/catolicadeanapolis.edu.br\/biblioteca\/wp-content\/uploads\/2018\/03\/A-IMPORT\u00c2NCIA-DE-UM-L\u00cdDER-EFICAZ-PARA-A-MOTIVA\u00c7\u00c3P-DE-EQUIPES-DENTRO-DAS-ORGANIZA\u00c7\u00d5ES.pdf\">A IMPORT\u00c2NCIA DE UM L\u00cdDER EFICAZ PARA A MOTIVA\u00c7\u00c3O DE EQUIPES DENTRO DAS ORGANIZA\u00c7\u00d5ES<\/a>\u00a0&#8211; Andr\u00e9 Luiz da Fonseca; Christiane do Carmo Ribeiro Laraia; Lorena de Oliveira Silva Magalh\u00e3es &#8211;\u00a0Prof. Me. Halan Baastos Lima.<\/p>\n<p><a href=\"https:\/\/catolicadeanapolis.edu.br\/biblioteca\/wp-content\/uploads\/2018\/10\/ANA-LAURA-DE-GODOY-REIS.docx\">A IMPORT\u00c2NCIA DO RECRUTAMENTO E SELE\u00c7\u00c3O PARA A ORGANIZA\u00c7\u00c3O: A INFLU\u00caNCIA DO TREINAMENTO NO APERFEI\u00c7OAMENTO CONT\u00cdNUO DO COLABORADOR<\/a> &#8211; Ana Laura de Godoy Reis, Diego Alves Carneiro e Renata Ferreira Tavares.<\/p>\n<p><a href=\"https:\/\/catolicadeanapolis.edu.br\/biblioteca\/wp-content\/uploads\/2018\/03\/A-INFLU\u00caNCIA-DA-CULTURA-ORGANIZACIONAL-SOBRE-A-MOTIVA\u00c7\u00c3O-DOS-COLABORADORES.pdf\">A INFLU\u00caNCIA DA CULTURA ORGANIZACIONAL SOBRE A MOTIVA\u00c7\u00c3O DOS COLABORADORES<\/a>\u00a0&#8211; Edineide Oliveira Lopes; Elvis de Melo da Silva; Jana\u00edna dos Santos Silva &#8211;\u00a0Prof. Me. Halan Bastos Lima.<\/p>\n<p><a href=\"https:\/\/catolicadeanapolis.edu.br\/biblioteca\/wp-content\/uploads\/2018\/03\/A-INFLU\u00caNCIA-DA-VALORIZA\u00c7\u00c3O-DO-CAPITAL-HUMANO-NAS-ORGANIZA\u00c7\u00d5ES.pdf\">A INFLU\u00caNCIA DA VALORIZA\u00c7\u00c3O DO CAPITAL HUMANO NAS ORGANIZA\u00c7\u00d5ES<\/a>\u00a0&#8211; Liliane Valadares da Silva; Luana Oliveira Medrado; Neusa Regina Queiroz Souza &#8211;\u00a0Profa. Esp. Aracelly Rodrigues Loures Rangel.<\/p>\n<p><a href=\"https:\/\/catolicadeanapolis.edu.br\/biblioteca\/wp-content\/uploads\/2018\/03\/COACHING-UMA-FERRAMENTA-ESTRAT\u00c9GICA-DE-GEST\u00c3O-DE-PESSOAS-PARA-O-DESENVOLVIMENTO-E-A-TRANFORMA\u00c7\u00c3O-COMPORTAMENTAL.pdf\">COACHING &#8211; UMA FERRAMENTA ESTRAT\u00c9GICA DE GEST\u00c3O DE PESSOAS PARA O DESENVOLVIMENTO E A TRANFORMA\u00c7\u00c3O COMPORTAMENTAL<\/a>\u00a0&#8211; Marcela de Campos; N\u00fabia Souza Fernandes; Regina C\u00e9lia Alves da Cunha &#8211; Prof.\u00a0Me. Halan Bastos Lima.<\/p>\n<p><a href=\"https:\/\/catolicadeanapolis.edu.br\/biblioteca\/wp-content\/uploads\/2018\/03\/COACHING-UMA-FERRAMENTA-ESTRAT\u00c9GICA-PARA-FORMA\u00c7\u00c3O-E-DESENVOLVIMENTO-DE-UMA-LIDERAN\u00c7A-EFETIVA.pdf\">COACHING &#8211; UMA FERRAMENTA ESTRAT\u00c9GICA PARA FORMA\u00c7\u00c3O E DESENVOLVIMENTO DE UMA LIDERAN\u00c7A EFETIVA<\/a>\u00a0&#8211; Kayte Rayane P. Silva Santiago; Lais Mendes Brand\u00e3o; Renato Barbosa de Oliveira; Renato Ferreira\u00a0 Rocha &#8211;\u00a0Prof. Me. Halan Bastos Lima.<\/p>\n<p><a href=\"https:\/\/catolicadeanapolis.edu.br\/biblioteca\/wp-content\/uploads\/2018\/03\/COACHING-UMA-FERRAMENTA-ESTRAT\u00c9GICA-DE-MELHORIAS-PARA-O-SETOR-P\u00daBLICO.pdf\">COACHING UMA FERRAMENTA ESTRAT\u00c9GICA DE MELHORIAS PARA O SETOR P\u00daBLICO<\/a>\u00a0&#8211; Neander Caetano Silva &#8211; Prof.\u00a0Me. Halan\u00a0Bastos Lima.<\/p>\n<p><a href=\"https:\/\/catolicadeanapolis.edu.br\/biblioteca\/wp-content\/uploads\/2018\/03\/COMUNICA\u00c7\u00c3O-INTERNA-EMPRESARIAL-A-IMPORT\u00c2NCIA-DO-RELACIONAMENTO-INTERPESSOAL.pdf\">COMUNICA\u00c7\u00c3O INTERNA EMPRESARIAL &#8211; A IMPORT\u00c2NCIA DO RELACIONAMENTO INTERPESSOAL<\/a>\u00a0&#8211; Maria Aparecida Fernandes Sitaro ; Sara Lais Evangelista &#8211; Prof. Me.\u00a0Marcia Sumire Kurogi.<\/p>\n<p><a href=\"https:\/\/catolicadeanapolis.edu.br\/biblioteca\/wp-content\/uploads\/2018\/03\/COMUNICA\u00c7\u00c3O-ORGANIZACIONAL-UMA-AN\u00c1LISE-DA-COMUNICA\u00c7\u00c3O-INTERNA-EM-UMA-EMPRESA-DE-PEQUENO-PORTE.pdf\">COMUNICA\u00c7\u00c3O ORGANIZACIONAL &#8211; UMA AN\u00c1LISE DA COMUNICA\u00c7\u00c3O INTERNA EM UMA EMPRESA DE PEQUENO PORTE<\/a>\u00a0&#8211; Ilmiane Alves da Silva Cust\u00f3dio; Juliana Soares Damas &#8211;\u00a0Prof\u00aa. Dra. Elaine Abrah\u00e3o Amaral.<\/p>\n<p><a href=\"https:\/\/catolicadeanapolis.edu.br\/biblioteca\/wp-content\/uploads\/2018\/03\/CONTEXTUALIZA\u00c7\u00c3O-S\u00d3CIO-HISTORICA-DO-ASS\u00c9DIO-MORAL.pdf\">CONTEXTUALIZA\u00c7\u00c3O S\u00d3CIO &#8211; HISTORICA DO ASS\u00c9DIO MORAL<\/a>\u00a0&#8211; Daniel Moura. Rafaella Dias Vitorino; Rubens Cesar de Castro Camelo &#8211; Prof\u00aa.\u00a0Ma. M\u00e1rcia Sumire Kurogi.<\/p>\n<p><a href=\"https:\/\/catolicadeanapolis.edu.br\/biblioteca\/wp-content\/uploads\/2018\/03\/LIDERAN\u00c7A-E-MOTIVA\u00c7\u00c3O-A-INFLU\u00caNCIA-DO-L\u00cdDER-NA-MOTIVA\u00c7\u00c3O-DE-SUA-EQUIPE.pdf\">LIDERAN\u00c7A E MOTIVA\u00c7\u00c3O &#8211; A INFLU\u00caNCIA DO L\u00cdDER NA MOTIVA\u00c7\u00c3O DE SUA EQUIPE<\/a>\u00a0&#8211; Diana Rosa de Jesus; Ely Constantino Varga; Viviane de Assis Bueno &#8211;\u00a0Prof\u00aa. Ma. Vanessa de Assis Cardoso dos Anjos.<\/p>\n<p><a href=\"https:\/\/catolicadeanapolis.edu.br\/biblioteca\/wp-content\/uploads\/2018\/03\/LIDERAN\u00c7A-E-MOTIVA\u00c7\u00c3O-UMA-COMBINA\u00c7\u00c3O-QUE-AMPLIA-RESULTADOS.pdf\">LIDERAN\u00c7A E MOTIVA\u00c7\u00c3O &#8211; UMA COMBINA\u00c7\u00c3O QUE AMPLIA RESULTADOS<\/a>\u00a0&#8211; Daniela Ferreira da Cunha; Kellen Caroline Abreu Carneiro &#8211;\u00a0Prof. Me. Halan Bastos Lima.<\/p>\n<p><a href=\"https:\/\/catolicadeanapolis.edu.br\/biblioteca\/wp-content\/uploads\/2018\/03\/O-COACHING-APLICADO-AO-DESENVOLVIMETO-DE-L\u00cdDERES-EXECUTIVOS-E-ALCANCE-DE-RESULTADOS-UM-ESTUDO-DE-CASO-NA-TELGO-TELECOM-EM-AN\u00c1POLIS-GO.pdf\">O COACHING APLICADO AO DESENVOLVIMETO DE L\u00cdDERES EXECUTIVOS E ALCANCE DE RESULTADOS &#8211; UM ESTUDO DE CASO NA TELGO TELECOM EM AN\u00c1POLIS-GO<\/a>\u00a0&#8211; Ligia Alvarenga Teixeira Derrigo; Thiago Vin\u00edcius Alves de Morais &#8211;\u00a0Prof. Me. Halan Bastos Lima.<\/p>\n<p><a href=\"https:\/\/catolicadeanapolis.edu.br\/biblioteca\/wp-content\/uploads\/2018\/10\/ADMILSON-GOMES-DA-SILVA.docx\">POLICIAMENTO COMUNIT\u00c1RIO: UMA ESTRAT\u00c9GIA ORGANIZACIONAL<\/a> &#8211; Admilson Gomes da Silva Sinvaldavanzo.<\/p>\n<p><a href=\"https:\/\/catolicadeanapolis.edu.br\/biblioteca\/wp-content\/uploads\/2018\/03\/QUALIDADE-DE-VIDA-X-ESTRESSE-NO-AMBIENTE-LABORAL-UM-ESTUDO-SOBRE-A-IMPORT\u00c2NCIA-DA-QUALIDADE-DE-VIDA-NA-MINIMIZA\u00c7\u00c3O-DOS-EFEITOS-DO-ESTRESSE-OCUPACIONAL.pdf\">QUALIDADE DE VIDA X ESTRESSE NO AMBIENTE LABORAL &#8211; UM ESTUDO SOBRE A IMPORT\u00c2NCIA DA QUALIDADE DE VIDA NA MINIMIZA\u00c7\u00c3O DOS EFEITOS DO ESTRESSE OCUPACIONAL<\/a>\u00a0&#8211; Divina Romilda Garcia Bosrges; Juliana Fernandes de Paula; Thamyris Mendon\u00e7a Rodrigues Menezes &#8211;\u00a0Prof. Me. Halan Bastos Lima.<\/p>\n<p><a href=\"https:\/\/catolicadeanapolis.edu.br\/biblioteca\/wp-content\/uploads\/2018\/03\/RECRUTAMENTO-E-SELE\u00c7\u00c3O-PROCESSO-ESSENCIAL-PARA-A-ESCOLHA-DE-UM-BOM-PROFISSIONAL1.pdf\">RECRUTAMENTO E SELE\u00c7\u00c3O &#8211; PROCESSO ESSENCIAL PARA A ESCOLHA DE UM BOM PROFISSIONAL<\/a>\u00a0&#8211; Jo\u00e3o Batista dos Santos; Marta Maria Di Amorim Constante; Priscilla Rodrigues Ferreira &#8211;\u00a0Profa. Me. M\u00e1rcia Sumire Kurogi.<\/p>\n<p><a href=\"https:\/\/catolicadeanapolis.edu.br\/biblioteca\/wp-content\/uploads\/2018\/03\/SA\u00daDE-MENTAL-E-DESEMPREGO-CONFIGURA\u00c7\u00d5ES-DA-VIVENCIA-PSIC\u00d3LOGICA-DO-SUJEITO-DESEMPREGADO-E-SUAS-PATOLOGIAS.pdf\">SA\u00daDE MENTAL E DESEMPREGO &#8211; CONFIGURA\u00c7\u00d5ES DA VIVENCIA PSIC\u00d3LOGICA DO SUJEITO DESEMPREGADO E SUAS PSICOPATOLOGIAS<\/a>\u00a0&#8211; Andr\u00e9ia Nicolau de Oliveira &#8211;\u00a0Prof. Me. Halan Bastos Lima.<\/p>\n<p><a href=\"https:\/\/catolicadeanapolis.edu.br\/biblioteca\/wp-content\/uploads\/2018\/03\/SELE\u00c7\u00c3O-DE-PESSOAS-E-O-IMPACTO-DA-TECNOLOGIA-NOS-PROCESSOS-DE-SELE\u00c7\u00c3O-O-QUE-MUDOU-COM-A-INVEN\u00c7\u00c3O-DAS-REDES-SOCIAIS1.pdf\">SELE\u00c7\u00c3O DE PESSOAS E O IMPACTO DA TECNOLOGIA NOS PROCESSOS DE SELE\u00c7\u00c3O &#8211; O QUE MUDOU COM A INVEN\u00c7\u00c3O DAS REDES SOCIAIS<\/a>\u00a0&#8211; Helson David Alves Chicana; Carlos dos Reis Santos Junior &#8211; Prof\u00aa. Ma. Vanessa Assis Cardoso dos Anjos.<\/p>\n<p><a href=\"https:\/\/catolicadeanapolis.edu.br\/biblioteca\/wp-content\/uploads\/2018\/11\/TCC-ATUALIZADO.pdf\">TEORIAS MOTIVACIONAIS: A IMPORT\u00c2NCIA DA MOTIVA\u00c7\u00c3O NO TRABALHO E SUA RELA\u00c7\u00c3O SOBRE A PRODUTIVIDADE<\/a> &#8211; Adis Antonio Da Rocha, Cineide Kenia Camilo Soares, Gl\u00e1ucia Matias Dos Santos, Wemerson Mendon\u00e7a Da Silva &#8211; Orienta\u00e7\u00e3o: Prof. Ms. Halan Bastos Lima.<\/p>\n<p><a href=\"https:\/\/catolicadeanapolis.edu.br\/biblioteca\/wp-content\/uploads\/2018\/03\/TREINAMENTO-UMA-FERRAMENTA-DE-DESENVOLVIMENTO-E-APERFEI\u00c7OAMENTO-DAS-HABILIDADES-DOS-COLABORADORES.pdf\">TREINAMENTO &#8211; UMA FERRAMENTA DE DESENVOLVIMENTO E APERFEI\u00c7OAMENTO DAS HABILIDADES DOS COLABORADORES<\/a>\u00a0&#8211; Edson Ribeiro Junqueira Alves; Samuel Fernandes de Souza &#8211;\u00a0Prof. Ms. Halan Bastos Lima.<\/p>\n<p><a href=\"https:\/\/catolicadeanapolis.edu.br\/biblioteca\/wp-content\/uploads\/2018\/11\/Clima-e-Cultura-Organizacional-Trabalho-completo.pdf\">ORGANIZACIONAL NOS AMBIENTES CORPORATIVOS<\/a> &#8211; Natanael Mendes &#8211; Orienta\u00e7\u00e3o: Prof. Ms. Allyne Chaveiro Farinha.<\/p>\n<p>&nbsp;<\/p>\n","protected":false},"excerpt":{"rendered":"<p>A IMPORT\u00c2NCIA DA AVALIA\u00c7\u00c3O DE DESEMPENHO PARA AS ORGANIZA\u00c7\u00d5ES &#8211; L\u00edlian Pamplona De Sousa, Maria Jos\u00e9 Batista &#8211;\u00a0Orienta\u00e7\u00e3o: Prof. Ms. Halan Bastos Lima. A IMPORT\u00c2NCIA DE UM L\u00cdDER EFICAZ PARA A MOTIVA\u00c7\u00c3O DE EQUIPES DENTRO DAS ORGANIZA\u00c7\u00d5ES\u00a0&#8211; Andr\u00e9 Luiz da Fonseca; Christiane do Carmo Ribeiro Laraia; Lorena de Oliveira Silva Magalh\u00e3es &#8211;\u00a0Prof. Me. Halan Baastos [&hellip;]<\/p>\n","protected":false},"author":2,"featured_media":0,"parent":314,"menu_order":4,"comment_status":"open","ping_status":"open","template":"","meta":[],"_links":{"self":[{"href":"https:\/\/catolicadeanapolis.edu.br\/biblioteca\/index.php?rest_route=\/wp\/v2\/pages\/427"}],"collection":[{"href":"https:\/\/catolicadeanapolis.edu.br\/biblioteca\/index.php?rest_route=\/wp\/v2\/pages"}],"about":[{"href":"https:\/\/catolicadeanapolis.edu.br\/biblioteca\/index.php?rest_route=\/wp\/v2\/types\/page"}],"author":[{"embeddable":true,"href":"https:\/\/catolicadeanapolis.edu.br\/biblioteca\/index.php?rest_route=\/wp\/v2\/users\/2"}],"replies":[{"embeddable":true,"href":"https:\/\/catolicadeanapolis.edu.br\/biblioteca\/index.php?rest_route=%2Fwp%2Fv2%2Fcomments&post=427"}],"version-history":[{"count":21,"href":"https:\/\/catolicadeanapolis.edu.br\/biblioteca\/index.php?rest_route=\/wp\/v2\/pages\/427\/revisions"}],"predecessor-version":[{"id":2687,"href":"https:\/\/catolicadeanapolis.edu.br\/biblioteca\/index.php?rest_route=\/wp\/v2\/pages\/427\/revisions\/2687"}],"up":[{"embeddable":true,"href":"https:\/\/catolicadeanapolis.edu.br\/biblioteca\/index.php?rest_route=\/wp\/v2\/pages\/314"}],"wp:attachment":[{"href":"https:\/\/catolicadeanapolis.edu.br\/biblioteca\/index.php?rest_route=%2Fwp%2Fv2%2Fmedia&parent=427"}],"curies":[{"name":"wp","href":"https:\/\/api.w.org\/{rel}","templated":true}]}}