{"id":454,"date":"2018-03-22T23:39:43","date_gmt":"2018-03-22T23:39:43","guid":{"rendered":"https:\/\/catolicadeanapolis.edu.br\/biblioteca\/?page_id=454"},"modified":"2020-01-24T19:56:37","modified_gmt":"2020-01-24T19:56:37","slug":"2014-2","status":"publish","type":"page","link":"https:\/\/catolicadeanapolis.edu.br\/biblioteca\/?page_id=454","title":{"rendered":"GEST\u00c3O DE PESSOAS P. O. E COACHING 2014"},"content":{"rendered":"<p>1- <a href=\"https:\/\/catolicadeanapolis.edu.br\/biblioteca\/wp-content\/uploads\/2018\/03\/GEST\u00c3O-DE-PESSOAS-ESTRAT\u00c9GIA-ESSENCIAL-NO-SUCESSO-DO-EMPREENDEDORISMO.pdf\">GEST\u00c3O DE PESSOAS &#8211; ESTRAT\u00c9GIA ESSENCIAL NO SUCESSO DO EMPREENDEDORISMO<\/a>\u00a0&#8211; Carolina Dutra Elias; Marcos Ant\u00f4nio de Carvalho Rosa; Muriel Romeiro da Costa e Silva &#8211; Orientador (a): Profa. Marisa\u00a0Roveda.<\/p>\n<p>2- <a href=\"https:\/\/catolicadeanapolis.edu.br\/biblioteca\/wp-content\/uploads\/2018\/03\/QUALIDADE-DE-VIDA-NO-TRABALHO-E-OS-PROGRAMAS-IMPLANTADOS-NAS-ORGANIZA\u00c7\u00d5ES.pdf\">QUALIDADE DE VIDA NO TRABALHO E OS PROGRAMAS IMPLANTADOS NAS ORGANIZA\u00c7\u00d5ES<\/a>\u00a0&#8211; Florac\u00ed Maria da Silva; Kelly Glaucia dos Reis; Natiele Mendes Farinha; Paula Reginaldo Sousa -Orientador (a): Prof\u00aa. Ma. M\u00e1rcia\u00a0Sumire Kurogi.<\/p>\n<p>3- <a href=\"https:\/\/catolicadeanapolis.edu.br\/biblioteca\/wp-content\/uploads\/2018\/03\/MOTIVA\u00c7\u00c3O-NO-TRABALHO-EM-UMA-EMPRESA-DE-M\u00c9DIO-PORTE-NA-CIDADE-DE-GOI\u00c2NIA.pdf\">MOTIVA\u00c7\u00c3O NO TRABALHO EM UMA EMPRESA DE M\u00c9DIO PORTE NA CIDADE DE GOI\u00c2NIA<\/a>\u00a0&#8211;\u00a0<span style=\"font-size: 1rem;\">Mariana Vila Nova Santos; Maria Lu\u00edsa Nova Santos &#8211; Orientador (a): Prof\u00aa. Ma.\u00a0M\u00e1rcia Sumire Kurogi.<\/span><\/p>\n<p>4- <a href=\"https:\/\/catolicadeanapolis.edu.br\/biblioteca\/wp-content\/uploads\/2018\/10\/ANA-EM\u00cdLIA-BORGES-DE-OLIVEIRA.pdf\">A IMPORT\u00c2NCIA DAS CONSULTORIAS INTERNAS E EXTERNAS DE RECURSOS HUMANOS NO DESENVOLVIMENTO DOS PROCESSOS DE QUALIFICA\u00c7\u00c3O PROFISSIONAL<\/a> &#8211; Ana Em\u00edlia Borges de Oliveira e Rafaela Rodrigues de Torres.<\/p>\n<p>5- <a href=\"https:\/\/catolicadeanapolis.edu.br\/biblioteca\/wp-content\/uploads\/2018\/10\/ANDREIA-MENDES-LAZARETE.docx\">LEVANTAMENTO DO CLIMA ORGANIZACIONAL DE UMA EMPRESA AGROPECUARIA<\/a> &#8211; Andreia Mendes Lazarete, Cintya Juliana de Souza e Gedeon Pires.<\/p>\n<p>6- <a href=\"https:\/\/catolicadeanapolis.edu.br\/biblioteca\/wp-content\/uploads\/2018\/10\/CLAUDIA-MARIA-COELHO-TELES.pdf\">OS ASPECTOS QUE MOTIVAM O FUNCION\u00c1RIO NA BUSCA DA QUALIDADE DE VIDA<\/a> &#8211; Claudia Maria Coelho Teles, Eliane Batista da Silva e Nayane Barbosa da Concei\u00e7ao Souza.<\/p>\n<p>7- <a href=\"https:\/\/catolicadeanapolis.edu.br\/biblioteca\/wp-content\/uploads\/2018\/11\/2-projeto.pdf\">CONDUTA \u00c9TICA NO AMBIENTE PROFISSIONAL:UM FATOR QUE AGREGA VALOR E DE SUCESSO NA ORGANIZA\u00c7\u00c3O\u00a0<\/a>&#8211; Maida Aparecida Damaceno Da Costa &#8211;\u00a0<span style=\"font-size: 1rem;\">orienta\u00e7\u00e3o: Prof\u00aa. Ms.\u00a0<\/span><span style=\"font-size: 1rem;\">M\u00e1rcia Kurogi.<\/span><\/p>\n<p>8- <a href=\"https:\/\/catolicadeanapolis.edu.br\/biblioteca\/wp-content\/uploads\/2018\/11\/Artigo-Cient\u00edfico-O-Gestor-de-Pessoas-e-os-Conflitos-das-Ge.pdf\">O GESTOR DE PESSOAS E OS CONFLITOS DAS GERA\u00c7\u00d5ES: COMO LIDAR COM AS DIFEREN\u00c7AS DAS GERA\u00c7\u00d5ES X, Y E Z DENTRO DA ORGANIZA\u00c7\u00c3O<\/a> &#8211; Ana Glecia Luiz Gomes, Larissa Lorenna Silva &#8211; O<span style=\"font-size: 1rem;\">rienta\u00e7\u00e3o: Prof\u00aa. Ms.\u00a0<\/span>M\u00e1rcia Kurogi.<\/p>\n<p>9- <a href=\"https:\/\/catolicadeanapolis.edu.br\/biblioteca\/wp-content\/uploads\/2018\/11\/ARTIGO-QUALIDADE-DE-VIDA.pdf\">A IMPORT\u00c2NCIA DE UMA GEST\u00c3O DE PESSOAS EFICAZ NA PROMO\u00c7\u00c3O DE QUALIDADE DE VIDA NAS ORGANIZA\u00c7\u00d5ES<\/a> &#8211; Neusa Fontes Ferreira, Rafael Pereira De Jesus, Thamyris Alves Pereira &#8211;\u00a0O<span style=\"font-size: 1rem;\">rienta\u00e7\u00e3o: Prof\u00aa. Ms.\u00a0<\/span>M\u00e1rcia Kurogi.<\/p>\n<p>10- <a href=\"https:\/\/catolicadeanapolis.edu.br\/biblioteca\/wp-content\/uploads\/2018\/11\/Artigo-Recrutamento-e-Sele\u251c\u00ba\u251c\u00fao-da-Reve-nda_da__Brasil_Kir.pdf\">RECRUTAMENTO E SELE\u00c7\u00c3O NA REVENDA DA BRASIL KIRIN<\/a> &#8211;\u00a0Diego Maximo De Andrade, Helyne Jesus Souza Seabra &#8211;\u00a0O<span style=\"font-size: 1rem;\">rienta\u00e7\u00e3o: Prof\u00aa. Ms.\u00a0<\/span>M\u00e1rcia Kurogi.<\/p>\n<p>11- <a href=\"https:\/\/catolicadeanapolis.edu.br\/biblioteca\/wp-content\/uploads\/2018\/11\/TCC-25-06.pdf\">TURNOVER: UMA AN\u00c1LISE DOS PRINCIPAIS MOTIVOS DA ROTATIVIDADE DE PESSOAL DE UMA IND\u00daSTRIA DE PRODUTOS DE HIGIENE PESSOAL EM AN\u00c1POLIS<\/a> &#8211;\u00a0Debora Helena Gouveia E Silva, El\u00edria Ferreira Gontijo, Nataly Luis Ribeiro De Souza, Ricardo Saran Carvalho &#8211;\u00a0O<span style=\"font-size: 1rem;\">rienta\u00e7\u00e3o: Prof\u00aa. Ms.\u00a0<\/span>M\u00e1rcia Kurogi.<\/p>\n<p>12- <a href=\"https:\/\/catolicadeanapolis.edu.br\/biblioteca\/wp-content\/uploads\/2018\/11\/TCC-DANIELA-DEFINITIVO.pdf\">AVALIA\u00c7\u00c3O DO PROCESSO DE RECRUTAMENTO E SELE\u00c7\u00c3O NO FLORESTA SUPERMERCADOS<\/a> &#8211;\u00a0Daniela Paula Da Silva Barros &#8211;\u00a0O<span style=\"font-size: 1rem;\">rienta\u00e7\u00e3o: Prof\u00aa. Ms.\u00a0<\/span>M\u00e1rcia Kurogi.<\/p>\n<p>13- <a href=\"https:\/\/catolicadeanapolis.edu.br\/biblioteca\/wp-content\/uploads\/2018\/11\/TCC-doen\u00e7as-mentais-no-trabalho.pdf\">O ESTRESSE NO AMBIENTE DE TRABALHO: A IMPORT\u00c2NCIA DE COMPREENDER SUAS CONSEQU\u00caNCIAS<\/a> &#8211;\u00a0Dais Silva Ferreira, \u00c9rica Roberta Da Cruz Silva, Raissa Filgueira Guimar\u00e3es Penna &#8211;\u00a0O<span style=\"font-size: 1rem;\">rienta\u00e7\u00e3o: Prof\u00aa. Ms.\u00a0<\/span>M\u00e1rcia Kurogi.<\/p>\n<p>14- <a href=\"https:\/\/catolicadeanapolis.edu.br\/biblioteca\/wp-content\/uploads\/2018\/11\/TCC-PRONTO-Artigo-Final-dia-08.11.2014-Hayne-Euriksom-e-Luiz-Cl\u00e1udio-Atualizado-em-27-11-.pdf\">PLANO DE CARGOS, SAL\u00c1RIOS E BENEF\u00cdCIOS: ASPECTOS RELEVANTES NA IMPLANTA\u00c7\u00c3O DE UM PLANO DE CARGOS, SAL\u00c1RIOS E BENEF\u00cdCIOS PELO GESTOR DE RECURSOS HUMANOS<\/a> &#8211;\u00a0Hayne Euriksom Gomes Silva, Luiz Cl\u00e1udio Eug\u00eanio &#8211;\u00a0O<span style=\"font-size: 1rem;\">rienta\u00e7\u00e3o: Prof\u00aa. Ms.\u00a0<\/span>M\u00e1rcia Kurogi.<\/p>\n<p>15- <a href=\"https:\/\/catolicadeanapolis.edu.br\/biblioteca\/wp-content\/uploads\/2019\/05\/TCC-clima-organizacional-corre\u00e7\u00f5es-banca-15-NOV.doc\">AN\u00c1LISE DO CLIMA ORGANIZACIONAL EM UMA EMPRESA DE MATERIAIS DE CONSTRU\u00c7\u00c3O EM AN\u00c1POLIS<\/a> &#8211;\u00a0Erika Gon\u00e7alves da Silva &#8211; Orientador\/a:\u00a0Prof\u00aa. Ma. M\u00e1rcia Sumire Kurogi.<\/p>\n<p>16- <a href=\"https:\/\/catolicadeanapolis.edu.br\/biblioteca\/wp-content\/uploads\/2020\/01\/M\u00d4NICA-DE-F\u00c1TIMA-MORAIS-NASCIMENTO-2.pdf\">\u00a0TREINAMENTO E DESENVOLVIMENTO DE L\u00cdDERES-<\/a> M\u00d4NICA DE F\u00c1TIMA MORAIS NASCIMENTO.<\/p>\n<p>17- <a href=\"https:\/\/catolicadeanapolis.edu.br\/biblioteca\/wp-content\/uploads\/2020\/01\/LILIAM-RODRIGUES-FREIRE-SIMONE-ALMEIDA-SOUZA-1.pdf\">\u00a0TREINAMENTO: A IMPORT\u00c2NCIA DE SE PROMOVER O APRIMORAMENTO DOS CONHECIMENTOS ENVOLVIDOS NA EXECU\u00c7\u00c3O DAS ATIVIDADES PROFISSIONAIS-<\/a> LILIAM RODRIGUES FREIRE, SIMONE ALMEIDA SOUZA.<\/p>\n<p>18-<a href=\"https:\/\/catolicadeanapolis.edu.br\/biblioteca\/wp-content\/uploads\/2020\/01\/ELIANE-OLIVEIRA-QUINTINO-J\u00daLIO-C\u00c9SAR-OLIVEIRA-HIL\u00c1RIO-PAULO-C\u00c9SAR-PIRES-NORMANDIA-1.pdf\">\u00a0A IMPORT\u00c2NCIA DA GEST\u00c3O DE COMPET\u00caNCIAS NA \u00c1REA DE QUALIDADE NA IND\u00daSTRIA FARMAC\u00caUTICA-<\/a> ELIANE OLIVEIRA QUINTINO, JULIO CESAR OLIVEIRA HIL\u00c1RIO, PAULO C\u00c9SAR PIRES NORMANDIA.<\/p>\n<p>19-\u00a0<a href=\"https:\/\/catolicadeanapolis.edu.br\/biblioteca\/wp-content\/uploads\/2020\/01\/EDVALDO-BERNARDO-PEREIRA-MARLI-DA-COSTA-MAGALH\u00c3ES-DO-NASCIMENTO-E-PAULA-ANDRESSA-DANTAS-DA-SILVA-1.pdf\">QUALIDADE DE VIDA NO TRABALHO: UMA FERRAMENTA DE GEST\u00c3O OU ESTRAT\u00c9GIA DE MARKETING.-<\/a> EDVALDO BERNARDO PEREIRA, MARLI DA COSTA MAGALH\u00c3ES DO NASCIMENTO, PAULA ANDRESSA DANTAS DA SILVA.<\/p>\n<p>20-\u00a0<a href=\"https:\/\/catolicadeanapolis.edu.br\/biblioteca\/wp-content\/uploads\/2020\/01\/C\u00cdCERA-LIMA-COSTA-ROBERTO-RODRIGUES-GOMES-TATIANE-DA-PENHA-SILVA.pdf\">SEGURAN\u00c7A E SA\u00daDE NO TRABALHO: A IMPORT\u00c2NCIA DAS A\u00c7\u00d5ES DA \u00c1REA DE GEST\u00c3O DE PESSOAS NA SA\u00daDE E SEGURAN\u00c7A DO TRABALHADOR-<\/a> CICERA DE LIMA COSTA, ROBERTO RODRIGUES GOMES, TATIANE DA PENHA SILVA.<\/p>\n<p>21-<a href=\"https:\/\/catolicadeanapolis.edu.br\/biblioteca\/wp-content\/uploads\/2020\/01\/ARIEL-M\u00c1GNO-IZA\u00cdAS-LUCIANO-DA-SILVA-1.pdf\">\u00a0ROTATIVIDADE E ABSENTE\u00cdSMO: ESTUDO DAS CAUSAS NO SETOR DE ENFERMAGEM-<\/a> ARIEL M\u00c1GNO IZAIAS, LUCIANO DA SILVA.<\/p>\n","protected":false},"excerpt":{"rendered":"<p>1- GEST\u00c3O DE PESSOAS &#8211; ESTRAT\u00c9GIA ESSENCIAL NO SUCESSO DO EMPREENDEDORISMO\u00a0&#8211; Carolina Dutra Elias; Marcos Ant\u00f4nio de Carvalho Rosa; Muriel Romeiro da Costa e Silva &#8211; Orientador (a): Profa. Marisa\u00a0Roveda. 2- QUALIDADE DE VIDA NO TRABALHO E OS PROGRAMAS IMPLANTADOS NAS ORGANIZA\u00c7\u00d5ES\u00a0&#8211; Florac\u00ed Maria da Silva; Kelly Glaucia dos Reis; Natiele Mendes Farinha; Paula Reginaldo [&hellip;]<\/p>\n","protected":false},"author":2,"featured_media":0,"parent":314,"menu_order":3,"comment_status":"open","ping_status":"open","template":"","meta":[],"_links":{"self":[{"href":"https:\/\/catolicadeanapolis.edu.br\/biblioteca\/index.php?rest_route=\/wp\/v2\/pages\/454"}],"collection":[{"href":"https:\/\/catolicadeanapolis.edu.br\/biblioteca\/index.php?rest_route=\/wp\/v2\/pages"}],"about":[{"href":"https:\/\/catolicadeanapolis.edu.br\/biblioteca\/index.php?rest_route=\/wp\/v2\/types\/page"}],"author":[{"embeddable":true,"href":"https:\/\/catolicadeanapolis.edu.br\/biblioteca\/index.php?rest_route=\/wp\/v2\/users\/2"}],"replies":[{"embeddable":true,"href":"https:\/\/catolicadeanapolis.edu.br\/biblioteca\/index.php?rest_route=%2Fwp%2Fv2%2Fcomments&post=454"}],"version-history":[{"count":16,"href":"https:\/\/catolicadeanapolis.edu.br\/biblioteca\/index.php?rest_route=\/wp\/v2\/pages\/454\/revisions"}],"predecessor-version":[{"id":2686,"href":"https:\/\/catolicadeanapolis.edu.br\/biblioteca\/index.php?rest_route=\/wp\/v2\/pages\/454\/revisions\/2686"}],"up":[{"embeddable":true,"href":"https:\/\/catolicadeanapolis.edu.br\/biblioteca\/index.php?rest_route=\/wp\/v2\/pages\/314"}],"wp:attachment":[{"href":"https:\/\/catolicadeanapolis.edu.br\/biblioteca\/index.php?rest_route=%2Fwp%2Fv2%2Fmedia&parent=454"}],"curies":[{"name":"wp","href":"https:\/\/api.w.org\/{rel}","templated":true}]}}