{"id":549,"date":"2018-03-28T23:32:14","date_gmt":"2018-03-28T23:32:14","guid":{"rendered":"https:\/\/catolicadeanapolis.edu.br\/biblioteca\/?page_id=549"},"modified":"2022-06-09T11:20:05","modified_gmt":"2022-06-09T11:20:05","slug":"2015-2","status":"publish","type":"page","link":"https:\/\/catolicadeanapolis.edu.br\/biblioteca\/?page_id=549","title":{"rendered":"DOC\u00caNCIA UNIVERSIT\u00c1RIA  2015"},"content":{"rendered":"<p>1- <a href=\"https:\/\/catolicadeanapolis.edu.br\/biblioteca\/wp-content\/uploads\/2018\/05\/A-AVLIA\u00c7\u00c3O-DA-APRENDIZAGEM-NO-CURSO-DE-ADMINISTRA\u00c7\u00c3O-EM-UMA-INSTITUI\u00c7\u00c3O-DE-ENSINO-SUPERIOR-DE-AN\u00c1POLIS.pdf\">A AVALIA\u00c7\u00c3O DA APRENDIZAGEM NO CURSO DE ADMINISTRA\u00c7\u00c3O EM UMA INSTITUI\u00c7\u00c3O DE ENSINO SUPERIOR DE AN\u00c1POLIS.<\/a>\u00a0&#8211; NATALIA PEREIRA DE MELO. &#8211; ORIENTA\u00c7\u00c3O: PROF. MS. MARIA IN\u00c1CIA LOPES.<\/p>\n<p>2- <a href=\"https:\/\/catolicadeanapolis.edu.br\/biblioteca\/wp-content\/uploads\/2018\/05\/A-AVALIA\u00c7\u00c3O-NO-ENSINO-SUPERIOR-AN\u00c1LISE-DOS-M\u00c9TODOS-DE-AVALIA\u00c7\u00c3O-DOS-ALUNOS-DO-CURSO-DE-ADMINISTRA\u00c7\u00c3O-DE-UMA-INSTITUI\u00c7\u00c3O-SUPERIOR-DA-CIDADE-DE-AN\u00c1POLIS.pdf\">A AVALIA\u00c7\u00c3O NO ENSINO SUPERIOR AN\u00c1LISE DOS M\u00c9TODOS DE AVALIA\u00c7\u00c3O DOS ALUNOS DO CURSO DE ADMINISTRA\u00c7\u00c3O DE UMA INSTITUI\u00c7\u00c3O SUPERIOR DA CIDADE DE AN\u00c1POLIS.<\/a>\u00a0&#8211; JOS\u00c9 RICARDO DA SILVA, LUIZ FELIPE GANIM OLIVEIRA, USIEL BERNARDO WALKER. &#8211; ORIENTA\u00c7\u00c3O: PROF\u00aa ESP. ARACELLY RODRIGUES LOURES RANGEL.<\/p>\n<p>3- <a href=\"https:\/\/catolicadeanapolis.edu.br\/biblioteca\/wp-content\/uploads\/2018\/05\/A-EDUCA\u00c7\u00c3O-A-DISTANCIA-EaD-MEDIADA-PELA-INTERNET.pdf\">A EDUCA\u00c7\u00c3O A DISTANCIA (EaD) MEDIADA PELA INTERNET.<\/a>\u00a0&#8211; THIAGO THITO DE PAULA OLIVEIRA NEVES. &#8211; ORIENTA\u00c7\u00c3O: PROF. MS. MARISA ROVEDA.<\/p>\n<p>4- <a href=\"https:\/\/catolicadeanapolis.edu.br\/biblioteca\/wp-content\/uploads\/2018\/05\/A-EFIC\u00c1CIA-DAS-DID\u00c1TICAS-PEDAG\u00d3GICAS-E-ANDRAG\u00d3GICAS-APLICADAS-NO-ENSINO-SUPERIOR.pdf\">A EFIC\u00c1CIA DAS DID\u00c1TICAS PEDAG\u00d3GICAS E ANDRAG\u00d3GICAS APLICADAS NO ENSINO SUPERIOR.<\/a>\u00a0&#8211; MANOEL MESSIAS DA SILVA, MARCOS ANTONIO FERREIRA. &#8211; ORIENTA\u00c7\u00c3O: PROF\u00aa MA. JANAINA T. SILVA DE OLIVEIRA.<\/p>\n<p>5- <a href=\"https:\/\/catolicadeanapolis.edu.br\/biblioteca\/wp-content\/uploads\/2018\/05\/A-FILOSOFIA-FREIRIANA-E-O-ENSINO-BRASILEIRO-UMA-AN\u00c1LISE-CR\u00cdTICA-SOBRE-OS-REFLEXOS-DA-FILOOFIA-DE-PAULO-FREIRE-NO-ENSINO-SUPERIOR-NACIONAL.pdf\">A FILOSOFIA FREIRIANA E O ENSINO BRASILEIRO &#8211; UMA AN\u00c1LISE CR\u00cdTICA SOBRE OS REFLEXOS DA FILOOFIA DE PAULO FREIRE NO ENSINO SUPERIOR NACIONAL.<\/a>\u00a0&#8211; MARTINHO FAZENDA DUCAL, FERNANDO HENRIQUE LOPES. &#8211; ORIENTA\u00c7\u00c3O: PROF\u00ba MS. ALLYNE CHAVEIRO FARINHA.<\/p>\n<p>6- <a href=\"https:\/\/catolicadeanapolis.edu.br\/biblioteca\/wp-content\/uploads\/2018\/05\/A-FORMA\u00c7\u00c3O-ACADEMICA-DOS-FUTUROS-MEC\u00c2NICOS-DE-MANUTEN\u00c7\u00c3O-DE-AERONAVES-EM-UMA-INSTUI\u00c7\u00c3O-DE-ENSINO-SUPERIOR-DE-AN\u00c1POLIS.pdf\">A FORMA\u00c7\u00c3O ACADEMICA DOS FUTUROS MEC\u00c2NICOS DE MANUTEN\u00c7\u00c3O DE AERONAVES EM UMA INSTUI\u00c7\u00c3O DE ENSINO SUPERIOR DE AN\u00c1POLIS.<\/a>\u00a0&#8211; ROLEMBERG BARROSO DA CRUZ. &#8211; ORIENTA\u00c7\u00c3O: PROF\u00aa MS. MARIA IN\u00c1CIA.<\/p>\n<p>7- <a href=\"https:\/\/catolicadeanapolis.edu.br\/biblioteca\/wp-content\/uploads\/2018\/05\/A-FORMA\u00c7\u00c3O-PEDAG\u00d3GICA-DO-DOCENTE-UNIVERSIT\u00c1RIO.pdf\">A FORMA\u00c7\u00c3O PEDAG\u00d3GICA DO DOCENTE UNIV<span style=\"font-size: 1rem;\">ERSIT\u00c1RIO.<\/span><\/a>\u00a0&#8211; GISELLE DE SOUZA MARTINS BATISTA, KERLEY RODRIGUES DOS SANTOS, M\u00d4NICA RODRIGUES DUTRA SILVA,PATRICIA PEREIRA DE PAULA. &#8211; ORIENTA\u00c7\u00c3O: PROF\u00aa MS. ALLYNE CHAVEIRO FARINHA.<\/p>\n<p>8- <a href=\"https:\/\/catolicadeanapolis.edu.br\/biblioteca\/wp-content\/uploads\/2018\/05\/A-HUMANIZA\u00c7\u00c3O-DO-ENSINO-SUPERIOR-UMA-EDUCA\u00c7\u00c3O-PARA-AL\u00c9M-DOS-LIVROS.pdf\">A HUMANIZA\u00c7\u00c3O DO ENSINO SUPERIOR &#8211; UMA EDUCA\u00c7\u00c3O PARA AL\u00c9M DOS LIVROS .<\/a>\u00a0&#8211; MAIDA APARECIDA DAMACENO DA COSTA. &#8211; ORIENTA\u00c7\u00c3O: PROF\u00ba ME. HALAN BASTOS LIMA.<\/p>\n<p>9- <a href=\"https:\/\/catolicadeanapolis.edu.br\/biblioteca\/wp-content\/uploads\/2018\/05\/A-IMPORTANCIA-DO-PROCESSO-SELETIVO-NA-CONSTRU\u00c7\u00c3O-DE-UM-DISCENTE-REFLEXIVO.pdf\">A IMPORTANCIA DO PROCESSO SELETIVO &#8211; NA CONSTRU\u00c7\u00c3O DE UM DISCENTE REFLEXIVO.<\/a>\u00a0&#8211; ANDRESSA CORONEL OVELAR, KEILA CRISTINA. &#8211;\u00a0ORIENTA\u00c7\u00c3O: PROF\u00ba ME. HALAN BASTOS LIMA.<\/p>\n<p>10- <a href=\"https:\/\/catolicadeanapolis.edu.br\/biblioteca\/wp-content\/uploads\/2018\/05\/A-IMPORTANCIA-DOS-SABERES-PEDAG\u00d3GICOS-DOS-DOCENTES-NA-CONSTRU\u00c7\u00c3O-DE-UMA-APRENDIZAGEM-SIGNIFICATIVA-DOS-DISCENTES.pdf\">\u00a0A IMPORTANCIA DOS SABERES PEDAG\u00d3GICOS DOS DOCENTES NA CONSTRU\u00c7\u00c3O DE UMA APRENDIZAGEM SIGNIFICATIVA DOS DISCENTES.<\/a>\u00a0&#8211; LUCYMEIRE TEIXEIRA ROCHA. &#8211;\u00a0ORIENTA\u00c7\u00c3O: PROF\u00ba ME. HALAN BASTOS LIMA.<\/p>\n<p>11- <a href=\"https:\/\/catolicadeanapolis.edu.br\/biblioteca\/wp-content\/uploads\/2018\/05\/A-INFLU\u00caNCIA-DA-IGREJA-NO-ENSINO-DA-IDADE-M\u00c9DIA-UMA-VIS\u00c3O-TURVA.pdf\">A INFLU\u00caNCIA DA IGREJA NO ENSINO DA IDADE M\u00c9DIA &#8211; UMA VIS\u00c3O TURVA.<\/a>\u00a0&#8211; PEDRO HENRIQUE ROSA. &#8211; ORIENTA\u00c7\u00c3O: PROF\u00ba DR. JOS\u00c9 JIVALDO LIMA.<\/p>\n<p>12- <a href=\"https:\/\/catolicadeanapolis.edu.br\/biblioteca\/wp-content\/uploads\/2018\/05\/AS-EXPERI\u00caNCIAS-CONST\u00c2NCIA-E-SUPERA\u00c7\u00c3O-DOS-DOCENTES-UNIVERSIT\u00c1RIOS.pdf\">AS EXPERI\u00caNCIAS, CONST\u00c2NCIA E SUPERA\u00c7\u00c3O DOS DOCENTES UNIVERSIT\u00c1RIOS.<\/a>\u00a0&#8211; EDNA APARECIDA SILVA, MARCOS PAULO RODRIGUES, ROSSANA FERREIRA DA PAIX\u00c3O ARA\u00daJO. &#8211; ORIENTA\u00c7\u00c3O:\u00a0PROF\u00ba ME. HALAN BASTOS LIMA.<\/p>\n<p>13- <a href=\"https:\/\/catolicadeanapolis.edu.br\/biblioteca\/wp-content\/uploads\/2018\/05\/AVALIA\u00c7\u00c3O-NA-EDUCA\u00c7\u00c3O-A-DISTANCIA.pdf\">AVALIA\u00c7\u00c3O NA EDUCA\u00c7\u00c3O A DISTANCIA.<\/a>\u00a0&#8211; IRACY NAYARA MACHADO. &#8211; ORIENTA\u00c7\u00c3O: PROF\u00aa ESP. ARACELLY RODRIGUES LOURES RANGEL.<\/p>\n<p>14- <a href=\"https:\/\/catolicadeanapolis.edu.br\/biblioteca\/wp-content\/uploads\/2018\/05\/CRESCIMENTO-DOS-CURSOS-DE-DIREITO-EM-AN\u00c1POLIS-E-A-FISCALIZA\u00c7\u00c3O-PELO-ORG\u00c3O-REGULADOR.pdf\">CRESCIMENTO DOS CURSOS DE DIREITO EM AN\u00c1POLIS E A FISCALIZA\u00c7\u00c3O PELO ORG\u00c3O REGULADOR.<\/a>\u00a0&#8211; ELIANE MARIA DE MENDON\u00c7A ANDRADE. &#8211; ORIENTA\u00c7\u00c3O: PROF\u00ba DR. JOS\u00c9 JIVALDO LIMA.<\/p>\n<p>15-\u00a0<a href=\"https:\/\/catolicadeanapolis.edu.br\/biblioteca\/wp-content\/uploads\/2018\/05\/DOCENCIA-E-LIDERAN\u00c7A-UMA-PR\u00d3XIMA-POSS\u00cdVEL.pdf\">DOC\u00caNCIA E LIDERAN\u00c7A &#8211; UMA PR\u00d3XIMA POSS\u00cdVEL.<\/a>\u00a0&#8211; H\u00c9LIO ALMEIDA DE PAULA. &#8211;\u00a0ORIENTA\u00c7\u00c3O: PROF\u00aa MS. ALLYNE CHAVEIRO FARINHA.<\/p>\n<p>16- <a href=\"https:\/\/catolicadeanapolis.edu.br\/biblioteca\/wp-content\/uploads\/2018\/05\/FORMACAO-DO-PROFESSOR-PARA-A-DOCENCIA-UNIVERSITARIA-SEGUNDO-OS-PARADIGMAS-EDUCACIONAIS-DA-POS-MODERNIDADE.pdf\">FORMACAO DO PROFESSOR PARA A DOCENCIA UNIVERSITARIA SEGUNDO OS PARADIGMAS EDUCACIONAIS DA POS MODERNIDADE.<\/a>\u00a0&#8211; CLEUBER IN\u00c1CIO FERREIRA, LUCAS EMANUEL FERREIRA, MARCOS M. DOS SANTOS. &#8211; ORIENTA\u00c7\u00c3O: PROF\u00aa ME. MARIA IN\u00c1CIA LOPES.<\/p>\n<p>17- <a href=\"https:\/\/catolicadeanapolis.edu.br\/biblioteca\/wp-content\/uploads\/2018\/12\/TCC.pdf\">FORMA\u00c7\u00c3O T\u00c9CNICA: UM ESTUDO DAS CARACTER\u00cdSTICAS DE ENSINO T\u00c9CNICO BRASILEIRO E CANADENSE.<\/a>\u00a0&#8211; MONISE MARA COSTA E SILVA, WELINTON ROSA DA SILVA. &#8211;\u00a0ORIENTA\u00c7\u00c3O:\u00a0PROF\u00ba ME. HALAN BASTOS LIMA.<\/p>\n<p>18- <a href=\"https:\/\/catolicadeanapolis.edu.br\/biblioteca\/wp-content\/uploads\/2020\/01\/CAMILA-SABINO-TEIXEIRA.pdf\">METODOLOGIAS ATIVAS NA FORMA\u00c7\u00c3O DE BI\u00d3LOGOS LICENCIADOS-<\/a>\u00a0CAMILA SABINO TEIXEIRA.<\/p>\n<p><a href=\"https:\/\/catolicadeanapolis.edu.br\/biblioteca\/wp-content\/uploads\/2018\/05\/GEST\u00c3O-ESCOLAR-EM-ESCOLAS-DE-TEMPO-INTEGRAL-COMO-ENVOLVER-A-FAM\u00cdLIA-NO-CONTEXTO-ESCOLAR.pdf\">19- GEST\u00c3O ESCOLAR EM ESCOLAS DE TEMPO INTEGRAL &#8211; COMO ENVOLVER A FAM\u00cdLIA NO CONTEXTO ESCOLAR &#8211;<\/a> Nara N\u00fabia Alves da Costa Fonseca, Thamara Souza Batista; Orientador (a):\u00a0 Prof\u00aa Ms. Ivana Alves Monnerat de Azevedo.<\/p>\n<p><a href=\"https:\/\/catolicadeanapolis.edu.br\/biblioteca\/wp-content\/uploads\/2018\/05\/GEST\u00c3O-ESCOLAR-PARA-UMA-ESCOLA-INCLUSIVA-AN\u00c1LISE-DA-VIV\u00caNCIA-PR\u00c1TICA-EM-ESCOLAS-DAS-DE-ENSINO-P\u00daBLICA-MUNICIPAL-E-PARTICULAR-DA-CIDADE-DE-AN\u00c1POLIS-GO.pdf\">20- GEST\u00c3O ESCOLAR PARA UMA ESCOLA INCLUSIVA- AN\u00c1LISE DA VIV\u00caNCIA PR\u00c1TICA EM ESCOLAS DAS DE ENSINO P\u00daBLICA MUNICIPAL E PARTICULAR DA CIDADE DE AN\u00c1POLIS- GO &#8211;<\/a> Claudia Batista da Silva Mendes, Juliana dos Santos Santana &#8211; Orientador (a):\u00a0 Prof\u00aa Ms. Ivana Alves Monnerat de Azevedo.<\/p>\n<p><a href=\"https:\/\/catolicadeanapolis.edu.br\/biblioteca\/wp-content\/uploads\/2018\/05\/INDISCIPLINA-EM-SALA-DE-AULA-E-SUA-INTERFERENCIA-NO-PROCESSO-DE-ENSINO-E-APRENDIZAGEM.pdf\">21- INDISCIPLINA EM SALA DE AULA E SUA INTERFERENCIA NO PROCESSO DE ENSINO E APRENDIZAGEM &#8211;<\/a> Jessika Falleiros Freitas, Vanessa Carnielo Ramos; Orientador (a):\u00a0 Prof\u00aa Ms. Ivana Alves Monnerat de Azevedo.<\/p>\n<p><a href=\"https:\/\/catolicadeanapolis.edu.br\/biblioteca\/wp-content\/uploads\/2018\/05\/INSTITUTO-SUPERIOR-DE-EDUCA\u00c7\u00c3O-ESPECIALIZA\u00c7\u00c3O-EM-DOC\u00caNCIA-UNIVERSIT\u00c1RIA.pdf\">22- INSTITUTO SUPERIOR DE EDUCA\u00c7\u00c3O ESPECIALIZA\u00c7\u00c3O EM DOC\u00caNCIA UNIVERSIT\u00c1RIA &#8211;<\/a> Yuri de Macedo Carniello; Orientador (a):\u00a0 Profa. Ma. Allyne Chaveiro Farinha.<\/p>\n<p><a href=\"https:\/\/catolicadeanapolis.edu.br\/biblioteca\/wp-content\/uploads\/2018\/12\/Artigo-Pronto-Elon-28-03-2015.pdf\">23- INTERA\u00c7\u00c3O ENTRE SURDOS E OUVINTES NA EDUCA\u00c7\u00c3O SUPERIOR: UM ESTUDO DE CASO EM CURSO DE ESPECIALIZA\u00c7\u00c3O EM DOC\u00caNCIA UNIVERSIT\u00c1RIA DA FACULDADE CAT\u00d3LICA DE AN\u00c1POLIS\u00a0&#8211;\u00a0<\/a>Elon Ferreira Da Silva, Jh\u00e9ssycka Nattasha De Oliveira Franco, Ricardo Luis Fonseca, Valesca Hilbert &#8211; Orientador:\u00a0 prof. Ms. Allyne Chaveiro Farinha.<\/p>\n<p><a href=\"https:\/\/catolicadeanapolis.edu.br\/biblioteca\/wp-content\/uploads\/2018\/05\/O-CONTROLE-ADMINISTRATIVO-DO-ESTADO-FRENTE-\u00c0-AUTONOMIA-UNIVERSIT\u00c1RIA-ENCONTROS-E-DESENCONTROS.pdf\">24- O CONTROLE ADMINISTRATIVO DO ESTADO FRENTE \u00c0 AUTONOMIA UNIVERSIT\u00c1RIA &#8211; ENCONTROS E DESENCONTROS &#8211;<\/a> Glauco Felipe Ara\u00fajo Garcia; Orientador:\u00a0 Prof. Me. Halan Bastos Lima.<\/p>\n<p><a href=\"https:\/\/catolicadeanapolis.edu.br\/biblioteca\/wp-content\/uploads\/2018\/05\/O-ENSINO-RELIGIOSO-DO-CONFESSIONAL-AO-LAICO-E-SUA-INCID\u00caNCIA-NAS-ESCOLAS-P\u00daBLICAS-DE-AN\u00c1POLIS.pdf\">25- O ENSINO RELIGIOSO &#8211; DO CONFESSIONAL AO LAICO E SUA INCID\u00caNCIA NAS ESCOLAS P\u00daBLICAS DE AN\u00c1POLIS &#8211;<\/a> Emanuel Afonso da Silva, Jacob do Nascimento Ribeiro; Orienatdor:\u00a0 Prof. Dr. Jos\u00e9 Jivaldo Lima.<\/p>\n<p><a href=\"https:\/\/catolicadeanapolis.edu.br\/biblioteca\/wp-content\/uploads\/2018\/05\/O-ENSINO-SUPERIOR-EM-GASTRONOMIA-E-AS-EXPECTATIVAS-DO-MERCADO-DE-TRABALHO-EM-AN\u00c1POLIS.pdf\">26- O ENSINO SUPERIOR EM GASTRONOMIA E AS EXPECTATIVAS DO MERCADO DE TRABALHO EM AN\u00c1POLIS &#8211; GO. A EMPREGABILIDADE DO MERCADO GASTRON\u00d4MICO EM AN\u00c1POLIS. &#8211;<\/a> Cristiane Ribeiro Pinto, Danyella Karla de Oliveira, Emerson Rocha Ferreira;\u00a0Orientador:\u00a0 Prof. Dr. Jos\u00e9 Jivaldo Lima.<\/p>\n<p><a href=\"https:\/\/catolicadeanapolis.edu.br\/biblioteca\/wp-content\/uploads\/2018\/05\/O-PERFIL-DO-DOCENTE-NO-ENSINO-PROFISSIONALIZANTE-DE-MEC\u00c2NICA-INDUSTRIAL-AN\u00c1POLIS-GO.pdf\">27- O PERFIL DO DOCENTE NO ENSINO PROFISSIONALIZANTE DE MEC\u00c2NICA INDUSTRIAL &#8211; AN\u00c1POLIS &#8211; GO &#8211;<\/a> Bruno Ferreiro da Silva, Jean Paulo Ap\u00f3stolo Moreira, Rafael Silva;\u00a0 Prof. Esp. Aracelly Rodrigues Loures Rangel.<\/p>\n<p><a href=\"https:\/\/catolicadeanapolis.edu.br\/biblioteca\/wp-content\/uploads\/2018\/05\/O-PERFIL-DO-DOCENTE-UNIVERSIT\u00c1RIO-NO-S\u00c9CULO-XXI.pdf\">28- O PERFIL DO DOCENTE UNIVERSIT\u00c1RIO NO S\u00c9CULO XXI &#8211;<\/a> Erika Gon\u00e7alves da Silva, Mar\u00edlia Daniela Celestino de Almeida Caetano; Orientador: Prof.\u00a0Me. Halan Bastos de Lima.<\/p>\n<p><a href=\"https:\/\/catolicadeanapolis.edu.br\/biblioteca\/wp-content\/uploads\/2018\/05\/PLANEJAMENTO-E-PR\u00c1TICA-NA-GEST\u00c3O-ESCOLAR.pdf\">29- PLANEJAMENTO E PR\u00c1TICA NA GEST\u00c3O ESCOLAR &#8211;<\/a> Jucilene Ferreira de Sousa Dias;\u00a0 Orientador (a): Prof\u00aa Ma. Ivana Alves Monnerat de<br \/>\nAzevedo.<\/p>\n<p><a href=\"https:\/\/catolicadeanapolis.edu.br\/biblioteca\/wp-content\/uploads\/2018\/05\/POL\u00cdTICAS-EDUCACIONAIS-NO-PROCESSO-DE-ORGANIZA\u00c7\u00c3O-DA-GEST\u00c3O-NA-EDUCA\u00c7\u00c3O-INFANTIL.pdf\">30- POL\u00cdTICAS EDUCACIONAIS NO PROCESSO DE ORGANIZA\u00c7\u00c3O DA GEST\u00c3O NA EDUCA\u00c7\u00c3O INFANTIL &#8211;<\/a> J\u00e9ssica Castro, Marina Nunes;\u00a0Orientador (a): Prof.\u00aa Ms. Ivana Alves Monnerat de Azevedo.<\/p>\n<p><a href=\"https:\/\/catolicadeanapolis.edu.br\/biblioteca\/wp-content\/uploads\/2018\/05\/PROPOSTA-DE-UM-TRABALHO-INTERDISCIPLINAR-EM-PROL-DO-BEM-ESTAR-FEMININO.pdf\">31- PROPOSTA DE UM TRABALHO INTERDISCIPLINAR EM PROL DO BEM &#8211; ESTAR FEMININO &#8211;<\/a> Aline de Almeida A. Alcantara, Anna Cristina Oliveira Martins, Jennifer Pires de Freitas Lima<\/p>\n<p><a href=\"https:\/\/catolicadeanapolis.edu.br\/biblioteca\/wp-content\/uploads\/2018\/05\/REALIDADE-OU-DESEJO-A-INTERDISCIPLINARIDADE-NO-CURSO-DE-ARQUITETURA-E-URBANISMO-DA-UNIVERSIDADE-ESTADUAL-DE-GOI\u00c1S-UEG.pdf\">32- REALIDADE OU DESEJO &#8211; A INTERDISCIPLINARIDADE NO CURSO DE ARQUITETURA E URBANISMO DA UNIVERSIDADE ESTADUAL DE GOI\u00c1S (UEG) &#8211;<\/a> Sarah Faria Alc\u00e2ntara Macedo Rodovaho; Orientador:\u00a0 Prof. Me. Halan Bastos Lima.<\/p>\n<p><a href=\"https:\/\/catolicadeanapolis.edu.br\/biblioteca\/wp-content\/uploads\/2018\/05\/RETRATO-DA-REALIDADE-DO-CURSO-DE-MATEM\u00c1TICA-DE-UMA-INSTITUI\u00c7\u00c3O-P\u00daBLICA-DE-ENSINO-SUPERIOR-DE-AN\u00c1POLIS-GO.pdf\">33- RETRATO DA REALIDADE DO CURSO DE MATEM\u00c1TICA DE UMA INSTITUI\u00c7\u00c3O P\u00daBLICA DE ENSINO SUPERIOR DE AN\u00c1POLIS &#8211; GO &#8211;<\/a> Leonardo Julio Umbelino, Maiara Gomes de Carvalho; Orientador:\u00a0 Prof. Me. Halan Bastos Lima.<\/p>\n<p><a href=\"https:\/\/catolicadeanapolis.edu.br\/biblioteca\/wp-content\/uploads\/2018\/05\/S\u00cdNDROME-DE-BURNOUT-UMA-DOEN\u00c7A-SOCIAL-E-INSTITUCIONAL.pdf\">34- S\u00cdNDROME DE BURNOUT &#8211; UMA DOEN\u00c7A SOCIAL E INSTITUCIONAL &#8211;<\/a> Fiamma Rodrigues de Sena, Rosinelli Monteiro de Souza; Orientador: Prof. Me. Halan Bastos Lima.<\/p>\n<p><a href=\"https:\/\/catolicadeanapolis.edu.br\/biblioteca\/wp-content\/uploads\/2019\/11\/YURI-DE-MACEDO-CARNIELLO.pdf\">35-\u00a0A INTERNACIONALIZA\u00c7\u00c3O DO ENSINO SUPERIOR BRASILEIRO:<\/a>\u00a0YURI DE MACEDO CARNIELLO<\/p>\n<p><a href=\"https:\/\/catolicadeanapolis.edu.br\/biblioteca\/wp-content\/uploads\/2019\/11\/THIAGO-THITO-DE-PAULA-OLIVEIRA-NEVES-MONOGRAFIA.pdf\">36-\u00a0A EDUCA\u00c7\u00c3O A DIST\u00c2NCIA (EaD) MEDIADA PELA INTERNET:\u00a0<\/a>THIAGO THITO DE PAULA OLIVEIRA NEVES<\/p>\n<p><a href=\"https:\/\/catolicadeanapolis.edu.br\/biblioteca\/wp-content\/uploads\/2019\/11\/SARAH-FARIA-ALC\u00c2NTARA-MACEDO-RODOVALHO-ARTIGO-FINAL-COM-IMAGENS_R02-1.pdf\">37-\u00a0REALIDADE OU DESEJO: A INTERDISCIPLINARIDADE NO CURSO DE<\/a><br \/>\nARQUITETURA E URBANISMO DA UNIVERSIDADE ESTADUAL DE GOI\u00c1S<br \/>\n(UEG):\u00a0SARAH FARIA ALC\u00c2NTARA MACEDO RODOVALHO<\/p>\n<p><a href=\"https:\/\/catolicadeanapolis.edu.br\/biblioteca\/wp-content\/uploads\/2019\/11\/PEDRO-HENRIQUE-ROSA.pdf\">38-\u00a0A INFLU\u00caNCIA DA IGREJA NO ENSINO DA IDADE M\u00c9DIA: UMA<\/a><br \/>\nVIS\u00c3O TURVA:\u00a0PEDRO HENRIQUE ROSA<\/p>\n<p><a href=\"https:\/\/catolicadeanapolis.edu.br\/biblioteca\/wp-content\/uploads\/2019\/11\/NATALIA-PEREIRA-DE-MELO-TCC-24.04.15-1.pdf\">39-\u00a0A AVALIA\u00c7\u00c3O DA APRENDIZAGEM NO CURSO DE ADMINISTRA\u00c7\u00c3O EM UMA INSTITUI\u00c7\u00c3O DE ENSINO SUPERIOR DE AN\u00c1POLIS:<\/a>\u00a0NATALIA PEREIRA DE MELO<\/p>\n<p><a href=\"https:\/\/catolicadeanapolis.edu.br\/biblioteca\/wp-content\/uploads\/2019\/11\/MILKA-CARDOSO-SIRVANIS.pdf\">40-\u00a0A IMPORT\u00c2NCIA DA DISCIPLINA DE EST\u00c1GIO SUPERVISIONADO<\/a><br \/>\nNA FORMA\u00c7\u00c3O INICIAL DE PROFESSORES DE QU\u00cdMICA:\u00a0MILKA CARDOSO SIRVANIS<\/p>\n<p><a href=\"https:\/\/catolicadeanapolis.edu.br\/biblioteca\/wp-content\/uploads\/2019\/11\/MARTINHO-FAZENDA-DUCAL-E-FERNANDO-HENRIQUE-LOPES-Trabalho-Martinho-para-Imprimir.pdf\">41-\u00a0A FILOSOFIA FREIRIANA E O ENSINO BRASILEIRO: UMA AN\u00c1LISE<\/a><br \/>\nCR\u00cdTICA SOBRE OS REFLEXOS DA FILOSOFIA DE PAULO FREIRE<br \/>\nNO ENSINO SUPERIOR NACIONAL:\u00a0MARTINHO FAZENDA DUCAL; FERNANDO HENRIQUE LOPES<\/p>\n<p><a href=\"https:\/\/catolicadeanapolis.edu.br\/biblioteca\/wp-content\/uploads\/2019\/11\/MANOEL-MESSIAS-DA-SILVA-E-MARCOS-ANTONIO-FERREIRA-TRABALHO-FINAL-FORMATADO.pdf\">42-\u00a0A EFIC\u00c1CIA DAS DID\u00c1TICAS PEDAG\u00d3GICAS E ANDRAG\u00d3GICAS APLICADAS NO ENSINO SUPERIOR:\u00a0<\/a>MANOEL MESSIAS DA SILVA; MARCOS ANTONIO FERREIRA<\/p>\n<p><a href=\"https:\/\/catolicadeanapolis.edu.br\/biblioteca\/wp-content\/uploads\/2019\/11\/LUCYMEIRE-TEIXEIRA-ROCHA-A-Import\u00e2ncia-dos-saberes-pedag\u00f3gicos....pdf\">43-\u00a0A IMPORT\u00c2NCIA DOS SABERES PEDAG\u00d3GICOS DOS DOCENTES NA<\/a><br \/>\nCONSTRU\u00c7\u00c3O DE UMA APRENDIZAGEM SIGNIFICATIVA DOS<br \/>\nDISCENTES :\u00a0LUCYMEIRE TEIXEIRA ROCHA<\/p>\n<p><a href=\"https:\/\/catolicadeanapolis.edu.br\/biblioteca\/wp-content\/uploads\/2019\/11\/LEONARDO-JULIO-UMBELINO-E-MAIARA-GOMES-DE-CARVALHO-TCC-.pdf\">44-\u00a0RETRATO DA REALIDADE DO CURSO DE MATEM\u00c1TICA DE UMA<\/a><br \/>\nINSTITUI\u00c7\u00c3O P\u00daBLICA DE ENSINO SUPERIOR DE AN\u00c1POLIS-GO: LEONARDO JULIO UMBELINO; MAIARA GOMES DE CARVALHO<\/p>\n<p><a href=\"https:\/\/catolicadeanapolis.edu.br\/biblioteca\/wp-content\/uploads\/2019\/11\/JOS\u00c9-RICARDO-DA-SILVA-LUIZ-FELIPE-GANIM-OLIVEIRA-E-USIEL-BERNARDO-WALKER.pdf\">45-\u00a0A AVALIA\u00c7\u00c3O NO ENSINO SUPERIOR: AN\u00c1LISE DOS M\u00c9TODOS<\/a><br \/>\nDE AVALIA\u00c7\u00c3O DOS ALUNOS DO CURSO DE ADMINISTRA\u00c7\u00c3O DE<br \/>\nUMA INSTITUI\u00c7\u00c3O SUPERIOR DA CIDADE DE AN\u00c1POLIS: JOS\u00c9 RICARDO DA SILVA; LUIZ FELIPE GANIM OLIVEIRA; USIEL BERNARDO WALKER<\/p>\n<p><a href=\"https:\/\/catolicadeanapolis.edu.br\/biblioteca\/wp-content\/uploads\/2019\/11\/HELIO-ALMEIDA-DE-PAULA.pdf\">46-\u00a0DOC\u00caNCIA E LIDERAN\u00c7A: UMA APROXIMA\u00c7\u00c3O POSS\u00cdVEL<\/a>: HELIO ALMEIDA DE PAULA<\/p>\n<p><a href=\"https:\/\/catolicadeanapolis.edu.br\/biblioteca\/wp-content\/uploads\/2019\/11\/GLAUCO-FELIPE-ARA\u00daJO-GARCIA-TCC-FINAL-.pdf\">47-\u00a0O CONTROLE ADMINISTRATIVO DO ESTADO FRENTE \u00c0 AUTONOMIA<\/a><br \/>\nUNIVERSIT\u00c1RIA: ENCONTROS E DESENCONTROS:\u00a0GLAUCO FELIPE ARA\u00daJO GARCIA<\/p>\n<p><a href=\"https:\/\/catolicadeanapolis.edu.br\/biblioteca\/wp-content\/uploads\/2019\/11\/GISELLE-DE-SOUZA-MARTINS-BATISTA-KERLEY-RODRIGUES-DOS-SANTOS-M\u00d4NICA-RODRIGUES-DUTRA-SILVA-E-PATR\u00cdCIA-PEREIRA-DE-PAULA.pdf\">48-\u00a0A FORMA\u00c7\u00c3O PEDAG\u00d3GICA DO DOCENTE UNIVERSIT\u00c1RIO<\/a>: GISELLE DE SOUZA MARTINS BATISTA; KERLEY RODRIGUES DOS SANTOS; M\u00d4NICA RODRIGUES DUTRA SILVA; PATR\u00cdCIA PEREIRA DE PAULA<\/p>\n<p><a href=\"https:\/\/catolicadeanapolis.edu.br\/biblioteca\/wp-content\/uploads\/2019\/11\/FIAMMA-RODRIGUES-DE-SENA-E-ROSINELLI-MONTEIRO-DE-SOUZA-TCC-FINAL.pdf\">49- S\u00cdNDROME DE BURNOUT: UMA DOEN\u00c7A SOCIAL E INSTITUCIONAL:<\/a>\u00a0FIAMMA RODRIGUES DE SENA; ROSINELLI MONTEIRO DE SOUZA<\/p>\n<p><a href=\"https:\/\/catolicadeanapolis.edu.br\/biblioteca\/wp-content\/uploads\/2019\/11\/ERIKA-GON\u00c7ALVES-DA-SILVA-E-MAR\u00cdLIA-DANIELA-CELESTINO-DE-ALMEIDA-CAETANO-FACULDADE-CAT\u00d3LICA-DE-AN\u00c1POLIS-TCC-PARA-IMPRESSAO.pdf\">50-\u00a0O PERFIL DO DOCENTE UNIVERSIT\u00c1RIO NO S\u00c9CULO XXI :<\/a>\u00a0ERIKA GON\u00c7ALVES DA SILVA; MAR\u00cdLIA DANIELA CELESTINO DE ALMEIDA CAETANO<\/p>\n<p><a href=\"https:\/\/catolicadeanapolis.edu.br\/biblioteca\/wp-content\/uploads\/2019\/11\/EMANUEL-AFONSO-DA-SILVA-E-JACOB-DO-NASCIMENTO-RIBEIRO.pdf\">51-\u00a0O ENSINO RELIGIOSO: DO CONFESSIONAL AO LAICO E SUA INCID\u00caNCIA NAS ESCOLAS P\u00daBLICAS DE AN\u00c1POLIS:<\/a> EMANUEL AFONSO DA SILVA; JACOB DO NASCIMENTO RIBEIRO<\/p>\n<p><a href=\"https:\/\/catolicadeanapolis.edu.br\/biblioteca\/wp-content\/uploads\/2019\/11\/ELIANE-MARIA-DE-MENDON\u00c7A-ANDRADE-TCC-Cat\u00f3lica-corrigido.pdf\">52-\u00a0CRESCIMENTO DOS CURSOS DE DIREITO EM AN\u00c1POLIS E A FISCALIZA\u00c7\u00c3O PELO ORG\u00c3O REGULADOR:<\/a> ELIANE MARIA DE MENDON\u00c7A ANDRADE<\/p>\n<p><a href=\"https:\/\/catolicadeanapolis.edu.br\/biblioteca\/wp-content\/uploads\/2019\/11\/EDNA-APARECIDA-SILVA-MARCOS-PAULO-RODRIGUES-E-ROSSANA-FERREIRA-DA-PAIX\u00c3O-ARA\u00daJO.pdf\">53-\u00a0AS EXPERI\u00caNCIAS, CONST\u00c2NCIA E SUPERA\u00c7\u00c3O DOS DOCENTES UNIVERSIT\u00c1RIOS:<\/a> EDNA APARECIDA SILVA; MARCOS PAULO RODRIGUES; ROSSANA FERREIRA DA PAIX\u00c3O ARA\u00daJO<\/p>\n<p><a href=\"https:\/\/catolicadeanapolis.edu.br\/biblioteca\/wp-content\/uploads\/2019\/11\/CRISTIANE-RIBEIRO-PINTO-DANYELLA-KARLLA-DE-OLIVEIRA-E-EMERSON-ROCHA-FERREIRA.pdf\">54-\u00a0O ENSINO SUPERIOR EM GASTRONOMIA E AS EXPECTATIVAS DO MERCADO DE TRABALHO EM AN\u00c1POLIS-GO. A EMPREGABILIDADE DO MERCADO GASTRON\u00d4MICO EM AN\u00c1POLIS:\u00a0<\/a>CRISTIANE RIBEIRO PINTO; DANYELLA KARLLA DE OLIVEIRA; EMERSON ROCHA FERREIRA<\/p>\n<p><a href=\"https:\/\/catolicadeanapolis.edu.br\/biblioteca\/wp-content\/uploads\/2019\/11\/CLEBER-IN\u00c1CIO-FERREIRA-LUCAS-EMANUEL-PEREIRA-E-MARCOS-M.-DOS-SANTOS.pdf\">55-\u00a0A FORMA\u00c7\u00c3O DO PROFESSOR PARA A DOC\u00caNCIA<\/a><br \/>\nUNIVERSIT\u00c1RIA SEGUNDO OS PARADIGMAS EDUCACIONAIS DA<br \/>\nP\u00d3S-MODERNIDADE: CLEBER IN\u00c1CIO FERREIRA; LUCAS EMANUEL PEREIRA; MARCOS M. DOS SANTOS<\/p>\n<p><a href=\"https:\/\/catolicadeanapolis.edu.br\/biblioteca\/wp-content\/uploads\/2019\/11\/BRUNO-FERREIRA-DA-SILVA-JEAN-PAULO-AP\u00d3STOLO-MOREIRA-E-RAFAEL-SILVA.pdf\">56-\u00a0O PERFIL DO DOCENTE NO ENSINO PROFISSIONALIZANTE DE<\/a><br \/>\nMEC\u00c2NICA INDUSTRIAL &#8211; AN\u00c1POLIS\/GO: BRUNO FERREIRA DA SILVA; JEAN PAULO AP\u00d3STOLO MOREIRA; RAFAEL SILVA<\/p>\n<p><a href=\"https:\/\/catolicadeanapolis.edu.br\/biblioteca\/wp-content\/uploads\/2019\/11\/ANDRESSA-CORONEL-OVELAR-E-KEILA-CRISTINA-SILVA.pdf\">57-\u00a0A IMPORT\u00c2NCIA DO PROCESSO SELETIVO NA CONSTRU\u00c7\u00c3O DE UM DISCENTE REFLEXIVO:<\/a> ANDRESSA CORONEL OVELAR; KEILA CRISTINA SILVA<\/p>\n<p><a href=\"https:\/\/catolicadeanapolis.edu.br\/biblioteca\/wp-content\/uploads\/2019\/11\/ALINE-DE-ALMEIDA-APOLIN\u00c1RIO-ALC\u00c2NTARA-ANNA-CRISTINA-OLIVEIRA-MARTINS-E-JENNIFER-PIRES-DE-FREITAS-LIMA.pdf\">58-\u00a0PROPOSTA DE UM TRABALHO INTERDISCIPLINAR EM PROL DO<\/a><br \/>\nBEM- ESTAR FEMININO: ALINE DE ALMEIDA APOLIN\u00c1RIO ALC\u00c2NTARA; ANNA CRISTINA OLIVEIRA MARTINS; JENNIFER PIRES DE FREITAS LIMA<\/p>\n<p><a href=\"https:\/\/catolicadeanapolis.edu.br\/biblioteca\/wp-content\/uploads\/2020\/01\/Iaracy-NAyara-MAchado.pdf\">59-\u00a0AVALIA\u00c7\u00c3O NA EDUCA\u00c7\u00c3O A DIST\u00c2NCIA-<\/a>\u00a0IARACY NAYARA MACHADO.<\/p>\n<p>60-\u00a0<a href=\"https:\/\/catolicadeanapolis.edu.br\/biblioteca\/wp-content\/uploads\/2021\/06\/DEBORAH-RIBEIRO-ALVES-JACINTHO.pdf\">O DESAFIO DO TRABALHO DOCENTE: UM ESTUDO SOBRE AS DOEN\u00c7AS OCUPACIONAIS.<\/a> &#8211; DEBORAH RIBEIRO ALVES JACINTHO. &#8211; Orienta\u00e7\u00e3o: Prof\u00aa Me. Halan Bastos Lima.<\/p>\n<p>70-\u00a0<a href=\"https:\/\/catolicadeanapolis.edu.br\/biblioteca\/?attachment_id=3373\">A CONTRIBUI\u00c7\u00c3O DA DOC\u00caNCIA NO S\u00c9CULO XVI PARA CONSTRU\u00c7\u00c3O DE UM NOVO PARADIGMA DO SER HUMANO: AN\u00c1LISE A PARTIR DE ESTUDOS NA FRAN\u00c7A.<\/a> &#8211;\u00a0Cleonice Santos. &#8211;\u00a0Orienta\u00e7\u00e3o: Prof.\u00a0Dr. Jos\u00e9 Jivaldo Lima<\/p>\n<p>&nbsp;<\/p>\n<p>&nbsp;<\/p>\n","protected":false},"excerpt":{"rendered":"<p>1- A AVALIA\u00c7\u00c3O DA APRENDIZAGEM NO CURSO DE ADMINISTRA\u00c7\u00c3O EM UMA INSTITUI\u00c7\u00c3O DE ENSINO SUPERIOR DE AN\u00c1POLIS.\u00a0&#8211; NATALIA PEREIRA DE MELO. &#8211; ORIENTA\u00c7\u00c3O: PROF. MS. MARIA IN\u00c1CIA LOPES. 2- A AVALIA\u00c7\u00c3O NO ENSINO SUPERIOR AN\u00c1LISE DOS M\u00c9TODOS DE AVALIA\u00c7\u00c3O DOS ALUNOS DO CURSO DE ADMINISTRA\u00c7\u00c3O DE UMA INSTITUI\u00c7\u00c3O SUPERIOR DA CIDADE DE AN\u00c1POLIS.\u00a0&#8211; JOS\u00c9 RICARDO [&hellip;]<\/p>\n","protected":false},"author":2,"featured_media":0,"parent":328,"menu_order":5,"comment_status":"open","ping_status":"open","template":"","meta":[],"_links":{"self":[{"href":"https:\/\/catolicadeanapolis.edu.br\/biblioteca\/index.php?rest_route=\/wp\/v2\/pages\/549"}],"collection":[{"href":"https:\/\/catolicadeanapolis.edu.br\/biblioteca\/index.php?rest_route=\/wp\/v2\/pages"}],"about":[{"href":"https:\/\/catolicadeanapolis.edu.br\/biblioteca\/index.php?rest_route=\/wp\/v2\/types\/page"}],"author":[{"embeddable":true,"href":"https:\/\/catolicadeanapolis.edu.br\/biblioteca\/index.php?rest_route=\/wp\/v2\/users\/2"}],"replies":[{"embeddable":true,"href":"https:\/\/catolicadeanapolis.edu.br\/biblioteca\/index.php?rest_route=%2Fwp%2Fv2%2Fcomments&post=549"}],"version-history":[{"count":22,"href":"https:\/\/catolicadeanapolis.edu.br\/biblioteca\/index.php?rest_route=\/wp\/v2\/pages\/549\/revisions"}],"predecessor-version":[{"id":3417,"href":"https:\/\/catolicadeanapolis.edu.br\/biblioteca\/index.php?rest_route=\/wp\/v2\/pages\/549\/revisions\/3417"}],"up":[{"embeddable":true,"href":"https:\/\/catolicadeanapolis.edu.br\/biblioteca\/index.php?rest_route=\/wp\/v2\/pages\/328"}],"wp:attachment":[{"href":"https:\/\/catolicadeanapolis.edu.br\/biblioteca\/index.php?rest_route=%2Fwp%2Fv2%2Fmedia&parent=549"}],"curies":[{"name":"wp","href":"https:\/\/api.w.org\/{rel}","templated":true}]}}