{"id":551,"date":"2018-03-28T23:32:28","date_gmt":"2018-03-28T23:32:28","guid":{"rendered":"https:\/\/catolicadeanapolis.edu.br\/biblioteca\/?page_id=551"},"modified":"2020-01-21T21:42:01","modified_gmt":"2020-01-21T21:42:01","slug":"2014-2","status":"publish","type":"page","link":"https:\/\/catolicadeanapolis.edu.br\/biblioteca\/?page_id=551","title":{"rendered":"DOC\u00caNCIA UNIVERSIT\u00c1RIA  2014"},"content":{"rendered":"<p><a href=\"https:\/\/catolicadeanapolis.edu.br\/biblioteca\/wp-content\/uploads\/2018\/03\/A-AVALIA\u00c7\u00c3O-NO-EAD-DE-CONTABILIDADE-UM-ESTUDO-SOBRE-OS-M\u00c9TODOS-AVALIATIVOS-DA-APRENDIZAGEM-EM-CURSOS-DE-GRADUA\u00c7\u00c3O-DE-CI\u00caNCIAS-CONT\u00c1BEIS.pdf\">1-A AVALIA\u00c7\u00c3O NO EAD DE CONTABILIDADE &#8211; UM ESTUDO SOBRE OS M\u00c9TODOS AVALIATIVOS DA APRENDIZAGEM EM CURSOS DE GRADUA\u00c7\u00c3O DE CI\u00caNCIAS CONT\u00c1BEIS<\/a>\u00a0 &#8211; Daniela Cristina Amaral; Lud Brenda Carvalho de Oliveira &#8211;\u00a0 Orientador: Prof. Me. Milton Neemias Martins da Silva<\/p>\n<p><a href=\"https:\/\/catolicadeanapolis.edu.br\/biblioteca\/wp-content\/uploads\/2018\/03\/ANTECIPA\u00c7\u00c3O-DE-CONCLUS\u00c3O-DE-CURSO-SUPERIOR-POR-EXTRAORDIN\u00c1RIO-APROVEITAMENTO-DIREITO-DO-ALUNO-E-DEVER-DISCRICION\u00c1RIO-DAS-INSTITUI\u00c7\u00d5ES.pdf\">2-ANTECIPA\u00c7\u00c3O DE CONCLUS\u00c3O DE CURSO SUPERIOR POR EXTRAORDIN\u00c1RIO APROVEITAMENTO &#8211; DIREITO DO ALUNO E DEVER DISCRICION\u00c1RIO DAS INSTITUI\u00c7\u00d5ES<\/a>\u00a0&#8211; Michelle Alves da Silva Sousa; Roberto Antonio de Souza &#8211;\u00a0Orientador: Prof. Me. Milton Neemias Martins da Silva<\/p>\n<p><a href=\"https:\/\/catolicadeanapolis.edu.br\/biblioteca\/wp-content\/uploads\/2018\/11\/modelo-de-artigo-QSE-FINALIZADO.pdf\">3-DOCENTE E DISCENTE INTERLIGADOS ATRAV\u00c9S DO CHAT<\/a> &#8211;\u00a0Mar\u00edlia Gabriela Da Silva Cris\u00f3stomo &#8211;\u00a0Orienta\u00e7\u00e3o: Prof. Ms. Leonardo Rodrigues de Souza.<\/p>\n<p><a href=\"https:\/\/catolicadeanapolis.edu.br\/biblioteca\/wp-content\/uploads\/2018\/11\/ESTUDO-DE-CASO.pdf\">4-ESTUDO DE CASO: TRANSTORNO DE APRENDIZAGEM<\/a> &#8211;\u00a0R\u00fabia Werneck Costa Silva &#8211;\u00a0Orienta\u00e7\u00e3o: Prof Esp. Ana Maria Vieira de Souza.<\/p>\n<p><a href=\"https:\/\/catolicadeanapolis.edu.br\/biblioteca\/wp-content\/uploads\/2018\/11\/TCC-walison.pdf\">5-O ENSINO SUPERIOR E O PERFIL DO DOCENTE ATUANTE NESSA FASE DA EDUCA\u00c7\u00c3O<\/a> &#8211;\u00a0Walysson Cleber Reis Pinto &#8211; Orienta\u00e7\u00e3o: Prof. Esp. Aracelly Rodrigues Loures Rangel.<\/p>\n<p><a href=\"https:\/\/catolicadeanapolis.edu.br\/biblioteca\/wp-content\/uploads\/2018\/03\/PERFIL-DISCENTE-NA-FORMA\u00c7\u00c3O-EM-DOC\u00caNCIA-DE-UMA-FACULDADE-DE-AN\u00c1POLIS-NO-PER\u00cdODO-DE-2013-A-2014.pdf\">6-PERFIL DISCENTE NA FORMA\u00c7\u00c3O EM DOC\u00caNCIA DE UMA FACULDADE DE AN\u00c1POLIS NO PER\u00cdODO DE 2013 A 2014<\/a>\u00a0&#8211; Cynthia Oliveira Diniz; Eliene Monteiro Santos Abreu &#8211; Orientador: Prof. Me. Halan Bastos Lima.<\/p>\n<p>6-USO DA FOTOGRAFIA COMO RECURSO PEDAG\u00d3GICO PARA O CURSO DE HIST\u00d3RIA- Jairo Alves Leite; Ronivaldo Pereira Alves- Orienta\u00e7\u00e3o:Prof\u00b0 Mestre Artur Vandr\u00e9 Pintanga<a href=\"https:\/\/catolicadeanapolis.edu.br\/biblioteca\/wp-content\/uploads\/2019\/04\/Monografia-Jairo-e-Roni.pdf\">https:\/\/catolicadeanapolis.edu.br\/biblioteca\/wp-content\/uploads\/2019\/04\/Monografia-Jairo-e-Roni.pdf<\/a><\/p>\n<p>7<a href=\"https:\/\/catolicadeanapolis.edu.br\/biblioteca\/wp-content\/uploads\/2019\/04\/Ttabalho-para-imprimir-CONCLUIDO.pdf\">-INCLUS\u00c3O DE AUTISTAS COM TRA\u00c7OS LEVES NO ENSINO SUPERIOR-F\u00e1bio Louredo Neves;Mirian do Socorro Quaresma de Souza;Thiago Henrique de Jesus Monteiro Orienta\u00e7\u00e3o:Prof Esp. Aracelly Rodrigues Leures Rangel<\/a><\/p>\n<p><a href=\"https:\/\/catolicadeanapolis.edu.br\/biblioteca\/wp-content\/uploads\/2019\/04\/Artigo-A-Atua\u00e7\u00e3o-do-Professor-Universit\u00e1rio-em-Sala-de-Aula.pdf\">8-A ATUA\u00c7\u00c3O DO DOCENTE UNIVERSIT\u00c1RIO COMO L\u00cdDER EM SALA DE AULA UM ESTUDO DE CASO DO CURSO SUPERIOR DE TECNOLOGIA EM LOG\u00cdSTICA- C\u00c1SSIO EDUARDO PATR\u00cdCIO; J\u00daLIO C\u00c9SAR DA SILVA; L\u00cdGIA ALVARENGA TEIXEIRA DERRIGO. Orientador: Prof\u00b0 Ms. Milton Neemias M. da Silva<\/a><\/p>\n<p><a href=\"https:\/\/catolicadeanapolis.edu.br\/biblioteca\/wp-content\/uploads\/2019\/04\/Artigo-TCC-FINAL-Junho2014.pdf\">9- A EVAS\u00c3O DOS ACAD\u00caMICOS NO CURSO DE MATEM\u00c1TICA- LORRANA THALITA SILVA RODRIGUES;PAULO HENRIQUE OLIVEIRA DE ABREU; THAIS LAUDELINO COSTA. ORIENTADOR: Prof\u00b0 Ma. Kelly Suel\u00e2iny Alves Constante.\u00a0<\/a><\/p>\n<p><a href=\"https:\/\/catolicadeanapolis.edu.br\/biblioteca\/wp-content\/uploads\/2019\/04\/Doc\u00eancia-X-Stephanie-e-Silv\u00e2nia.pdf\">10-\u00a0 A FORMA\u00c7\u00c3O DID\u00c1TICA DOS DOCENTES DO CURSO DE ADMINISTRA\u00c7\u00c3O- SILV\u00c2NIA CL\u00c1UDIA R. SILVA; STEPHANIE SILVA MOREIRA. ORIENTADOR: Prof\u00b0 Ma. Kelly Suel\u00e2iny Alves Constante.<\/a><\/p>\n<p><a href=\"https:\/\/catolicadeanapolis.edu.br\/biblioteca\/wp-content\/uploads\/2019\/04\/TCC-ULTIMA-VERSAO.doc\">11- A L\u00cdNGUA INGLESA NA CAPACITA\u00c7\u00c3O DOS DOCENTES- GL\u00c9CIA HELOISY GOMES GON\u00c7ALVES; SCARLETH MENEZES DE MOURA. Orientador: Ms. Kelly Sul\u00e2iny Alves Constante<\/a><\/p>\n<p><a href=\"https:\/\/catolicadeanapolis.edu.br\/biblioteca\/wp-content\/uploads\/2019\/04\/Tcc-Ana-Carulina.pdf\">12- PUBLICA\u00c7\u00d5ES SOBRE O ENSINO DE QU\u00cdMICA NO BRASIL:UMA AN\u00c1LISE CIENCIOM\u00c9TRICA- ANA CARULINA RODRIGUES DE OLIVEIRA. Orientador: Msc. Milton Neemias.<\/a><\/p>\n<p><a href=\"https:\/\/catolicadeanapolis.edu.br\/biblioteca\/wp-content\/uploads\/2019\/04\/Artigo-Glaucy.pdf\">13- A QUALIDADE DO CURSO DE LICENCIATURA\u00a0 EM FILOSOFIA DA FACULDADE C\u00c1TOLICA DE AN\u00c1POLIS- CLEUCYANNE DE ARA\u00daJO MATOS GON\u00c7ALVES; GLAUCY JANE MATOS DE ANDRADE; MARIA SUELY CARREIRO ROCHA.Orientador: Ms. Kelly Sul\u00e2iny Alves Constante.<\/a><\/p>\n<p><a href=\"https:\/\/catolicadeanapolis.edu.br\/biblioteca\/wp-content\/uploads\/2019\/04\/Jeanisson-Mariano-TCC.pdf\">14- A METODOLOGIA DO ENSINO EM DISCIPLINAS DE PROJETO EM ARQUITETURA E URBANISMO- Jeanisson Cesar Mariano Silva. Orientadora: Aracelly Rodrigues Loures Rangel.<\/a><\/p>\n<p><a href=\"https:\/\/catolicadeanapolis.edu.br\/biblioteca\/wp-content\/uploads\/2019\/04\/A-IMPORT\u00c2NCIA-DO-PLANEJAMENTO-PARA-O-DOCENTE-DO-ENSINO-SUPERIOR-1-1.pdf\">15- A IMPORT\u00c2NCIA DO PLANEJAMENTO PARA O DOCENTE DO ENSINO SUPERIOR- FABIANE DAYSE MENDES CAETANO; PEDRO HENRIQUE PIO DOS SANTOS. Orientadora: Aracelly Rodrigues Loures Rangel.<\/a><\/p>\n<p><a href=\"https:\/\/catolicadeanapolis.edu.br\/biblioteca\/wp-content\/uploads\/2019\/04\/ARTIGO-FINAL-TCC-PAULO-ESTEVAO-REVISAO-3.docx\">16- A IMPORT\u00c2NCIA DA FORMA\u00c7\u00c3O EM DOC\u00caNCIA PARA O PROFISSIONALISMO DE ENGENHARIA MEC\u00c2NICA-PAULO ESTEV\u00c3O DA SILVA. Orientador: Halan Bastos Lima.<\/a><\/p>\n<p><a href=\"https:\/\/catolicadeanapolis.edu.br\/biblioteca\/wp-content\/uploads\/2019\/04\/Artigo-A-import\u00e2ncia-da-disciplina-de-L\u00edngua-Portuguesa-para-os-cursos-de-Direito.doc\">17- A IMPORT\u00c2NCIA DA DISCIPLINA DE L\u00cdNGUA PORTUGUESA PARA OS CURSOS DE DIREITO NAS INSTITUI\u00c7\u00d5ES DE ENSINO SUPERIOR DE AN\u00c1POLIS-GO: REFLEX\u00d5ES SOBRE (RE)ESTRUTURA\u00c7\u00c3O DA CARGA HOR\u00c1RIA- MARILENE MARTINS DOS SANTOS; ROSELANE RODRIGUES DOS SANTOS; VIVIANE LEMOS MACHADO.\u00a0Orienta\u00e7\u00e3o do Mestre Milton Neemias Martins.<\/a><\/p>\n<p><a href=\"https:\/\/catolicadeanapolis.edu.br\/biblioteca\/wp-content\/uploads\/2019\/04\/biblioteca-tcc.docx\">18- M\u00c9TODOS E DID\u00c1TICAS DO ENSINO SUPERIOR: A IMPORT\u00c2NCIA DA DID\u00c1TICA NA FORMA\u00c7\u00c3O DE NOVOS DOCENTES- DAIANE L\u00daCIO CARDOSO LOPES; DAYANE CLAUDIA AMBROSIO DE LIMA. ORIENTADOR: Prof\u00b0 Halan Bastos Lima<\/a><\/p>\n<p><a href=\"https:\/\/catolicadeanapolis.edu.br\/biblioteca\/wp-content\/uploads\/2019\/04\/TCC-FINALIZADO.docx\">19- DOCENTES E A FORMA\u00c7\u00c3O EM CURSOS DE GASTRONOMIA: REFLEX\u00d5ES E INDAGA\u00c7\u00d5ES DE UM CEN\u00c1RIO PEDAG\u00d3GICO EM CONSTRU\u00c7\u00c3O- EURIPEDES ROBERTO CAMILO; MARIA APARECIDA MENDON\u00c7A; M\u00d4NICA CRISTINA M\u00c1XIMO. Orientador: Prof\u00b0 Halan Bastos Lima.<\/a><\/p>\n<p><a href=\"https:\/\/catolicadeanapolis.edu.br\/biblioteca\/wp-content\/uploads\/2019\/04\/ARTIGO-RAQUEL-2.doc\">20- O PREPARO DO PEDAGOGO NO ENSINO SUPERIOR COM \u00caNFASE NA MATEM\u00c1TICA- RAQUEL DA SILVA PORTO; RAQUEL OLIVEIRA SIM\u00c3O; SIVIRINO LE\u00c3O.ORIENTADOR: Ms. <\/a><a href=\"https:\/\/catolicadeanapolis.edu.br\/biblioteca\/wp-content\/uploads\/2019\/04\/ARTIGO-RAQUEL-2.doc\">Milton Neemias.<\/a><\/p>\n<p><a href=\"https:\/\/catolicadeanapolis.edu.br\/biblioteca\/wp-content\/uploads\/2019\/04\/O-PROFESSOR-PESQUISADOR-E-A-P\u00d3S-GRADUA\u00c7\u00c3O-COMO-INSTRUMENTO-DE-FORMA\u00c7\u00c3O-CONTINUADA.doc\">21- O PROFESSOR PESQUISADOR E A P\u00d3S GRADUA\u00c7\u00c3O COMO INSTRUMENTO DE FORMA\u00c7\u00c3O CONTINUADA- CLARIANY SOARES CARDOSO- Orientador: Prof\u00b0 Halan Bastos Lima.<\/a><\/p>\n<p><a href=\"https:\/\/catolicadeanapolis.edu.br\/biblioteca\/wp-content\/uploads\/2019\/04\/TCC-CAT\u00d3LICA.docx\">22- O USO DE TECNOLOGIAS DA INFORMA\u00c7\u00c3O\u00a0 E COMUNICA\u00c7\u00c3O (TIC`S) NA FORMA\u00c7\u00c3O DE DOCENTES- EVALDO FERNANDES DA SILVA; EVANDRO FERNANDES DA SILVA. Orientador: Prof\u00b0 Halan Bastos Lima.<\/a><\/p>\n<p><a href=\"https:\/\/catolicadeanapolis.edu.br\/biblioteca\/wp-content\/uploads\/2019\/11\/CYNTHIA-OLIVEIRA-DINIS-E-ELIENE-MONTEIRO-SANTOS-ABREU-ARTIGO-FINAL-.pdf\">23-\u00a0PERFIL DISCENTE NA FORMA\u00c7\u00c3O EM DOC\u00caNCIA DE UMA FACULDADE DE AN\u00c1POLIS NO PER\u00cdODO DE 2013 A 2014:\u00a0<\/a>CYNTHIA OLIVEIRA DINIS; ELIENE MONTEIRO SANTOS ABREU<\/p>\n<p><a href=\"https:\/\/catolicadeanapolis.edu.br\/biblioteca\/wp-content\/uploads\/2019\/11\/DANIELA-CRISTINA-AMARAL-E-LUD-BRENDA-CARVALHO-DE-OLIVEIRA.pdf\">24-\u00a0A AVALIA\u00c7\u00c3O NO EAD DE CONTABILIDADE: UM ESTUDO SOBRE OS M\u00c9TODOS AVALIATIVOS DA APRENDIZAGEM EM CURSOS DE GRADUA\u00c7\u00c3O DE CI\u00caNCIAS CONT\u00c1BEIS:\u00a0<\/a>DANIELA CRISTINA AMARAL; LUD BRENDA CARVALHO DE OLIVEIRA<\/p>\n<p><a href=\"https:\/\/catolicadeanapolis.edu.br\/biblioteca\/wp-content\/uploads\/2020\/01\/WANESSA-CRISTINA-RODRIGUES-DOS-SANTOS-CASTRO.pdf\">25-\u00a0LITERATURA INFANTIL NA FORMA\u00c7\u00c3O DOCENTE NO CURSO DE LICENCIATURA PLENA EM LETRAS, UMA REFLEX\u00c3O SOBRE O EXERC\u00cdCIO PROFISSIONAL-<\/a> WANESSA CRISTINA RODRIGUES DOS SANTOS CASTRO.<\/p>\n<p><a href=\"https:\/\/catolicadeanapolis.edu.br\/biblioteca\/wp-content\/uploads\/2020\/01\/MARCOS-ANTONIO-DE-ARA\u00daJO.pdf\">26-\u00a0A DEFICI\u00caNCIA AUDITIVA NA UNIVERSIDADE: RETRATO DA INCLUS\u00c3O DE SURDOS NA EDUCA\u00c7\u00c3O SUPERIOR BRASILEIRA-<\/a> MARCOS ANTONIO DE ARA\u00daJO, MARIA DO CARMO LE\u00c3O SIM\u00d5ES.<\/p>\n<p><a href=\"https:\/\/catolicadeanapolis.edu.br\/biblioteca\/wp-content\/uploads\/2020\/01\/JULIANA-RODRIGUES-FELIX-E-VANESSA-LOPES-DE-PAIVA.pdf\">27-\u00a0FORMA\u00c7\u00c3O DOCENTE E A QUALIFICA\u00c7\u00c3O PROFISSIONAL: UM ESTUDO DE CASO SOBRE A LICENCIATURA EM QU\u00cdMICA-<\/a> JULIANA RODRIGUES FELIX, VANESSA LOPES DE PAIVA.<\/p>\n<p><a href=\"https:\/\/catolicadeanapolis.edu.br\/biblioteca\/wp-content\/uploads\/2020\/01\/FERNANDO-PEREIRA-CELESTINO-SILVANA-GOMES-DE-JESUS-E-VANIR-GOMES-DE-JESUS.pdf\">28-\u00a0O DESEMPENHO DO TUTOR NO PROCESSO DE ENSINO APRENDIZAGEM-<\/a> FERNANDO PEREIRA CELESTINO, SILVANA GOMES DE JESUS, VANIR GOMES DE JESUS.<\/p>\n","protected":false},"excerpt":{"rendered":"<p>1-A AVALIA\u00c7\u00c3O NO EAD DE CONTABILIDADE &#8211; UM ESTUDO SOBRE OS M\u00c9TODOS AVALIATIVOS DA APRENDIZAGEM EM CURSOS DE GRADUA\u00c7\u00c3O DE CI\u00caNCIAS CONT\u00c1BEIS\u00a0 &#8211; Daniela Cristina Amaral; Lud Brenda Carvalho de Oliveira &#8211;\u00a0 Orientador: Prof. Me. Milton Neemias Martins da Silva 2-ANTECIPA\u00c7\u00c3O DE CONCLUS\u00c3O DE CURSO SUPERIOR POR EXTRAORDIN\u00c1RIO APROVEITAMENTO &#8211; DIREITO DO ALUNO E DEVER [&hellip;]<\/p>\n","protected":false},"author":2,"featured_media":0,"parent":328,"menu_order":4,"comment_status":"open","ping_status":"open","template":"page-templates\/front-page.php","meta":[],"_links":{"self":[{"href":"https:\/\/catolicadeanapolis.edu.br\/biblioteca\/index.php?rest_route=\/wp\/v2\/pages\/551"}],"collection":[{"href":"https:\/\/catolicadeanapolis.edu.br\/biblioteca\/index.php?rest_route=\/wp\/v2\/pages"}],"about":[{"href":"https:\/\/catolicadeanapolis.edu.br\/biblioteca\/index.php?rest_route=\/wp\/v2\/types\/page"}],"author":[{"embeddable":true,"href":"https:\/\/catolicadeanapolis.edu.br\/biblioteca\/index.php?rest_route=\/wp\/v2\/users\/2"}],"replies":[{"embeddable":true,"href":"https:\/\/catolicadeanapolis.edu.br\/biblioteca\/index.php?rest_route=%2Fwp%2Fv2%2Fcomments&post=551"}],"version-history":[{"count":27,"href":"https:\/\/catolicadeanapolis.edu.br\/biblioteca\/index.php?rest_route=\/wp\/v2\/pages\/551\/revisions"}],"predecessor-version":[{"id":2437,"href":"https:\/\/catolicadeanapolis.edu.br\/biblioteca\/index.php?rest_route=\/wp\/v2\/pages\/551\/revisions\/2437"}],"up":[{"embeddable":true,"href":"https:\/\/catolicadeanapolis.edu.br\/biblioteca\/index.php?rest_route=\/wp\/v2\/pages\/328"}],"wp:attachment":[{"href":"https:\/\/catolicadeanapolis.edu.br\/biblioteca\/index.php?rest_route=%2Fwp%2Fv2%2Fmedia&parent=551"}],"curies":[{"name":"wp","href":"https:\/\/api.w.org\/{rel}","templated":true}]}}