{"id":679,"date":"2018-04-11T18:31:35","date_gmt":"2018-04-11T18:31:35","guid":{"rendered":"https:\/\/catolicadeanapolis.edu.br\/biblioteca\/?page_id=679"},"modified":"2018-04-11T19:21:10","modified_gmt":"2018-04-11T19:21:10","slug":"filosofia-2015","status":"publish","type":"page","link":"https:\/\/catolicadeanapolis.edu.br\/biblioteca\/?page_id=679","title":{"rendered":"Filosofia 2015"},"content":{"rendered":"<p>1-<a href=\"https:\/\/catolicadeanapolis.edu.br\/biblioteca\/wp-content\/uploads\/2018\/04\/ALAOR-BRUNO-OLIVEIRA-2015.pdf\">\u00a0O PLANETA VIDA<\/a> &#8211;\u00a0Alaor Bruno Oliveira &#8211;\u00a0Orientador: Prof. Jo\u00e3o Batista\u00a0Costa<\/p>\n<p>2-\u00a0<a href=\"https:\/\/catolicadeanapolis.edu.br\/biblioteca\/wp-content\/uploads\/2018\/04\/ORLANDO-JOAQUIM-IN\u00c1CIO-2015.pdf\">A OBJETIVIDADE DA VERDADE EM SANTO TOM\u00c1S DE AQUINO<\/a> &#8211;\u00a0Orlando Joaquim In\u00e1cio &#8211;\u00a0Orientador: Prof. Jo\u00e3o Batista de\u00a0Almeida Prado Ferraz Costa.<\/p>\n<p>3-\u00a0<a href=\"https:\/\/catolicadeanapolis.edu.br\/biblioteca\/wp-content\/uploads\/2018\/04\/PAULO-HENRIQUE-MAGALH\u00c3ES-2015.pdf\">O CONCEITO FILOS\u00d3FICO SOBRE O AMOR\u00a0(SEGUNDO PLAT\u00c3O E SANTO AGOSTINHO)<\/a> &#8211;\u00a0Paulo Henrique Magalh\u00e3es &#8211; Orientador: Prof. Pe. Jo\u00e3o Batista Costa.<\/p>\n<p>4-\u00a0<a href=\"https:\/\/catolicadeanapolis.edu.br\/biblioteca\/wp-content\/uploads\/2018\/04\/WALLECE-JOS\u00c9-SILVA-LIMA-2015.pdf\">A ANT\u00cdTESE ETERNA:\u00a0AN\u00c1LISE DO MATERIALISMO DIAL\u00c9TICO SEGUNDO M\u00c1RIO FERREIRA DOS SANTOS<\/a> &#8211;\u00a0Wallace Jos\u00e9 Silva Lima &#8211;\u00a0Orientador:\u00a0Orientador: Prof. Pe. Jo\u00e3o Batista de Almeida Prado.<\/p>\n<p>&nbsp;<\/p>\n","protected":false},"excerpt":{"rendered":"<p>1-\u00a0O PLANETA VIDA &#8211;\u00a0Alaor Bruno Oliveira &#8211;\u00a0Orientador: Prof. Jo\u00e3o Batista\u00a0Costa 2-\u00a0A OBJETIVIDADE DA VERDADE EM SANTO TOM\u00c1S DE AQUINO &#8211;\u00a0Orlando Joaquim In\u00e1cio &#8211;\u00a0Orientador: Prof. Jo\u00e3o Batista de\u00a0Almeida Prado Ferraz Costa. 3-\u00a0O CONCEITO FILOS\u00d3FICO SOBRE O AMOR\u00a0(SEGUNDO PLAT\u00c3O E SANTO AGOSTINHO) &#8211;\u00a0Paulo Henrique Magalh\u00e3es &#8211; Orientador: Prof. Pe. Jo\u00e3o Batista Costa. 4-\u00a0A ANT\u00cdTESE ETERNA:\u00a0AN\u00c1LISE DO MATERIALISMO [&hellip;]<\/p>\n","protected":false},"author":1,"featured_media":0,"parent":56,"menu_order":2,"comment_status":"open","ping_status":"open","template":"","meta":[],"_links":{"self":[{"href":"https:\/\/catolicadeanapolis.edu.br\/biblioteca\/index.php?rest_route=\/wp\/v2\/pages\/679"}],"collection":[{"href":"https:\/\/catolicadeanapolis.edu.br\/biblioteca\/index.php?rest_route=\/wp\/v2\/pages"}],"about":[{"href":"https:\/\/catolicadeanapolis.edu.br\/biblioteca\/index.php?rest_route=\/wp\/v2\/types\/page"}],"author":[{"embeddable":true,"href":"https:\/\/catolicadeanapolis.edu.br\/biblioteca\/index.php?rest_route=\/wp\/v2\/users\/1"}],"replies":[{"embeddable":true,"href":"https:\/\/catolicadeanapolis.edu.br\/biblioteca\/index.php?rest_route=%2Fwp%2Fv2%2Fcomments&post=679"}],"version-history":[{"count":6,"href":"https:\/\/catolicadeanapolis.edu.br\/biblioteca\/index.php?rest_route=\/wp\/v2\/pages\/679\/revisions"}],"predecessor-version":[{"id":687,"href":"https:\/\/catolicadeanapolis.edu.br\/biblioteca\/index.php?rest_route=\/wp\/v2\/pages\/679\/revisions\/687"}],"up":[{"embeddable":true,"href":"https:\/\/catolicadeanapolis.edu.br\/biblioteca\/index.php?rest_route=\/wp\/v2\/pages\/56"}],"wp:attachment":[{"href":"https:\/\/catolicadeanapolis.edu.br\/biblioteca\/index.php?rest_route=%2Fwp%2Fv2%2Fmedia&parent=679"}],"curies":[{"name":"wp","href":"https:\/\/api.w.org\/{rel}","templated":true}]}}