{"id":70,"date":"2013-12-17T23:33:22","date_gmt":"2013-12-17T23:33:22","guid":{"rendered":"https:\/\/catolicadeanapolis.edu.br\/biblioteca\/?page_id=70"},"modified":"2026-04-17T19:57:24","modified_gmt":"2026-04-17T19:57:24","slug":"2013-administracao","status":"publish","type":"page","link":"https:\/\/catolicadeanapolis.edu.br\/biblioteca\/?page_id=70","title":{"rendered":"ADMINISTRA\u00c7\u00c3O 2013"},"content":{"rendered":"<p>1- <a href=\"https:\/\/catolicadeanapolis.edu.br\/biblioteca\/wp-content\/uploads\/2018\/03\/ADRIANA-TEIXEIRA-2013.pdf\">FATORES MOTIVACIONAIS QUE GERAM SATISFA\u00c7\u00c3O DO\u00a0COLABORADOR INTERNO: PROVEDOR DE INTERNET VIA\u00a0R\u00c1DIO <\/a>&#8211; Adriana Teixeira; S\u00f4nia Marques &#8211; Orientador:\u00a0Prof. Wilton Alves Ferreira J\u00fanior.<\/p>\n<p>2-\u00a0<a href=\"https:\/\/catolicadeanapolis.edu.br\/biblioteca\/wp-content\/uploads\/2018\/04\/ALINE-DE-SOUSA-MADUREIRA-2013.pdf\">PESQUISA SOBRE O TREINAMENTO E DESENVOLVIMENTO DE\u00a0RECEPCIONISTAS E ENFERMEIRAS DA \u00c1REA HOSPITALAR<\/a>\u00a0&#8211; Aline de Souza Madureira; Fabio de Jesus Povoa: Jessica Castro Costa &#8211;\u00a0Prof. MS Artur\u00a0Vandr\u00e9 Pitanga.<\/p>\n<p>3- <a href=\"https:\/\/catolicadeanapolis.edu.br\/biblioteca\/wp-content\/uploads\/2018\/04\/ANG\u00c9LICA-DA-SILVA-FERREIRA-2013.pdf\">PROBLEMAS RELACIONADOS \u00c0 LOG\u00cdSTICA QUE GERAM INSATISFACAO AOS CLIENTES DA EMPRESA HEINZ BRASIL<\/a> &#8211; Ang\u00e9lica da Silva Ferreira; Bruno Cesar de Jesus; Diuliene Kelly Campos &#8211; Orientador:\u00a0Prof. Wilton Alves\u00a0Ferreira J\u00fanior.<\/p>\n<p>4-\u00a0<a href=\"https:\/\/catolicadeanapolis.edu.br\/biblioteca\/wp-content\/uploads\/2018\/04\/BRUNO-CRISPIM-DOS-SANTOS-2013.pdf\">ESTUDO SOBRE O PROCESSO DE COMUNICA\u00c7\u00c3O INTERSETORIAL EM UMA\u00a0EMPRESA METAL\u00daRGICA DA CIDADE DE AN\u00c1POLIS<\/a> &#8211;\u00a0Bruno Crispim dos Santos &#8211; Orientador:\u00a0Prof. Ms Artur Vandr\u00e9 Pitanga.<\/p>\n<p>5-\u00a0<a href=\"https:\/\/catolicadeanapolis.edu.br\/biblioteca\/wp-content\/uploads\/2018\/04\/ELIVANIA-MARIA-DA-SILVA-2013.pdf\">A IMPORT\u00c2NCIA DO LAYOUT NO SUPERMERCADO COMO VANTAGEM COMPETITIVA\u00a0<\/a>\u00a0&#8211; Eliv\u00e3nia Maria da Silva; Gil Moreira Borges; Gildeandra Marques Pereira &#8211; Orientador: Prof.\u00a0 Thais Regina de Abreu Pereira Perdig\u00e3o.<\/p>\n<p>6-\u00a0<a href=\"https:\/\/catolicadeanapolis.edu.br\/biblioteca\/wp-content\/uploads\/2018\/04\/FABIANA-ESTHER-ALVES-FELIZ-2013.pdf\">DIAGN\u00d3STICO DAS CONDI\u00c7\u00d5ES QUE INFLUENCIAM O ATENDIMENTO AO CLIENTE<\/a>\u00a0 &#8211; Fabiana Esther Alves Feliz &#8211; Orientador:\u00a0Prof. Wilton Alves Ferreira J\u00fanior.<\/p>\n<p>7-\u00a0<a href=\"https:\/\/catolicadeanapolis.edu.br\/biblioteca\/wp-content\/uploads\/2018\/04\/FLAVYANE-KATIA-DA-SILVA-2013.pdf\">HUMANIZA\u00c7\u00c3O DO ATENDIMENTO NA \u00c1REA DE SA\u00daDE: UMA PROPOSTA PARA O HEG<\/a> &#8211; Flavyane Katia da Silva; Neusa Maria Alves Batista; Thauana Junqueira Coutinho &#8211; Orientadora: Thais Regina de Abreu Pereira Perdig\u00e3o.<\/p>\n<p>8-\u00a0<a href=\"https:\/\/catolicadeanapolis.edu.br\/biblioteca\/wp-content\/uploads\/2018\/04\/GABRIELA-SOUSA-DE-OLIVEIRA-2013.pdf\">AVALIA\u00c7\u00c3O DA QUALIDADE NO ATENDIMENTO COMO FATOR\u00a0DIFERENCIAL E COMPETITIVO\u00a0DA AUTO PE\u00c7AS MENEZES LTDA<\/a> &#8211;\u00a0Gabriela Sousa de Oliveira &#8211; Orientador:\u00a0Prof.\u00a0Wilton Alves Ferreira J\u00fanior.<\/p>\n<p>9-\u00a0<a href=\"https:\/\/catolicadeanapolis.edu.br\/biblioteca\/wp-content\/uploads\/2018\/04\/JULIMAR-ROSA-PIRES-2013.pdf\">ARRANJO DO LAYOUT NO AMBIENTE INTERNO DA EMPRESA J.C. PEREIRA MATERIAIS PARA CONSTRU\u00c7\u00c3O LTDA<\/a> &#8211; Julimar Rosa Pires; Keitiane Alves Faleiro; Victor Hugo Pereira Rezende &#8211; Orientador:\u00a0Wilton Alves Ferreira J\u00fanior.<\/p>\n","protected":false},"excerpt":{"rendered":"<p>1- FATORES MOTIVACIONAIS QUE GERAM SATISFA\u00c7\u00c3O DO\u00a0COLABORADOR INTERNO: PROVEDOR DE INTERNET VIA\u00a0R\u00c1DIO &#8211; Adriana Teixeira; S\u00f4nia Marques &#8211; Orientador:\u00a0Prof. Wilton Alves Ferreira J\u00fanior. 2-\u00a0PESQUISA SOBRE O TREINAMENTO E DESENVOLVIMENTO DE\u00a0RECEPCIONISTAS E ENFERMEIRAS DA \u00c1REA HOSPITALAR\u00a0&#8211; Aline de Souza Madureira; Fabio de Jesus Povoa: Jessica Castro Costa &#8211;\u00a0Prof. MS Artur\u00a0Vandr\u00e9 Pitanga. 3- PROBLEMAS RELACIONADOS \u00c0 LOG\u00cdSTICA [&hellip;]<\/p>\n","protected":false},"author":1,"featured_media":0,"parent":41,"menu_order":0,"comment_status":"open","ping_status":"closed","template":"","meta":[],"_links":{"self":[{"href":"https:\/\/catolicadeanapolis.edu.br\/biblioteca\/index.php?rest_route=\/wp\/v2\/pages\/70"}],"collection":[{"href":"https:\/\/catolicadeanapolis.edu.br\/biblioteca\/index.php?rest_route=\/wp\/v2\/pages"}],"about":[{"href":"https:\/\/catolicadeanapolis.edu.br\/biblioteca\/index.php?rest_route=\/wp\/v2\/types\/page"}],"author":[{"embeddable":true,"href":"https:\/\/catolicadeanapolis.edu.br\/biblioteca\/index.php?rest_route=\/wp\/v2\/users\/1"}],"replies":[{"embeddable":true,"href":"https:\/\/catolicadeanapolis.edu.br\/biblioteca\/index.php?rest_route=%2Fwp%2Fv2%2Fcomments&post=70"}],"version-history":[{"count":34,"href":"https:\/\/catolicadeanapolis.edu.br\/biblioteca\/index.php?rest_route=\/wp\/v2\/pages\/70\/revisions"}],"predecessor-version":[{"id":3655,"href":"https:\/\/catolicadeanapolis.edu.br\/biblioteca\/index.php?rest_route=\/wp\/v2\/pages\/70\/revisions\/3655"}],"up":[{"embeddable":true,"href":"https:\/\/catolicadeanapolis.edu.br\/biblioteca\/index.php?rest_route=\/wp\/v2\/pages\/41"}],"wp:attachment":[{"href":"https:\/\/catolicadeanapolis.edu.br\/biblioteca\/index.php?rest_route=%2Fwp%2Fv2%2Fmedia&parent=70"}],"curies":[{"name":"wp","href":"https:\/\/api.w.org\/{rel}","templated":true}]}}