{"id":712,"date":"2018-04-13T18:27:31","date_gmt":"2018-04-13T18:27:31","guid":{"rendered":"https:\/\/catolicadeanapolis.edu.br\/biblioteca\/?page_id=712"},"modified":"2022-06-09T11:26:34","modified_gmt":"2022-06-09T11:26:34","slug":"administracao-2016","status":"publish","type":"page","link":"https:\/\/catolicadeanapolis.edu.br\/biblioteca\/?page_id=712","title":{"rendered":"ADMINISTRA\u00c7\u00c3O 2016"},"content":{"rendered":"<ol>\n<li><a href=\"https:\/\/catolicadeanapolis.edu.br\/biblioteca\/wp-content\/uploads\/2018\/04\/ADRIANA-CRISTINA-DE-MOURA-2016.pdf\">O COM\u00c9RCIO ELETR\u00d4NICO NA CIDADE DE AN\u00c1POLIS<\/a> &#8211; Adriana Cristina de Moura; Fayssal Teixeira Andrade; Lincon Afonso Trentin; Pollyane Brune Silva &#8211; Orientador: Prof.<span style=\"font-size: 1rem;\">\u00a0Wilton Alves Ferreira J\u00fanior.<\/span><\/li>\n<li>\u00a0<a href=\"https:\/\/catolicadeanapolis.edu.br\/biblioteca\/wp-content\/uploads\/2018\/04\/AMANDA-KHALLOUF-GUIMAR\u00c3ES-2016.pdf\">GERENCIAMENTO DO TEMPO PESSOAL NA \u00c1REA\u00a0ADMINISTRATIVA EM UMA CEREALISTA DE AN\u00c1POLIS<\/a> &#8211; Amanda Khallouf Guimar\u00e3es; Bruna Luiza Mendes de Freitas; Isack Moreira Cavalcante; Sharlla Faria de Azevedo &#8211; Orientador:\u00a0Prof. Artur Vandr\u00e9 Pitanga.<\/li>\n<li>\u00a0<a href=\"https:\/\/catolicadeanapolis.edu.br\/biblioteca\/wp-content\/uploads\/2018\/04\/ANA-PAULA-VIEIRA-2016.pdf\">AS EGRESSAS DA FACULDADE CAT\u00d3LICA DE AN\u00c1POLIS E SEU DESENVOLVIMENTO NO MERCADO DE TRABALHO<\/a> &#8211; Ana Paula Vieira; Leilane Marques de Souza; Silvia Rodrigues Roque &#8211; Orientador: Prof. Wilton Alves Ferreira J\u00fanior.<\/li>\n<li><a href=\"https:\/\/catolicadeanapolis.edu.br\/biblioteca\/wp-content\/uploads\/2018\/04\/ANNA-LUIZA-HERMETO-DE-MELO-2016.pdf\">FERRAMENTAS DE APOIO \u00c0 DECIS\u00c3O E SUA UTILIZA\u00c7\u00c3O NO PROCESSO DE PLANEJAMENTO ESTRAT\u00c9GICO: UM ESTUDO DE CASO DO PET CENTER MUNDO ANIMAL<\/a>\u00a0&#8211; Anna Luiza Hermeto de Melo; Isabella Ferreira Perenne; Lorena de Freitas Montalv\u00e3o &#8211; Orientador: Prof. Raoni Luis Olmos Lotti.<\/li>\n<li>\u00a0<a href=\"https:\/\/catolicadeanapolis.edu.br\/biblioteca\/wp-content\/uploads\/2018\/04\/BRUNA-MESQUITA-ALMEIDA-TAVEIRA-2016.pdf\">MARKETING DIGITAL: AN\u00c1LISE DE IMPLEMENTA\u00c7<\/a><span style=\"font-size: 1rem;\"><a href=\"https:\/\/catolicadeanapolis.edu.br\/biblioteca\/wp-content\/uploads\/2018\/04\/BRUNA-MESQUITA-ALMEIDA-TAVEIRA-2016.pdf\">\u00c3O EM UMA IMOBILI\u00c1RIA<\/a> &#8211; Bruna Mesquita Almeida Taveira; Evellyn Estterpny Sampaio Dias; Natielle Santos de Moura &#8211; Orientador:\u00a0<\/span><span style=\"font-size: 1rem;\">Prof. Raoni Lu\u00eds Olmos Lotti.<\/span><\/li>\n<li><a href=\"https:\/\/catolicadeanapolis.edu.br\/biblioteca\/wp-content\/uploads\/2018\/04\/IGOR-DE-MORAIS-SOARES-2016.pdf\">PLANEJAMENTO ESTRAT\u00c9GICO: SUGEST\u00c3O DO BSC EM UMA EMPRESA FAMILIAR<\/a>\u00a0&#8211; Igor de Morais Soares; Juliana Cristina Monteiro; Lu\u00eds Felipe Isecke C\u00e2ndido &#8211; Orientador:\u00a0Prof. Raoni Lu\u00eds Olmos Lotti.<\/li>\n<li>\u00a0<a href=\"https:\/\/catolicadeanapolis.edu.br\/biblioteca\/wp-content\/uploads\/2018\/04\/JESLEY-PER\u00cdCOLE-2016.pdf\">DIAGN\u00d3STICO DOS H\u00c1BITOS E COMPORTAMENTOS DOS CONSUMIDORES QUE FREQUENTAM OS SHOPPINGS CENTERS DE AN\u00c1POLIS<\/a> &#8211; Jesley Per\u00edcole; Juliana Paula Arantes; Lorena Santos Portilho Boaventura &#8211; Orientador:\u00a0Prof. Wilton Alves Ferreira J\u00fanior.<\/li>\n<li><a href=\"https:\/\/catolicadeanapolis.edu.br\/biblioteca\/wp-content\/uploads\/2018\/04\/JOEL-MOREIRA-BARBOSA-2016.pdf\">A LIDERAN\u00c7A PELO O RESULTADO EM UMA IND\u00daSTRIA DE BEBIDAS EM\u00a0AN\u00c1POLIS &#8211; GO<\/a> &#8211;\u00a0Joel Moreira Barbosa &#8211; Orientadora: Prof.\u00a0Thais Regina de Abreu Pereira\u00a0Perdig\u00e3o.<\/li>\n<li><a href=\"https:\/\/catolicadeanapolis.edu.br\/biblioteca\/wp-content\/uploads\/2018\/04\/KAIO-C\u00c9SAR-SILVA-COSTA-2016.pdf\">PLANO DE NEG\u00d3CIOS PARA UMA PRODUTORA DE VIDEOS COM FOCO EM TRANSMISS\u00c3O DE CONTE\u00daDOS ONLINE, VIA WEB, VOLTADO PARA EVENTOS RELIGIOSOS<\/a> &#8211; Kaio C\u00e9sar Silva Costa; M\u00e1rcio de Oliveira; Willian Silva de Jesus Pinto &#8211;\u00a0Orientadora: Prof.\u00a0Thais Regina de Abreu Pereira\u00a0Perdig\u00e3o.<\/li>\n<li>\u00a0<a href=\"https:\/\/catolicadeanapolis.edu.br\/biblioteca\/wp-content\/uploads\/2018\/04\/LA\u00cdS-CONCEI\u00c7\u00c3O-DOS-SANTOS-2016.pdf\">AN\u00c1LISE DE CUSTOS DE TRANSPORTE EM UMA EMPRESA DE COM\u00c9RCIO ATACADISTA <\/a>&#8211; La\u00eds Concei\u00e7\u00e3o dos Santos; Leidiane Pereira Silva Vasconcelos &#8211;\u00a0Orientador: Prof. Raoni Lotti.<\/li>\n<li>\u00a0<a href=\"https:\/\/catolicadeanapolis.edu.br\/biblioteca\/wp-content\/uploads\/2018\/10\/Denise-Thalita-Lopes.pdf\">PLANO DE NEG\u00d3CIO PARA DIAGNOSTICAR A VIABILIDADE FINANCEIRA PARA IMPLANTA\u00c7\u00c3O DE UMA ACADEMIA<\/a> &#8211; Denise Thalita Lopes, Rafael Silva Lopes &#8211; Orientador:\u00a0 <span class=\"fontstyle0\">Prof. MS. Wilton Alves Ferreira J\u00fanior.<\/span><\/li>\n<\/ol>\n","protected":false},"excerpt":{"rendered":"<p>O COM\u00c9RCIO ELETR\u00d4NICO NA CIDADE DE AN\u00c1POLIS &#8211; Adriana Cristina de Moura; Fayssal Teixeira Andrade; Lincon Afonso Trentin; Pollyane Brune Silva &#8211; Orientador: Prof.\u00a0Wilton Alves Ferreira J\u00fanior. \u00a0GERENCIAMENTO DO TEMPO PESSOAL NA \u00c1REA\u00a0ADMINISTRATIVA EM UMA CEREALISTA DE AN\u00c1POLIS &#8211; Amanda Khallouf Guimar\u00e3es; Bruna Luiza Mendes de Freitas; Isack Moreira Cavalcante; Sharlla Faria de Azevedo &#8211; [&hellip;]<\/p>\n","protected":false},"author":4,"featured_media":0,"parent":41,"menu_order":3,"comment_status":"open","ping_status":"open","template":"","meta":[],"_links":{"self":[{"href":"https:\/\/catolicadeanapolis.edu.br\/biblioteca\/index.php?rest_route=\/wp\/v2\/pages\/712"}],"collection":[{"href":"https:\/\/catolicadeanapolis.edu.br\/biblioteca\/index.php?rest_route=\/wp\/v2\/pages"}],"about":[{"href":"https:\/\/catolicadeanapolis.edu.br\/biblioteca\/index.php?rest_route=\/wp\/v2\/types\/page"}],"author":[{"embeddable":true,"href":"https:\/\/catolicadeanapolis.edu.br\/biblioteca\/index.php?rest_route=\/wp\/v2\/users\/4"}],"replies":[{"embeddable":true,"href":"https:\/\/catolicadeanapolis.edu.br\/biblioteca\/index.php?rest_route=%2Fwp%2Fv2%2Fcomments&post=712"}],"version-history":[{"count":21,"href":"https:\/\/catolicadeanapolis.edu.br\/biblioteca\/index.php?rest_route=\/wp\/v2\/pages\/712\/revisions"}],"predecessor-version":[{"id":3419,"href":"https:\/\/catolicadeanapolis.edu.br\/biblioteca\/index.php?rest_route=\/wp\/v2\/pages\/712\/revisions\/3419"}],"up":[{"embeddable":true,"href":"https:\/\/catolicadeanapolis.edu.br\/biblioteca\/index.php?rest_route=\/wp\/v2\/pages\/41"}],"wp:attachment":[{"href":"https:\/\/catolicadeanapolis.edu.br\/biblioteca\/index.php?rest_route=%2Fwp%2Fv2%2Fmedia&parent=712"}],"curies":[{"name":"wp","href":"https:\/\/api.w.org\/{rel}","templated":true}]}}