{"id":740,"date":"2018-04-13T19:58:36","date_gmt":"2018-04-13T19:58:36","guid":{"rendered":"https:\/\/catolicadeanapolis.edu.br\/biblioteca\/?page_id=740"},"modified":"2019-11-07T13:32:32","modified_gmt":"2019-11-07T13:32:32","slug":"administracao-2017","status":"publish","type":"page","link":"https:\/\/catolicadeanapolis.edu.br\/biblioteca\/?page_id=740","title":{"rendered":"ADMINISTRA\u00c7\u00c3O 2017"},"content":{"rendered":"<ol>\n<li>\u00a0<a href=\"https:\/\/catolicadeanapolis.edu.br\/biblioteca\/wp-content\/uploads\/2018\/04\/ANELSON-JOS\u00c9-LOUREN\u00c7O-JUNIOR-2017.pdf\">PLANEJAMENTO FINANCEIRO PESSOAL: UMA AN\u00c1LISE COM ACAD\u00caMICOS DO CURSO DE ADMINISTRA\u00c7\u00c3O DA FACULDADE CAT\u00d3LICA DE AN\u00c1POLIS<\/a> &#8211; Anelson Jos\u00e9 Louren\u00e7o Junior; Brenda Resende Silva &#8211; Orientador:\u00a0Prof. Raoni Lotti.<\/li>\n<li>\u00a0<a href=\"https:\/\/catolicadeanapolis.edu.br\/biblioteca\/wp-content\/uploads\/2018\/04\/BIANCA-DE-SOUZA-FRAN\u00c7A-2017.pdf\">O MARKETING DIGITAL COMO FATOR DECISIVO NO AUMENTO DE VENDAS EM\u00a0UMA EMPRESA DE BIJUTERIAS<\/a> &#8211; Bianca de Souza Fran\u00e7a; Larissa Francielle Silva Morais; Raquel Resende de Andrade &#8211; Orientador:\u00a0Prof. Wilton Alves Ferreira J\u00fanior.<\/li>\n<li>\u00a0<a href=\"https:\/\/catolicadeanapolis.edu.br\/biblioteca\/wp-content\/uploads\/2018\/04\/CARLOS-ROBERTO-BATISTA-J\u00daNIOR-2017.pdf\">DOCES DE LEITE SEM LACTOSE: NOVO NICHO DE MERCADO PARA UM EMP\u00d3RIO DA F\u00c1BRICA DE DOCES NER\u00d3POLIS<\/a> &#8211; Carlos Roberto Batista J\u00fanior; Eliana Mendes Bosco; Jorge Ot\u00e1vio Guimar\u00e3es Bento &#8211; Orientador:\u00a0Prof. Raoni Lotti.<\/li>\n<li><a href=\"https:\/\/catolicadeanapolis.edu.br\/biblioteca\/wp-content\/uploads\/2018\/04\/FL\u00c1VIA-CRISTINA-COSTA-DE-OLIVEIRA-2017.pdf\">ESTRESSE NO AMBIENTE DE TRABALHO DE UMA COOPERATIVA DE T\u00c1XI\u00a0EM AN\u00c1POLIS<\/a> &#8211;\u00a0Fl\u00e1via Cristina Costa de Oliveira; J\u00e9ssica Gon\u00e7alves de Miranda &#8211; Orientador: Prof. Dou.\u00a0Artur Vandr\u00e9\u00a0Pitanga.<\/li>\n<li>\u00a0<a href=\"https:\/\/catolicadeanapolis.edu.br\/biblioteca\/wp-content\/uploads\/2018\/04\/HELLEN-MONIQUE-RODRIGUES-PEREIRA-2017.pdf\">MOTIVA\u00c7\u00c3O DOS FUNCION\u00c1RIOS DA SECRETARIA MUNICIPAL DE DESENVOLVIMENTO SOCIAL DE AN\u00c1POLIS<\/a> &#8211; Hellen Monique Pereira; Jessica Borges Nascimento &#8211; Orientador:\u00a0Prof. Dr. Artur Vandr\u00e9 Pitanga.<\/li>\n<li>\u00a0<a href=\"https:\/\/catolicadeanapolis.edu.br\/biblioteca\/wp-content\/uploads\/2018\/04\/LUCAS-FONSECA-ROCHA-2017.pdf\">UM ESTUDO SOBRE O PERFIL DOS CONSUMIDORES QUE FREQUENTAM\u00a0PESQUE PAGUE NO MUNIC\u00cdPIO DE AN\u00c1POLIS<\/a> &#8211; Lucas Fonseca Rocha; Thais Cristina silva de Souza &#8211; Orientador: Prof. Raoni Luis Olmos Lotti.<\/li>\n<li><a href=\"https:\/\/catolicadeanapolis.edu.br\/biblioteca\/wp-content\/uploads\/2018\/04\/LUCIANA-GABRIELA-DE-ARA\u00daJO-SANTOS-2017.pdf\">UM ESTUDO SOBRE EMPREENDEDORISMO NO RAMO ALIMENT\u00cdCIO EM AN\u00c1POLIS<\/a> &#8211; Luciana Gabriela de Ara\u00fajo Santos; Maria Jos\u00e9 Ferreira de Queiroz; Marcos Paulo de Abreu &#8211; Orientador:\u00a0Prof. Wilton Alves Ferreira J\u00fanior.<\/li>\n<li>\u00a0<a href=\"https:\/\/catolicadeanapolis.edu.br\/biblioteca\/wp-content\/uploads\/2018\/04\/MARILIA-ALENCAR-LIMA-2017.pdf\">COMUNICA\u00c7\u00c3O INTERNA NA VIS\u00c3O DOS COLABORADORES DA\u00a0EMPRESA FUTURA CAMINH\u00d5ES E M\u00c1QUINAS LTDA.<\/a> &#8211; Mar\u00edlia Alencar Lima; Telma Fabiana dos Santos Silva &#8211; Orientador:\u00a0Prof. Aracelly Rodrigues Loures Rangel.<\/li>\n<li><span class=\"fontstyle0\"><a href=\"https:\/\/catolicadeanapolis.edu.br\/biblioteca\/wp-content\/uploads\/2018\/10\/Adriano-Rodrigues-de-Araujo.pdf\">UM ESTUDO QUANTO AOS IMPACTOS DA QUALIDADE DE VIDA NO TRABALHO E DO CLIMA ORGANIZACIONAL NA EMPRESA OESTE CENTER<\/a>\u00a0&#8211; Adriano Rodrigues de Ara\u00fajo, Erick Daniel Pereira de Andrade, Fl\u00e1vio Marques Machado &#8211; Orientador:\u00a0Prof. Me. Wilton Alves Ferreira J\u00fanior.<\/span><\/li>\n<li><a href=\"https:\/\/catolicadeanapolis.edu.br\/biblioteca\/wp-content\/uploads\/2018\/12\/EMPREENDEDORISMO-POR-NECESSIDADE-UM-ESTUDO-SOBRE-A-RELA\u00c7\u00c3O-ENTRE-DESEMPREGO-E-FORMALIZA\u00c7\u00c3O-NO-PROGRAMA-MEI-NA-CIDADE-D1.pdf\"> <span class=\"fontstyle0\">EMPREENDEDORISMO POR NECESSIDADE: UM ESTUDO SOBRE A RELA\u00c7\u00c3O<br \/>\nENTRE DESEMPREGO E FORMALIZA\u00c7\u00c3O NO PROGRAMA MEI NA CIDADE DE<br \/>\nAN\u00c1POLIS ENTRE OS ANOS DE 2010 A 2017<\/span>\u00a0<\/a>&#8211;\u00a0 <span class=\"fontstyle0\">Christian dos Santos Oliveira,\u00a0<\/span><span class=\"fontstyle0\">Leusimar Gon\u00e7alves da Silva<\/span><span class=\"fontstyle0\">2,\u00a0<\/span><span class=\"fontstyle0\">Odair de Jesus Ribeiro<\/span><span class=\"fontstyle0\">2,\u00a0<\/span><span class=\"fontstyle0\">RaoniLott<\/span>\u00a0&#8211;\u00a0Orientador:\u00a0Prof. Wilton Alves Ferreira J\u00fanior.<\/li>\n<\/ol>\n","protected":false},"excerpt":{"rendered":"<p>\u00a0PLANEJAMENTO FINANCEIRO PESSOAL: UMA AN\u00c1LISE COM ACAD\u00caMICOS DO CURSO DE ADMINISTRA\u00c7\u00c3O DA FACULDADE CAT\u00d3LICA DE AN\u00c1POLIS &#8211; Anelson Jos\u00e9 Louren\u00e7o Junior; Brenda Resende Silva &#8211; Orientador:\u00a0Prof. Raoni Lotti. \u00a0O MARKETING DIGITAL COMO FATOR DECISIVO NO AUMENTO DE VENDAS EM\u00a0UMA EMPRESA DE BIJUTERIAS &#8211; Bianca de Souza Fran\u00e7a; Larissa Francielle Silva Morais; Raquel Resende de Andrade [&hellip;]<\/p>\n","protected":false},"author":4,"featured_media":0,"parent":41,"menu_order":4,"comment_status":"open","ping_status":"open","template":"","meta":[],"_links":{"self":[{"href":"https:\/\/catolicadeanapolis.edu.br\/biblioteca\/index.php?rest_route=\/wp\/v2\/pages\/740"}],"collection":[{"href":"https:\/\/catolicadeanapolis.edu.br\/biblioteca\/index.php?rest_route=\/wp\/v2\/pages"}],"about":[{"href":"https:\/\/catolicadeanapolis.edu.br\/biblioteca\/index.php?rest_route=\/wp\/v2\/types\/page"}],"author":[{"embeddable":true,"href":"https:\/\/catolicadeanapolis.edu.br\/biblioteca\/index.php?rest_route=\/wp\/v2\/users\/4"}],"replies":[{"embeddable":true,"href":"https:\/\/catolicadeanapolis.edu.br\/biblioteca\/index.php?rest_route=%2Fwp%2Fv2%2Fcomments&post=740"}],"version-history":[{"count":21,"href":"https:\/\/catolicadeanapolis.edu.br\/biblioteca\/index.php?rest_route=\/wp\/v2\/pages\/740\/revisions"}],"predecessor-version":[{"id":2008,"href":"https:\/\/catolicadeanapolis.edu.br\/biblioteca\/index.php?rest_route=\/wp\/v2\/pages\/740\/revisions\/2008"}],"up":[{"embeddable":true,"href":"https:\/\/catolicadeanapolis.edu.br\/biblioteca\/index.php?rest_route=\/wp\/v2\/pages\/41"}],"wp:attachment":[{"href":"https:\/\/catolicadeanapolis.edu.br\/biblioteca\/index.php?rest_route=%2Fwp%2Fv2%2Fmedia&parent=740"}],"curies":[{"name":"wp","href":"https:\/\/api.w.org\/{rel}","templated":true}]}}