{"id":76,"date":"2013-12-17T23:44:17","date_gmt":"2013-12-17T23:44:17","guid":{"rendered":"https:\/\/catolicadeanapolis.edu.br\/biblioteca\/?page_id=76"},"modified":"2019-11-07T13:31:54","modified_gmt":"2019-11-07T13:31:54","slug":"2014-administracao","status":"publish","type":"page","link":"https:\/\/catolicadeanapolis.edu.br\/biblioteca\/?page_id=76","title":{"rendered":"ADMINISTRA\u00c7\u00c3O 2014"},"content":{"rendered":"<p>1-\u00a0<a href=\"https:\/\/catolicadeanapolis.edu.br\/biblioteca\/wp-content\/uploads\/2018\/03\/ALINE-MADALENA-SILVA-COSTA-2014.pdf\">A\u00c7\u00d5ES DE MARKETING PARA RECUPERAR E MANTER CLIENTES NA\u00a0EMPRESA CARROCERIAS FURGOFORTE<\/a> &#8211; Aline Madalena Silva Costa; Fernanda Amatte Oliveira &#8211;\u00a0\u00a0Professor Ms.\u00a0Wilton Alves Ferreira Junior.<\/p>\n<p>2-<a href=\"https:\/\/catolicadeanapolis.edu.br\/biblioteca\/wp-content\/uploads\/2018\/03\/ANA-CARLA-LOPES-MORAES-2014.pdf\">\u00a0ESTUDO SOBRE ESTRESSE NO TRABALHO DE FUNCION\u00c1RIOS DA LINHA DE LINHA DE PRODUC\u00c3O DE UMA IND\u00daSTRIA FARMAC\u00caUTICA\u00a0<\/a>&#8211; Ana Carla Lopes Moraes; Denise de Carvalho Silva; Mayara Cristina Borges &#8211;\u00a0Orientador: Professor Ms. Artur Vandr\u00e9 Pitanga.<\/p>\n<p>3-\u00a0<a href=\"https:\/\/catolicadeanapolis.edu.br\/biblioteca\/wp-content\/uploads\/2018\/03\/ANA-CAROLINA-BORGES-CORREA-2014.pdf\">ESTUDO SOBRE A IMPORT\u00c2NCIA DA COMUNICA\u00c7\u00c3O INTERNA COMO\u00a0FACILITADOR NAS NEGOCIA\u00c7\u00d5ES <\/a>&#8211; Ana Carolina Borges Correa; Erika Atan\u00e1sio de Morais &#8211; Orientador:\u00a0Prof. Ms. Wilton Alves Ferreira\u00a0Junior.<\/p>\n<p>4-\u00a0<a href=\"https:\/\/catolicadeanapolis.edu.br\/biblioteca\/wp-content\/uploads\/2018\/04\/C\u00c1SSIO-FELIPE-CORREIA-DE-ASSIS-2014.pdf\">PROPOSTA DE REVIS\u00c3O DO PLANO DE NEG\u00d3CIO DE UMA EMPRESA DO SEGMENTO DE BELEZA<\/a> &#8211; C\u00e1ssio Felipe Correia de Assis; Jean do Nascimento; Mayara de Ara\u00fajo Rodrigues de Jesus &#8211; Orientador: Prof. Me. Badran Awad Odeh.<\/p>\n<p>5-\u00a0<a href=\"https:\/\/catolicadeanapolis.edu.br\/biblioteca\/wp-content\/uploads\/2018\/04\/CLEITON-NUNES-DE-SIQUEIRA-2014.pdf\">COMO ALCAN\u00c7AR A SATISFA\u00c7\u00c3O DOS CLIENTES DA\u00a0PANIFICADORA S\u00c3O JORGE<\/a> &#8211; Cleiton Nunes de Siqueira; Taniele Matias Barbosa; Thays Mendes Carvalho &#8211; Orientador: Prof. Wilton Alves Ferreira\u00a0J\u00fanior.<\/p>\n<p>6-\u00a0<a href=\"https:\/\/catolicadeanapolis.edu.br\/biblioteca\/wp-content\/uploads\/2018\/04\/DANILO-RODRIGUES-VIANA-2014.pdf\">COMUNICA\u00c7\u00c3O EXTERNA DE UMA EMPRESA P\u00daBLICA DE ENTREGA DE MEDICAMENTOS DE ALTO CUSTO EM AN\u00c1POLIS &#8211; GO<\/a> &#8211; Danilo Rodrigues Viana; Dan\u00fabia Rodrigues Viana; Luizmar Pacheco de Lima J\u00fanior &#8211; Orientador:\u00a0Prof. Wilton Alves Ferreira J\u00fanior.<\/p>\n<p>7-\u00a0<a href=\"https:\/\/catolicadeanapolis.edu.br\/biblioteca\/wp-content\/uploads\/2018\/04\/GUILHERME-HENRIQUE-SOUZA-2014.pdf\">AVALIA\u00c7\u00c3O DA PERCEP\u00c7\u00c3O DOS COLABORADORES DA GASTROMED SOBRE O CONCEITO DE \u00c9TICA<\/a> &#8211; Guilherme Henrique Souza; Marcos Paulo Sena Ribeiro; Pedro Henrique Silva Padua &#8211; Orientador:\u00a0Prof. Wilton Alves Ferreira Junior.<\/p>\n<p>8-\u00a0<a href=\"https:\/\/catolicadeanapolis.edu.br\/biblioteca\/wp-content\/uploads\/2018\/04\/HELLENNE-VIEIRA-LOPES-2014.pdf\">DIAGN\u00d3STICO PARA LAN\u00c7AMENTO DE NOVO PRODUTO EM UMA EMPRESA\u00a0DE PANIFICA\u00c7\u00c3O<\/a> &#8211; Hellenne Vieira Lopes; M\u00e1rcio Moreira da Silva; Somine Ribeiro de Sales &#8211; Orientador: Prof.Badran Awad Odeh.<\/p>\n<p>9-\u00a0<a href=\"https:\/\/catolicadeanapolis.edu.br\/biblioteca\/wp-content\/uploads\/2018\/04\/GUILHERME-HENRIQUE-SOUZA-20141.pdf\">ESTUDO DA MOTIVA\u00c7\u00c3O DOS COLABORADORES DE UMA\u00a0TRANSPORTADORA DA CIDADE DE AN\u00c1POLIS <\/a>&#8211; Jackeline Rodrigues; Kelly silva &#8211; Orientador: Wilton Alves Ferreira Junior.<\/p>\n<p>10-\u00a0<a href=\"https:\/\/catolicadeanapolis.edu.br\/biblioteca\/wp-content\/uploads\/2018\/04\/JO\u00c3O-GABRIEL-SILVA-DE-GODOI-2014.pdf\">DIAGN\u00d3STICO DO PROCESSO DE SATISFA\u00c7\u00c3O DO ATENDIMENTO EM UM CART\u00d3RIO DE PROTESTO DE AN\u00c1POLIS<\/a> &#8211; Jo\u00e3o Gabriel Silva de Godoi; Paulo Henrique Marques Silva; Pedro Henrique Silva de Godoi &#8211; Orientador: Prof.\u00a0 Badran Awad Odeh.<\/p>\n<p>11-\u00a0<a href=\"https:\/\/catolicadeanapolis.edu.br\/biblioteca\/wp-content\/uploads\/2018\/04\/JOYCE-GON\u00c7ALVES-DORNELES-2014.pdf\">UM ESTUDO SOBRE A MOTIVA\u00c7\u00c3O DE COLABORADORES EM UM SETOR DE UMA EMPRESA AUTOMOBILISTICA EM RELA\u00c7\u00c3O A REMUNERA\u00c7\u00c3O E AOS BENEFICIOS OFERECIDOS<\/a> &#8211; Joyce Gon\u00e7almes; Luriane Batista Diniz -Orientador:\u00a0Prof. Artur Vandr\u00e9 Pitanga.<\/p>\n<p>12-\u00a0<a href=\"https:\/\/catolicadeanapolis.edu.br\/biblioteca\/wp-content\/uploads\/2018\/04\/JULIANA-ROCHA-FERREIRA-2014.pdf\">QUALIDADE DE VIDA DOS PROFISSIONAIS DE UMA REDE DE\u00a0ELETRODOM\u00c9STICOS EM AN\u00c1POLIS<\/a> &#8211; Juliana Rocha Ferreira; Luciv\u00e2nia da Cunha Neres; Tatiane Dias Ferreira &#8211; Orientador: Prof.\u00a0Mestre Arthur Vandr\u00e9.<\/p>\n<p>13-<a href=\"https:\/\/catolicadeanapolis.edu.br\/biblioteca\/wp-content\/uploads\/2018\/04\/JUNIO-JOS\u00c9-DOS-SANTOS-2014.pdf\"> ESTUDO SOBRE A QUALIDADE DE ATENDIMENTO AO CLIENTE EM UMA EMPRESA DE LOCA\u00c7\u00c3O DE EQUIPAMENTOS NA \u00c1REA CIVIL E INDUSTRIAL<\/a> &#8211; Junio Jos\u00e9 dos Santos; Maria Jos\u00e9 Batista &#8211; Orientador:\u00a0Prof. Artur\u00a0Vandr\u00e9 Pitanga.<\/p>\n<p>14-\u00a0<a href=\"https:\/\/catolicadeanapolis.edu.br\/biblioteca\/wp-content\/uploads\/2018\/04\/KARLLA-CAROLINE-SILVA-2014.pdf\">MARKETING DE RELACIONAMENTO COMO ESTRAT\u00c9GIA COMPETITIVA<\/a> &#8211; Karlla Caroline Silva; Lidiane Caroline de Faria; Thays Borgues de Souza &#8211; Orientador: Prof. Wilton Alves Ferreira J\u00fanior.<\/p>\n<p>15- <a href=\"https:\/\/catolicadeanapolis.edu.br\/biblioteca\/wp-content\/uploads\/2018\/04\/LUCIANA-BARC\u00c9-2014.pdf\">DIN\u00c2MICA DE COMPRA PELA INTERNET DE ESTUDANTES E PROFESSORES DE N\u00cdVEL SUPERIOR E SATISFA\u00c7\u00c3O DOS MESMOS<\/a> &#8211; Luciana Barc\u00e9; Maxwell Gon\u00e7alves Fernandes; Soraia Ferreira da Silva &#8211; Orientador: Prof. Artur Vandr\u00e9 Pitanga.<\/p>\n<p>16-\u00a0<a href=\"https:\/\/catolicadeanapolis.edu.br\/biblioteca\/wp-content\/uploads\/2018\/04\/MARCEL-DOURADO-MOREIRA-2014.pdf\">RELA\u00c7\u00c3O ENTRE FATORES MOTIVACIONAIS E DESEMPENHO\u00a0PROFISSIONAL EM EMPRESA DE TELEFONIA CELULAR<\/a> &#8211; Marcel Dourado Moreira; Vanessa de Melo Rodrigues Araujo &#8211; Orientador:\u00a0Prof. Artur Vandr\u00e9 Pitanga.<\/p>\n<p>17<a href=\"https:\/\/catolicadeanapolis.edu.br\/biblioteca\/wp-content\/uploads\/2018\/04\/PAULO-HENRIQUE-DA-S.-OLIVEIRA-2014.pdf\">&#8211;\u00a0LEVANTAMENTO DOS FATORES QUE INFLUENCIAM O\u00a0COMPORTAMENTO DE COMPRA DOS CLIENTES DO COM\u00c9RCIO VAREJISTA<\/a> &#8211; Paulo Henrique da Silva Oliveira; Tayane Silva Pereira &#8211; Orientador:\u00a0Prof. Artur Vandr\u00e9\u00a0Pitanga.<\/p>\n<p>18-\u00a0\u00a0 <a href=\"https:\/\/catolicadeanapolis.edu.br\/biblioteca\/wp-content\/uploads\/2018\/10\/Diego-Vinicius-dos-Santos.pdf\"><span class=\"fontstyle0\">AN\u00c1LISE DIAGN\u00d3STICA DO N\u00cdVEL DE SATISFA\u00c7\u00c3O NO TRABALHO DE COLABORDORES DE UM BANCO PRIVADO NA CIDADE DE AN\u00c1POLIS &#8211; GO<\/span><\/a>\u00a0&#8211;\u00a0<span class=\"fontstyle0\">Diego Vinicius Dos Santos, F\u00e1bio J\u00fanior Clemonez Arantes<\/span>\u00a0&#8211; Orientador:\u00a0 <span class=\"fontstyle0\">Prof. Ms. Wilton Alves Ferreira J\u00fanior.<\/span><\/p>\n","protected":false},"excerpt":{"rendered":"<p>1-\u00a0A\u00c7\u00d5ES DE MARKETING PARA RECUPERAR E MANTER CLIENTES NA\u00a0EMPRESA CARROCERIAS FURGOFORTE &#8211; Aline Madalena Silva Costa; Fernanda Amatte Oliveira &#8211;\u00a0\u00a0Professor Ms.\u00a0Wilton Alves Ferreira Junior. 2-\u00a0ESTUDO SOBRE ESTRESSE NO TRABALHO DE FUNCION\u00c1RIOS DA LINHA DE LINHA DE PRODUC\u00c3O DE UMA IND\u00daSTRIA FARMAC\u00caUTICA\u00a0&#8211; Ana Carla Lopes Moraes; Denise de Carvalho Silva; Mayara Cristina Borges &#8211;\u00a0Orientador: Professor Ms. [&hellip;]<\/p>\n","protected":false},"author":1,"featured_media":0,"parent":41,"menu_order":1,"comment_status":"open","ping_status":"open","template":"","meta":[],"_links":{"self":[{"href":"https:\/\/catolicadeanapolis.edu.br\/biblioteca\/index.php?rest_route=\/wp\/v2\/pages\/76"}],"collection":[{"href":"https:\/\/catolicadeanapolis.edu.br\/biblioteca\/index.php?rest_route=\/wp\/v2\/pages"}],"about":[{"href":"https:\/\/catolicadeanapolis.edu.br\/biblioteca\/index.php?rest_route=\/wp\/v2\/types\/page"}],"author":[{"embeddable":true,"href":"https:\/\/catolicadeanapolis.edu.br\/biblioteca\/index.php?rest_route=\/wp\/v2\/users\/1"}],"replies":[{"embeddable":true,"href":"https:\/\/catolicadeanapolis.edu.br\/biblioteca\/index.php?rest_route=%2Fwp%2Fv2%2Fcomments&post=76"}],"version-history":[{"count":35,"href":"https:\/\/catolicadeanapolis.edu.br\/biblioteca\/index.php?rest_route=\/wp\/v2\/pages\/76\/revisions"}],"predecessor-version":[{"id":2005,"href":"https:\/\/catolicadeanapolis.edu.br\/biblioteca\/index.php?rest_route=\/wp\/v2\/pages\/76\/revisions\/2005"}],"up":[{"embeddable":true,"href":"https:\/\/catolicadeanapolis.edu.br\/biblioteca\/index.php?rest_route=\/wp\/v2\/pages\/41"}],"wp:attachment":[{"href":"https:\/\/catolicadeanapolis.edu.br\/biblioteca\/index.php?rest_route=%2Fwp%2Fv2%2Fmedia&parent=76"}],"curies":[{"name":"wp","href":"https:\/\/api.w.org\/{rel}","templated":true}]}}