{"id":764,"date":"2018-04-14T14:22:08","date_gmt":"2018-04-14T14:22:08","guid":{"rendered":"https:\/\/catolicadeanapolis.edu.br\/biblioteca\/?page_id=764"},"modified":"2019-11-07T13:29:47","modified_gmt":"2019-11-07T13:29:47","slug":"recursos-humanos-2013","status":"publish","type":"page","link":"https:\/\/catolicadeanapolis.edu.br\/biblioteca\/?page_id=764","title":{"rendered":"Recursos Humanos 2013"},"content":{"rendered":"<p>1-\u00a0<a href=\"https:\/\/catolicadeanapolis.edu.br\/biblioteca\/wp-content\/uploads\/2018\/04\/ALEX-GODINHO-SILVA-2013.pdf\">TREINAMENTO E DESENVOLVIMENTO NA \u00c1REA DE VENDAS\u00a0DO VAREJO<\/a> &#8211; Alex Godinho Silva; Camila Mariene; Tatiane Araujo &#8211; Orientadora:\u00a0Neyde Maria.<\/p>\n<p>2-\u00a0<a href=\"https:\/\/catolicadeanapolis.edu.br\/biblioteca\/wp-content\/uploads\/2018\/04\/ANA-LAURA-DE-GODOY-REIS-2013.pdf\">O ASS\u00c9DIO MORAL NAS ORGANIZA\u00c7\u00d5ES<\/a> &#8211; Ana Laura de Godoy Reis; Diane Pinho da Costa; Paula Talita de Sales Silva &#8211; Orientadora:\u00a0Prof.\u00aa Neyde\u00a0Maria.<\/p>\n<p>3-\u00a0<a href=\"https:\/\/catolicadeanapolis.edu.br\/biblioteca\/wp-content\/uploads\/2018\/04\/ANA-PAULA-GOMES-DOS-SANTOS-2013.pdf\">A IMPORT\u00c2NCIA DO TREINAMENTO E DESENVOLVIMENTO DE\u00a0PESSOAL NAS ORGANIZA\u00c7\u00d5ES<\/a> &#8211;\u00a0Ana Paula Gomes dos Santos; Erick Henrique Viana &#8211; Orientadora:\u00a0Prof. Neyde Maria Silva.<\/p>\n<p>4-\u00a0\u00a0 <a href=\"https:\/\/catolicadeanapolis.edu.br\/biblioteca\/wp-content\/uploads\/2018\/05\/BRUNA-MILHOMENS-DOS-SANTOS-2013.pdf\"><span class=\"fontstyle0\">RECRUTAMENTO E SELE\u00c7\u00c3O EM GEST\u00c3O DE PESSOAS<\/span><\/a>\u00a0&#8211;\u00a0 <span class=\"fontstyle0\">Bruna Milhomens dos Santos<br \/>\nDaniela Ferreira da Cunha\u00a0 Kellen Caroline Abreu Carneiro<\/span>\u00a0&#8211;\u00a0 <span class=\"fontstyle0\">Orientador (a):<br \/>\nProf. Esp. Neyde Maria<\/span><\/p>\n<p>5-\u00a0<a href=\"https:\/\/catolicadeanapolis.edu.br\/biblioteca\/wp-content\/uploads\/2018\/05\/GABRIELA-COSTA-DIAS-2013.pdf\">COMUNICA\u00c7\u00c3O EMPRESARIAL<\/a>\u00a0&#8211;\u00a0 <span class=\"fontstyle0\">GABRIELA COSTA DIAS\u00a0 RAFAELA COSTA DIAS<br \/>\nRENATA FERREIRA TAVARES<\/span>\u00a0&#8211;\u00a0 <span class=\"fontstyle0\">Orientador (a): Neyde Maria da Silva<\/span><\/p>\n<p>6-\u00a0<a href=\"https:\/\/catolicadeanapolis.edu.br\/biblioteca\/wp-content\/uploads\/2018\/05\/LEILANE-SARAH-BORGES-MACIEL-2013.pdf\">O DESAFIO DAS ORGANIZA\u00c7\u00d5ES EM MANTEREM SEUS FUNCI\u00d3NARIOS MOTIVADOS\u00a0<\/a>&#8211;\u00a0 <span class=\"fontstyle0\">LEILANE SARAH BORGES MACIEL ; MARIA APARECIDA GOMES; MELYNA HELLEN RODRIGUES SILVA; MIRI\u00c1M RODRIGUES DE FREITAS<\/span>\u00a0.\u00a0 <span class=\"fontstyle0\">Orienta\u00e7\u00e3o: Prof \u00aa. Neyde Maria Silva<\/span><\/p>\n<p>7 &#8211;\u00a0<a href=\"https:\/\/catolicadeanapolis.edu.br\/biblioteca\/wp-content\/uploads\/2018\/08\/LEILANE-SARAH-BORGES-MACIEL-2013.pdf\">O DESAFIO DAS ORGANIZA\u00c7\u00d5ES EM MANTEREM SEUS FUNCION\u00c1RIOS MOTIVADOS<\/a>\u00a0&#8211;\u00a0 LEILANE SARAH BORGES MACIEL; MARIA APARECIDA GOMES; MELYNA HELLEN RODRIGUES SILVA; MIRI\u00c1M RODRIGUES DE FREITAS\u00a0.<\/p>\n<p>8 &#8211;\u00a0<a href=\"https:\/\/catolicadeanapolis.edu.br\/biblioteca\/wp-content\/uploads\/2018\/08\/LUDMILA-LOUZEIRA-DE-SALLES-2014.pdf\">TREINAMENTO E DESENVOLVIMENTO NAS ORGANIZA\u00c7\u00d5ES<\/a>\u00a0&#8211;\u00a0 LUDMILA LOUZEIRA DE SALLES;\u00a0 S\u00cdLVIA LET\u00cdCIA PINTO CARVALHO DE FARIA\u00a0.<\/p>\n<p>9 &#8211;\u00a0<a href=\"https:\/\/catolicadeanapolis.edu.br\/biblioteca\/wp-content\/uploads\/2018\/08\/GABRIELA-COSTA-DIAS-2013.pdf\">COMUNICA\u00c7\u00c3O EMPRESARIAL<\/a>\u00a0&#8211;\u00a0 GABRIELA COSTA DIAS; RAFAELA COSTA DIAS ; RENATA FERREIRA TAVARES\u00a0.<\/p>\n<p>10 &#8211;\u00a0<a href=\"https:\/\/catolicadeanapolis.edu.br\/biblioteca\/wp-content\/uploads\/2018\/08\/ANA-LAURA-DE-GODOY-REIS-2013.pdf\">PROJETO INTEGRADOR IV<\/a>\u00a0&#8211;\u00a0 Ana Laura de Godoy Reis; Diane Pinho da Costa; Paula Talita de Sales Silva\u00a0.<\/p>\n<p>11-\u00a0 <a href=\"https:\/\/catolicadeanapolis.edu.br\/biblioteca\/wp-content\/uploads\/2018\/10\/Diana-Marinho.pdf\"><span class=\"fontstyle0\">A COMUNICA\u00c7\u00c3O INTERNA COMO ESTRAT\u00c9GIA PARA O ALCANCE DOS OBJETIVOS ORGANIZACIONAIS<\/span><\/a>\u00a0 &#8211;\u00a0 <span class=\"fontstyle0\">DIANA JOS\u00c9 MARINHO; GRACIELA JOS\u00c9 MARINHO; KELLY FERNANDA<\/span>\u00a0 &#8211; Orientador:\u00a0 <span class=\"fontstyle0\">Prof.Neide<\/span><\/p>\n<p>12-\u00a0<a href=\"https:\/\/catolicadeanapolis.edu.br\/biblioteca\/wp-content\/uploads\/2014\/02\/TCC-Paula-18-12-2013-2.pdf\">ASS\u00c9DIO MORAL NAS ORGANIZA\u00c7\u00d5ES<\/a>. \u00a0Ana Laura de Godoy Reis ; Diane Pinho da Costa ; \u00a0Paula Talita de Sales Silva. \u00a0Orientador : \u00a0Esp. Neyde Maria Silva. \u00a0Assunto : Ass\u00e9dio moral &#8211; Organiza\u00e7\u00f5es<\/p>\n<p>13-\u00a0\u00a0<a href=\"https:\/\/catolicadeanapolis.edu.br\/biblioteca\/wp-content\/uploads\/2014\/02\/Diana-jos\u00e9.pdf\">A COMUNICA\u00c7\u00c3O INTERNA COMO ESTRAT\u00c9GIA PARA O ALCANCE DOS OBJETIVOS ORGANIZACIONAIS<\/a>. Diana Marino ; Graciela Marinho ; Kelly Fernanda. Orientador : \u00a0Esp. Neyde Maria Silva. Assunto : Comunica\u00e7\u00e3o Interna &#8211; Objetivos organizacionais<\/p>\n<p><a href=\"https:\/\/catolicadeanapolis.edu.br\/biblioteca\/wp-content\/uploads\/2014\/02\/TCC-TREINAMENTO-LUDMILA-E-SILVIA.pdf\">14-\u00a0 TREINAMENTO E DESENVOLVIMENTO NAS ORGANIZA\u00c7\u00d5ES<\/a>. \u00a0Ludmila Louzeira de Salles ; \u00a0Silvia Let\u00edcia Pinto Carvalho de Faria. \u00a0Orientador : Neyde Maria Silva. \u00a0Assunto : \u00a0Organiza\u00e7\u00f5es &#8211; Treinamento<\/p>\n<p>&nbsp;<\/p>\n","protected":false},"excerpt":{"rendered":"<p>1-\u00a0TREINAMENTO E DESENVOLVIMENTO NA \u00c1REA DE VENDAS\u00a0DO VAREJO &#8211; Alex Godinho Silva; Camila Mariene; Tatiane Araujo &#8211; Orientadora:\u00a0Neyde Maria. 2-\u00a0O ASS\u00c9DIO MORAL NAS ORGANIZA\u00c7\u00d5ES &#8211; Ana Laura de Godoy Reis; Diane Pinho da Costa; Paula Talita de Sales Silva &#8211; Orientadora:\u00a0Prof.\u00aa Neyde\u00a0Maria. 3-\u00a0A IMPORT\u00c2NCIA DO TREINAMENTO E DESENVOLVIMENTO DE\u00a0PESSOAL NAS ORGANIZA\u00c7\u00d5ES &#8211;\u00a0Ana Paula Gomes dos [&hellip;]<\/p>\n","protected":false},"author":4,"featured_media":0,"parent":62,"menu_order":0,"comment_status":"open","ping_status":"open","template":"","meta":[],"_links":{"self":[{"href":"https:\/\/catolicadeanapolis.edu.br\/biblioteca\/index.php?rest_route=\/wp\/v2\/pages\/764"}],"collection":[{"href":"https:\/\/catolicadeanapolis.edu.br\/biblioteca\/index.php?rest_route=\/wp\/v2\/pages"}],"about":[{"href":"https:\/\/catolicadeanapolis.edu.br\/biblioteca\/index.php?rest_route=\/wp\/v2\/types\/page"}],"author":[{"embeddable":true,"href":"https:\/\/catolicadeanapolis.edu.br\/biblioteca\/index.php?rest_route=\/wp\/v2\/users\/4"}],"replies":[{"embeddable":true,"href":"https:\/\/catolicadeanapolis.edu.br\/biblioteca\/index.php?rest_route=%2Fwp%2Fv2%2Fcomments&post=764"}],"version-history":[{"count":20,"href":"https:\/\/catolicadeanapolis.edu.br\/biblioteca\/index.php?rest_route=\/wp\/v2\/pages\/764\/revisions"}],"predecessor-version":[{"id":2003,"href":"https:\/\/catolicadeanapolis.edu.br\/biblioteca\/index.php?rest_route=\/wp\/v2\/pages\/764\/revisions\/2003"}],"up":[{"embeddable":true,"href":"https:\/\/catolicadeanapolis.edu.br\/biblioteca\/index.php?rest_route=\/wp\/v2\/pages\/62"}],"wp:attachment":[{"href":"https:\/\/catolicadeanapolis.edu.br\/biblioteca\/index.php?rest_route=%2Fwp%2Fv2%2Fmedia&parent=764"}],"curies":[{"name":"wp","href":"https:\/\/api.w.org\/{rel}","templated":true}]}}