{"id":871,"date":"2018-05-29T17:38:53","date_gmt":"2018-05-29T17:38:53","guid":{"rendered":"https:\/\/catolicadeanapolis.edu.br\/biblioteca\/?page_id=871"},"modified":"2019-01-14T18:05:38","modified_gmt":"2019-01-14T18:05:38","slug":"recursos-humanos-2015","status":"publish","type":"page","link":"https:\/\/catolicadeanapolis.edu.br\/biblioteca\/?page_id=871","title":{"rendered":"Recursos Humanos 2015"},"content":{"rendered":"<p>1-\u00a0<a href=\"https:\/\/catolicadeanapolis.edu.br\/biblioteca\/wp-content\/uploads\/2018\/05\/ALINE-RODRIGUES-DOS-SANTOS-2015.pdf\">ESTUDO SOBRE LIDERAN\u00c7A EM UMA EMPRESA DE DESCART\u00c1VEIS: UM OLHAR PARA PRODU\u00c7\u00c3O<\/a> <a href=\"https:\/\/catolicadeanapolis.edu.br\/biblioteca\/wp-content\/uploads\/2018\/05\/ALINE-RODRIGUES-DOS-SANTOS-2015-1.pdf\">ALINE RODRIGUES DOS SANTOS 2015<\/a>\u00a0&#8211;\u00a0 <span class=\"fontstyle0\">ALINE RODRIGUES DOS SANTOS; D\u00c9BORA GOMES BUENO; HERIKA RODRIGUES DOS SANTOS; TELMA NEVES DOS SANTOS<\/span>\u00a0&#8211;\u00a0 <span class=\"fontstyle0\">Prof. Artur Vandr\u00e9<\/span><\/p>\n<p>2-\u00a0<a href=\"https:\/\/catolicadeanapolis.edu.br\/biblioteca\/wp-content\/uploads\/2018\/05\/ANG\u00c9LICA-DOS-SANTOS-BISPOS-2015.pdf\">ESTUDO SOBRE A QUALIDADE DE VIDA NO TRABALHO EM UMA EMPRESA T\u00caXTIL NA CIDADE DE AN\u00c1POLIS<\/a>\u00a0&#8211;\u00a0 <span class=\"fontstyle0\">ANG\u00c9LICA DOS SANTOS BISPOS; CLAUDINEIA PEREIRA SILVA<\/span>\u00a0&#8211;\u00a0 <span class=\"fontstyle0\">Prof\u00ba. Ms. Artur Vandr\u00e9 Pitanga<\/span><\/p>\n<p>3-\u00a0<a href=\"https:\/\/catolicadeanapolis.edu.br\/biblioteca\/wp-content\/uploads\/2018\/05\/DAIANY-GISELLE-DOS-SANTOS-FREITAS-2015.pdf\">TREINAMENTO E DESENVOLVIMENTO NO SETOR OPERACIONAL DA EMPRESA AIDAR IND\u00daSTRIA E COMERCIO DE BEBIDAS LTDA<\/a>\u00a0&#8211;\u00a0 <span class=\"fontstyle0\">Daiany <\/span><span class=\"fontstyle0\">Giselle dos Santos Freitas;\u00a0<\/span><span class=\"fontstyle0\">Polliana Alves Monteiro<\/span>\u00a0&#8211;\u00a0 <span class=\"fontstyle0\">Professor MS. Arthur Vandr\u00e9.<\/span><\/p>\n<p>4-\u00a0<a href=\"https:\/\/catolicadeanapolis.edu.br\/biblioteca\/wp-content\/uploads\/2018\/05\/WIARA-GOMES-DOS-SANTOS-2015.pdf\">O COMPORTAMENTO ORGANIZACIONAL COMO FERRAMENTA NA GEST\u00c3O DE PESSOAS<\/a>\u00a0&#8211;\u00a0 <span class=\"fontstyle0\">WIARA GOMES DOS SANTOS<\/span>\u00a0&#8211;\u00a0 <span class=\"fontstyle0\">Ms. Artur Vandr\u00e9 Pitanga.<\/span><\/p>\n<p>5 &#8211; <a href=\"https:\/\/catolicadeanapolis.edu.br\/biblioteca\/wp-content\/uploads\/2018\/08\/BRUNIELY-DE-OLIVEIRA-PEREIRA-2015.pdf\">QUALIDADE DE VIDA DOS AGENTES DE LIMPEZA P\u00daBLICA URBANA NO MUNIC\u00cdPIO DE AN\u00c1POLIS GO<\/a>\u00a0. BRUNIELY DE OLIVEIRA PEREIRA; JENNYFFER ROSA CARNIELLI ; JULIANA CORR\u00caA OLIVEIRA.<\/p>\n<p>6 &#8211;\u00a0<a href=\"https:\/\/catolicadeanapolis.edu.br\/biblioteca\/wp-content\/uploads\/2018\/08\/JANAINA-SOUZA-SANTOS-SILVA-2015.pdf\">PESQUISA SOBRE MOTIVA\u00c7\u00c3O ORGANIZACIONAL EM UMA DISTRIBUIDORA DE VARIEDADES<\/a>\u00a0&#8211;\u00a0 <span class=\"fontstyle0\">JANAINA SOUZA SANTOS SILVA; L\u00cdVIA POVOA BARRETO; PATRICIA MARIA DE LIMA GON\u00c7ALVES<\/span>\u00a0.<\/p>\n<p>7 &#8211;\u00a0<a href=\"https:\/\/catolicadeanapolis.edu.br\/biblioteca\/wp-content\/uploads\/2018\/08\/J\u00d4NATAS-LOUREN\u00c7O-DOS-SANTOS-2015.pdf\">ESTUDO SOBRE ALTA ROTATIVIDADE DA EMPRESA NO SETOR DE COLETAGEM DE DETRITOS NA CIDADE DE AN\u00c1POLIS<\/a>\u00a0&#8211; J\u00d4NATAS LOUREN\u00c7O DOS SANTOS ; SAMIA CAROLINA RODRIGUES.<\/p>\n<p>8-\u00a0<a href=\"https:\/\/catolicadeanapolis.edu.br\/biblioteca\/wp-content\/uploads\/2018\/08\/RAQUEL-ALVES-MEDEIROS-DE-ANDRADE-2014.pdf\">ESTUDO QUALITATIVO SOBRE OS PROCESSOS DE RECRUTAMENTO E SELE\u00c7\u00c3O: UM ESTUDO DE CASO \u00daNICO<\/a>:\u00a0 <span class=\"fontstyle0\">RAQUEL ALVES MEDEIROS DE ANDRADE; WELKER BUENO RABELO<\/span>\u00a0.<\/p>\n<p>9-\u00a0<a href=\"https:\/\/catolicadeanapolis.edu.br\/biblioteca\/wp-content\/uploads\/2018\/08\/DAIANY-GISELLE-DOS-SANTOS-FREITAS-2015.pdf\">TREINAMENTO E DESENVOLVIMENTO NO SETOR OPERACIONAL DA EMPRESA AIDAR IND\u00daSTRIA E COMERCIO DE BEBIDAS LTDA<\/a>:\u00a0 <span class=\"fontstyle0\">Daiany <\/span><span class=\"fontstyle0\">Giselle dos Santos Freitas;\u00a0<\/span><span class=\"fontstyle0\">Polliana Alves Monteiro<\/span>\u00a0.<\/p>\n<p>10-<\/p>\n","protected":false},"excerpt":{"rendered":"<p>1-\u00a0ESTUDO SOBRE LIDERAN\u00c7A EM UMA EMPRESA DE DESCART\u00c1VEIS: UM OLHAR PARA PRODU\u00c7\u00c3O ALINE RODRIGUES DOS SANTOS 2015\u00a0&#8211;\u00a0 ALINE RODRIGUES DOS SANTOS; D\u00c9BORA GOMES BUENO; HERIKA RODRIGUES DOS SANTOS; TELMA NEVES DOS SANTOS\u00a0&#8211;\u00a0 Prof. Artur Vandr\u00e9 2-\u00a0ESTUDO SOBRE A QUALIDADE DE VIDA NO TRABALHO EM UMA EMPRESA T\u00caXTIL NA CIDADE DE AN\u00c1POLIS\u00a0&#8211;\u00a0 ANG\u00c9LICA DOS SANTOS BISPOS; [&hellip;]<\/p>\n","protected":false},"author":4,"featured_media":0,"parent":62,"menu_order":0,"comment_status":"closed","ping_status":"closed","template":"","meta":[],"_links":{"self":[{"href":"https:\/\/catolicadeanapolis.edu.br\/biblioteca\/index.php?rest_route=\/wp\/v2\/pages\/871"}],"collection":[{"href":"https:\/\/catolicadeanapolis.edu.br\/biblioteca\/index.php?rest_route=\/wp\/v2\/pages"}],"about":[{"href":"https:\/\/catolicadeanapolis.edu.br\/biblioteca\/index.php?rest_route=\/wp\/v2\/types\/page"}],"author":[{"embeddable":true,"href":"https:\/\/catolicadeanapolis.edu.br\/biblioteca\/index.php?rest_route=\/wp\/v2\/users\/4"}],"replies":[{"embeddable":true,"href":"https:\/\/catolicadeanapolis.edu.br\/biblioteca\/index.php?rest_route=%2Fwp%2Fv2%2Fcomments&post=871"}],"version-history":[{"count":5,"href":"https:\/\/catolicadeanapolis.edu.br\/biblioteca\/index.php?rest_route=\/wp\/v2\/pages\/871\/revisions"}],"predecessor-version":[{"id":968,"href":"https:\/\/catolicadeanapolis.edu.br\/biblioteca\/index.php?rest_route=\/wp\/v2\/pages\/871\/revisions\/968"}],"up":[{"embeddable":true,"href":"https:\/\/catolicadeanapolis.edu.br\/biblioteca\/index.php?rest_route=\/wp\/v2\/pages\/62"}],"wp:attachment":[{"href":"https:\/\/catolicadeanapolis.edu.br\/biblioteca\/index.php?rest_route=%2Fwp%2Fv2%2Fmedia&parent=871"}],"curies":[{"name":"wp","href":"https:\/\/api.w.org\/{rel}","templated":true}]}}