{"id":885,"date":"2018-08-09T13:51:57","date_gmt":"2018-08-09T13:51:57","guid":{"rendered":"https:\/\/catolicadeanapolis.edu.br\/biblioteca\/?page_id=885"},"modified":"2022-12-01T13:35:00","modified_gmt":"2022-12-01T13:35:00","slug":"administracao-2018","status":"publish","type":"page","link":"https:\/\/catolicadeanapolis.edu.br\/biblioteca\/?page_id=885","title":{"rendered":"ADMINISTRA\u00c7\u00c3O 2018"},"content":{"rendered":"<p><a href=\"https:\/\/catolicadeanapolis.edu.br\/biblioteca\/wp-content\/uploads\/2019\/01\/TCC-A-INFLUENCIA-DO-ENSINO-DO-EMPREENDEDORISMO-2018.pdf\"><span style=\"font-size: 1rem;\">1- A INFLU\u00caNCIA DO ENSINO DO EMPREENDEDORISMO NA EDUCA\u00c7\u00c3O\u00a0<\/span><\/a><a href=\"https:\/\/catolicadeanapolis.edu.br\/biblioteca\/wp-content\/uploads\/2019\/01\/TCC-A-INFLUENCIA-DO-ENSINO-DO-EMPREENDEDORISMO-2018.pdf\"><span style=\"font-size: 1rem;\">FU<\/span><span style=\"font-size: 1rem;\">NDAMENTAL: UM ESTUDO REALIZADO NO MUNICIPIO DE ALEX\u00c2NIA\u2013GO<\/span><\/a><span style=\"font-size: 1rem;\"> &#8211;\u00a0AMANDA LIMA CARLOS,\u00a0ELIZABETH CRISTINA DE LIMA &#8211; ORIENTADOR:\u00a0PROF. MESTRE RAONI LOTTI.\u00a0<\/span><\/p>\n<p><a href=\"https:\/\/catolicadeanapolis.edu.br\/biblioteca\/wp-content\/uploads\/2018\/10\/Nath\u00e1lia-Ribeiro.pdf\"><span class=\"fontstyle0\">2- A INFLU\u00caNCIA DO MARKETING DIGITAL NA PERCEP\u00c7\u00c3O DOS<\/span><br \/>\n<span class=\"fontstyle0\">CONSUMIDORES<\/span><\/a>\u00a0&#8211; NATH\u00c1LIA RIBEIRO ESTEVAM, PAULO C\u00c9ZAR DA SILVA &#8211; ORIENTADOR:\u00a0 <span class=\"fontstyle0\">PROF.\u00aa ESPECIALISTA THAIS REGINA DE ABREU PEREIRA PERDIG\u00c3O.<\/span><\/p>\n<p><a href=\"https:\/\/catolicadeanapolis.edu.br\/biblioteca\/wp-content\/uploads\/2018\/10\/Leonardo-Torres.pdf\"><span class=\"fontstyle0\">3- MOTIVA\u00c7\u00c3O NO TRABALHO EM UMA MONTADORA DE VEICULOS EM AN\u00c1POLIS-GO<\/span><\/a>\u00a0&#8211; LEONARDO TORRES DA SILVA &#8211; ORIENTADOR:\u00a0<span class=\"fontstyle0\">PROF.\u00aa\u00a0ESPECIALISTA THAIS REGINA DE ABREU PEREIRA PERDIG\u00c3O.<\/span><\/p>\n<p><a href=\"https:\/\/catolicadeanapolis.edu.br\/biblioteca\/wp-content\/uploads\/2018\/08\/ROBERTA-GOMES-CAMPOS-DA-SILVA-2018.pdf\">4- O IMPACTO DA FORMA\u00c7\u00c3O SUPERIOR EM ADMINISTRA\u00c7\u00c3O NA GEST\u00c3O DAS FINAN\u00c7AS PESSOAIS DOS ACAD\u00caMICOS DA FACULDADE CAT\u00d3LICA DE AN\u00c1POLIS<\/a>\u00a0&#8211; ROBERTA GOMES CAMPOS DA SILVA &#8211; YURI UL\u00c1CIA BEZERRA DE MORAIS<\/p>\n<p><a href=\"https:\/\/catolicadeanapolis.edu.br\/biblioteca\/wp-content\/uploads\/2019\/01\/OTIMIZA%C3%87%C3%83O-DE-PROCESSOS-DA-PRODU%C3%87%C3%83O.pdf\">5- OTIMIZA\u00c7\u00c3O DE PROCESSOS DA PRODU\u00c7\u00c3O MONTAGEM E SOLDAGEM DE CARROCERIAS<\/a> &#8211;\u00a0ANDERSON ABADIO SOARES DE BRITO, FREDERICO AUGUSTO RODRIGUES, THALES DA SILVA &#8211;\u00a0ORIENTADOR: PROF ESP. NEY GON\u00c7ALVES DOS REIS FILHO.<\/p>\n<p><a href=\"https:\/\/catolicadeanapolis.edu.br\/biblioteca\/wp-content\/uploads\/2019\/01\/TCC.-PERFIL-FINANCEIRO.pdf\">6- PERFIL FINANCEIRO DOS ACAD\u00caMICOS DOS CURSOS DE ADMINISTRA\u00c7\u00c3O E GEST\u00c3O DE RECURSOS HUMANOS DA FACULDADE CAT\u00d3LICA DE AN\u00c1POLIS<\/a> &#8211;\u00a0GABRIEL DA SILVA REIS, TAYNARA DE SOUSA MENESES, SABRINA DE PAIVA MOREIRA &#8211;\u00a0ORIENTADOR: PROF. ESP. NEY<br \/>\nGON\u00c7ALVES DOS REIS FILHO<\/p>\n<p><a href=\"https:\/\/catolicadeanapolis.edu.br\/biblioteca\/wp-content\/uploads\/2019\/01\/ARTIGO.pdf\">7- PESQUISA DE PERCEP\u00c7\u00c3O DE PLANEJAMENTO ESTRAT\u00c9GICO DOS PEQUENOS COMERCIANTES DA AVENIDA FERNANDO COSTA EM AN\u00c1POLIS\/GO<\/a> &#8211;\u00a0CRISTIANE FONTOURA MASCIEL &#8211; ORIENTADOR: PROF. MESTRE RAONI LOTTI.<\/p>\n<p><a href=\"https:\/\/catolicadeanapolis.edu.br\/biblioteca\/wp-content\/uploads\/2019\/01\/TCC-ADM-2018-FCA.pdf\">8- PROGRAMA 5S: O IMPACTO DA METODOLOGIA 5S PARA O CAPITAL HUMANO DA ORGANIZA\u00c7\u00c3O<\/a> &#8211;\u00a0LAYANE DOS SANTOS ANDRADE, LUDMILLA TAVARES DAMASCENA, MARCELO JONATHAN PEREIRA NOGUEIRA &#8211;\u00a0\u00a0ORIENTADOR: ESP. NEY GON\u00c7ALVES DOS REIS FILHO.<\/p>\n<p><a href=\"https:\/\/catolicadeanapolis.edu.br\/biblioteca\/wp-content\/uploads\/2018\/08\/ANNY-CAROLINE-ALMEIDA-COUTO-ANDRADE-2018.pdf\">9- RELA\u00c7\u00c3O DE AVARIAS OCORRIDAS DURANTE O TRANSPORTE DE VINHOS DA EMPRESA ENOTECA BRASIL<\/a>\u00a0&#8211;\u00a0 ANNY CAROLINE ALMEIDA COUTO ANDRADE &#8211; GABRIELA ODORICO MENDES PEREIRA &#8211; PROF ESP: THAIS REGINA DE ABREU PEREIRA PERDIG\u00c3O .<\/p>\n<p><a href=\"https:\/\/catolicadeanapolis.edu.br\/biblioteca\/wp-content\/uploads\/2019\/02\/MOTIVA%C3%87%C3%83O-NO-TRABALAHO.pdf\">10- MOTIVA\u00c7\u00c3O NO TRABALHO<\/a> &#8211;\u00a0ARIONILTON MACEDO VIANA, HUGO JACINTO LOPES, KASSIO HENRIQUE ROSA &#8211;\u00a0ORIENTADOR: ESP. NEY GON\u00c7ALVES DOS REIS FILHO.<\/p>\n<p><a href=\"https:\/\/catolicadeanapolis.edu.br\/biblioteca\/wp-content\/uploads\/2019\/11\/AMANDA-LIMA-CARLOS-E-ELIZABETH-CRISTINA-DE-LIMA-TCC-A-INFLUENCIA-DO-ENSINO-DO-EMPREENDEDORISMO-2018.pdf\">11-\u00a0A INFLU\u00caNCIA DO ENSINO DO EMPREENDEDORISMO NA EDUCA\u00c7\u00c3O<\/a><br \/>\nFUNDAMENTAL: UM ESTUDO REALIZADO NO MUNICIPIO DE ALEX\u00c2NIA\u2013GO:\u00a0AMANDA LIMA CARLOS; ELIZABETH CRISTINA DE LIMA<\/p>\n<p><a href=\"https:\/\/catolicadeanapolis.edu.br\/biblioteca\/wp-content\/uploads\/2019\/11\/ANDERSON-ABADIO-SOARES-DE-BRITO-FREDERICO-AUGUSTO-RODRIGUES-E-THALES-DA-SILVA-OTIMIZA\u00c7\u00c3O-DE-PROCESSOS-DA-PRODU\u00c7\u00c3O.pdf\">12-\u00a0OTIMIZA\u00c7\u00c3O DE PROCESSOS DA PRODU\u00c7\u00c3O MONTAGEM E SOLDAGEM DE CARROCERIAS<\/a>:\u00a0ANDERSON ABADIO SOARES DE BRITO; FREDERICO AUGUSTO RODRIGUES; THALES DA SILVA<\/p>\n<p><a href=\"https:\/\/catolicadeanapolis.edu.br\/biblioteca\/wp-content\/uploads\/2019\/11\/CRISTIANE-FONTOURA-MASCIEL-E-RAONI-LOTTI.pdf\">13-\u00a0PESQUISA DE PERCEP\u00c7\u00c3O DE PLANEJAMENTO ESTRAT\u00c9GICO DOS PEQUENOS COMERCIANTES DA AVENIDA FERNANDO COSTA EM<\/a><br \/>\nAN\u00c1POLIS\/GO1:\u00a0Cristiane Fontoura Masciel; Raoni Lotti<\/p>\n<p><a href=\"https:\/\/catolicadeanapolis.edu.br\/biblioteca\/wp-content\/uploads\/2019\/11\/GABRIEL-DA-SILVA-REIS-TAYNARA-DE-SOUSA-MENESES-E-SABRINA-DE-PAIVA-MOREIRA-TCC.-PERFIL-FINANCEIRO.pdf\">14-\u00a0PERFIL FINANCEIRO DOS ACAD\u00caMICOS DOS CURSOS DE<\/a><br \/>\nADMINISTRA\u00c7\u00c3O E GEST\u00c3O DE RECURSOS HUMANOS DA FACULDADE<br \/>\nCAT\u00d3LICA DE AN\u00c1POLIS:\u00a0GABRIEL DA SILVA REIS; TAYNARA DE SOUSA MENESES; SABRINA DE PAIVA MOREIRA<\/p>\n<p><a href=\"https:\/\/catolicadeanapolis.edu.br\/biblioteca\/wp-content\/uploads\/2019\/11\/LAYANE-DOS-SANTOS-ANDRADE-LUDMILLA-TAVARES-DAMASCENA-E-MARCELO-JONATHAN-PEREIRA-NOGUEIRA-TCC-ADM-2018-FCA.pdf\">15-\u00a0PROGRAMA 5S: O IMPACTO DA METODOLOGIA 5S PARA O CAPITAL HUMANO DA ORGANIZA\u00c7\u00c3O:\u00a0<\/a>LAYANE DOS SANTOS ANDRADE; LUDMILLA TAVARES DAMASCENA; MARCELO JONATHAN PEREIRA NOGUEIRA<\/p>\n<p>16-\u00a0<a href=\"https:\/\/catolicadeanapolis.edu.br\/biblioteca\/?attachment_id=3549\">PERFIL FINANCEIRO DOS ACAD\u00caMICOS DOS CURSOS DE ADMINISTRA\u00c7\u00c3O E GEST\u00c3O DE RECURSOS HUMANOS DA FACULDADE CAT\u00d3LICA DE AN\u00c1POLIS<\/a>:\u00a0GABRIEL DA SILVA REIS; TAYNARA DE SOUSA MENESES; SABRINA DE PAIVA MOREIRA.<\/p>\n<p>17-\u00a0<a href=\"https:\/\/catolicadeanapolis.edu.br\/biblioteca\/?attachment_id=3548\">OTIMIZA\u00c7\u00c3O DE PROCESSOS DA PRODU\u00c7\u00c3O MONTAGEM E SOLDAGEM DE CARROCERIAS<\/a>:\u00a0ANDERSON ABADIO SOARES DE BRITO; FREDERICO AUGUSTO RODRIGUES; THALES DA SILVA<\/p>\n","protected":false},"excerpt":{"rendered":"<p>1- A INFLU\u00caNCIA DO ENSINO DO EMPREENDEDORISMO NA EDUCA\u00c7\u00c3O\u00a0FUNDAMENTAL: UM ESTUDO REALIZADO NO MUNICIPIO DE ALEX\u00c2NIA\u2013GO &#8211;\u00a0AMANDA LIMA CARLOS,\u00a0ELIZABETH CRISTINA DE LIMA &#8211; ORIENTADOR:\u00a0PROF. MESTRE RAONI LOTTI.\u00a0 2- A INFLU\u00caNCIA DO MARKETING DIGITAL NA PERCEP\u00c7\u00c3O DOS CONSUMIDORES\u00a0&#8211; NATH\u00c1LIA RIBEIRO ESTEVAM, PAULO C\u00c9ZAR DA SILVA &#8211; ORIENTADOR:\u00a0 PROF.\u00aa ESPECIALISTA THAIS REGINA DE ABREU PEREIRA PERDIG\u00c3O. 3- [&hellip;]<\/p>\n","protected":false},"author":6,"featured_media":0,"parent":41,"menu_order":5,"comment_status":"closed","ping_status":"closed","template":"","meta":[],"_links":{"self":[{"href":"https:\/\/catolicadeanapolis.edu.br\/biblioteca\/index.php?rest_route=\/wp\/v2\/pages\/885"}],"collection":[{"href":"https:\/\/catolicadeanapolis.edu.br\/biblioteca\/index.php?rest_route=\/wp\/v2\/pages"}],"about":[{"href":"https:\/\/catolicadeanapolis.edu.br\/biblioteca\/index.php?rest_route=\/wp\/v2\/types\/page"}],"author":[{"embeddable":true,"href":"https:\/\/catolicadeanapolis.edu.br\/biblioteca\/index.php?rest_route=\/wp\/v2\/users\/6"}],"replies":[{"embeddable":true,"href":"https:\/\/catolicadeanapolis.edu.br\/biblioteca\/index.php?rest_route=%2Fwp%2Fv2%2Fcomments&post=885"}],"version-history":[{"count":13,"href":"https:\/\/catolicadeanapolis.edu.br\/biblioteca\/index.php?rest_route=\/wp\/v2\/pages\/885\/revisions"}],"predecessor-version":[{"id":3557,"href":"https:\/\/catolicadeanapolis.edu.br\/biblioteca\/index.php?rest_route=\/wp\/v2\/pages\/885\/revisions\/3557"}],"up":[{"embeddable":true,"href":"https:\/\/catolicadeanapolis.edu.br\/biblioteca\/index.php?rest_route=\/wp\/v2\/pages\/41"}],"wp:attachment":[{"href":"https:\/\/catolicadeanapolis.edu.br\/biblioteca\/index.php?rest_route=%2Fwp%2Fv2%2Fmedia&parent=885"}],"curies":[{"name":"wp","href":"https:\/\/api.w.org\/{rel}","templated":true}]}}