{"id":892,"date":"2018-08-09T16:44:39","date_gmt":"2018-08-09T16:44:39","guid":{"rendered":"https:\/\/catolicadeanapolis.edu.br\/biblioteca\/?page_id=892"},"modified":"2021-06-23T17:54:06","modified_gmt":"2021-06-23T17:54:06","slug":"filosofia-2018","status":"publish","type":"page","link":"https:\/\/catolicadeanapolis.edu.br\/biblioteca\/?page_id=892","title":{"rendered":"Filosofia 2018"},"content":{"rendered":"<p>1- <a href=\"https:\/\/catolicadeanapolis.edu.br\/biblioteca\/wp-content\/uploads\/2018\/08\/RICARDO-RODRIGUES-NEIVA-2018.pdf\">A FILOSOFIA DA FELICIDADE<\/a>\u00a0&#8211;\u00a0RICARDO RODRIGUES NEIVA &#8211; ORIENTADOR: JO\u00c3O BATISTA DE ALMEIDA FERRAZ COSTA.<\/p>\n<p>2- <a href=\"https:\/\/catolicadeanapolis.edu.br\/biblioteca\/wp-content\/uploads\/2018\/08\/FRANCISCO-EDVALDO-DE-PAIVA-SILVA-2018.pdf\">CONSIDERA\u00c7OES ACERCA DO PRAZER ENQUANTO FELICIDADE F{A PERSPECTIVA DE EPICURO\u00a0<\/a>&#8211; FRANCISCO EDVALDO DE PAIVA SILVA .<\/p>\n<p>3- <a href=\"https:\/\/catolicadeanapolis.edu.br\/biblioteca\/wp-content\/uploads\/2018\/08\/ERES-GUILHERME-SOARES-PIRES-2018.pdf\">FILOSOFIA E EDUCA\u00c7\u00c3O: IMPORT\u00c2NCIA DA FILOSOFIA NO ENSINO SUPERIOR<\/a>\u00a0&#8211;\u00a0 <span class=\"fontstyle0\">ERES GUILHERME SOARES PIRES<\/span>\u00a0.<\/p>\n<p><span class=\"fontstyle0\">4- <a href=\"https:\/\/catolicadeanapolis.edu.br\/biblioteca\/wp-content\/uploads\/2018\/08\/MARCO-AUR\u00c9LIO-MARTINS-PEREIRA-2018.pdf\">AS FORMAS DE GOVERNO NA POL\u00cdTICA DE ARIST\u00d3TELES<\/a>\u00a0&#8211; MARCO AUR\u00c9LIO MARTINS PEREIRA.<\/span><\/p>\n<p><span class=\"fontstyle0\">5- <a href=\"https:\/\/catolicadeanapolis.edu.br\/biblioteca\/wp-content\/uploads\/2018\/11\/Aprovado-TCC-EAPV-de-filosofia.pdf\">A FAM\u00cdLIA FUNDADA NO AMOR CONJUGAL<\/a> &#8211;\u00a0<\/span>JOS\u00c9 MARCELO REZENDE J\u00daNIOR.<\/p>\n<p>6- <a href=\"https:\/\/catolicadeanapolis.edu.br\/biblioteca\/wp-content\/uploads\/2018\/11\/O-Divertimento-e-o-t\u00e9dio-em-Blaise-Pascal-por-Marco-Aur\u00e9lio.pdf\">O DIVERTIMENTO E O T\u00c9DIO EM BLAISE PASCAL<\/a> &#8211;\u00a0MARCO AUR\u00c9LIO DIAS NUNES DOS ANJOS.<\/p>\n<p>7- <a href=\"https:\/\/catolicadeanapolis.edu.br\/biblioteca\/wp-content\/uploads\/2018\/12\/TCC-CORRIGIDO-PELA-MARIA-IN\u00c1CIA.pdf\">O DEUS DE ARIST\u00d3TELES: PRINC\u00cdPIOS FILOS\u00d3FICOS DA EXIST\u00caNCIA DE UM PRIMEIRO MOTOR IM\u00d3VEL E SUA RELA\u00c7\u00c3O COM O MUNDO EXTRA IPSUM<\/a> &#8211;\u00a0 <span class=\"fontstyle0\">RAPHAEL MENDES FERREIRA &#8211; ORIENTADOR:\u00a0 Pe. Michael Silberer, ORC<\/span><\/p>\n<p>8- <a href=\"https:\/\/catolicadeanapolis.edu.br\/biblioteca\/wp-content\/uploads\/2018\/12\/Artigo-FAC-Humberto-Feliciano-da-Silva..pdf\">O PRINC\u00cdPIO FILOS\u00d3FICO DA CAUSALIDADE E SUA CONTRIBUI\u00c7\u00c3O NO PROCESSO PEDAG\u00d3GICO EM VISTA DA EDUCA\u00c7\u00c3O INTEGRAL DO HOMEM<\/a> &#8211;\u00a0HUMBERTO FELICIANO DA SILVA &#8211; ORIENTADOR:\u00a0Me. Daniel J. de Oliveira<\/p>\n<p>9- <a href=\"https:\/\/catolicadeanapolis.edu.br\/biblioteca\/wp-content\/uploads\/2019\/03\/Eres.pdf\">IMPORT\u00c2NCIA DA FILOSOFIA NO ENSINO SUPERIOR.<\/a> &#8211; ERES GUILHERME SOARES PIRES<\/p>\n<p>10- <a href=\"https:\/\/catolicadeanapolis.edu.br\/biblioteca\/wp-content\/uploads\/2019\/11\/DI\u00caGO-PEREIRA-DA-SILVA.pdf\">O CONHECIMENTO DA VERDADE SEGUNDO A \u00d3TICA TOMISTA:\u00a0<\/a>DI\u00caGO PEREIRA DA SILVA<\/p>\n<p>11-\u00a0 <a href=\"https:\/\/catolicadeanapolis.edu.br\/biblioteca\/wp-content\/uploads\/2021\/06\/DIEGO-GON\u00c7ALVES-SILVA.pdf\"><span class=\"fontstyle0\">AN\u00c1LISE DO PENSAMENTO DE PAULO FREIRE SOBRE A EDUCA\u00c7\u00c3O BANC\u00c1RIA \u00c0 LUZ DA OBRA REVOLU\u00c7\u00c3O E CONTRA-REVOLU\u00c7\u00c3O DE PL\u00cdNIO CORR\u00caA DE OLIVEIRA\u00a0<\/span><\/a><span class=\"fontstyle0\">DESTITUI\u00c7\u00c3O DA AUTORIDADE DO PROFESSOR COMO UTOPIA EDUCATIVO-MARXISTA. &#8211;\u00a0 DIEGO GON\u00c7ALVES SILVA. &#8211; ORIENTA\u00c7\u00c3O: MARIA IN\u00c1CIA<br \/>\n<\/span><\/p>\n","protected":false},"excerpt":{"rendered":"<p>1- A FILOSOFIA DA FELICIDADE\u00a0&#8211;\u00a0RICARDO RODRIGUES NEIVA &#8211; ORIENTADOR: JO\u00c3O BATISTA DE ALMEIDA FERRAZ COSTA. 2- CONSIDERA\u00c7OES ACERCA DO PRAZER ENQUANTO FELICIDADE F{A PERSPECTIVA DE EPICURO\u00a0&#8211; FRANCISCO EDVALDO DE PAIVA SILVA . 3- FILOSOFIA E EDUCA\u00c7\u00c3O: IMPORT\u00c2NCIA DA FILOSOFIA NO ENSINO SUPERIOR\u00a0&#8211;\u00a0 ERES GUILHERME SOARES PIRES\u00a0. 4- AS FORMAS DE GOVERNO NA POL\u00cdTICA DE ARIST\u00d3TELES\u00a0&#8211; [&hellip;]<\/p>\n","protected":false},"author":6,"featured_media":0,"parent":56,"menu_order":5,"comment_status":"closed","ping_status":"closed","template":"","meta":[],"_links":{"self":[{"href":"https:\/\/catolicadeanapolis.edu.br\/biblioteca\/index.php?rest_route=\/wp\/v2\/pages\/892"}],"collection":[{"href":"https:\/\/catolicadeanapolis.edu.br\/biblioteca\/index.php?rest_route=\/wp\/v2\/pages"}],"about":[{"href":"https:\/\/catolicadeanapolis.edu.br\/biblioteca\/index.php?rest_route=\/wp\/v2\/types\/page"}],"author":[{"embeddable":true,"href":"https:\/\/catolicadeanapolis.edu.br\/biblioteca\/index.php?rest_route=\/wp\/v2\/users\/6"}],"replies":[{"embeddable":true,"href":"https:\/\/catolicadeanapolis.edu.br\/biblioteca\/index.php?rest_route=%2Fwp%2Fv2%2Fcomments&post=892"}],"version-history":[{"count":13,"href":"https:\/\/catolicadeanapolis.edu.br\/biblioteca\/index.php?rest_route=\/wp\/v2\/pages\/892\/revisions"}],"predecessor-version":[{"id":2881,"href":"https:\/\/catolicadeanapolis.edu.br\/biblioteca\/index.php?rest_route=\/wp\/v2\/pages\/892\/revisions\/2881"}],"up":[{"embeddable":true,"href":"https:\/\/catolicadeanapolis.edu.br\/biblioteca\/index.php?rest_route=\/wp\/v2\/pages\/56"}],"wp:attachment":[{"href":"https:\/\/catolicadeanapolis.edu.br\/biblioteca\/index.php?rest_route=%2Fwp%2Fv2%2Fmedia&parent=892"}],"curies":[{"name":"wp","href":"https:\/\/api.w.org\/{rel}","templated":true}]}}