{"id":925,"date":"2018-08-09T18:14:47","date_gmt":"2018-08-09T18:14:47","guid":{"rendered":"https:\/\/catolicadeanapolis.edu.br\/biblioteca\/?page_id=925"},"modified":"2019-11-07T13:14:33","modified_gmt":"2019-11-07T13:14:33","slug":"gestao-ambiental-2015","status":"publish","type":"page","link":"https:\/\/catolicadeanapolis.edu.br\/biblioteca\/?page_id=925","title":{"rendered":"Gest\u00e3o Ambiental 2015"},"content":{"rendered":"<p>1 &#8211;\u00a0<a href=\"https:\/\/catolicadeanapolis.edu.br\/biblioteca\/wp-content\/uploads\/2018\/08\/ELIETE-BENTO-MACHADO-2015.pdf\">LIXO ELETROELETR\u00d4NICO: DESAFIOS E OPORTUNIDADES<\/a>\u00a0&#8211;\u00a0 <span class=\"fontstyle0\">ELIETE BENTO MACHADO<\/span>\u00a0.<\/p>\n<p>2 &#8211;\u00a0<a href=\"https:\/\/catolicadeanapolis.edu.br\/biblioteca\/wp-content\/uploads\/2018\/08\/ANDREA-MARIA-DE-LIMA-2015.pdf\">AN\u00c1LISE DO SISTEMA DE DRENAGEM URBANA NA BACIA DO RIO DAS ANTAS EM AN\u00c1POLIS-GO<\/a>\u00a0&#8211;\u00a0 <span class=\"fontstyle0\">ANDREA MARIA DE LIMA &#8211; RAFAELLA CRISTINA DE ARA\u00daJO<\/span><\/p>\n<p>3 &#8211;\u00a0<a href=\"https:\/\/catolicadeanapolis.edu.br\/biblioteca\/wp-content\/uploads\/2018\/08\/LUCAS-RAFAEL-SILVA-2015.pdf\">PROPOSTA DE REDU\u00c7\u00c3O DO CONSUMO DE \u00c1GUA EM UMA IND\u00daSTRIA DE DOCES<\/a>\u00a0&#8211;\u00a0 <span class=\"fontstyle0\">LUCAS RAFAEL SILVA &#8211; PABLO FABIANO<\/span><\/p>\n","protected":false},"excerpt":{"rendered":"<p>1 &#8211;\u00a0LIXO ELETROELETR\u00d4NICO: DESAFIOS E OPORTUNIDADES\u00a0&#8211;\u00a0 ELIETE BENTO MACHADO\u00a0. 2 &#8211;\u00a0AN\u00c1LISE DO SISTEMA DE DRENAGEM URBANA NA BACIA DO RIO DAS ANTAS EM AN\u00c1POLIS-GO\u00a0&#8211;\u00a0 ANDREA MARIA DE LIMA &#8211; RAFAELLA CRISTINA DE ARA\u00daJO 3 &#8211;\u00a0PROPOSTA DE REDU\u00c7\u00c3O DO CONSUMO DE \u00c1GUA EM UMA IND\u00daSTRIA DE DOCES\u00a0&#8211;\u00a0 LUCAS RAFAEL SILVA &#8211; PABLO FABIANO<\/p>\n","protected":false},"author":6,"featured_media":0,"parent":60,"menu_order":2,"comment_status":"closed","ping_status":"closed","template":"","meta":[],"_links":{"self":[{"href":"https:\/\/catolicadeanapolis.edu.br\/biblioteca\/index.php?rest_route=\/wp\/v2\/pages\/925"}],"collection":[{"href":"https:\/\/catolicadeanapolis.edu.br\/biblioteca\/index.php?rest_route=\/wp\/v2\/pages"}],"about":[{"href":"https:\/\/catolicadeanapolis.edu.br\/biblioteca\/index.php?rest_route=\/wp\/v2\/types\/page"}],"author":[{"embeddable":true,"href":"https:\/\/catolicadeanapolis.edu.br\/biblioteca\/index.php?rest_route=\/wp\/v2\/users\/6"}],"replies":[{"embeddable":true,"href":"https:\/\/catolicadeanapolis.edu.br\/biblioteca\/index.php?rest_route=%2Fwp%2Fv2%2Fcomments&post=925"}],"version-history":[{"count":1,"href":"https:\/\/catolicadeanapolis.edu.br\/biblioteca\/index.php?rest_route=\/wp\/v2\/pages\/925\/revisions"}],"predecessor-version":[{"id":929,"href":"https:\/\/catolicadeanapolis.edu.br\/biblioteca\/index.php?rest_route=\/wp\/v2\/pages\/925\/revisions\/929"}],"up":[{"embeddable":true,"href":"https:\/\/catolicadeanapolis.edu.br\/biblioteca\/index.php?rest_route=\/wp\/v2\/pages\/60"}],"wp:attachment":[{"href":"https:\/\/catolicadeanapolis.edu.br\/biblioteca\/index.php?rest_route=%2Fwp%2Fv2%2Fmedia&parent=925"}],"curies":[{"name":"wp","href":"https:\/\/api.w.org\/{rel}","templated":true}]}}