{"id":972,"date":"2018-08-22T17:25:58","date_gmt":"2018-08-22T17:25:58","guid":{"rendered":"https:\/\/catolicadeanapolis.edu.br\/biblioteca\/?page_id=972"},"modified":"2021-06-29T18:19:11","modified_gmt":"2021-06-29T18:19:11","slug":"teologia-2015","status":"publish","type":"page","link":"https:\/\/catolicadeanapolis.edu.br\/biblioteca\/?page_id=972","title":{"rendered":"Teologia 2015"},"content":{"rendered":"<p>1-\u00a0<a href=\"https:\/\/catolicadeanapolis.edu.br\/biblioteca\/wp-content\/uploads\/2018\/08\/DARLEI-MAIA-DE-JESUS-2015.pdf\">CARISMA NOVA ALIAN\u00c7A: COLABORAR COM A INSTAURA\u00c7\u00c3O E RESTAURA\u00c7\u00c3O DA ALIAN\u00c7A DE AMOR, COMPROMISSO E FIDELIDADE ENTRE DEUS PAI E A HUMANIDADE<\/a>:\u00a0 <span class=\"fontstyle0\">DARLEI MAIA DE JESUS<\/span>\u00a0.<\/p>\n<p>2-\u00a0<a href=\"https:\/\/catolicadeanapolis.edu.br\/biblioteca\/wp-content\/uploads\/2018\/08\/GERVALDO-OLIVEIRA-DE-SOUSA-2015.pdf\">MATRIM\u00d4NIO SACRAMENTO NA FAM\u00cdLIA CRIST\u00c3<\/a>:\u00a0 <span class=\"fontstyle0\">GERVALDO OLIVEIRA DE SOUSA<\/span>\u00a0.<\/p>\n<p>3-\u00a0<a href=\"https:\/\/catolicadeanapolis.edu.br\/biblioteca\/wp-content\/uploads\/2018\/08\/THIAGO-HENRIQUE-DE-JESUS-MONTEIRO-2015.pdf\">A CRISE MORAL E ESPIRITUAL COMO CAUSA DA CRISE AMBIENTAL<\/a>\u00a0:\u00a0 <span class=\"fontstyle0\">THIAGO HENRIQUE DE JESUS MONTEIRO<\/span>\u00a0.<\/p>\n<p>4-\u00a0<a href=\"https:\/\/catolicadeanapolis.edu.br\/biblioteca\/wp-content\/uploads\/2018\/08\/AUGUSTO-GON\u00c7ALVES-PEREIRA-2015.pdf\">DEUS E A FAM\u00cdLIA: FUNDAMENTOS DA PAZ PARA HUMANIDADE<\/a>:\u00a0 <span class=\"fontstyle0\">AUGUSTO GON\u00c7ALVES PEREIRA<\/span><\/p>\n<p>5-\u00a0<a href=\"https:\/\/catolicadeanapolis.edu.br\/biblioteca\/wp-content\/uploads\/2018\/08\/DIVINO-CARVALHO-DIAS-2015.pdf\">SACRAMENTOS: MANIFESTA\u00c7\u00c3O DE CRISTO NA VIDA DA IGREJA<\/a>:\u00a0 <span class=\"fontstyle0\">DIVINO CARVALHO DIAS<\/span>\u00a0.<\/p>\n<p>6-\u00a0<a href=\"https:\/\/catolicadeanapolis.edu.br\/biblioteca\/wp-content\/uploads\/2018\/08\/WELISON-BORGES-DE-LIMA-2015.pdf\">A F\u00c9 NA CRIA\u00c7\u00c3O E A TEORIA DA EVOLU\u00c7\u00c3O NO PENSAMENTO DE JOSEPH RATZINGER Sua contribui\u00e7\u00e3o para o homem moderno<\/a>\u00a0:\u00a0 <span class=\"fontstyle0\">WELISON BORGES DE LIMA<\/span>\u00a0.<\/p>\n<p>7-\u00a0<a href=\"https:\/\/catolicadeanapolis.edu.br\/biblioteca\/wp-content\/uploads\/2018\/08\/GERALDO-FL\u00c1VIO-DE-ARA\u00daJO-2015.pdf\">O VALOR DO SACRAMENTO DA PENIT\u00caNCIA NA VIDA CRIST\u00c3<\/a>:\u00a0 <span class=\"fontstyle0\">GERALDO FL\u00c1VIO DE ARA\u00daJO<\/span>\u00a0.<\/p>\n<p>8-\u00a0<a href=\"https:\/\/catolicadeanapolis.edu.br\/biblioteca\/wp-content\/uploads\/2018\/08\/MANFRED-TENDL-2015.pdf\">POR QUE, AINDA HOJE,ACREDITAR EM ANJOS? UMA REFLEX\u00c3O SOBRE SUA EXIST\u00caNCIA E SUA MISS\u00c3O NA HIST\u00d3RIA DA SALVA\u00c7\u00c3O.<\/a>\u00a0 <span class=\"fontstyle0\">MANFRED TENDL<\/span>\u00a0.<\/p>\n<p>9-\u00a0<a href=\"https:\/\/catolicadeanapolis.edu.br\/biblioteca\/wp-content\/uploads\/2018\/08\/JO\u00c3O-PAULO-CARDOSO-DE-MORAIS-2015.pdf\">A RELA\u00c7\u00c3O ENTRE O SACERD\u00d3CIO E A EUCARISTIA EM S\u00c3O JO\u00c3O PAULO II<\/a>\u00a0:\u00a0 <span class=\"fontstyle0\">JO\u00c3O PAULO CARDOSO DE MORAIS<\/span>\u00a0.<\/p>\n<p>10-\u00a0<a href=\"https:\/\/catolicadeanapolis.edu.br\/biblioteca\/wp-content\/uploads\/2018\/08\/MARCELA-CRISTINA-GONZALEZ-2015.pdf\">REVELA\u00c7\u00c3O DA PATERNIDADE DIVINA COM A COMPLEMENTARIEDADE DOS SEXOS: UMA VIS\u00c3O FRANCISCANA<\/a>:\u00a0 <span class=\"fontstyle0\">MARCELA CRISTINA GONZALEZ<\/span>\u00a0.<\/p>\n<p>11-\u00a0<a href=\"https:\/\/catolicadeanapolis.edu.br\/biblioteca\/wp-content\/uploads\/2018\/08\/EDIVALDO-SANTOS-DE-OLIVEIRA-2015.pdf\">UMA PERSPECTIVA MARIANA PARA A ESPIRITUALIDADE SACERDOTAL: A ALEGRIA ESPIRITUAL<\/a>:\u00a0 <span class=\"fontstyle0\">EDIVALDO SANTOS DE OLIVEIRA<\/span>\u00a0.<\/p>\n<p>12-\u00a0<a href=\"https:\/\/catolicadeanapolis.edu.br\/biblioteca\/wp-content\/uploads\/2018\/08\/WELLINGTON-GON\u00c7ALVES-PEREIRA-2015.pdf\">O MIST\u00c9RIO TRINIT\u00c1RIO EM JOSEPH RATZINGER<\/a>:\u00a0 <span class=\"fontstyle0\">WELLINGTON GON\u00c7ALVES PEREIRA<\/span>\u00a0.<\/p>\n<p>13-\u00a0<a href=\"https:\/\/catolicadeanapolis.edu.br\/biblioteca\/wp-content\/uploads\/2018\/08\/JURANDIR-DIAS-BARROSO-2015.pdf\">A SOCIEDADE S\u00c3O VICENTE DE PAULO NA VIS\u00c3O DOS PRESIDENTES DE CONSELHO PARTICULAR E CENTRAL NA REGI\u00c3O AN\u00c1POLIS-NORTE<\/a>\u00a0:\u00a0 <span class=\"fontstyle0\">JURANDIR DIAS BARROSO<\/span>\u00a0.<\/p>\n<p>14-\u00a0<a href=\"https:\/\/catolicadeanapolis.edu.br\/biblioteca\/wp-content\/uploads\/2018\/08\/ANEESH-PADASSERY-DEVASSY-2015.pdf\">O HUMANISMO CRIST\u00c3O NO DOCUMENTO CONCILIAR GAUDIUM ET SPES<\/a>\u00a0:\u00a0 <span class=\"fontstyle0\">ANEESH PADASSERY DEVASSY<\/span>\u00a0.<\/p>\n<p>15-\u00a0<a href=\"https:\/\/catolicadeanapolis.edu.br\/biblioteca\/wp-content\/uploads\/2018\/08\/F\u00c1BIO-CARLOS-DE-ARA\u00daJO-2015.pdf\">EM BUSCA DA UNIDADE: ASPECTOS DO ECUMENISMO E DO DI\u00c1LOGO INTER-RELIGIOSO<\/a>:\u00a0 <span class=\"fontstyle0\">F\u00c1BIO CARLOS DE ARA\u00daJO<\/span>\u00a0.<\/p>\n<p>16-\u00a0<a href=\"https:\/\/catolicadeanapolis.edu.br\/biblioteca\/wp-content\/uploads\/2018\/08\/PAULO-MARCELO-JORD\u00c3O-DA-SILVA-2015.pdf\">REUNIR TUDO EM CRISTO (EF 1, 3-10)<\/a>:\u00a0 <span class=\"fontstyle0\">PAULO MARCELO JORD\u00c3O DA SILVA<\/span>\u00a0.<\/p>\n<p>17-\u00a0<a href=\"https:\/\/catolicadeanapolis.edu.br\/biblioteca\/wp-content\/uploads\/2021\/06\/JO\u00c3O-PAULO-CARDOSO-DE-MORAIS.pdf\">A RELA\u00c7\u00c3O ENTRE O SACERD\u00d3CIO E A EUCARISTIA EM S\u00c3O JO\u00c3O PAULO II.<\/a> &#8211;\u00a0JO\u00c3O PAULO CARDOSO DE MORAIS. &#8211; ORIENTA\u00c7\u00c3O: PROF\u00ba DR. FR. FL\u00c1VIO PEREIRA NOL\u00caTO.<\/p>\n<p>&nbsp;<\/p>\n<p>&nbsp;<\/p>\n","protected":false},"excerpt":{"rendered":"<p>1-\u00a0CARISMA NOVA ALIAN\u00c7A: COLABORAR COM A INSTAURA\u00c7\u00c3O E RESTAURA\u00c7\u00c3O DA ALIAN\u00c7A DE AMOR, COMPROMISSO E FIDELIDADE ENTRE DEUS PAI E A HUMANIDADE:\u00a0 DARLEI MAIA DE JESUS\u00a0. 2-\u00a0MATRIM\u00d4NIO SACRAMENTO NA FAM\u00cdLIA CRIST\u00c3:\u00a0 GERVALDO OLIVEIRA DE SOUSA\u00a0. 3-\u00a0A CRISE MORAL E ESPIRITUAL COMO CAUSA DA CRISE AMBIENTAL\u00a0:\u00a0 THIAGO HENRIQUE DE JESUS MONTEIRO\u00a0. 4-\u00a0DEUS E A FAM\u00cdLIA: FUNDAMENTOS [&hellip;]<\/p>\n","protected":false},"author":4,"featured_media":0,"parent":54,"menu_order":2,"comment_status":"closed","ping_status":"closed","template":"","meta":[],"_links":{"self":[{"href":"https:\/\/catolicadeanapolis.edu.br\/biblioteca\/index.php?rest_route=\/wp\/v2\/pages\/972"}],"collection":[{"href":"https:\/\/catolicadeanapolis.edu.br\/biblioteca\/index.php?rest_route=\/wp\/v2\/pages"}],"about":[{"href":"https:\/\/catolicadeanapolis.edu.br\/biblioteca\/index.php?rest_route=\/wp\/v2\/types\/page"}],"author":[{"embeddable":true,"href":"https:\/\/catolicadeanapolis.edu.br\/biblioteca\/index.php?rest_route=\/wp\/v2\/users\/4"}],"replies":[{"embeddable":true,"href":"https:\/\/catolicadeanapolis.edu.br\/biblioteca\/index.php?rest_route=%2Fwp%2Fv2%2Fcomments&post=972"}],"version-history":[{"count":5,"href":"https:\/\/catolicadeanapolis.edu.br\/biblioteca\/index.php?rest_route=\/wp\/v2\/pages\/972\/revisions"}],"predecessor-version":[{"id":3211,"href":"https:\/\/catolicadeanapolis.edu.br\/biblioteca\/index.php?rest_route=\/wp\/v2\/pages\/972\/revisions\/3211"}],"up":[{"embeddable":true,"href":"https:\/\/catolicadeanapolis.edu.br\/biblioteca\/index.php?rest_route=\/wp\/v2\/pages\/54"}],"wp:attachment":[{"href":"https:\/\/catolicadeanapolis.edu.br\/biblioteca\/index.php?rest_route=%2Fwp%2Fv2%2Fmedia&parent=972"}],"curies":[{"name":"wp","href":"https:\/\/api.w.org\/{rel}","templated":true}]}}