{"id":996,"date":"2018-08-22T17:31:44","date_gmt":"2018-08-22T17:31:44","guid":{"rendered":"https:\/\/catolicadeanapolis.edu.br\/biblioteca\/?page_id=996"},"modified":"2019-11-07T13:06:24","modified_gmt":"2019-11-07T13:06:24","slug":"teologia-2016","status":"publish","type":"page","link":"https:\/\/catolicadeanapolis.edu.br\/biblioteca\/?page_id=996","title":{"rendered":"Teologia 2016"},"content":{"rendered":"<p>1-\u00a0<a href=\"https:\/\/catolicadeanapolis.edu.br\/biblioteca\/wp-content\/uploads\/2018\/08\/WAGNER-REZENDE-DA-SILVA-2016.pdf\">OS DEVERES E DESAFIOS DA FAM\u00cdLIA CRIST\u00c3 SEGUNDO A EXORTA\u00c7\u00c3O APOST\u00d3LICA FAMILIARIS CONSORTIO DO PAPA JO\u00c3O PAULO II.<\/a>\u00a0:\u00a0 <span class=\"fontstyle0\">WAGNER REZENDE DA SILVA<\/span>\u00a0.<\/p>\n<p>2- <a href=\"https:\/\/catolicadeanapolis.edu.br\/biblioteca\/wp-content\/uploads\/2018\/09\/Claudio-Ad\u00e3o-Alves-Dias.pdf\">O BATISMO COMO FONTE DE VIDA CRIST\u00c3<\/a> . CL\u00c1UDIO AD\u00c3O ALVES DIAS &#8211; ORIENTADOR: PROF. DR. FREI FL\u00c1VIO PEREIRA NOL\u00caTO.<\/p>\n","protected":false},"excerpt":{"rendered":"<p>1-\u00a0OS DEVERES E DESAFIOS DA FAM\u00cdLIA CRIST\u00c3 SEGUNDO A EXORTA\u00c7\u00c3O APOST\u00d3LICA FAMILIARIS CONSORTIO DO PAPA JO\u00c3O PAULO II.\u00a0:\u00a0 WAGNER REZENDE DA SILVA\u00a0. 2- O BATISMO COMO FONTE DE VIDA CRIST\u00c3 . CL\u00c1UDIO AD\u00c3O ALVES DIAS &#8211; ORIENTADOR: PROF. DR. FREI FL\u00c1VIO PEREIRA NOL\u00caTO.<\/p>\n","protected":false},"author":4,"featured_media":0,"parent":54,"menu_order":3,"comment_status":"closed","ping_status":"closed","template":"","meta":[],"_links":{"self":[{"href":"https:\/\/catolicadeanapolis.edu.br\/biblioteca\/index.php?rest_route=\/wp\/v2\/pages\/996"}],"collection":[{"href":"https:\/\/catolicadeanapolis.edu.br\/biblioteca\/index.php?rest_route=\/wp\/v2\/pages"}],"about":[{"href":"https:\/\/catolicadeanapolis.edu.br\/biblioteca\/index.php?rest_route=\/wp\/v2\/types\/page"}],"author":[{"embeddable":true,"href":"https:\/\/catolicadeanapolis.edu.br\/biblioteca\/index.php?rest_route=\/wp\/v2\/users\/4"}],"replies":[{"embeddable":true,"href":"https:\/\/catolicadeanapolis.edu.br\/biblioteca\/index.php?rest_route=%2Fwp%2Fv2%2Fcomments&post=996"}],"version-history":[{"count":8,"href":"https:\/\/catolicadeanapolis.edu.br\/biblioteca\/index.php?rest_route=\/wp\/v2\/pages\/996\/revisions"}],"predecessor-version":[{"id":1053,"href":"https:\/\/catolicadeanapolis.edu.br\/biblioteca\/index.php?rest_route=\/wp\/v2\/pages\/996\/revisions\/1053"}],"up":[{"embeddable":true,"href":"https:\/\/catolicadeanapolis.edu.br\/biblioteca\/index.php?rest_route=\/wp\/v2\/pages\/54"}],"wp:attachment":[{"href":"https:\/\/catolicadeanapolis.edu.br\/biblioteca\/index.php?rest_route=%2Fwp%2Fv2%2Fmedia&parent=996"}],"curies":[{"name":"wp","href":"https:\/\/api.w.org\/{rel}","templated":true}]}}