{"id":999,"date":"2018-08-22T17:34:14","date_gmt":"2018-08-22T17:34:14","guid":{"rendered":"https:\/\/catolicadeanapolis.edu.br\/biblioteca\/?page_id=999"},"modified":"2020-01-29T19:14:45","modified_gmt":"2020-01-29T19:14:45","slug":"teologia-2014","status":"publish","type":"page","link":"https:\/\/catolicadeanapolis.edu.br\/biblioteca\/?page_id=999","title":{"rendered":"Teologia 2014"},"content":{"rendered":"<ol>\n<li>\u00a0<a href=\"https:\/\/catolicadeanapolis.edu.br\/biblioteca\/wp-content\/uploads\/2018\/08\/JACOB-DO-NASCIMENTO-RIBEIRO-2014.pdf\">A IDENTIDADE TEOL\u00d3GICA DO SACERD\u00d3CIO COMUM E DO SACERD\u00d3CIO E MINISTERIAL \u00c0 LUZ DA CONSTITUI\u00c7\u00c3O DOGM\u00c1TICA LUMEM GENTIUM<\/a>\u00a0&#8211;\u00a0<span class=\"fontstyle0\">JACOB DO NASCIMENTO RIBEIRO &#8211; Orienta\u00e7\u00e3o: Frei DR.\u00a0Fl\u00e1vio Pereira Nol\u00eato.<\/span><\/li>\n<li><a href=\"https:\/\/catolicadeanapolis.edu.br\/biblioteca\/wp-content\/uploads\/2018\/11\/A-justi\u00e7a-social-\u00daltima-Vers\u00e3o-da-Corre\u00e7\u00e3o-Final.pdf\">A JUSTI\u00c7A SOCIAL<\/a> &#8211; Celso De Oliveira Rosa &#8211;\u00a0<span class=\"fontstyle0\">Orienta\u00e7\u00e3o: Frei DR.\u00a0Fl\u00e1vio Pereira Nol\u00eato.<\/span><\/li>\n<li><a href=\"https:\/\/catolicadeanapolis.edu.br\/biblioteca\/wp-content\/uploads\/2018\/11\/Complementa\u00e7\u00e3o-de-Estudos-de-Teologia-A-FORMA-CAN\u00d4NICA-PARA-A-CELEBRA\u00c7\u00c3O-DO-MATRIM\u00d4NIO-As-Exig\u00eancias-Can\u00f4nicas-para-1.pdf\">A FORMA CAN\u00d4NICA PARA A CELEBRA\u00c7\u00c3O DO MATRIM\u00d4NIO: AS EXIG\u00caNCIAS CAN\u00d4NICAS PARA SUA VALIDADE<\/a> &#8211;\u00a0PE. ROG\u00c9RIO SILVA DE MORAES -orienta\u00e7\u00e3o: Frei DR.\u00a0Fl\u00e1vio Pereira Nol\u00eato.<\/li>\n<li><a href=\"https:\/\/catolicadeanapolis.edu.br\/biblioteca\/wp-content\/uploads\/2018\/11\/FUNDA\u00c7\u00c3O-S\u00c3O-MIGUEL-ARCANJO.pdf\">O PROBLEMA DO MAL ONTOL\u00d3GICO-COSMOL\u00d3GICO \u00c0 LUZ DA\u00a0FILOSOFIA DE AGOSTINHO<\/a> &#8211; Tatiana Souza Santos &#8211; Orienta\u00e7\u00e3o:\u00a0 Prof\u00ba Ms. Pe. Jo\u00e3o Batista de A. Prado Ferraz Costa.<\/li>\n<li><a href=\"https:\/\/catolicadeanapolis.edu.br\/biblioteca\/wp-content\/uploads\/2018\/11\/Prud\u00eancia-o-que-est\u00e1-por-tr\u00e1s-duma-decis\u00e3o.-Anevair-Jos\u00e9-da-Silva.pdf\">PRUD\u00caNCIA \u2013 O QUE EST\u00c1 POR TR\u00c1S DE UMA DECIS\u00c3O<\/a> &#8211;\u00a0Anevair Jos\u00e9 Da Silva &#8211; Orienta\u00e7\u00e3o:\u00a0Professor Dr. Fr. Fl\u00e1vio Pereira Nol\u00eato.<\/li>\n<li><a href=\"https:\/\/catolicadeanapolis.edu.br\/biblioteca\/wp-content\/uploads\/2018\/11\/RIBEIRO.-Vagner-Neto.-Educacao-Perene-sob-a-Luz-do-Tomismo-.pdf\">EDUCA\u00c7\u00c3O PERENE SOB A LUZ DO TOMISMO: ESCLARECENDO CONCEITOS, DESFAZENDO EQU\u00cdVOCOS<\/a> &#8211; Vagner Neto Ribeiro &#8211;\u00a0 Orienta\u00e7\u00e3o: Pe. Ms. Jo\u00e3o Batista de Almeida Prado Costa.<\/li>\n<li><a href=\"https:\/\/catolicadeanapolis.edu.br\/biblioteca\/wp-content\/uploads\/2018\/11\/TCC-Aparecida-Gomes-Valad%C3%A3o-Santos.pdf\">CATEQUESE INTERA\u00c7\u00c3O F\u00c9 E VIDA, UMA FORMA\u00c7\u00c3O, EDUCA\u00c7\u00c3O PARA A VIDA CRIST\u00c3 E VALORES<\/a> &#8211; Aparecida Gomes Valad\u00e3o Santos &#8211; Orienta\u00e7\u00e3o:\u00a0Professor Dr. Fr. Fl\u00e1vio Pereira Nol\u00eato, O.F.M.<\/li>\n<li><a href=\"https:\/\/catolicadeanapolis.edu.br\/biblioteca\/wp-content\/uploads\/2018\/11\/TCC-Elcimar-Antonio-de-Castro.pdf\">ENCONTRO DE CASAIS COM CRISTO FUNDAMENTOS, OBJETIVOS, VALORES E HIERARQUIA<\/a> &#8211; Elcimar Antonio De Castro &#8211; Orienta\u00e7\u00e3o:\u00a0Professor Dr. Fr. Fl\u00e1vio Pereira Nol\u00eato, O.F.M.<\/li>\n<li><a href=\"https:\/\/catolicadeanapolis.edu.br\/biblioteca\/wp-content\/uploads\/2018\/11\/TCC-Frei-Fl%C3%A1vio.pdf\">DIACONATO PERMANENTE: UMA OP\u00c7\u00c3O DE VIDA E UMA RESPOSTA DE AMOR A CRISTO<\/a> &#8211; Vilson Vieira De Faria &#8211;\u00a0Orienta\u00e7\u00e3o:\u00a0Professor Dr. Fr. Fl\u00e1vio Pereira Noleto, O.F.M.<\/li>\n<li><a href=\"https:\/\/catolicadeanapolis.edu.br\/biblioteca\/wp-content\/uploads\/2018\/11\/TCC-Martinho-Ducal-Entregue.pdf\">EXPOSI\u00c7\u00c3O BIBLICA: UM DESAFIO \u00c0 IGREJA ATUAL<\/a> &#8211; Martinho Fazenda Ducal &#8211;\u00a0Orienta\u00e7\u00e3o:\u00a0Professor Dr. Fr. Fl\u00e1vio Pereira Noleto, O.F.M.<\/li>\n<li><a href=\"https:\/\/catolicadeanapolis.edu.br\/biblioteca\/wp-content\/uploads\/2018\/11\/tcc-Sinval-Davanzo-2.pdf\">KERIGMA NA COMUNIDADE CAT\u00d3LICA NOVA ALIAN\u00c7A AN\u00c1POLIS-GO<\/a> &#8211; Sinval Davanzo &#8211;\u00a0Orienta\u00e7\u00e3o:\u00a0Professor Dr. Fr. Fl\u00e1vio Pereira Noleto, O.F.M.<\/li>\n<li><a href=\"https:\/\/catolicadeanapolis.edu.br\/biblioteca\/wp-content\/uploads\/2018\/11\/TCC.FRANCISCO-_7_.pdf\">A INDISSOLUBILIDADE DO MATRIM\u00d4NIO<\/a> &#8211; Francisco Alves Magalh\u00e3es &#8211;\u00a0Orienta\u00e7\u00e3o:\u00a0Professor Dr. Fr. Fl\u00e1vio Pereira Noleto, O.F.M.<\/li>\n<li><a href=\"https:\/\/catolicadeanapolis.edu.br\/biblioteca\/wp-content\/uploads\/2018\/11\/TCC_do_Jos%C3%A9_de_Assis_17_03_2014_3_.pdf\">MATRIM\u00d4NIO E FAM\u00cdLIA: OS NOVOS ARANJOS FAMILIARES BRASILEIROS<\/a> &#8211; Jos\u00e9 Oliveira De Assis &#8211;\u00a0Orienta\u00e7\u00e3o:\u00a0Professor Dr. Fr. Fl\u00e1vio Pereira Noleto, O.F.M.<\/li>\n<li><a href=\"https:\/\/catolicadeanapolis.edu.br\/biblioteca\/wp-content\/uploads\/2018\/11\/Teologia-TCC-Pe.-Oscar.pdf\">ORDENA\u00c7\u00c3O ECLESIOL\u00d3GICA DO PATRIMONIO DA IGREJA<\/a> &#8211; Oscar Vasconcelos De Souza Filho &#8211;\u00a0Orienta\u00e7\u00e3o:\u00a0Professor Dr. Fr. Fl\u00e1vio Pereira Noleto, O.F.M.<\/li>\n<li><a href=\"https:\/\/catolicadeanapolis.edu.br\/biblioteca\/wp-content\/uploads\/2019\/05\/Padre-F\u00e1bio-O-Primado-de-Pedro-e-a-Unidade-da-Igreja-0.doc\">O PRIMADO DE PEDRO E A UNIDADE DA IGREJA<\/a> &#8211; F\u00e1bio Aparecido Barbosa &#8211; Orientador\/a:\u00a0Professor Dr. Frei Fl\u00e1vio Pereira Nol\u00eato.<\/li>\n<li><a href=\"https:\/\/catolicadeanapolis.edu.br\/biblioteca\/wp-content\/uploads\/2019\/05\/TCC-CORPO-DO-TRABALHO.docx\">O PROCESSO DE RECONHECIMENTO DA SANTIDADE DE UM FIEL<\/a> &#8211; Erivelton da Silva Barros Teixeira &#8211;\u00a0Professor Dr. Frei Fl\u00e1vio Pereira Nol\u00eato.<\/li>\n<li><a href=\"https:\/\/catolicadeanapolis.edu.br\/biblioteca\/wp-content\/uploads\/2020\/01\/JOS\u00c9-OLIVEIRA-DE-ASSISs.pdf\">MATRIM\u00d4NIO E FAM\u00cdLIA: OS NOVOS ARANJOS FAMILIARES BRASILEIROS-<\/a>\u00a0JOS\u00c9 OLIVEIRA DE ASSIS<\/li>\n<\/ol>\n","protected":false},"excerpt":{"rendered":"<p>\u00a0A IDENTIDADE TEOL\u00d3GICA DO SACERD\u00d3CIO COMUM E DO SACERD\u00d3CIO E MINISTERIAL \u00c0 LUZ DA CONSTITUI\u00c7\u00c3O DOGM\u00c1TICA LUMEM GENTIUM\u00a0&#8211;\u00a0JACOB DO NASCIMENTO RIBEIRO &#8211; Orienta\u00e7\u00e3o: Frei DR.\u00a0Fl\u00e1vio Pereira Nol\u00eato. A JUSTI\u00c7A SOCIAL &#8211; Celso De Oliveira Rosa &#8211;\u00a0Orienta\u00e7\u00e3o: Frei DR.\u00a0Fl\u00e1vio Pereira Nol\u00eato. A FORMA CAN\u00d4NICA PARA A CELEBRA\u00c7\u00c3O DO MATRIM\u00d4NIO: AS EXIG\u00caNCIAS CAN\u00d4NICAS PARA SUA VALIDADE &#8211;\u00a0PE. [&hellip;]<\/p>\n","protected":false},"author":4,"featured_media":0,"parent":54,"menu_order":1,"comment_status":"closed","ping_status":"closed","template":"","meta":[],"_links":{"self":[{"href":"https:\/\/catolicadeanapolis.edu.br\/biblioteca\/index.php?rest_route=\/wp\/v2\/pages\/999"}],"collection":[{"href":"https:\/\/catolicadeanapolis.edu.br\/biblioteca\/index.php?rest_route=\/wp\/v2\/pages"}],"about":[{"href":"https:\/\/catolicadeanapolis.edu.br\/biblioteca\/index.php?rest_route=\/wp\/v2\/types\/page"}],"author":[{"embeddable":true,"href":"https:\/\/catolicadeanapolis.edu.br\/biblioteca\/index.php?rest_route=\/wp\/v2\/users\/4"}],"replies":[{"embeddable":true,"href":"https:\/\/catolicadeanapolis.edu.br\/biblioteca\/index.php?rest_route=%2Fwp%2Fv2%2Fcomments&post=999"}],"version-history":[{"count":9,"href":"https:\/\/catolicadeanapolis.edu.br\/biblioteca\/index.php?rest_route=\/wp\/v2\/pages\/999\/revisions"}],"predecessor-version":[{"id":2701,"href":"https:\/\/catolicadeanapolis.edu.br\/biblioteca\/index.php?rest_route=\/wp\/v2\/pages\/999\/revisions\/2701"}],"up":[{"embeddable":true,"href":"https:\/\/catolicadeanapolis.edu.br\/biblioteca\/index.php?rest_route=\/wp\/v2\/pages\/54"}],"wp:attachment":[{"href":"https:\/\/catolicadeanapolis.edu.br\/biblioteca\/index.php?rest_route=%2Fwp%2Fv2%2Fmedia&parent=999"}],"curies":[{"name":"wp","href":"https:\/\/api.w.org\/{rel}","templated":true}]}}