{"id":1053,"date":"2018-09-25T18:19:04","date_gmt":"2018-09-25T18:19:04","guid":{"rendered":"https:\/\/catolicadeanapolis.edu.br\/revistamagistro\/?page_id=1053"},"modified":"2018-10-03T13:51:47","modified_gmt":"2018-10-03T13:51:47","slug":"ano-xiii-no-25-anapolis-2018-2","status":"publish","type":"page","link":"https:\/\/catolicadeanapolis.edu.br\/revistamagistro\/ano-xiii-no-25-anapolis-2018-2\/","title":{"rendered":"Ano XIII \u2013 N\u00ba. 25. \u2013 An\u00e1polis \u2013 2018\/2"},"content":{"rendered":"<p><a href=\"https:\/\/catolicadeanapolis.edu.br\/revistamagistro\/wp-content\/uploads\/2018\/09\/apresentacao.pdf\">Apresenta\u00e7\u00e3o<\/a><\/p>\n<p><a href=\"https:\/\/catolicadeanapolis.edu.br\/revistamagistro\/wp-content\/uploads\/2018\/09\/sumario.pdf\">Sum\u00e1rio<\/a><\/p>\n<p>1 &#8211;\u00a0<a href=\"https:\/\/catolicadeanapolis.edu.br\/revistamagistro\/wp-content\/uploads\/2018\/10\/Filosofia-e-educa\u00e7\u00e3o-import\u00e2ncia-da-filosofia-no-ensino-superior.pdf\">Filosofia e educa\u00e7\u00e3o: import\u00e2ncia da filosofia no ensino superior<\/a> &#8211;\u00a0Eres Guilherme Soares Pires.<\/p>\n<p>2 &#8211;\u00a0<em><a href=\"https:\/\/catolicadeanapolis.edu.br\/revistamagistro\/wp-content\/uploads\/2018\/10\/Populorum-Progressio-La-Dottrina-Sociale-della-Chiesa.pdf\">Populorum \u00a0Progressio- La Dottrina Sociale della Chiesa<\/a> &#8211;\u00a0<\/em>Anevair Jos\u00e9 da Silva.<\/p>\n<p>3 &#8211;\u00a0<a href=\"https:\/\/catolicadeanapolis.edu.br\/revistamagistro\/wp-content\/uploads\/2018\/10\/O-tabu-da-sexualidade-na-inf\u00e2ncia-e-adolesc\u00eancia-no-\u00e2mbito-escolar-.pdf\">O tabu da sexualidade na inf\u00e2ncia e adolesc\u00eancia no \u00e2mbito escolar<\/a> &#8211;\u00a0Adjenane Cantuaria do Amaral Dias, Cristiane Moura Rodrigues, Renato Ant\u00f4nio Ribeiro.<\/p>\n<p>4 &#8211;\u00a0<a href=\"https:\/\/catolicadeanapolis.edu.br\/revistamagistro\/wp-content\/uploads\/2018\/10\/Aspectos-Teol\u00f3gico-Lit\u00fargicos-da-Celebra\u00e7\u00e3o-Eucar\u00edstica-1.pdf\">Aspectos Teol\u00f3gico-Lit\u00fargicos da Celebra\u00e7\u00e3o Eucar\u00edstica<\/a> &#8211;\u00a0F\u00e1bio Carlos de Ara\u00fajo<\/p>\n<p>5 &#8211;<a href=\"https:\/\/catolicadeanapolis.edu.br\/revistamagistro\/wp-content\/uploads\/2018\/10\/O-est\u00e1gio-supervisionado-como-ferramenta-de-conhecimento-na-forma\u00e7\u00e3o-docente.pdf\">\u00a0O est\u00e1gio supervisionado como ferramenta de conhecimento na forma\u00e7\u00e3o docente<\/a> &#8211;\u00a0Ana Fl\u00e1via Martins Souza,\u00a0Suzane M. Borges Silva, Renato Ant\u00f4nio Ribeiro.<\/p>\n<p>6 &#8211; <a href=\"https:\/\/catolicadeanapolis.edu.br\/revistamagistro\/wp-content\/uploads\/2018\/10\/Metodologias-de-Ensino-que-auxiliam-a-aprendizagem-na-Educa\u00e7\u00e3o-Superior.pdf\">Metodologias de Ensino que auxiliam a aprendizagem na Educa\u00e7\u00e3o Superior<\/a> &#8211;\u00a0Isabella Galv\u00e3o Cardoso, Karollyne Santos Gontijo<\/p>\n<p>7 &#8211;\u00a0<a href=\"https:\/\/catolicadeanapolis.edu.br\/revistamagistro\/wp-content\/uploads\/2018\/10\/Cr\u00e1tilo-e-a-ideologia-de-g\u00eanero-hoje-uma-manipula\u00e7\u00e3o-da-linguagem.pdf\">Cr\u00e1tilo e a ideologia de g\u00eanero hoje: uma manipula\u00e7\u00e3o da linguagem<\/a> &#8211;\u00a0Marcus Vin\u00edcius Loures Rangel, Aracelly Rodrigues Loures Rangel.<\/p>\n<p>8 &#8211; <a href=\"https:\/\/catolicadeanapolis.edu.br\/revistamagistro\/wp-content\/uploads\/2018\/10\/Os-valores-da-andragogia-no-processo-ensino-aprendizagem-do-discente-em-sa\u00fade.pdf\">Os valores da andragogia no processo ensino-aprendizagem do discente em sa\u00fade<\/a> &#8211;\u00a0Let\u00edcia Tavares Viana,\u00a0Marisa Roveda.<\/p>\n<p>9 &#8211;\u00a0<a href=\"https:\/\/catolicadeanapolis.edu.br\/revistamagistro\/wp-content\/uploads\/2018\/10\/Aspectos-metodol\u00f3gicos-pedag\u00f3gicos-e-culturais-eficientes-da-escola-na-Angola-dois-relatos-de-casos.pdf\">Aspectos metodol\u00f3gicos, pedag\u00f3gicos e culturais eficientes da escola na Angola: dois relatos de casos<\/a> &#8211;\u00a0Cinara Itagiba Leite Tha\u00eds Castro,\u00a0Val\u00e9ria de F\u00e1tima Nascimento, Ana Karoline Dias Sales<\/p>\n<p>&nbsp;<\/p>\n","protected":false},"excerpt":{"rendered":"<p>Apresenta\u00e7\u00e3o Sum\u00e1rio 1 &#8211;\u00a0Filosofia e educa\u00e7\u00e3o: import\u00e2ncia da filosofia no ensino superior &#8211;\u00a0Eres Guilherme Soares Pires. 2 &#8211;\u00a0Populorum \u00a0Progressio- La Dottrina Sociale della Chiesa &#8211;\u00a0Anevair Jos\u00e9 da Silva. 3 &#8211;\u00a0O tabu da sexualidade na inf\u00e2ncia e adolesc\u00eancia no \u00e2mbito escolar &#8211;\u00a0Adjenane Cantuaria do Amaral Dias, Cristiane Moura Rodrigues, Renato Ant\u00f4nio Ribeiro. 4 &#8211;\u00a0Aspectos Teol\u00f3gico-Lit\u00fargicos da [&hellip;]<\/p>\n","protected":false},"author":1,"featured_media":0,"parent":0,"menu_order":25,"comment_status":"closed","ping_status":"closed","template":"","meta":[],"_links":{"self":[{"href":"https:\/\/catolicadeanapolis.edu.br\/revistamagistro\/wp-json\/wp\/v2\/pages\/1053"}],"collection":[{"href":"https:\/\/catolicadeanapolis.edu.br\/revistamagistro\/wp-json\/wp\/v2\/pages"}],"about":[{"href":"https:\/\/catolicadeanapolis.edu.br\/revistamagistro\/wp-json\/wp\/v2\/types\/page"}],"author":[{"embeddable":true,"href":"https:\/\/catolicadeanapolis.edu.br\/revistamagistro\/wp-json\/wp\/v2\/users\/1"}],"replies":[{"embeddable":true,"href":"https:\/\/catolicadeanapolis.edu.br\/revistamagistro\/wp-json\/wp\/v2\/comments?post=1053"}],"version-history":[{"count":31,"href":"https:\/\/catolicadeanapolis.edu.br\/revistamagistro\/wp-json\/wp\/v2\/pages\/1053\/revisions"}],"predecessor-version":[{"id":1101,"href":"https:\/\/catolicadeanapolis.edu.br\/revistamagistro\/wp-json\/wp\/v2\/pages\/1053\/revisions\/1101"}],"wp:attachment":[{"href":"https:\/\/catolicadeanapolis.edu.br\/revistamagistro\/wp-json\/wp\/v2\/media?parent=1053"}],"curies":[{"name":"wp","href":"https:\/\/api.w.org\/{rel}","templated":true}]}}