{"id":1104,"date":"2019-04-06T02:27:01","date_gmt":"2019-04-06T02:27:01","guid":{"rendered":"https:\/\/catolicadeanapolis.edu.br\/revistamagistro\/?page_id=1104"},"modified":"2019-11-11T11:47:44","modified_gmt":"2019-11-11T11:47:44","slug":"ano-xii-no-27-anapolis-edicao-especial-anais-da-snct-2018","status":"publish","type":"page","link":"https:\/\/catolicadeanapolis.edu.br\/revistamagistro\/ano-xii-no-27-anapolis-edicao-especial-anais-da-snct-2018\/","title":{"rendered":"Ano XIV \u2013 N\u00ba. 27. \u2013 An\u00e1polis \u2013 Edi\u00e7\u00e3o Especial \u2013 Anais da SNCT 2018"},"content":{"rendered":"<p><a href=\"https:\/\/catolicadeanapolis.edu.br\/revistamagistro\/wp-content\/uploads\/2019\/11\/APRESENTA\u00c7\u00c3O_Posteres.pdf\">Apresenta\u00e7\u00e3o<\/a><\/p>\n<p><a href=\"https:\/\/catolicadeanapolis.edu.br\/revistamagistro\/wp-content\/uploads\/2019\/09\/Indice-_Anais-SNCT2018.pdf\">Indice<\/a><\/p>\n<p>1 &#8211; <a href=\"https:\/\/catolicadeanapolis.edu.br\/revistamagistro\/wp-content\/uploads\/2019\/09\/1.pdf\">A Constru\u00e7\u00e3o do Conhecimento Por Meio da Desconstru\u00e7\u00e3o do Artigo Cient\u00edfico: Uma Estrat\u00e9gia Pedag\u00f3gica para Alunos Cursando Metodologia Cient\u00edfica<\/a> &#8211; Elaine Abrah\u00e3o Amaral<\/p>\n<p>2 &#8211; <a href=\"https:\/\/catolicadeanapolis.edu.br\/revistamagistro\/wp-content\/uploads\/2019\/09\/2.pdf\">Sensibiliza\u00e7\u00e3o sobre a Reutiliza\u00e7\u00e3o dos Res\u00edduos: uma proposta pedag\u00f3gica na hist\u00f3ria e geografia de An\u00e1polis<\/a> &#8211; Adriana Sousa Nascimento \u00c1vila, Allyne Chaveiro Farinha<\/p>\n<p>3 &#8211; <a href=\"https:\/\/catolicadeanapolis.edu.br\/revistamagistro\/wp-content\/uploads\/2019\/09\/3.pdf\">L\u00edngua Portuguesa e suas diferen\u00e7as: Brasil x Angola \u2013 Estreitando La\u00e7os<\/a> &#8211; Ernesto Eduardo, Jaime Feliciano, Cinara Itagiba Nunes Lopes Leite, Jairo Alves Leite, Val\u00e9ria de F\u00e1tima Nascimento, Marisa Roveda, Eufr\u00e1sia Nahako Songa.<\/p>\n<p>1 &#8211; <a href=\"https:\/\/catolicadeanapolis.edu.br\/revistamagistro\/wp-content\/uploads\/2019\/11\/Posteres_SNCT2018-5.pdf\">Gest\u00e3o escolar Escola Presbiteriana Orvalho do Hermon- Joaquim Correia Francisco;<\/a> Elaine Abrah\u00e3o Amaral<\/p>\n<p>2 &#8211; <a href=\"https:\/\/catolicadeanapolis.edu.br\/revistamagistro\/wp-content\/uploads\/2019\/11\/Posteres_SNCT2018-3.pdf\">Gest\u00e3o escolar CMEI Carlos Drumond de Andrade D\u00e9bora Carolina Ara\u00fajo de Sousa;<\/a> Elaine Abrah\u00e3o Amaral<\/p>\n<p>3 &#8211; <a href=\"https:\/\/catolicadeanapolis.edu.br\/revistamagistro\/wp-content\/uploads\/2019\/11\/Posteres_SNCT2018-1.pdf\">Gest\u00e3o escolar Col\u00e9gio \u00d3rion Kids Ana Cristina Silva<\/a>; Elaine Abrah\u00e3o Amaral<\/p>\n<p>4 &#8211; <a href=\"https:\/\/catolicadeanapolis.edu.br\/revistamagistro\/wp-content\/uploads\/2019\/11\/Posteres_SNCT2018-2.pdf\">Gest\u00e3o escolar Col\u00e9gio da Pol\u00edcia Militar de Goi\u00e1s- CEPMG- Dr. C\u00e9sar Toledo; Pablyne Cassimiro Alves;<\/a> Elaine Abrah\u00e3o Amaral<\/p>\n<p>5 &#8211; <a href=\"https:\/\/catolicadeanapolis.edu.br\/revistamagistro\/wp-content\/uploads\/2019\/11\/Posteres_SNCT2018-4.pdf\">Gest\u00e3o escolar Escola Presbiteriana Orvalho do Hermon; Jussiara Costa Farias<\/a>; Elaine Abrah\u00e3o Amaral<\/p>\n","protected":false},"excerpt":{"rendered":"<p>Apresenta\u00e7\u00e3o Indice 1 &#8211; A Constru\u00e7\u00e3o do Conhecimento Por Meio da Desconstru\u00e7\u00e3o do Artigo Cient\u00edfico: Uma Estrat\u00e9gia Pedag\u00f3gica para Alunos Cursando Metodologia Cient\u00edfica &#8211; Elaine Abrah\u00e3o Amaral 2 &#8211; Sensibiliza\u00e7\u00e3o sobre a Reutiliza\u00e7\u00e3o dos Res\u00edduos: uma proposta pedag\u00f3gica na hist\u00f3ria e geografia de An\u00e1polis &#8211; Adriana Sousa Nascimento \u00c1vila, Allyne Chaveiro Farinha 3 &#8211; L\u00edngua [&hellip;]<\/p>\n","protected":false},"author":1,"featured_media":0,"parent":0,"menu_order":28,"comment_status":"closed","ping_status":"closed","template":"","meta":[],"_links":{"self":[{"href":"https:\/\/catolicadeanapolis.edu.br\/revistamagistro\/wp-json\/wp\/v2\/pages\/1104"}],"collection":[{"href":"https:\/\/catolicadeanapolis.edu.br\/revistamagistro\/wp-json\/wp\/v2\/pages"}],"about":[{"href":"https:\/\/catolicadeanapolis.edu.br\/revistamagistro\/wp-json\/wp\/v2\/types\/page"}],"author":[{"embeddable":true,"href":"https:\/\/catolicadeanapolis.edu.br\/revistamagistro\/wp-json\/wp\/v2\/users\/1"}],"replies":[{"embeddable":true,"href":"https:\/\/catolicadeanapolis.edu.br\/revistamagistro\/wp-json\/wp\/v2\/comments?post=1104"}],"version-history":[{"count":30,"href":"https:\/\/catolicadeanapolis.edu.br\/revistamagistro\/wp-json\/wp\/v2\/pages\/1104\/revisions"}],"predecessor-version":[{"id":1267,"href":"https:\/\/catolicadeanapolis.edu.br\/revistamagistro\/wp-json\/wp\/v2\/pages\/1104\/revisions\/1267"}],"wp:attachment":[{"href":"https:\/\/catolicadeanapolis.edu.br\/revistamagistro\/wp-json\/wp\/v2\/media?parent=1104"}],"curies":[{"name":"wp","href":"https:\/\/api.w.org\/{rel}","templated":true}]}}