{"id":1110,"date":"2019-04-24T16:17:52","date_gmt":"2019-04-24T16:17:52","guid":{"rendered":"https:\/\/catolicadeanapolis.edu.br\/revistamagistro\/?page_id=1110"},"modified":"2019-05-23T19:03:26","modified_gmt":"2019-05-23T19:03:26","slug":"ano-xiv-no-26-anapolis-2019-1","status":"publish","type":"page","link":"https:\/\/catolicadeanapolis.edu.br\/revistamagistro\/ano-xiv-no-26-anapolis-2019-1\/","title":{"rendered":"Ano XII \u2013 N\u00ba. 26 \u2013 An\u00e1polis \u2013 2019\/1"},"content":{"rendered":"<p><a href=\"https:\/\/catolicadeanapolis.edu.br\/revistamagistro\/wp-content\/uploads\/2019\/04\/apresenta\u00e7\u00e3o.pdf\">Apresenta\u00e7\u00e3o<\/a><\/p>\n<p><a href=\"https:\/\/catolicadeanapolis.edu.br\/revistamagistro\/wp-content\/uploads\/2019\/04\/sumario.pdf\">Sum\u00e1rio<\/a><\/p>\n<p>1 &#8211; <a href=\"https:\/\/catolicadeanapolis.edu.br\/revistamagistro\/wp-content\/uploads\/2019\/04\/GES\u00d9-MAESTRO-DI-VITA-MORALE.-RILEVANZA-DEL-MESSAGGIO-DEL-VANGELO-DI-LUCA-PER-LA-SOCIET\u00c0-ODIERNA-1.pdf\">GES\u00d9, MAESTRO DI VITA MORALE. RILEVANZA DEL MESSAGGIO DEL VANGELO DI LUCA PER LA SOCIET\u00c0 ODIERNA<\/a> &#8211; Anevair Jos\u00e9 da Silva.<\/p>\n<p>2 &#8211; <a href=\"https:\/\/catolicadeanapolis.edu.br\/revistamagistro\/wp-content\/uploads\/2019\/04\/A-Comunica\u00e7\u00e3o-na-Transmiss\u00e3o-do-Conhecimento.pdf\">A Comunica\u00e7\u00e3o na Transmiss\u00e3o do Conhecimento: Intera\u00e7\u00e3o Professor e aluno no Processo de Aprendizagem no Ensino Superior<\/a> &#8211; Ina\u00ea Lara Ribeiro de Paula, On\u00e9simo Francisco de Paula Neto, Prof\u00b0 Me. Wilian C\u00e2ndido, Prof\u00aaMa. Marisa Roveda.<\/p>\n<p>3 &#8211; <a href=\"https:\/\/catolicadeanapolis.edu.br\/revistamagistro\/wp-content\/uploads\/2019\/04\/A-Teologia-do-S\u00e9culo-XX-e-suas-Influ\u00eancias-Hist\u00f3ricas.pdf\">A Teologia do S\u00e9culo XX e suas Influ\u00eancias Hist\u00f3ricas<\/a> &#8211; Prof. Dr. Pe Fran\u00e7o\u00e1 Costa.<\/p>\n<p>4 &#8211; <a href=\"https:\/\/catolicadeanapolis.edu.br\/revistamagistro\/wp-content\/uploads\/2019\/04\/A-Forma\u00e7\u00e3o-da-Pessoa-Humana-\u00c0-Luz-Do-Mist\u00e9rio-da-Encarna\u00e7\u00e3o-Aspectos-Teol\u00f3gicos-e-Antropol\u00f3gicos.pdf\">A Forma\u00e7\u00e3o da Pessoa Humana \u00c0 Luz Do Mist\u00e9rio da Encarna\u00e7\u00e3o: Aspectos Teol\u00f3gicos e Antropol\u00f3gicos<\/a> &#8211; Giselle Freitas Praxedes &#8211; Dr. Fl\u00e1vio Pereira Nol\u00eato.<\/p>\n<p>5 &#8211;<a href=\"https:\/\/catolicadeanapolis.edu.br\/revistamagistro\/wp-content\/uploads\/2019\/05\/A-Pol\u00edtica-e-a-Doutrina-Social-da-Igreja.pdf\"> A Pol\u00edtica e a Doutrina Social da Igreja<\/a> &#8211; Tobias Dias Goul\u00e3o.<\/p>\n<p>6 &#8211; <a href=\"https:\/\/catolicadeanapolis.edu.br\/revistamagistro\/wp-content\/uploads\/2019\/05\/Lideran\u00e7a-no-setor-Banc\u00e1rio-de-uma-Ag\u00eancia-em-An\u00e1polis-GO.pdf\">Lideran\u00e7a no setor Banc\u00e1rio de uma Ag\u00eancia em An\u00e1polis-GO<\/a> &#8211; Daniel Jalles do Nascimento Nunes, J\u00e9ssyca Luany Roveda Alves, Raquel Alves Medeiros de Andrade, Marisa Roveda, Leandro Frederico da Silva.<\/p>\n<p>7 &#8211; <a href=\"https:\/\/catolicadeanapolis.edu.br\/revistamagistro\/wp-content\/uploads\/2019\/04\/A-condi\u00e7\u00e3o-Humana-na-Filosofia-de-Blaise-Pascal-O-Sujeito-Aut\u00f4nomo-Moderno-E-sua-Insufici\u00eancia-Ante-O-Mist\u00e9rio-de-Deus_compressed.pdf\">A condi\u00e7\u00e3o Humana na Filosofia de Blaise Pascal: O Sujeito Aut\u00f4nomo Moderno E sua Insufici\u00eancia Ante O Mist\u00e9rio de Deus<\/a> &#8211; Marcio Geraldo de Sousa &#8211; Maria In\u00e1cia Lopes.<\/p>\n<p>8 &#8211; <a href=\"https:\/\/catolicadeanapolis.edu.br\/revistamagistro\/wp-content\/uploads\/2019\/04\/O-Divertimento-e-o-T\u00e9dio-em-Blaise-Pascal.pdf\">O Divertimento e o T\u00e9dio em Blaise Pascal<\/a> &#8211; Marco Aur\u00e9lio Dias Nunes Dos Anjos.<\/p>\n<p>9 &#8211; <a href=\"https:\/\/catolicadeanapolis.edu.br\/revistamagistro\/wp-content\/uploads\/2019\/04\/SEREIS-COMO-DEUSES-uma-an\u00e1lise-do-antropocentrismo-nOS-TEMPOS-finais-baseada-na-obra-el-fin-de-los-tiempos-y-siete-autores-modernos-de-ALFREDO-S\u00c1ENZ.pdf\">SEREIS COMO DEUSES: UMA AN\u00c1LISE DO ANTROPOCENTRISMO NOS TEMPOS FINAIS BASEADA NA OBRA EL FIN DE LOS TIEMPOS Y SIETE AUTORES MODERNOS, DE ALFREDO S\u00c1ENZ<\/a> &#8211; Airton Vieira de Souza, Celi Oliveira Magalh\u00e3es Freire, Frei Fl\u00e1vio Nol\u00eato<\/p>\n<p><a href=\"#_ftnref1\" name=\"_ftn1\"><\/a><\/p>\n\n\n<p><\/p>\n","protected":false},"excerpt":{"rendered":"<p>Apresenta\u00e7\u00e3o Sum\u00e1rio 1 &#8211; GES\u00d9, MAESTRO DI VITA MORALE. RILEVANZA DEL MESSAGGIO DEL VANGELO DI LUCA PER LA SOCIET\u00c0 ODIERNA &#8211; Anevair Jos\u00e9 da Silva. 2 &#8211; A Comunica\u00e7\u00e3o na Transmiss\u00e3o do Conhecimento: Intera\u00e7\u00e3o Professor e aluno no Processo de Aprendizagem no Ensino Superior &#8211; Ina\u00ea Lara Ribeiro de Paula, On\u00e9simo Francisco de Paula Neto, [&hellip;]<\/p>\n","protected":false},"author":1,"featured_media":0,"parent":0,"menu_order":26,"comment_status":"closed","ping_status":"closed","template":"","meta":[],"_links":{"self":[{"href":"https:\/\/catolicadeanapolis.edu.br\/revistamagistro\/wp-json\/wp\/v2\/pages\/1110"}],"collection":[{"href":"https:\/\/catolicadeanapolis.edu.br\/revistamagistro\/wp-json\/wp\/v2\/pages"}],"about":[{"href":"https:\/\/catolicadeanapolis.edu.br\/revistamagistro\/wp-json\/wp\/v2\/types\/page"}],"author":[{"embeddable":true,"href":"https:\/\/catolicadeanapolis.edu.br\/revistamagistro\/wp-json\/wp\/v2\/users\/1"}],"replies":[{"embeddable":true,"href":"https:\/\/catolicadeanapolis.edu.br\/revistamagistro\/wp-json\/wp\/v2\/comments?post=1110"}],"version-history":[{"count":45,"href":"https:\/\/catolicadeanapolis.edu.br\/revistamagistro\/wp-json\/wp\/v2\/pages\/1110\/revisions"}],"predecessor-version":[{"id":1201,"href":"https:\/\/catolicadeanapolis.edu.br\/revistamagistro\/wp-json\/wp\/v2\/pages\/1110\/revisions\/1201"}],"wp:attachment":[{"href":"https:\/\/catolicadeanapolis.edu.br\/revistamagistro\/wp-json\/wp\/v2\/media?parent=1110"}],"curies":[{"name":"wp","href":"https:\/\/api.w.org\/{rel}","templated":true}]}}