{"id":1197,"date":"2019-09-25T01:25:16","date_gmt":"2019-09-25T01:25:16","guid":{"rendered":"https:\/\/catolicadeanapolis.edu.br\/revistamagistro\/?page_id=1197"},"modified":"2019-09-26T19:04:52","modified_gmt":"2019-09-26T19:04:52","slug":"ano-xii-no-27-anapolis-2019-2","status":"publish","type":"page","link":"https:\/\/catolicadeanapolis.edu.br\/revistamagistro\/ano-xii-no-27-anapolis-2019-2\/","title":{"rendered":"Ano XII \u2013 N\u00ba. 27 \u2013 An\u00e1polis \u2013 2019\/2"},"content":{"rendered":"\n<p><a href=\"https:\/\/catolicadeanapolis.edu.br\/revistamagistro\/wp-content\/uploads\/2019\/09\/editorial.pdf\">Apresenta\u00e7\u00e3o<\/a><\/p>\n\n\n\n<p><a href=\"https:\/\/catolicadeanapolis.edu.br\/revistamagistro\/wp-content\/uploads\/2019\/09\/sumario.pdf\">Sum\u00e1rio<\/a><\/p>\n\n\n\n<p>1 &#8211; <a href=\"https:\/\/catolicadeanapolis.edu.br\/revistamagistro\/wp-content\/uploads\/2019\/09\/apresenta\u00e7\u00e3o-do-livro-jesus-cristo-o-\u00fanico-salvador.pdf\">Apresenta\u00e7\u00e3o do Livro <\/a><em><a href=\"https:\/\/catolicadeanapolis.edu.br\/revistamagistro\/wp-content\/uploads\/2019\/09\/apresenta\u00e7\u00e3o-do-livro-jesus-cristo-o-\u00fanico-salvador.pdf\">Jesus Cristo, O \u00danico Salvador<\/a><\/em><a href=\"https:\/\/catolicadeanapolis.edu.br\/revistamagistro\/wp-content\/uploads\/2019\/09\/apresenta\u00e7\u00e3o-do-livro-jesus-cristo-o-\u00fanico-salvador.pdf\"> <\/a>&#8211; Pe. Fran\u00e7o\u00e1 Costa &#8211;  Pe. Dr. Anderson Alves <\/p>\n\n\n\n<p>2 &#8211; <a href=\"https:\/\/catolicadeanapolis.edu.br\/revistamagistro\/wp-content\/uploads\/2019\/09\/a-\u00e9tica-da-terra-dos-elfos-.pdf\">A \u00c9tica da Terra dos Elfos: A Compreens\u00e3o do Homem e da Realidade<\/a> &#8211; Segundo G. K. Chesterton &#8211; Carlos Alberto Oliveira Neiva J\u00fanior <\/p>\n\n\n\n<p>3 &#8211;<a href=\"https:\/\/catolicadeanapolis.edu.br\/revistamagistro\/wp-content\/uploads\/2019\/09\/a-import\u00e2ncia-da-filosofia-da-educa\u00e7\u00e3o.pdf\"> A Import\u00e2ncia da Filosofia da Educa\u00e7\u00e3o<\/a> &#8211; Marcilei &nbsp;Ribeiro Dos Santos <\/p>\n\n\n\n<p>4 &#8211; <a href=\"https:\/\/catolicadeanapolis.edu.br\/revistamagistro\/wp-content\/uploads\/2019\/09\/a-pessoa-em-amor-e-responsabilidade-de-karol-wojtyla.pdf\">A Pessoa em <\/a><em><a href=\"https:\/\/catolicadeanapolis.edu.br\/revistamagistro\/wp-content\/uploads\/2019\/09\/a-pessoa-em-amor-e-responsabilidade-de-karol-wojtyla.pdf\">Amor e Responsabilidade<\/a><\/em><a href=\"https:\/\/catolicadeanapolis.edu.br\/revistamagistro\/wp-content\/uploads\/2019\/09\/a-pessoa-em-amor-e-responsabilidade-de-karol-wojtyla.pdf\"> de Karol Wojtyla<\/a> &#8211;  Marcus Vin\u00edcius Loures Rangel,  Aracelly Rodrigues Loures Rangel.<\/p>\n\n\n\n<p>5 &#8211; <a href=\"https:\/\/catolicadeanapolis.edu.br\/revistamagistro\/wp-content\/uploads\/2019\/09\/pedagogia-segundo-princ\u00edpio-da-filosofia-perene.pdf\">Pedagogia segundo princ\u00edpio da Filosofia Perene<\/a> &#8211;  Humberto Feliciano da Silva<\/p>\n\n\n\n<p>6 &#8211; <a href=\"https:\/\/catolicadeanapolis.edu.br\/revistamagistro\/wp-content\/uploads\/2019\/09\/aspectos-\u00e9ticos-do-diagn\u00f3stico-gen\u00e9tico-pr\u00e9-natal.pdf\">Aspectos \u00e9ticos do diagn\u00f3stico gen\u00e9tico pr\u00e9-natal<\/a> &#8211;  Samuel Philipe Silveira,  Silva de Oliveira<\/p>\n\n\n\n<p>7 &#8211; <a href=\"https:\/\/catolicadeanapolis.edu.br\/revistamagistro\/wp-content\/uploads\/2019\/09\/\u201cmarcha-contra-o-pecado\u201d-imagin\u00e1rio-religioso-na-assembleia-de-deus-na-ocupa\u00e7\u00e3o-de-espa\u00e7os-p\u00fablicos.pdf\">\u201cMarcha contra o pecado\u201d: imagin\u00e1rio religioso na Assembleia de Deus na ocupa\u00e7\u00e3o de espa\u00e7os p\u00fablicos<\/a> &#8211;  F\u00e1bio de Sousa Neto <\/p>\n\n\n\n<p>8 &#8211; <a href=\"https:\/\/catolicadeanapolis.edu.br\/revistamagistro\/wp-content\/uploads\/2019\/09\/o-homem-amorfo.pdf\">O homem amorfo<\/a> &#8211;  Marcos Delson da Silveira <\/p>\n\n\n\n<p>9 &#8211; <a href=\"https:\/\/catolicadeanapolis.edu.br\/revistamagistro\/wp-content\/uploads\/2019\/09\/o-v\u00edcio-da-gula-e-a-virtude-do-bom-combate-a-temperan\u00e7a.pdf\">O\u00a0 v\u00edcio da gula e a virtude do bom combate, a temperan\u00e7a<\/a> &#8211;  Gabriella Gomes Silva <\/p>\n\n\n\n<p>10 &#8211; <a href=\"https:\/\/catolicadeanapolis.edu.br\/revistamagistro\/wp-content\/uploads\/2019\/09\/personalismus.pdf\">Personalismus Hoffnung oder neue Entt\u00e4uschung?<\/a> &#8211;  Titus Kieninger ORC <\/p>\n\n\n\n<p>11 &#8211; <a href=\"https:\/\/catolicadeanapolis.edu.br\/revistamagistro\/wp-content\/uploads\/2019\/09\/reda\u00e7\u00e3o-na-escola-os-reflexos-do-tipo-de-corre\u00e7\u00e3o-no-dom\u00ednio-e-na-afinidade-do-aluno-com-a-l\u00edngua-portuguesa.pdf\">Reda\u00e7\u00e3o na escola: os reflexos do tipo de corre\u00e7\u00e3o no dom\u00ednio e na afinidade do aluno com a L\u00edngua Portuguesa<\/a>  &#8211;  Carlos Gilberto Melchior, Rodrigues Sansalone Ferrari<\/p>\n","protected":false},"excerpt":{"rendered":"<p>Apresenta\u00e7\u00e3o Sum\u00e1rio 1 &#8211; Apresenta\u00e7\u00e3o do Livro Jesus Cristo, O \u00danico Salvador &#8211; Pe. Fran\u00e7o\u00e1 Costa &#8211; Pe. Dr. Anderson Alves 2 &#8211; A \u00c9tica da Terra dos Elfos: A Compreens\u00e3o do Homem e da Realidade &#8211; Segundo G. K. Chesterton &#8211; Carlos Alberto Oliveira Neiva J\u00fanior 3 &#8211; A Import\u00e2ncia da Filosofia da Educa\u00e7\u00e3o [&hellip;]<\/p>\n","protected":false},"author":1,"featured_media":0,"parent":0,"menu_order":27,"comment_status":"closed","ping_status":"closed","template":"","meta":[],"_links":{"self":[{"href":"https:\/\/catolicadeanapolis.edu.br\/revistamagistro\/wp-json\/wp\/v2\/pages\/1197"}],"collection":[{"href":"https:\/\/catolicadeanapolis.edu.br\/revistamagistro\/wp-json\/wp\/v2\/pages"}],"about":[{"href":"https:\/\/catolicadeanapolis.edu.br\/revistamagistro\/wp-json\/wp\/v2\/types\/page"}],"author":[{"embeddable":true,"href":"https:\/\/catolicadeanapolis.edu.br\/revistamagistro\/wp-json\/wp\/v2\/users\/1"}],"replies":[{"embeddable":true,"href":"https:\/\/catolicadeanapolis.edu.br\/revistamagistro\/wp-json\/wp\/v2\/comments?post=1197"}],"version-history":[{"count":25,"href":"https:\/\/catolicadeanapolis.edu.br\/revistamagistro\/wp-json\/wp\/v2\/pages\/1197\/revisions"}],"predecessor-version":[{"id":1238,"href":"https:\/\/catolicadeanapolis.edu.br\/revistamagistro\/wp-json\/wp\/v2\/pages\/1197\/revisions\/1238"}],"wp:attachment":[{"href":"https:\/\/catolicadeanapolis.edu.br\/revistamagistro\/wp-json\/wp\/v2\/media?parent=1197"}],"curies":[{"name":"wp","href":"https:\/\/api.w.org\/{rel}","templated":true}]}}