{"id":1309,"date":"2021-12-14T18:43:59","date_gmt":"2021-12-14T18:43:59","guid":{"rendered":"https:\/\/catolicadeanapolis.edu.br\/revistamagistro\/?page_id=1309"},"modified":"2022-12-07T16:25:59","modified_gmt":"2022-12-07T16:25:59","slug":"ano-xiv-no-29-anapolis-2021","status":"publish","type":"page","link":"https:\/\/catolicadeanapolis.edu.br\/revistamagistro\/ano-xiv-no-29-anapolis-2021\/","title":{"rendered":"Ano XIV n\u00ba. 29 \u2013 An\u00e1polis \u2013 2021"},"content":{"rendered":"\n<p><a href=\"https:\/\/catolicadeanapolis.edu.br\/revistamagistro\/wp-content\/uploads\/2021\/12\/apresentacao.pdf\">Apresenta\u00e7\u00e3o<\/a><\/p>\n\n\n\n<p><a href=\"https:\/\/catolicadeanapolis.edu.br\/revistamagistro\/wp-content\/uploads\/2021\/12\/sumario.pdf\">Sum\u00e1rio<\/a><\/p>\n\n\n\n<p>1 &#8211; <a href=\"https:\/\/catolicadeanapolis.edu.br\/revistamagistro\/wp-content\/uploads\/2021\/12\/Alguns-apontamentos-relacao-Igreja-e-Estado-em-dois-momentos-distintos-no-Brasil.pdf\"> Alguns apontamentos: rela\u00e7\u00e3o Igreja e Estado em dois momentos distintos no Brasil<\/a> &#8211; Marcos Delson da Silveira.<\/p>\n\n\n\n<p>2 &#8211;  <a href=\"https:\/\/catolicadeanapolis.edu.br\/revistamagistro\/wp-content\/uploads\/2021\/12\/o-sofrimento-nos-torna-humanos.pdf\">O sofrimento nos torna humanos<\/a> &#8211; Lucas B. Silva, Tobias Goul\u00e3o. <\/p>\n\n\n\n<p>3 &#8211; <a href=\"https:\/\/catolicadeanapolis.edu.br\/revistamagistro\/wp-content\/uploads\/2021\/12\/Os-fundamentos-dos-direitos-humanos-no-conceito-de-pessoa-humana-em-S\u00e3o-Tom\u00e1s-Aquino.pdf\"> Os fundamentos dos direitos humanos no conceito de pessoa humana em S\u00e3o Tom\u00e1s Aquino<\/a> &#8211;  Marthius E.R. Claudino. <\/p>\n\n\n\n<p>4 &#8211;  <a href=\"https:\/\/catolicadeanapolis.edu.br\/revistamagistro\/wp-content\/uploads\/2021\/12\/Sola-Fide-Formata-uma-an\u00e1lise-da-doutrina-da-justifica\u00e7\u00e3o-no-documento-\u201cDo-conflito-\u00e0-Comunh\u00e3o\u201d.pdf\">Sola Fide Formata: uma an\u00e1lise da doutrina da justifica\u00e7\u00e3o no documento \u201cDo conflito \u00e0 Comunh\u00e3o\u201d<\/a> &#8211;  Artur J.A.Ton\u00e9. <\/p>\n\n\n\n<p>5 &#8211;  <a href=\"https:\/\/catolicadeanapolis.edu.br\/revistamagistro\/wp-content\/uploads\/2021\/12\/A-constru\u00e7\u00e3o-do-arqu\u00e9tipo-da-justi\u00e7a-no-ocidente.pdf\">A constru\u00e7\u00e3o do arqu\u00e9tipo da justi\u00e7a no ocidente <\/a> &#8211;  Frank P.C.J\u00fanior. <\/p>\n\n\n\n<p>6 &#8211;  <a href=\"https:\/\/catolicadeanapolis.edu.br\/revistamagistro\/wp-content\/uploads\/2021\/12\/Trocaram-a-verdade-de-Deus-pela-mentira-e-adoraram-e-serviram-a-criatura-em-vez-do-Criador.pdf\">Trocaram a verdade de Deus pela mentira e adoraram e serviram a criatura em vez do Criador<\/a> &#8211;  Marcos Delson da Silveira.<\/p>\n\n\n\n<p>7 &#8211;  <a href=\"https:\/\/catolicadeanapolis.edu.br\/revistamagistro\/wp-content\/uploads\/2021\/12\/Santo-Agostinho-e-Cristianismo-da-raz\u00e3o-\u00e0-f\u00e9-ou-da-f\u00e9-\u00e0-raz\u00e3o.pdf\">Santo Agostinho e Cristianismo: da raz\u00e3o \u00e0 f\u00e9 ou da f\u00e9 \u00e0 raz\u00e3o<\/a>  &#8211;  C\u00edcero P. Batista <\/p>\n\n\n\n<p> <\/p>\n","protected":false},"excerpt":{"rendered":"<p>Apresenta\u00e7\u00e3o Sum\u00e1rio 1 &#8211; Alguns apontamentos: rela\u00e7\u00e3o Igreja e Estado em dois momentos distintos no Brasil &#8211; Marcos Delson da Silveira. 2 &#8211; O sofrimento nos torna humanos &#8211; Lucas B. Silva, Tobias Goul\u00e3o. 3 &#8211; Os fundamentos dos direitos humanos no conceito de pessoa humana em S\u00e3o Tom\u00e1s Aquino &#8211; Marthius E.R. Claudino. 4 [&hellip;]<\/p>\n","protected":false},"author":1,"featured_media":0,"parent":0,"menu_order":31,"comment_status":"closed","ping_status":"closed","template":"","meta":[],"_links":{"self":[{"href":"https:\/\/catolicadeanapolis.edu.br\/revistamagistro\/wp-json\/wp\/v2\/pages\/1309"}],"collection":[{"href":"https:\/\/catolicadeanapolis.edu.br\/revistamagistro\/wp-json\/wp\/v2\/pages"}],"about":[{"href":"https:\/\/catolicadeanapolis.edu.br\/revistamagistro\/wp-json\/wp\/v2\/types\/page"}],"author":[{"embeddable":true,"href":"https:\/\/catolicadeanapolis.edu.br\/revistamagistro\/wp-json\/wp\/v2\/users\/1"}],"replies":[{"embeddable":true,"href":"https:\/\/catolicadeanapolis.edu.br\/revistamagistro\/wp-json\/wp\/v2\/comments?post=1309"}],"version-history":[{"count":17,"href":"https:\/\/catolicadeanapolis.edu.br\/revistamagistro\/wp-json\/wp\/v2\/pages\/1309\/revisions"}],"predecessor-version":[{"id":1340,"href":"https:\/\/catolicadeanapolis.edu.br\/revistamagistro\/wp-json\/wp\/v2\/pages\/1309\/revisions\/1340"}],"wp:attachment":[{"href":"https:\/\/catolicadeanapolis.edu.br\/revistamagistro\/wp-json\/wp\/v2\/media?parent=1309"}],"curies":[{"name":"wp","href":"https:\/\/api.w.org\/{rel}","templated":true}]}}