{"id":1342,"date":"2022-12-01T18:51:31","date_gmt":"2022-12-01T18:51:31","guid":{"rendered":"https:\/\/catolicadeanapolis.edu.br\/revistamagistro\/?page_id=1342"},"modified":"2023-05-17T18:47:48","modified_gmt":"2023-05-17T18:47:48","slug":"ano-xv-no-30-anapolis-2022","status":"publish","type":"page","link":"https:\/\/catolicadeanapolis.edu.br\/revistamagistro\/ano-xv-no-30-anapolis-2022\/","title":{"rendered":"Ano XV n\u00ba. 30 \u2013 An\u00e1polis \u2013 2022"},"content":{"rendered":"\n<p><\/p>\n\n\n\n<p><a href=\"https:\/\/catolicadeanapolis.edu.br\/revistamagistro\/wp-content\/uploads\/2023\/05\/capa_000.pdf\" data-type=\"URL\" data-id=\"https:\/\/catolicadeanapolis.edu.br\/revistamagistro\/wp-content\/uploads\/2023\/05\/capa_000.pdf\">Apresenta\u00e7\u00e3o<\/a><\/p>\n\n\n\n<p><a href=\"https:\/\/catolicadeanapolis.edu.br\/revistamagistro\/wp-content\/uploads\/2022\/12\/sumario.pdf\">Sum\u00e1rio<\/a><\/p>\n\n\n\n<p><a href=\"https:\/\/catolicadeanapolis.edu.br\/revistamagistro\/wp-content\/uploads\/2022\/12\/A-SENSA\u00c7\u00c3O-DE-INJUSTI\u00c7A-E-O-ATIVISMO-JUR\u00cdDICO.pdf\">A SENSA\u00c7\u00c3O DE INJUSTI\u00c7A E O ATIVISMO JUR\u00cdDICO:Fonte de descr\u00e9dito e de inspira\u00e7\u00e3o para o reaparecimento da defesa de um regime militar no Brasil<\/a> &#8211; Marcos Delson da Silveira, Paulo Roberto de Oliveira Santos<\/p>\n\n\n\n<p><a href=\"https:\/\/catolicadeanapolis.edu.br\/revistamagistro\/wp-content\/uploads\/2022\/12\/O-USO-FARMACOTERAP\u00caUTICO-DA-CANNABIS-NA-DEPRESS\u00c3O.pdf\">O USO FARMACOTERAP\u00caUTICO DA CANNABIS NA DEPRESS\u00c3O <\/a>&#8211;<strong> <\/strong>Ana Carolina Silva de Almeida, Darlan Ferreira de Morais, Juliana Ferreira da Silva<\/p>\n\n\n\n<p><a href=\"https:\/\/catolicadeanapolis.edu.br\/revistamagistro\/wp-content\/uploads\/2023\/03\/a-morte-de-deus-e-suas-consequencias-morais-em-friedrich-nietzsche-e-em-jean-paul-sartre.pdf\" data-type=\"URL\" data-id=\"https:\/\/catolicadeanapolis.edu.br\/revistamagistro\/wp-content\/uploads\/2023\/03\/a-morte-de-deus-e-suas-consequencias-morais-em-friedrich-nietzsche-e-em-jean-paul-sartre.pdf\">A \u201cMORTE DE DEUS\u201d E SUAS CONSEQU\u00caNCIAS MORAIS EM FRIEDRICH NIETZSCHE E EM JEAN-PAUL SARTRE<\/a> &#8211; Marcos Delson da Silveira, Wallece Jos\u00e9 Silva Lima, D\u00e9bora Vechi, Lusimeire Figueredo da Silva.<\/p>\n\n\n\n<p><a href=\"https:\/\/catolicadeanapolis.edu.br\/revistamagistro\/wp-content\/uploads\/2022\/12\/A-FELICIDADE-\u00c9-O-PRAZER.pdf\">A FELICIDADE \u00c9 O PRAZER?<\/a> &#8211; Amanda de Sousa Reis Neto, Marcos Delson da Silveira, M\u00f4nica dos Anjos Ribeiro Andrade<\/p>\n\n\n\n<p><a href=\"https:\/\/catolicadeanapolis.edu.br\/revistamagistro\/wp-content\/uploads\/2022\/12\/\u201cO-PR\u00cdNCIPE\u201d-DE-MAQUIAVEL-E-A-QUEBRA-DO-IDE\u00c1RIO-MON\u00c1RQUICO-MEDIEVAL.pdf\">\u201cO PR\u00cdNCIPE\u201d DE MAQUIAVEL E A QUEBRA DO IDE\u00c1RIO MON\u00c1RQUICO MEDIEVAL<\/a> &#8211; Matheus de Barros Pigozzo<\/p>\n\n\n\n<p><a href=\"https:\/\/catolicadeanapolis.edu.br\/revistamagistro\/wp-content\/uploads\/2022\/12\/RESENHA-DA-OBRA-A-POL\u00cdTICA-EM-ARIST\u00d3TELES-E-SANTO-TOM\u00c1S.pdf\">RESENHA DA OBRA: A POL\u00cdTICA EM ARIST\u00d3TELES E SANTO TOM\u00c1S<\/a> &#8211; Paulo Roberto de Oliveira Santos<\/p>\n\n\n\n<p><a href=\"https:\/\/catolicadeanapolis.edu.br\/revistamagistro\/wp-content\/uploads\/2023\/03\/o-surgimento-da-democracia-a-partir-da-crise-das-ideologias-no-seculo-xx-sob-a-perspectiva-pos-fascista-na-italia.pdf\" data-type=\"URL\" data-id=\"https:\/\/catolicadeanapolis.edu.br\/revistamagistro\/wp-content\/uploads\/2023\/03\/o-surgimento-da-democracia-a-partir-da-crise-das-ideologias-no-seculo-xx-sob-a-perspectiva-pos-fascista-na-italia.pdf\">O SURGIMENTO DA DEMOCRACIA A PARTIR DA CRISE DAS IDEOLOGIAS NO S\u00c9CULO XX, SOB A PERSPECTIVA P\u00d3S-FASCISTA NA IT\u00c1LIA<\/a> &#8211; Keven Enzo Feitosa Ramos<\/p>\n\n\n\n<div class=\"wp-block-media-text alignwide is-stacked-on-mobile\"><figure class=\"wp-block-media-text__media\"><\/figure><div class=\"wp-block-media-text__content\">\n<p><\/p>\n<\/div><\/div>\n","protected":false},"excerpt":{"rendered":"<p>Apresenta\u00e7\u00e3o Sum\u00e1rio A SENSA\u00c7\u00c3O DE INJUSTI\u00c7A E O ATIVISMO JUR\u00cdDICO:Fonte de descr\u00e9dito e de inspira\u00e7\u00e3o para o reaparecimento da defesa de um regime militar no Brasil &#8211; Marcos Delson da Silveira, Paulo Roberto de Oliveira Santos O USO FARMACOTERAP\u00caUTICO DA CANNABIS NA DEPRESS\u00c3O &#8211; Ana Carolina Silva de Almeida, Darlan Ferreira de Morais, Juliana Ferreira [&hellip;]<\/p>\n","protected":false},"author":1,"featured_media":0,"parent":0,"menu_order":32,"comment_status":"closed","ping_status":"closed","template":"","meta":[],"_links":{"self":[{"href":"https:\/\/catolicadeanapolis.edu.br\/revistamagistro\/wp-json\/wp\/v2\/pages\/1342"}],"collection":[{"href":"https:\/\/catolicadeanapolis.edu.br\/revistamagistro\/wp-json\/wp\/v2\/pages"}],"about":[{"href":"https:\/\/catolicadeanapolis.edu.br\/revistamagistro\/wp-json\/wp\/v2\/types\/page"}],"author":[{"embeddable":true,"href":"https:\/\/catolicadeanapolis.edu.br\/revistamagistro\/wp-json\/wp\/v2\/users\/1"}],"replies":[{"embeddable":true,"href":"https:\/\/catolicadeanapolis.edu.br\/revistamagistro\/wp-json\/wp\/v2\/comments?post=1342"}],"version-history":[{"count":17,"href":"https:\/\/catolicadeanapolis.edu.br\/revistamagistro\/wp-json\/wp\/v2\/pages\/1342\/revisions"}],"predecessor-version":[{"id":1397,"href":"https:\/\/catolicadeanapolis.edu.br\/revistamagistro\/wp-json\/wp\/v2\/pages\/1342\/revisions\/1397"}],"wp:attachment":[{"href":"https:\/\/catolicadeanapolis.edu.br\/revistamagistro\/wp-json\/wp\/v2\/media?parent=1342"}],"curies":[{"name":"wp","href":"https:\/\/api.w.org\/{rel}","templated":true}]}}